{"id":33,"date":"2025-07-24T14:06:23","date_gmt":"2025-07-24T17:06:23","guid":{"rendered":"https:\/\/bio.ufpr.br\/3dlifelab\/?page_id=33"},"modified":"2025-08-19T14:29:27","modified_gmt":"2025-08-19T17:29:27","slug":"nosso-portifolio","status":"publish","type":"page","link":"https:\/\/bio.ufpr.br\/3dlifelab\/nosso-portifolio\/","title":{"rendered":"Nosso Portif\u00f3lio"},"content":{"rendered":"<p style=\"text-align: justify\">Nosso portf\u00f3lio re\u00fane projetos desenvolvidos com foco em <strong data-start=\"172\" data-end=\"213\">tecnologia, inova\u00e7\u00e3o e impacto social<\/strong>. Atuamos em \u00e1reas como <strong data-start=\"237\" data-end=\"272\">pr\u00f3teses e \u00f3rteses para animais<\/strong>, pe\u00e7as anat\u00f4micas em 3D para ensino, dispositivos assistivos personalizados, al\u00e9m de prot\u00f3tipos funcionais voltados \u00e0 engenharia e ao design. Cada trabalho \u00e9 resultado de uma abordagem colaborativa, unindo ci\u00eancia, criatividade e empatia para transformar ideias em solu\u00e7\u00f5es reais.<\/p>\n<p>\u2014\u2014\u2014\u2014\u2014\u2014\u2014\u2014\u2014\u2014\u2014\u2014\u2014\u2014\u2014\u2014\u2014\u2014\u2014\u2014\u2014\u2014\u2014\u2014\u2014\u2014\u2014\u2014\u2014\u2014\u2014\u2014\u2014\u2014\u2014\u2014\u2014\u2014\u2014\u2014\u2014\u2014\u2014\u2014\u2014\u2014\u2014\u2014\u2014\u2014\u2014\u2014\u2014\u2014\u2014\u2014\u2014\u2014\u2014\u2014<\/p>\n<p><img loading=\"lazy\" decoding=\"async\" class=\"wp-image-77 alignleft\" src=\"https:\/\/bio.ufpr.br\/3dlifelab\/wp-content\/uploads\/sites\/109\/2025\/08\/imagem-do-whatsapp-de-2025-08-07-as-14-14-00_75f6d382-e1754588266767.jpg\" alt=\"\" width=\"177\" height=\"177\" srcset=\"https:\/\/bio.ufpr.br\/3dlifelab\/wp-content\/uploads\/sites\/109\/2025\/08\/imagem-do-whatsapp-de-2025-08-07-as-14-14-00_75f6d382-e1754588266767.jpg 900w, https:\/\/bio.ufpr.br\/3dlifelab\/wp-content\/uploads\/sites\/109\/2025\/08\/imagem-do-whatsapp-de-2025-08-07-as-14-14-00_75f6d382-e1754588266767-300x300.jpg 300w, https:\/\/bio.ufpr.br\/3dlifelab\/wp-content\/uploads\/sites\/109\/2025\/08\/imagem-do-whatsapp-de-2025-08-07-as-14-14-00_75f6d382-e1754588266767-150x150.jpg 150w, https:\/\/bio.ufpr.br\/3dlifelab\/wp-content\/uploads\/sites\/109\/2025\/08\/imagem-do-whatsapp-de-2025-08-07-as-14-14-00_75f6d382-e1754588266767-768x766.jpg 768w, https:\/\/bio.ufpr.br\/3dlifelab\/wp-content\/uploads\/sites\/109\/2025\/08\/imagem-do-whatsapp-de-2025-08-07-as-14-14-00_75f6d382-e1754588266767-98x98.jpg 98w, https:\/\/bio.ufpr.br\/3dlifelab\/wp-content\/uploads\/sites\/109\/2025\/08\/imagem-do-whatsapp-de-2025-08-07-as-14-14-00_75f6d382-e1754588266767-57x57.jpg 57w\" sizes=\"auto, (max-width: 177px) 100vw, 177px\" \/><\/p>\n<p class=\"cvGsUA direction-ltr align-center para-style-body\"><span class=\"a_GcMg font-feature-liga-off font-feature-clig-off font-feature-calt-off text-decoration-none text-strikethrough-none\">Arquivo dispon\u00edvel na p\u00e1gina https:\/\/www.thingiverse.com\/thing:4343462<\/span><\/p>\n<p class=\"cvGsUA direction-ltr align-center para-style-body\"><span class=\"a_GcMg font-feature-liga-off font-feature-clig-off font-feature-calt-off text-decoration-none text-strikethrough-none\">Impresso em PLA. Acrescido de im\u00e3s. Pintura feita com tinta acr\u00edlica pelo aluno Felipe Ribeiro Champan. 2025.<\/span><\/p>\n<p>&nbsp;<\/p>\n<p>&nbsp;<\/p>\n<p>\u2014\u2014\u2014\u2014\u2014\u2014\u2014\u2014\u2014\u2014\u2014\u2014\u2014\u2014\u2014\u2014\u2014\u2014\u2014\u2014\u2014\u2014\u2014\u2014\u2014\u2014\u2014\u2014\u2014\u2014\u2014\u2014\u2014\u2014\u2014\u2014\u2014\u2014\u2014\u2014\u2014\u2014\u2014\u2014\u2014\u2014\u2014\u2014\u2014\u2014\u2014\u2014\u2014\u2014\u2014\u2014\u2014\u2014\u2014\u2014<\/p>\n<p><img loading=\"lazy\" decoding=\"async\" class=\"wp-image-78 alignleft\" src=\"https:\/\/bio.ufpr.br\/3dlifelab\/wp-content\/uploads\/sites\/109\/2025\/08\/imagem-do-whatsapp-de-2025-08-07-as-14-14-00_029363f9-e1754588240534.jpg\" alt=\"\" width=\"180\" height=\"163\" srcset=\"https:\/\/bio.ufpr.br\/3dlifelab\/wp-content\/uploads\/sites\/109\/2025\/08\/imagem-do-whatsapp-de-2025-08-07-as-14-14-00_029363f9-e1754588240534.jpg 900w, https:\/\/bio.ufpr.br\/3dlifelab\/wp-content\/uploads\/sites\/109\/2025\/08\/imagem-do-whatsapp-de-2025-08-07-as-14-14-00_029363f9-e1754588240534-300x271.jpg 300w, https:\/\/bio.ufpr.br\/3dlifelab\/wp-content\/uploads\/sites\/109\/2025\/08\/imagem-do-whatsapp-de-2025-08-07-as-14-14-00_029363f9-e1754588240534-768x694.jpg 768w, https:\/\/bio.ufpr.br\/3dlifelab\/wp-content\/uploads\/sites\/109\/2025\/08\/imagem-do-whatsapp-de-2025-08-07-as-14-14-00_029363f9-e1754588240534-108x98.jpg 108w, https:\/\/bio.ufpr.br\/3dlifelab\/wp-content\/uploads\/sites\/109\/2025\/08\/imagem-do-whatsapp-de-2025-08-07-as-14-14-00_029363f9-e1754588240534-63x57.jpg 63w\" sizes=\"auto, (max-width: 180px) 100vw, 180px\" \/><br \/>\n<span class=\"a_GcMg font-feature-liga-off font-feature-clig-off font-feature-calt-off text-decoration-none text-strikethrough-none\">Tomografia cedida pelo professor Foggiatto. Impresso em PLA pelo aluno Thiago Toti 2024<\/span><\/p>\n<p>&nbsp;<\/p>\n<p>&nbsp;<\/p>\n<p>&nbsp;<\/p>\n<p>\u2014\u2014\u2014\u2014\u2014\u2014\u2014\u2014\u2014\u2014\u2014\u2014\u2014\u2014\u2014\u2014\u2014\u2014\u2014\u2014\u2014\u2014\u2014\u2014\u2014\u2014\u2014\u2014\u2014\u2014\u2014\u2014\u2014\u2014\u2014\u2014\u2014\u2014\u2014\u2014\u2014\u2014\u2014\u2014\u2014\u2014\u2014\u2014\u2014\u2014\u2014\u2014\u2014\u2014\u2014\u2014\u2014\u2014\u2014\u2014<\/p>\n<p><img loading=\"lazy\" decoding=\"async\" class=\"wp-image-79 alignnone\" src=\"https:\/\/bio.ufpr.br\/3dlifelab\/wp-content\/uploads\/sites\/109\/2025\/08\/imagem-do-whatsapp-de-2025-08-07-as-14-14-00_240666d7-e1754588210184.jpg\" alt=\"\" width=\"179\" height=\"185\" srcset=\"https:\/\/bio.ufpr.br\/3dlifelab\/wp-content\/uploads\/sites\/109\/2025\/08\/imagem-do-whatsapp-de-2025-08-07-as-14-14-00_240666d7-e1754588210184.jpg 900w, https:\/\/bio.ufpr.br\/3dlifelab\/wp-content\/uploads\/sites\/109\/2025\/08\/imagem-do-whatsapp-de-2025-08-07-as-14-14-00_240666d7-e1754588210184-290x300.jpg 290w, https:\/\/bio.ufpr.br\/3dlifelab\/wp-content\/uploads\/sites\/109\/2025\/08\/imagem-do-whatsapp-de-2025-08-07-as-14-14-00_240666d7-e1754588210184-768x794.jpg 768w, https:\/\/bio.ufpr.br\/3dlifelab\/wp-content\/uploads\/sites\/109\/2025\/08\/imagem-do-whatsapp-de-2025-08-07-as-14-14-00_240666d7-e1754588210184-95x98.jpg 95w, https:\/\/bio.ufpr.br\/3dlifelab\/wp-content\/uploads\/sites\/109\/2025\/08\/imagem-do-whatsapp-de-2025-08-07-as-14-14-00_240666d7-e1754588210184-55x57.jpg 55w\" sizes=\"auto, (max-width: 179px) 100vw, 179px\" \/><\/p>\n<p>\u2014\u2014\u2014\u2014\u2014\u2014\u2014\u2014\u2014\u2014\u2014\u2014\u2014\u2014\u2014\u2014\u2014\u2014\u2014\u2014\u2014\u2014\u2014\u2014\u2014\u2014\u2014\u2014\u2014\u2014\u2014\u2014\u2014\u2014\u2014\u2014\u2014\u2014\u2014\u2014\u2014\u2014\u2014\u2014\u2014\u2014\u2014\u2014\u2014\u2014\u2014\u2014\u2014\u2014\u2014\u2014\u2014\u2014\u2014\u2014<\/p>\n<p><img loading=\"lazy\" decoding=\"async\" class=\"wp-image-80 alignnone\" src=\"https:\/\/bio.ufpr.br\/3dlifelab\/wp-content\/uploads\/sites\/109\/2025\/08\/imagem-do-whatsapp-de-2025-08-07-as-14-14-00_b8e1c9e0-e1754588180577.jpg\" alt=\"\" width=\"184\" height=\"184\" srcset=\"https:\/\/bio.ufpr.br\/3dlifelab\/wp-content\/uploads\/sites\/109\/2025\/08\/imagem-do-whatsapp-de-2025-08-07-as-14-14-00_b8e1c9e0-e1754588180577.jpg 900w, https:\/\/bio.ufpr.br\/3dlifelab\/wp-content\/uploads\/sites\/109\/2025\/08\/imagem-do-whatsapp-de-2025-08-07-as-14-14-00_b8e1c9e0-e1754588180577-300x300.jpg 300w, https:\/\/bio.ufpr.br\/3dlifelab\/wp-content\/uploads\/sites\/109\/2025\/08\/imagem-do-whatsapp-de-2025-08-07-as-14-14-00_b8e1c9e0-e1754588180577-150x150.jpg 150w, https:\/\/bio.ufpr.br\/3dlifelab\/wp-content\/uploads\/sites\/109\/2025\/08\/imagem-do-whatsapp-de-2025-08-07-as-14-14-00_b8e1c9e0-e1754588180577-768x769.jpg 768w, https:\/\/bio.ufpr.br\/3dlifelab\/wp-content\/uploads\/sites\/109\/2025\/08\/imagem-do-whatsapp-de-2025-08-07-as-14-14-00_b8e1c9e0-e1754588180577-98x98.jpg 98w, https:\/\/bio.ufpr.br\/3dlifelab\/wp-content\/uploads\/sites\/109\/2025\/08\/imagem-do-whatsapp-de-2025-08-07-as-14-14-00_b8e1c9e0-e1754588180577-57x57.jpg 57w\" sizes=\"auto, (max-width: 184px) 100vw, 184px\" \/><\/p>\n<p>\u2014\u2014\u2014\u2014\u2014\u2014\u2014\u2014\u2014\u2014\u2014\u2014\u2014\u2014\u2014\u2014\u2014\u2014\u2014\u2014\u2014\u2014\u2014\u2014\u2014\u2014\u2014\u2014\u2014\u2014\u2014\u2014\u2014\u2014\u2014\u2014\u2014\u2014\u2014\u2014\u2014\u2014\u2014\u2014\u2014\u2014\u2014\u2014\u2014\u2014\u2014\u2014\u2014\u2014\u2014\u2014\u2014\u2014\u2014\u2014<\/p>\n<p><img loading=\"lazy\" decoding=\"async\" class=\"wp-image-81 alignleft\" src=\"https:\/\/bio.ufpr.br\/3dlifelab\/wp-content\/uploads\/sites\/109\/2025\/08\/imagem-do-whatsapp-de-2025-08-07-as-14-14-01_93ef79b6-e1754588057539.jpg\" alt=\"\" width=\"180\" height=\"180\" srcset=\"https:\/\/bio.ufpr.br\/3dlifelab\/wp-content\/uploads\/sites\/109\/2025\/08\/imagem-do-whatsapp-de-2025-08-07-as-14-14-01_93ef79b6-e1754588057539.jpg 900w, https:\/\/bio.ufpr.br\/3dlifelab\/wp-content\/uploads\/sites\/109\/2025\/08\/imagem-do-whatsapp-de-2025-08-07-as-14-14-01_93ef79b6-e1754588057539-300x300.jpg 300w, https:\/\/bio.ufpr.br\/3dlifelab\/wp-content\/uploads\/sites\/109\/2025\/08\/imagem-do-whatsapp-de-2025-08-07-as-14-14-01_93ef79b6-e1754588057539-150x150.jpg 150w, https:\/\/bio.ufpr.br\/3dlifelab\/wp-content\/uploads\/sites\/109\/2025\/08\/imagem-do-whatsapp-de-2025-08-07-as-14-14-01_93ef79b6-e1754588057539-768x769.jpg 768w, https:\/\/bio.ufpr.br\/3dlifelab\/wp-content\/uploads\/sites\/109\/2025\/08\/imagem-do-whatsapp-de-2025-08-07-as-14-14-01_93ef79b6-e1754588057539-98x98.jpg 98w, https:\/\/bio.ufpr.br\/3dlifelab\/wp-content\/uploads\/sites\/109\/2025\/08\/imagem-do-whatsapp-de-2025-08-07-as-14-14-01_93ef79b6-e1754588057539-57x57.jpg 57w\" sizes=\"auto, (max-width: 180px) 100vw, 180px\" \/><\/p>\n<p>&nbsp;<\/p>\n<p>&nbsp;<\/p>\n<p>&nbsp;<\/p>\n<p>&nbsp;<\/p>\n<p>&nbsp;<\/p>\n<p>\u2014\u2014\u2014\u2014\u2014\u2014\u2014\u2014\u2014\u2014\u2014\u2014\u2014\u2014\u2014\u2014\u2014\u2014\u2014\u2014\u2014\u2014\u2014\u2014\u2014\u2014\u2014\u2014\u2014\u2014\u2014\u2014\u2014\u2014\u2014\u2014\u2014\u2014\u2014\u2014\u2014\u2014\u2014\u2014\u2014\u2014\u2014\u2014\u2014\u2014\u2014\u2014\u2014\u2014\u2014\u2014\u2014\u2014\u2014\u2014<\/p>\n<p><img loading=\"lazy\" decoding=\"async\" class=\"wp-image-87 alignleft\" src=\"https:\/\/bio.ufpr.br\/3dlifelab\/wp-content\/uploads\/sites\/109\/2025\/08\/imagem-do-whatsapp-de-2025-08-07-as-14-26-24_75a57c8c-e1754587849563.jpg\" alt=\"\" width=\"178\" height=\"178\" srcset=\"https:\/\/bio.ufpr.br\/3dlifelab\/wp-content\/uploads\/sites\/109\/2025\/08\/imagem-do-whatsapp-de-2025-08-07-as-14-26-24_75a57c8c-e1754587849563.jpg 900w, https:\/\/bio.ufpr.br\/3dlifelab\/wp-content\/uploads\/sites\/109\/2025\/08\/imagem-do-whatsapp-de-2025-08-07-as-14-26-24_75a57c8c-e1754587849563-300x300.jpg 300w, https:\/\/bio.ufpr.br\/3dlifelab\/wp-content\/uploads\/sites\/109\/2025\/08\/imagem-do-whatsapp-de-2025-08-07-as-14-26-24_75a57c8c-e1754587849563-150x150.jpg 150w, https:\/\/bio.ufpr.br\/3dlifelab\/wp-content\/uploads\/sites\/109\/2025\/08\/imagem-do-whatsapp-de-2025-08-07-as-14-26-24_75a57c8c-e1754587849563-768x769.jpg 768w, https:\/\/bio.ufpr.br\/3dlifelab\/wp-content\/uploads\/sites\/109\/2025\/08\/imagem-do-whatsapp-de-2025-08-07-as-14-26-24_75a57c8c-e1754587849563-98x98.jpg 98w, https:\/\/bio.ufpr.br\/3dlifelab\/wp-content\/uploads\/sites\/109\/2025\/08\/imagem-do-whatsapp-de-2025-08-07-as-14-26-24_75a57c8c-e1754587849563-57x57.jpg 57w\" sizes=\"auto, (max-width: 178px) 100vw, 178px\" \/><\/p>\n<p>&nbsp;<\/p>\n<p><span class=\"a_GcMg font-feature-liga-off font-feature-clig-off font-feature-calt-off text-decoration-none text-strikethrough-none\">Modelo de planos anatomicos. Fernanda Terumi Nishina Casoni. Anatomia Veterin\u00e1ria. Impresso em PLA. Modelo animal adquirido na https:\/\/www.thingiverse.com\/thing:182091.<br \/>\n<\/span><\/p>\n<p>&nbsp;<\/p>\n<p>&nbsp;<\/p>\n<p>&nbsp;<\/p>\n<p>\u2014\u2014\u2014\u2014\u2014\u2014\u2014\u2014\u2014\u2014\u2014\u2014\u2014\u2014\u2014\u2014\u2014\u2014\u2014\u2014\u2014\u2014\u2014\u2014\u2014\u2014\u2014\u2014\u2014\u2014\u2014\u2014\u2014\u2014\u2014\u2014\u2014\u2014\u2014\u2014\u2014\u2014\u2014\u2014\u2014\u2014\u2014\u2014\u2014\u2014\u2014\u2014\u2014\u2014\u2014\u2014\u2014\u2014\u2014\u2014<\/p>\n<p><img loading=\"lazy\" decoding=\"async\" class=\"wp-image-86 alignleft\" src=\"https:\/\/bio.ufpr.br\/3dlifelab\/wp-content\/uploads\/sites\/109\/2025\/08\/imagem-do-whatsapp-de-2025-08-07-as-14-26-23_96ea0d90-e1754587926642.jpg\" alt=\"\" width=\"181\" height=\"164\" srcset=\"https:\/\/bio.ufpr.br\/3dlifelab\/wp-content\/uploads\/sites\/109\/2025\/08\/imagem-do-whatsapp-de-2025-08-07-as-14-26-23_96ea0d90-e1754587926642.jpg 879w, https:\/\/bio.ufpr.br\/3dlifelab\/wp-content\/uploads\/sites\/109\/2025\/08\/imagem-do-whatsapp-de-2025-08-07-as-14-26-23_96ea0d90-e1754587926642-300x272.jpg 300w, https:\/\/bio.ufpr.br\/3dlifelab\/wp-content\/uploads\/sites\/109\/2025\/08\/imagem-do-whatsapp-de-2025-08-07-as-14-26-23_96ea0d90-e1754587926642-768x695.jpg 768w, https:\/\/bio.ufpr.br\/3dlifelab\/wp-content\/uploads\/sites\/109\/2025\/08\/imagem-do-whatsapp-de-2025-08-07-as-14-26-23_96ea0d90-e1754587926642-108x98.jpg 108w, https:\/\/bio.ufpr.br\/3dlifelab\/wp-content\/uploads\/sites\/109\/2025\/08\/imagem-do-whatsapp-de-2025-08-07-as-14-26-23_96ea0d90-e1754587926642-63x57.jpg 63w\" sizes=\"auto, (max-width: 181px) 100vw, 181px\" \/><\/p>\n<p class=\"cvGsUA direction-ltr align-center para-style-body\"><span class=\"a_GcMg font-feature-liga-off font-feature-clig-off font-feature-calt-off text-decoration-none text-strikethrough-none\">Este modelo foi inspirado em uma atividade da aula de equideocultura, na qual alguns alunos tem dificuldade em relacionar as regi\u00f5es zoot\u00e9cnicas com o respectivo osso. A ideia principal \u00e9 facilitar a observa\u00e7\u00e3o e identifica\u00e7\u00e3o das regi\u00f5es, uma vez que nem sempre haver\u00e1 um equino dispon\u00edvel. O modelo foi produzido por Let\u00edcia Renkert de Oliveira Kampa a partir de modifica\u00e7\u00f5es dos arquivos dispon\u00edveis em :<\/span><\/p>\n<p class=\"cvGsUA direction-ltr align-center para-style-body\"><span class=\"a_GcMg font-feature-liga-off font-feature-clig-off font-feature-calt-off text-decoration-none text-strikethrough-none\">https:\/\/www.printables.com\/model\/365835-horse-skeleton <\/span><span class=\"a_GcMg font-feature-liga-off font-feature-clig-off font-feature-calt-off text-decoration-none text-strikethrough-none\">https:\/\/makerworld.com\/pt\/models\/936805-practice-horse?from=search#profileId-1200775<br \/>\n<\/span><\/p>\n<p>&nbsp;<\/p>\n<p>\u2014\u2014\u2014\u2014\u2014\u2014\u2014\u2014\u2014\u2014\u2014\u2014\u2014\u2014\u2014\u2014\u2014\u2014\u2014\u2014\u2014\u2014\u2014\u2014\u2014\u2014\u2014\u2014\u2014\u2014\u2014\u2014\u2014\u2014\u2014\u2014\u2014\u2014\u2014\u2014\u2014\u2014\u2014\u2014\u2014\u2014\u2014\u2014\u2014\u2014\u2014\u2014\u2014\u2014\u2014\u2014\u2014\u2014\u2014\u2014<\/p>\n<p><img loading=\"lazy\" decoding=\"async\" class=\"wp-image-93 alignleft\" src=\"https:\/\/bio.ufpr.br\/3dlifelab\/wp-content\/uploads\/sites\/109\/2025\/08\/imagem-do-whatsapp-de-2025-08-05-as-16-57-16_47d014e0-e1754668665621.jpg\" alt=\"\" width=\"178\" height=\"178\" srcset=\"https:\/\/bio.ufpr.br\/3dlifelab\/wp-content\/uploads\/sites\/109\/2025\/08\/imagem-do-whatsapp-de-2025-08-05-as-16-57-16_47d014e0-e1754668665621.jpg 720w, https:\/\/bio.ufpr.br\/3dlifelab\/wp-content\/uploads\/sites\/109\/2025\/08\/imagem-do-whatsapp-de-2025-08-05-as-16-57-16_47d014e0-e1754668665621-300x300.jpg 300w, https:\/\/bio.ufpr.br\/3dlifelab\/wp-content\/uploads\/sites\/109\/2025\/08\/imagem-do-whatsapp-de-2025-08-05-as-16-57-16_47d014e0-e1754668665621-150x150.jpg 150w, https:\/\/bio.ufpr.br\/3dlifelab\/wp-content\/uploads\/sites\/109\/2025\/08\/imagem-do-whatsapp-de-2025-08-05-as-16-57-16_47d014e0-e1754668665621-98x98.jpg 98w, https:\/\/bio.ufpr.br\/3dlifelab\/wp-content\/uploads\/sites\/109\/2025\/08\/imagem-do-whatsapp-de-2025-08-05-as-16-57-16_47d014e0-e1754668665621-57x57.jpg 57w\" sizes=\"auto, (max-width: 178px) 100vw, 178px\" \/><\/p>\n<p>&nbsp;<\/p>\n<p>&nbsp;<\/p>\n<p>&nbsp;<\/p>\n<p>&nbsp;<\/p>\n<p>&nbsp;<\/p>\n<p>\u2014\u2014\u2014\u2014\u2014\u2014\u2014\u2014\u2014\u2014\u2014\u2014\u2014\u2014\u2014\u2014\u2014\u2014\u2014\u2014\u2014\u2014\u2014\u2014\u2014\u2014\u2014\u2014\u2014\u2014\u2014\u2014\u2014\u2014\u2014\u2014\u2014\u2014\u2014\u2014\u2014\u2014\u2014\u2014\u2014\u2014\u2014\u2014\u2014\u2014\u2014\u2014\u2014\u2014\u2014\u2014\u2014\u2014\u2014\u2014<\/p>\n<p><img loading=\"lazy\" decoding=\"async\" class=\"wp-image-84 alignleft\" src=\"https:\/\/bio.ufpr.br\/3dlifelab\/wp-content\/uploads\/sites\/109\/2025\/08\/imagem-do-whatsapp-de-2025-08-07-as-14-14-02_ba9501e0-e1754587978913.jpg\" alt=\"\" width=\"179\" height=\"179\" srcset=\"https:\/\/bio.ufpr.br\/3dlifelab\/wp-content\/uploads\/sites\/109\/2025\/08\/imagem-do-whatsapp-de-2025-08-07-as-14-14-02_ba9501e0-e1754587978913.jpg 900w, https:\/\/bio.ufpr.br\/3dlifelab\/wp-content\/uploads\/sites\/109\/2025\/08\/imagem-do-whatsapp-de-2025-08-07-as-14-14-02_ba9501e0-e1754587978913-300x300.jpg 300w, https:\/\/bio.ufpr.br\/3dlifelab\/wp-content\/uploads\/sites\/109\/2025\/08\/imagem-do-whatsapp-de-2025-08-07-as-14-14-02_ba9501e0-e1754587978913-150x150.jpg 150w, https:\/\/bio.ufpr.br\/3dlifelab\/wp-content\/uploads\/sites\/109\/2025\/08\/imagem-do-whatsapp-de-2025-08-07-as-14-14-02_ba9501e0-e1754587978913-768x769.jpg 768w, https:\/\/bio.ufpr.br\/3dlifelab\/wp-content\/uploads\/sites\/109\/2025\/08\/imagem-do-whatsapp-de-2025-08-07-as-14-14-02_ba9501e0-e1754587978913-98x98.jpg 98w, https:\/\/bio.ufpr.br\/3dlifelab\/wp-content\/uploads\/sites\/109\/2025\/08\/imagem-do-whatsapp-de-2025-08-07-as-14-14-02_ba9501e0-e1754587978913-57x57.jpg 57w\" sizes=\"auto, (max-width: 179px) 100vw, 179px\" \/><\/p>\n<p>&nbsp;<\/p>\n<p>&nbsp;<\/p>\n<p>&nbsp;<\/p>\n<p>&nbsp;<\/p>\n<p>&nbsp;<\/p>\n<p>\u2014\u2014\u2014\u2014\u2014\u2014\u2014\u2014\u2014\u2014\u2014\u2014\u2014\u2014\u2014\u2014\u2014\u2014\u2014\u2014\u2014\u2014\u2014\u2014\u2014\u2014\u2014\u2014\u2014\u2014\u2014\u2014\u2014\u2014\u2014\u2014\u2014\u2014\u2014\u2014\u2014\u2014\u2014\u2014\u2014\u2014\u2014\u2014\u2014\u2014\u2014\u2014\u2014\u2014\u2014\u2014\u2014\u2014\u2014\u2014<\/p>\n<p><img loading=\"lazy\" decoding=\"async\" class=\"wp-image-83 alignleft\" src=\"https:\/\/bio.ufpr.br\/3dlifelab\/wp-content\/uploads\/sites\/109\/2025\/08\/imagem-do-whatsapp-de-2025-08-07-as-14-14-02_463c0c4f-e1754588012161.jpg\" alt=\"\" width=\"179\" height=\"179\" srcset=\"https:\/\/bio.ufpr.br\/3dlifelab\/wp-content\/uploads\/sites\/109\/2025\/08\/imagem-do-whatsapp-de-2025-08-07-as-14-14-02_463c0c4f-e1754588012161.jpg 900w, https:\/\/bio.ufpr.br\/3dlifelab\/wp-content\/uploads\/sites\/109\/2025\/08\/imagem-do-whatsapp-de-2025-08-07-as-14-14-02_463c0c4f-e1754588012161-300x300.jpg 300w, https:\/\/bio.ufpr.br\/3dlifelab\/wp-content\/uploads\/sites\/109\/2025\/08\/imagem-do-whatsapp-de-2025-08-07-as-14-14-02_463c0c4f-e1754588012161-150x150.jpg 150w, https:\/\/bio.ufpr.br\/3dlifelab\/wp-content\/uploads\/sites\/109\/2025\/08\/imagem-do-whatsapp-de-2025-08-07-as-14-14-02_463c0c4f-e1754588012161-768x769.jpg 768w, https:\/\/bio.ufpr.br\/3dlifelab\/wp-content\/uploads\/sites\/109\/2025\/08\/imagem-do-whatsapp-de-2025-08-07-as-14-14-02_463c0c4f-e1754588012161-98x98.jpg 98w, https:\/\/bio.ufpr.br\/3dlifelab\/wp-content\/uploads\/sites\/109\/2025\/08\/imagem-do-whatsapp-de-2025-08-07-as-14-14-02_463c0c4f-e1754588012161-57x57.jpg 57w\" sizes=\"auto, (max-width: 179px) 100vw, 179px\" \/><img loading=\"lazy\" decoding=\"async\" class=\"wp-image-118 alignleft\" src=\"https:\/\/bio.ufpr.br\/3dlifelab\/wp-content\/uploads\/sites\/109\/2025\/08\/62008aeb-870b-4830-9085-b7339614d679-e1755624183979.jpg\" alt=\"\" width=\"179\" height=\"179\" srcset=\"https:\/\/bio.ufpr.br\/3dlifelab\/wp-content\/uploads\/sites\/109\/2025\/08\/62008aeb-870b-4830-9085-b7339614d679-e1755624183979.jpg 900w, https:\/\/bio.ufpr.br\/3dlifelab\/wp-content\/uploads\/sites\/109\/2025\/08\/62008aeb-870b-4830-9085-b7339614d679-e1755624183979-300x300.jpg 300w, https:\/\/bio.ufpr.br\/3dlifelab\/wp-content\/uploads\/sites\/109\/2025\/08\/62008aeb-870b-4830-9085-b7339614d679-e1755624183979-150x150.jpg 150w, https:\/\/bio.ufpr.br\/3dlifelab\/wp-content\/uploads\/sites\/109\/2025\/08\/62008aeb-870b-4830-9085-b7339614d679-e1755624183979-768x766.jpg 768w, https:\/\/bio.ufpr.br\/3dlifelab\/wp-content\/uploads\/sites\/109\/2025\/08\/62008aeb-870b-4830-9085-b7339614d679-e1755624183979-98x98.jpg 98w, https:\/\/bio.ufpr.br\/3dlifelab\/wp-content\/uploads\/sites\/109\/2025\/08\/62008aeb-870b-4830-9085-b7339614d679-e1755624183979-57x57.jpg 57w\" sizes=\"auto, (max-width: 179px) 100vw, 179px\" \/><img loading=\"lazy\" decoding=\"async\" class=\"wp-image-119 alignleft\" src=\"https:\/\/bio.ufpr.br\/3dlifelab\/wp-content\/uploads\/sites\/109\/2025\/08\/f8219a29-9059-49c4-aef5-83ea17c4466a-e1755624205692.jpg\" alt=\"\" width=\"177\" height=\"177\" srcset=\"https:\/\/bio.ufpr.br\/3dlifelab\/wp-content\/uploads\/sites\/109\/2025\/08\/f8219a29-9059-49c4-aef5-83ea17c4466a-e1755624205692.jpg 900w, https:\/\/bio.ufpr.br\/3dlifelab\/wp-content\/uploads\/sites\/109\/2025\/08\/f8219a29-9059-49c4-aef5-83ea17c4466a-e1755624205692-300x300.jpg 300w, https:\/\/bio.ufpr.br\/3dlifelab\/wp-content\/uploads\/sites\/109\/2025\/08\/f8219a29-9059-49c4-aef5-83ea17c4466a-e1755624205692-150x150.jpg 150w, https:\/\/bio.ufpr.br\/3dlifelab\/wp-content\/uploads\/sites\/109\/2025\/08\/f8219a29-9059-49c4-aef5-83ea17c4466a-e1755624205692-768x769.jpg 768w, https:\/\/bio.ufpr.br\/3dlifelab\/wp-content\/uploads\/sites\/109\/2025\/08\/f8219a29-9059-49c4-aef5-83ea17c4466a-e1755624205692-98x98.jpg 98w, https:\/\/bio.ufpr.br\/3dlifelab\/wp-content\/uploads\/sites\/109\/2025\/08\/f8219a29-9059-49c4-aef5-83ea17c4466a-e1755624205692-57x57.jpg 57w\" sizes=\"auto, (max-width: 177px) 100vw, 177px\" \/><\/p>\n<p class=\"cvGsUA direction-ltr justify para-style-body\"><span class=\"a_GcMg font-feature-liga-off font-feature-clig-off font-feature-calt-off text-decoration-none text-strikethrough-none\">Autores: Maria Fernanda Pioli Torres ; Carolina Pulido Arce; Felipe Mateus Franco; Bruno Benegra Denadai; Luiz Eduardo Oliveira Lisboa; Marcello Machado; Fernando S\u00e9rgio Lajarin; Jos\u00e9 Aguiomar Foggiatto. <\/span><\/p>\n<p class=\"cvGsUA direction-ltr justify para-style-body\"><span class=\"a_GcMg font-feature-liga-off font-feature-clig-off font-feature-calt-off text-decoration-none text-strikethrough-none\">O desenvolvimento deste modelo foi publicado no peri\u00f3dico Contribuciones a las Ciencias Sociales.<br \/>\n<\/span><\/p>\n<p>\u2014\u2014\u2014\u2014\u2014\u2014\u2014\u2014\u2014\u2014\u2014\u2014\u2014\u2014\u2014\u2014\u2014\u2014\u2014\u2014\u2014\u2014\u2014\u2014\u2014\u2014\u2014\u2014\u2014\u2014\u2014\u2014\u2014\u2014\u2014\u2014\u2014\u2014\u2014\u2014\u2014\u2014\u2014\u2014\u2014\u2014\u2014\u2014\u2014\u2014\u2014\u2014\u2014\u2014\u2014\u2014\u2014\u2014\u2014\u2014<\/p>\n<p><img loading=\"lazy\" decoding=\"async\" class=\"wp-image-117 alignleft\" src=\"https:\/\/bio.ufpr.br\/3dlifelab\/wp-content\/uploads\/sites\/109\/2025\/08\/2c30540d-908f-4e21-9631-85bd6f09f79f.jpg\" alt=\"\" width=\"239\" height=\"239\" srcset=\"https:\/\/bio.ufpr.br\/3dlifelab\/wp-content\/uploads\/sites\/109\/2025\/08\/2c30540d-908f-4e21-9631-85bd6f09f79f.jpg 1600w, https:\/\/bio.ufpr.br\/3dlifelab\/wp-content\/uploads\/sites\/109\/2025\/08\/2c30540d-908f-4e21-9631-85bd6f09f79f-300x300.jpg 300w, https:\/\/bio.ufpr.br\/3dlifelab\/wp-content\/uploads\/sites\/109\/2025\/08\/2c30540d-908f-4e21-9631-85bd6f09f79f-1024x1024.jpg 1024w, https:\/\/bio.ufpr.br\/3dlifelab\/wp-content\/uploads\/sites\/109\/2025\/08\/2c30540d-908f-4e21-9631-85bd6f09f79f-150x150.jpg 150w, https:\/\/bio.ufpr.br\/3dlifelab\/wp-content\/uploads\/sites\/109\/2025\/08\/2c30540d-908f-4e21-9631-85bd6f09f79f-768x768.jpg 768w, https:\/\/bio.ufpr.br\/3dlifelab\/wp-content\/uploads\/sites\/109\/2025\/08\/2c30540d-908f-4e21-9631-85bd6f09f79f-1536x1536.jpg 1536w, https:\/\/bio.ufpr.br\/3dlifelab\/wp-content\/uploads\/sites\/109\/2025\/08\/2c30540d-908f-4e21-9631-85bd6f09f79f-98x98.jpg 98w, https:\/\/bio.ufpr.br\/3dlifelab\/wp-content\/uploads\/sites\/109\/2025\/08\/2c30540d-908f-4e21-9631-85bd6f09f79f-57x57.jpg 57w\" sizes=\"auto, (max-width: 239px) 100vw, 239px\" \/><br \/>\n\u2014\u2014\u2014\u2014\u2014\u2014\u2014\u2014\u2014\u2014\u2014\u2014\u2014\u2014\u2014\u2014\u2014\u2014\u2014\u2014\u2014\u2014\u2014\u2014\u2014\u2014\u2014\u2014\u2014\u2014\u2014\u2014\u2014\u2014\u2014\u2014\u2014\u2014\u2014\u2014\u2014\u2014\u2014\u2014\u2014\u2014\u2014\u2014\u2014\u2014\u2014\u2014\u2014\u2014\u2014\u2014\u2014\u2014\u2014\u2014<\/p>\n","protected":false},"excerpt":{"rendered":"<p>Nosso portf\u00f3lio re\u00fane projetos desenvolvidos com foco em tecnologia, inova\u00e7\u00e3o e impacto social. Atuamos em \u00e1reas como pr\u00f3teses e \u00f3rteses para animais, pe\u00e7as anat\u00f4micas em [&hellip;]<\/p>\n","protected":false},"author":2142,"featured_media":0,"parent":0,"menu_order":0,"comment_status":"closed","ping_status":"closed","template":"","meta":{"_acf_changed":false,"_monsterinsights_skip_tracking":false,"_monsterinsights_sitenote_active":false,"_monsterinsights_sitenote_note":"","_monsterinsights_sitenote_category":0,"footnotes":""},"class_list":["post-33","page","type-page","status-publish","hentry"],"acf":[],"_links":{"self":[{"href":"https:\/\/bio.ufpr.br\/3dlifelab\/wp-json\/wp\/v2\/pages\/33","targetHints":{"allow":["GET"]}}],"collection":[{"href":"https:\/\/bio.ufpr.br\/3dlifelab\/wp-json\/wp\/v2\/pages"}],"about":[{"href":"https:\/\/bio.ufpr.br\/3dlifelab\/wp-json\/wp\/v2\/types\/page"}],"author":[{"embeddable":true,"href":"https:\/\/bio.ufpr.br\/3dlifelab\/wp-json\/wp\/v2\/users\/2142"}],"replies":[{"embeddable":true,"href":"https:\/\/bio.ufpr.br\/3dlifelab\/wp-json\/wp\/v2\/comments?post=33"}],"version-history":[{"count":39,"href":"https:\/\/bio.ufpr.br\/3dlifelab\/wp-json\/wp\/v2\/pages\/33\/revisions"}],"predecessor-version":[{"id":131,"href":"https:\/\/bio.ufpr.br\/3dlifelab\/wp-json\/wp\/v2\/pages\/33\/revisions\/131"}],"wp:attachment":[{"href":"https:\/\/bio.ufpr.br\/3dlifelab\/wp-json\/wp\/v2\/media?parent=33"}],"curies":[{"name":"wp","href":"https:\/\/api.w.org\/{rel}","templated":true}]}}