{"id":35,"date":"2025-07-24T14:07:38","date_gmt":"2025-07-24T17:07:38","guid":{"rendered":"https:\/\/bio.ufpr.br\/3dlifelab\/?page_id=35"},"modified":"2025-07-25T10:10:05","modified_gmt":"2025-07-25T13:10:05","slug":"nossos-parceiros","status":"publish","type":"page","link":"https:\/\/bio.ufpr.br\/3dlifelab\/nossos-parceiros\/","title":{"rendered":"Nossos Parceiros"},"content":{"rendered":"<p style=\"text-align: justify;\">O 3D Life Lab conta com uma rede de parceiros fundamentais que colaboram para tornar nossos projetos poss\u00edveis. Entre eles est\u00e3o <strong data-start=\"224\" data-end=\"260\">departamentos acad\u00eamicos da UFPR<\/strong>, cl\u00ednicas veterin\u00e1rias, ONGs de prote\u00e7\u00e3o animal, empresas de tecnologia, laborat\u00f3rios de pesquisa e iniciativas de extens\u00e3o. Essa coopera\u00e7\u00e3o interdisciplinar fortalece nossa miss\u00e3o de levar <strong data-start=\"451\" data-end=\"477\">inova\u00e7\u00e3o com prop\u00f3sito<\/strong> \u00e0 sociedade, unindo conhecimento t\u00e9cnico e sensibilidade social em cada cria\u00e7\u00e3o.<\/p>\n","protected":false},"excerpt":{"rendered":"<p>O 3D Life Lab conta com uma rede de parceiros fundamentais que colaboram para tornar nossos projetos poss\u00edveis. Entre eles est\u00e3o departamentos acad\u00eamicos da UFPR, [&hellip;]<\/p>\n","protected":false},"author":2142,"featured_media":0,"parent":0,"menu_order":0,"comment_status":"closed","ping_status":"closed","template":"","meta":{"_acf_changed":false,"_monsterinsights_skip_tracking":false,"_monsterinsights_sitenote_active":false,"_monsterinsights_sitenote_note":"","_monsterinsights_sitenote_category":0,"footnotes":""},"class_list":["post-35","page","type-page","status-publish","hentry"],"acf":[],"_links":{"self":[{"href":"https:\/\/bio.ufpr.br\/3dlifelab\/wp-json\/wp\/v2\/pages\/35","targetHints":{"allow":["GET"]}}],"collection":[{"href":"https:\/\/bio.ufpr.br\/3dlifelab\/wp-json\/wp\/v2\/pages"}],"about":[{"href":"https:\/\/bio.ufpr.br\/3dlifelab\/wp-json\/wp\/v2\/types\/page"}],"author":[{"embeddable":true,"href":"https:\/\/bio.ufpr.br\/3dlifelab\/wp-json\/wp\/v2\/users\/2142"}],"replies":[{"embeddable":true,"href":"https:\/\/bio.ufpr.br\/3dlifelab\/wp-json\/wp\/v2\/comments?post=35"}],"version-history":[{"count":3,"href":"https:\/\/bio.ufpr.br\/3dlifelab\/wp-json\/wp\/v2\/pages\/35\/revisions"}],"predecessor-version":[{"id":63,"href":"https:\/\/bio.ufpr.br\/3dlifelab\/wp-json\/wp\/v2\/pages\/35\/revisions\/63"}],"wp:attachment":[{"href":"https:\/\/bio.ufpr.br\/3dlifelab\/wp-json\/wp\/v2\/media?parent=35"}],"curies":[{"name":"wp","href":"https:\/\/api.w.org\/{rel}","templated":true}]}}