{"id":47,"date":"2025-07-24T14:49:21","date_gmt":"2025-07-24T17:49:21","guid":{"rendered":"https:\/\/bio.ufpr.br\/3dlifelab\/?page_id=47"},"modified":"2025-07-25T10:12:29","modified_gmt":"2025-07-25T13:12:29","slug":"iniciacoes-cientificas","status":"publish","type":"page","link":"https:\/\/bio.ufpr.br\/3dlifelab\/iniciacoes-cientificas\/","title":{"rendered":"Inicia\u00e7\u00f5es Cient\u00edficas"},"content":{"rendered":"<p style=\"text-align: justify;\">O 3D Life Lab tamb\u00e9m \u00e9 um espa\u00e7o f\u00e9rtil para o desenvolvimento de <strong data-start=\"177\" data-end=\"203\">inicia\u00e7\u00f5es cient\u00edficas<\/strong> que exploram temas como <strong data-start=\"228\" data-end=\"332\">manufatura aditiva, tecnologias assistivas, bioengenharia e modelagem 3D aplicada \u00e0 sa\u00fade e educa\u00e7\u00e3o<\/strong>. Alunos de gradua\u00e7\u00e3o s\u00e3o incentivados a investigar solu\u00e7\u00f5es inovadoras com orienta\u00e7\u00e3o de professores e acesso a infraestrutura de ponta. Essas pesquisas contribuem para o avan\u00e7o do conhecimento, geram publica\u00e7\u00f5es acad\u00eamicas e muitas vezes se conectam com os projetos de extens\u00e3o, ampliando o impacto cient\u00edfico e social do laborat\u00f3rio.<\/p>\n","protected":false},"excerpt":{"rendered":"<p>O 3D Life Lab tamb\u00e9m \u00e9 um espa\u00e7o f\u00e9rtil para o desenvolvimento de inicia\u00e7\u00f5es cient\u00edficas que exploram temas como manufatura aditiva, tecnologias assistivas, bioengenharia e [&hellip;]<\/p>\n","protected":false},"author":2142,"featured_media":0,"parent":0,"menu_order":0,"comment_status":"closed","ping_status":"closed","template":"","meta":{"_acf_changed":false,"_monsterinsights_skip_tracking":false,"_monsterinsights_sitenote_active":false,"_monsterinsights_sitenote_note":"","_monsterinsights_sitenote_category":0,"footnotes":""},"class_list":["post-47","page","type-page","status-publish","hentry"],"acf":[],"_links":{"self":[{"href":"https:\/\/bio.ufpr.br\/3dlifelab\/wp-json\/wp\/v2\/pages\/47","targetHints":{"allow":["GET"]}}],"collection":[{"href":"https:\/\/bio.ufpr.br\/3dlifelab\/wp-json\/wp\/v2\/pages"}],"about":[{"href":"https:\/\/bio.ufpr.br\/3dlifelab\/wp-json\/wp\/v2\/types\/page"}],"author":[{"embeddable":true,"href":"https:\/\/bio.ufpr.br\/3dlifelab\/wp-json\/wp\/v2\/users\/2142"}],"replies":[{"embeddable":true,"href":"https:\/\/bio.ufpr.br\/3dlifelab\/wp-json\/wp\/v2\/comments?post=47"}],"version-history":[{"count":3,"href":"https:\/\/bio.ufpr.br\/3dlifelab\/wp-json\/wp\/v2\/pages\/47\/revisions"}],"predecessor-version":[{"id":65,"href":"https:\/\/bio.ufpr.br\/3dlifelab\/wp-json\/wp\/v2\/pages\/47\/revisions\/65"}],"wp:attachment":[{"href":"https:\/\/bio.ufpr.br\/3dlifelab\/wp-json\/wp\/v2\/media?parent=47"}],"curies":[{"name":"wp","href":"https:\/\/api.w.org\/{rel}","templated":true}]}}