{"id":22,"date":"2016-05-24T12:48:21","date_gmt":"2016-05-24T12:48:21","guid":{"rendered":"https:\/\/bio.ufpr.br\/anatomia\/?page_id=22"},"modified":"2024-10-11T18:27:01","modified_gmt":"2024-10-11T18:27:01","slug":"o-departamento","status":"publish","type":"page","link":"https:\/\/bio.ufpr.br\/anatomia\/o-departamento\/","title":{"rendered":"O Departamento"},"content":{"rendered":"<p align=\"justify\">O Departamento de Anatomia foi criado em 1986 pelo desmembramento do antigo Departamento de Morfologia, que abrigava os Docentes das disciplinas de Morfologia Microsc\u00f3pica (Citologia e Histologia humana e Animal) e Morfologia Macrosc\u00f3pica (Anatomia Humana e Animal). Deste modo, surgiram os Departamento de Anatomia e Biologia Celular.<\/p>\n<p align=\"justify\">O Departamento de Anatomia consta, atualmente, com 20 docentes que atuam na Pesquisa, no Ensino e na Extens\u00e3o. Possui 18 doutores e 2 mestres, al\u00e9m de 4 servidores t\u00e9cnicos-administrativos e 4 t\u00e9cnicos terceirizados. Disp\u00f5e de amplo espa\u00e7o para a prepara\u00e7\u00e3o de pe\u00e7as naturais e sint\u00e9ticas e de 2 c\u00e2maras frias. Atende todos os Cursos da \u00e1rea da Sa\u00fade como Medicina, Odontologia, Enfermagem, Terapia Ocupacional, Nutri\u00e7\u00e3o e Psicologia. Na \u00e1rea das Ci\u00eancias Agr\u00e1rias oferta disciplinas para os Cursos de Medicina Veterin\u00e1ria, Agronomia e Zootecnia. No Setor de Ci\u00eancias Biol\u00f3gicas possui disciplinas para os Cursos de Biologia, Fisioterapia e Biomedicina, al\u00e9m de Inform\u00e1tica Biom\u00e9dica para o Setor de Ci\u00eancias Exatas.<\/p>\n<p align=\"justify\">Os docentes atuam, tamb\u00e9m, na P\u00f3s-Gradua\u00e7\u00e3o como Orientadores e\/ou Colaboradores nos Programas de Biologia Molecular, de Cl\u00ednica Cir\u00fargica, de Ci\u00eancias Veterin\u00e1rias, de Odontologia e no Mestrado Profissional do Ensino de Biologia.<\/p>\n<p align=\"justify\">O acervo do Departamento, entre pe\u00e7as e modelos did\u00e1ticos naturais e sint\u00e9ticos, \u00e9 considerado um dos maiores dentre os Departamentos e Institutos de Anatomia do pa\u00eds. O Museu de Anatomia Comparada de Mam\u00edferos Vertebrados abriga a segunda maior cole\u00e7\u00e3o de modelos anat\u00f4micos confeccionados em cera do mundo. (Entre na aba museu e conhe\u00e7a mais sobre o museu)<\/p>\n<p align=\"justify\">O Departamento vem contribuindo, desde sua cria\u00e7\u00e3o, com programas, reconhecidos nacionalmente, voltados ao Ensino , \u00e0 Extens\u00e3o e \u00e0 Pesquisa da Anatomia Humana e Animal e colaborando de forma constante para o avan\u00e7o da Universidade Federal do Paran\u00e1 como uma das melhores e renomadas Institui\u00e7\u00f5es Universit\u00e1rias do pa\u00eds.<\/p>\n","protected":false},"excerpt":{"rendered":"<p>O Departamento de Anatomia foi criado em 1986 pelo desmembramento do antigo Departamento de Morfologia, que abrigava os Docentes das disciplinas de Morfologia Microsc\u00f3pica (Citologia e Histologia humana e Animal) e Morfologia Macrosc\u00f3pica (Anatomia Humana e Animal). Deste modo, surgiram os Departamento de Anatomia e Biologia Celular. O Departamento de Anatomia consta, atualmente, com 20 [&hellip;]<\/p>\n","protected":false},"author":6,"featured_media":0,"parent":0,"menu_order":0,"comment_status":"open","ping_status":"open","template":"","meta":{"_acf_changed":false,"_monsterinsights_skip_tracking":false,"_monsterinsights_sitenote_active":false,"_monsterinsights_sitenote_note":"","_monsterinsights_sitenote_category":0,"footnotes":""},"class_list":["post-22","page","type-page","status-publish","hentry"],"acf":[],"_links":{"self":[{"href":"https:\/\/bio.ufpr.br\/anatomia\/wp-json\/wp\/v2\/pages\/22","targetHints":{"allow":["GET"]}}],"collection":[{"href":"https:\/\/bio.ufpr.br\/anatomia\/wp-json\/wp\/v2\/pages"}],"about":[{"href":"https:\/\/bio.ufpr.br\/anatomia\/wp-json\/wp\/v2\/types\/page"}],"author":[{"embeddable":true,"href":"https:\/\/bio.ufpr.br\/anatomia\/wp-json\/wp\/v2\/users\/6"}],"replies":[{"embeddable":true,"href":"https:\/\/bio.ufpr.br\/anatomia\/wp-json\/wp\/v2\/comments?post=22"}],"version-history":[{"count":7,"href":"https:\/\/bio.ufpr.br\/anatomia\/wp-json\/wp\/v2\/pages\/22\/revisions"}],"predecessor-version":[{"id":872,"href":"https:\/\/bio.ufpr.br\/anatomia\/wp-json\/wp\/v2\/pages\/22\/revisions\/872"}],"wp:attachment":[{"href":"https:\/\/bio.ufpr.br\/anatomia\/wp-json\/wp\/v2\/media?parent=22"}],"curies":[{"name":"wp","href":"https:\/\/api.w.org\/{rel}","templated":true}]}}