{"id":578,"date":"2019-02-26T13:32:27","date_gmt":"2019-02-26T13:32:27","guid":{"rendered":"https:\/\/bio.ufpr.br\/anatomia\/?page_id=578"},"modified":"2025-01-08T13:37:38","modified_gmt":"2025-01-08T13:37:38","slug":"formularios","status":"publish","type":"page","link":"https:\/\/bio.ufpr.br\/anatomia\/formularios\/","title":{"rendered":"Formul\u00e1rios"},"content":{"rendered":"<table style=\"height: 1020px\" width=\"639\">\n<tbody>\n<tr>\n<td width=\"315\">\n<p style=\"text-align: center\"><strong>Formul\u00e1rio<\/strong><\/p>\n<\/td>\n<td width=\"347\">\n<p style=\"text-align: center\"><strong>Arquivo<\/strong><\/p>\n<\/td>\n<\/tr>\n<tr>\n<td width=\"315\">Calend\u00e1rios acad\u00eamicos<\/td>\n<td width=\"347\">\n<p><a href=\"https:\/\/soc.ufpr.br\/wp-content\/uploads\/2024\/12\/RESOLUCAO-No-20-24-CEPE.pdf\">Calend\u00e1rio acad\u00eamico para o Curso de Medicina<\/a><\/p>\n<p><a href=\"https:\/\/soc.ufpr.br\/wp-content\/uploads\/2024\/12\/RESOLUCAO-No-19-24-CEPE-1.pdf\">Calend\u00e1rio acad\u00eamico 15 e 18 semanas<\/a><\/td>\n<\/tr>\n<tr>\n<td width=\"315\">Solicita\u00e7\u00e3o de segunda chamada<\/td>\n<td width=\"347\"><a href=\"https:\/\/bio.ufpr.br\/anatomia\/wp-content\/uploads\/sites\/30\/2022\/12\/SEGUNDA-CHAMADA.pdf\">Documento<\/a><\/td>\n<\/tr>\n<tr>\n<td width=\"315\"><\/td>\n<td width=\"347\"><\/td>\n<\/tr>\n<tr>\n<td width=\"315\">\n<p>Cancelamento de disciplina<\/p>\n<p>Equival\u00eancia de disciplina<\/p>\n<p>Matr\u00edcula em disciplina eletiva<\/p>\n<p>Matr\u00edcula em disciplina isolada<\/p>\n<p>Aproveitamento de conhecimento<\/p>\n<p>Pedido de revis\u00e3o de notas<\/p>\n<p>Trancamento de curso<\/p>\n<p>Destrancamento de curso<\/td>\n<td width=\"347\">\n<p><a href=\"https:\/\/bio.ufpr.br\/anatomia\/wp-content\/uploads\/sites\/30\/2016\/05\/Cancelamento-de-Disciplina.pdf\">Download Cancelamento de Disciplina<\/a><\/p>\n<p><a href=\"https:\/\/bio.ufpr.br\/anatomia\/wp-content\/uploads\/sites\/30\/2016\/05\/Equival\u00eancia-de-Disciplina.pdf\">Download Equival\u00eancia de Disciplina<\/a><\/p>\n<p><a href=\"https:\/\/bio.ufpr.br\/anatomia\/wp-content\/uploads\/sites\/30\/2016\/05\/Matr\u00edcula-em-Disciplina-Eletiva.pdf\">Download Matr\u00edcula em Disciplina Eletiva<\/a><\/p>\n<p><a href=\"https:\/\/bio.ufpr.br\/anatomia\/wp-content\/uploads\/sites\/30\/2016\/05\/Matr\u00edcula-em-disciplina-isolada.pdf\">Download Matr\u00edcula em disciplina isolada<\/a><\/p>\n<p><a href=\"https:\/\/bio.ufpr.br\/anatomia\/wp-content\/uploads\/sites\/30\/2016\/05\/Aproveitamento-de-Conhecimento.pdf\">Download Aproveitamento de Conhecimento<\/a><\/p>\n<p><a href=\"https:\/\/bio.ufpr.br\/anatomia\/wp-content\/uploads\/sites\/30\/2016\/05\/Pedido-de-Revis\u00e3o-de-Notas.pdf\">Download Pedido de Revis\u00e3o de Notas<\/a><\/p>\n<p><a href=\"https:\/\/bio.ufpr.br\/anatomia\/wp-content\/uploads\/sites\/30\/2016\/05\/Trancamento-de-curso.pdf\">Download Trancamento de curso<\/a><\/p>\n<p><a href=\"https:\/\/bio.ufpr.br\/anatomia\/wp-content\/uploads\/sites\/30\/2016\/05\/Destrancamento-de-Curso.pdf\">Download Destrancamento de Curso<\/a><\/td>\n<\/tr>\n<tr>\n<td width=\"315\">\n<p>Monitoria &#8211; Termo de Compromisso<\/p>\n<p>Monitoria &#8211; Relat\u00f3rio Final<\/p>\n<p>Monitoria &#8211; Desist\u00eancia de Bolsa<\/td>\n<td width=\"347\">Acess\u00e1-los como formul\u00e1rio nato do SEI<\/td>\n<\/tr>\n<tr>\n<td width=\"315\">\n<p>Inicia\u00e7\u00e3o Cient\u00edfica \u2013 Modelo de Projeto<\/p>\n<p>Inicia\u00e7\u00e3o Cient\u00edfica \u2013 Modelo de Relat\u00f3rio Parcial<\/p>\n<p>Inicia\u00e7\u00e3o Cient\u00edfica \u2013 Modelo de Relat\u00f3rio Final<\/td>\n<td width=\"347\">Preench\u00ea-los diretamente no SIGA<\/td>\n<\/tr>\n<\/tbody>\n<\/table>\n<h2>Modelos e Resolu\u00e7\u00f5es<\/h2>\n<table>\n<tbody>\n<tr>\n<td>Resolu\u00e7\u00e3o sobre progress\u00e3o docente<\/td>\n<td><a href=\"https:\/\/bio.ufpr.br\/anatomia\/wp-content\/uploads\/sites\/30\/2016\/05\/Resolu\u00e7\u00e3o-sobre-progresso\u00e3o-docente-CEPE-10-de-2014.pdf\">Resolu\u00e7\u00e3o sobre progress\u00e3o docente CEPE 10 de 2014<\/a><\/td>\n<\/tr>\n<tr>\n<td>Modelo de oficio de afastamento<\/td>\n<td><a href=\"https:\/\/bio.ufpr.br\/anatomia\/wp-content\/uploads\/sites\/30\/2016\/05\/Modelo-de-of\u00edcio-para-afastamento.doc\">Modelo de of\u00edcio para afastamento<\/a><\/td>\n<\/tr>\n<tr>\n<td>Resolu\u00e7\u00e3o sobre o Afastamento de docentes<\/td>\n<td><a href=\"https:\/\/bio.ufpr.br\/anatomia\/wp-content\/uploads\/sites\/30\/2016\/05\/Resolu\u00e7\u00e3o-sobre-afastamento-de-docentes.pdf\">Resolu\u00e7\u00e3o sobre afastamento de docentes<\/a><\/td>\n<\/tr>\n<tr>\n<td>Resolu\u00e7\u00e3o sobre Segunda Chamada<\/td>\n<td><a href=\"https:\/\/bio.ufpr.br\/anatomia\/wp-content\/uploads\/sites\/30\/2016\/05\/Resolu\u00e7\u00e3o-37_97-sobre-Segunda-Chamada-Artigo-106.pdf\">Resolu\u00e7\u00e3o 37_97 Artigo 106<\/a><\/td>\n<\/tr>\n<\/tbody>\n<\/table>\n<p>&nbsp;<\/p>\n","protected":false},"excerpt":{"rendered":"<p>Formul\u00e1rio Arquivo Calend\u00e1rios acad\u00eamicos Calend\u00e1rio acad\u00eamico para o Curso de Medicina Calend\u00e1rio acad\u00eamico 15 e 18 semanas Solicita\u00e7\u00e3o de segunda chamada Documento Cancelamento de disciplina Equival\u00eancia de disciplina Matr\u00edcula em disciplina eletiva Matr\u00edcula em disciplina isolada Aproveitamento de conhecimento Pedido de revis\u00e3o de notas Trancamento de curso Destrancamento de curso Download Cancelamento de Disciplina Download [&hellip;]<\/p>\n","protected":false},"author":6,"featured_media":0,"parent":0,"menu_order":0,"comment_status":"closed","ping_status":"closed","template":"","meta":{"_acf_changed":false,"_monsterinsights_skip_tracking":false,"_monsterinsights_sitenote_active":false,"_monsterinsights_sitenote_note":"","_monsterinsights_sitenote_category":0,"footnotes":""},"class_list":["post-578","page","type-page","status-publish","hentry"],"acf":[],"_links":{"self":[{"href":"https:\/\/bio.ufpr.br\/anatomia\/wp-json\/wp\/v2\/pages\/578","targetHints":{"allow":["GET"]}}],"collection":[{"href":"https:\/\/bio.ufpr.br\/anatomia\/wp-json\/wp\/v2\/pages"}],"about":[{"href":"https:\/\/bio.ufpr.br\/anatomia\/wp-json\/wp\/v2\/types\/page"}],"author":[{"embeddable":true,"href":"https:\/\/bio.ufpr.br\/anatomia\/wp-json\/wp\/v2\/users\/6"}],"replies":[{"embeddable":true,"href":"https:\/\/bio.ufpr.br\/anatomia\/wp-json\/wp\/v2\/comments?post=578"}],"version-history":[{"count":9,"href":"https:\/\/bio.ufpr.br\/anatomia\/wp-json\/wp\/v2\/pages\/578\/revisions"}],"predecessor-version":[{"id":905,"href":"https:\/\/bio.ufpr.br\/anatomia\/wp-json\/wp\/v2\/pages\/578\/revisions\/905"}],"wp:attachment":[{"href":"https:\/\/bio.ufpr.br\/anatomia\/wp-json\/wp\/v2\/media?parent=578"}],"curies":[{"name":"wp","href":"https:\/\/api.w.org\/{rel}","templated":true}]}}