{"id":85,"date":"2016-06-01T12:27:27","date_gmt":"2016-06-01T12:27:27","guid":{"rendered":"https:\/\/bio.ufpr.br\/zoologia\/?page_id=76"},"modified":"2025-02-18T18:43:14","modified_gmt":"2025-02-18T18:43:14","slug":"disciplinas","status":"publish","type":"page","link":"https:\/\/bio.ufpr.br\/anatomia\/disciplinas\/","title":{"rendered":"Disciplinas"},"content":{"rendered":"<p><a href=\"#BA021\">BA021<\/a>|<a href=\"#BA022\"> BA022<\/a>|<a href=\"#BA037\"> BA037<\/a>|<a href=\"#BA040\"> BA040<\/a>|<a href=\"#BA044\"> BA044<\/a>|<a href=\"#BA045\"> BA045<\/a>|<a href=\"#BA046\"> BA046<\/a>|<a href=\"#BA047\"> BA047<\/a>|<a href=\"#BA048\"> BA048<\/a>|<a href=\"#BA049\"> BA049<\/a>|<a href=\"#BA051\"> BA051<\/a>|<a href=\"#BA052\"> BA052<\/a>|<a href=\"#BA053\"> BA053<\/a>|<a href=\"#BA054\"> BA054<\/a>|<a href=\"#BA055\"> BA055<\/a>|<a href=\"#BA056\"> BA056<\/a>|<a href=\"#BA057\"> BA057<\/a>|<a href=\"#BA058\"> BA058<\/a>| <a href=\"#BA059\">BA059<\/a>|<a href=\"#BA060\">\u00a0BA060<\/a>|<a href=\"#BA062\">BA062<\/a> | <a href=\"#BA063\">BA063<\/a> |<a href=\"#BA064\">BA064<\/a> |<a href=\"#BA065\"> BA065<\/a>|<a href=\"#BA066\"> BA066<\/a>|<a href=\"#BA070\"> BA070<\/a>|<a href=\"#BA071\">BA071<\/a> |<a href=\"#BA072\">\u00a0BA072<\/a>|<a href=\"#BA075\">BA075<\/a>. | \u00a0<a href=\"#BA084\">BA084<\/a> |\u00a0<a href=\"#BA085\">BA085 <\/a>| <a href=\"#BA086\">BA086<\/a> | <a href=\"#BA087\">BA087<\/a> |<a href=\"#BA088\">BA088<\/a> |<a href=\"#BA089\">BA089<\/a>| <a href=\"#BA090\">BA090<\/a><\/p>\n<table style=\"height: 2331px\" width=\"707\">\n<tbody>\n<tr>\n<td width=\"50\"><strong>C\u00d3D<\/strong><\/td>\n<td width=\"64\"><strong>NOME<\/strong><\/td>\n<td width=\"64\"><strong>PROFESSORES<\/strong><\/td>\n<\/tr>\n<tr>\n<td>BA021<\/td>\n<td>Anatomia dos Animais Domesticos I<\/td>\n<td>V\u00e2nia Pais C. Castelo Campos<\/td>\n<\/tr>\n<tr>\n<td><a id=\"BA021\" name=\"BA021\"><\/a>BA022<\/td>\n<td>Anatomia dos Animais Domesticos II<\/td>\n<td>\n<p><a id=\"BA021\" name=\"BA021\"><\/a><\/p>\n<p>V\u00e2nia Pais C. Castelo Campos<\/td>\n<\/tr>\n<tr>\n<td>BA037<\/td>\n<td>Anatomia Funcional dos Animais Experimentais<\/td>\n<td>\n<p><a id=\"BA022\" name=\"BA022\"><\/a><\/p>\n<p>&nbsp;<\/td>\n<\/tr>\n<tr>\n<td>BA040<\/td>\n<td>Anatomia Humana Sist\u00eamica<\/td>\n<td>\u00a0Janete Dubiaski da Silva<\/td>\n<\/tr>\n<tr>\n<td>BA044<\/td>\n<td>Anatomia dos Animais Dom\u00e9sticos<\/td>\n<td>\n<p>Amilton da R. Leal Junior<\/p>\n<p>Maria Fernanda Pioli Torres<\/td>\n<\/tr>\n<tr>\n<td>BA045<\/td>\n<td>Anatomia Humana Pr\u00e1tica com Disseca\u00e7\u00e3o<\/td>\n<td>Djanira Aparecida da Luz Veronez<\/td>\n<\/tr>\n<tr>\n<td>BA046<\/td>\n<td>Anatomia Geral 1<\/td>\n<td>\n<p>Jose Geraldo Auerswald Calomeno<\/p>\n<p>Luciane Bittencourt Carias de Oliveira<\/td>\n<\/tr>\n<tr>\n<td>BA047<\/td>\n<td>Anatomia Geral 2<\/td>\n<td><\/td>\n<\/tr>\n<tr>\n<td>BA048<\/td>\n<td>Anatomia Veterin\u00e1ria Descritiva 1<\/td>\n<td>Marcello Machado<\/td>\n<\/tr>\n<tr>\n<td>BA049<\/td>\n<td>Anatomia Veterin\u00e1ria Descritiva 2<\/td>\n<td>Edison Luiz Prisco Farias<\/td>\n<\/tr>\n<tr>\n<td>BA051<\/td>\n<td>Anatomia Humana 1<\/td>\n<td>Eduardo Jose Brommelstroet Ramos<\/td>\n<\/tr>\n<tr>\n<td>BA052<\/td>\n<td>Anatomia Humana 2<\/td>\n<td>Ayrton Alves Aranha Junior<\/td>\n<\/tr>\n<tr>\n<td>BA053<\/td>\n<td>Anatomia M\u00e9dica 1<\/td>\n<td>\n<p>Djanira Aparecida da Luz Veronez<\/p>\n<p>Fernando Cesar Abib<\/p>\n<p>Janete Dubiaski da Silva<\/p>\n<p>Jose Geraldo Auerswald Calomeno<\/p>\n<p>Luciane Bittencourt Carias de Oliveira<\/p>\n<p>Silvio Gomes Bettega<\/td>\n<\/tr>\n<tr>\n<td>BA054<\/td>\n<td>Esplacnologia<\/td>\n<td>\n<p>Eduardo Jose Brommelstroet Ramos<\/p>\n<p>Fernando Issamu Tabushi<\/p>\n<p>Jose Geraldo Auerswald Calomeno<\/p>\n<p>Sergio Luiz Rocha<\/td>\n<\/tr>\n<tr>\n<td>BA055<\/td>\n<td>Neuroanatomia<\/td>\n<td>\n<p>Carlos Alexandre dos Santos Haemmerle<\/p>\n<p>Edson Antonio Tanhoffer<\/p>\n<p>Jo\u00e3o Armando Brancher<\/td>\n<\/tr>\n<tr>\n<td>BA056<\/td>\n<td>Neuronatomia Aplicada \u00e1 Psicologia<\/td>\n<td>Edson Antonio Tanhoffer<\/td>\n<\/tr>\n<tr>\n<td>BA057<\/td>\n<td>Anatomia Humana<\/td>\n<td>\n<p><a id=\"BA044\" name=\"BA044\"><\/a><\/p>\n<p>Fernando Cesar Abib<\/p>\n<p>Fernando Issamu\u00a0 Tabushi<\/td>\n<\/tr>\n<tr>\n<td>BA058<\/td>\n<td>Anatomia Humana para Fisioterapia<\/td>\n<td>\n<p><a id=\"BA046\" name=\"BA046\"><\/a><\/p>\n<p>Carlos Alexandre dos Santos Haemmerle<\/p>\n<p>Janete Dubiaski da Silva<\/p>\n<p>Jo\u00e3o Armando Brancher<\/td>\n<\/tr>\n<tr>\n<td>BA059<\/td>\n<td>Neuronatomia para Fisioterapia<\/td>\n<td><\/td>\n<\/tr>\n<tr>\n<td>BA060<\/td>\n<td>Anatomia de superf\u00edcie aplicada \u00e0 Fisioterapia<\/td>\n<td>\n<p><a id=\"BA047\" name=\"BA047\"><\/a><\/p>\n<p>Fernando Issamu Tabushi<\/td>\n<\/tr>\n<tr>\n<td>BA062<\/td>\n<td>Trabalho de Curso 2 em Anatomia<\/td>\n<td><\/td>\n<\/tr>\n<tr>\n<td>BA063<\/td>\n<td>Trabalho de Curso 3 em Anatomia<\/td>\n<td><\/td>\n<\/tr>\n<tr>\n<td>BA064<\/td>\n<td>Trabalho de Curso 4 em Anatomia<\/td>\n<td><\/td>\n<\/tr>\n<tr>\n<td>Ba065<\/td>\n<td>Introdu\u00e7\u00e3o \u00e1 Anatomia dos Animais Dom\u00e9sticos<\/td>\n<td>\n<p><a id=\"BA048\" name=\"BA048\"><\/a>V\u00e2nia Pais Cabral\u00a0 Castelo Campos<\/p>\n<p>&nbsp;<\/td>\n<\/tr>\n<tr>\n<td>BA066<\/td>\n<td>Anatomia comparada dos Animais Dom\u00e9sticos<\/td>\n<td>\n<p><a id=\"BA049\" name=\"BA049\"><\/a><\/p>\n<p>V\u00e2nia Pais Cabral Castelo Campos<\/td>\n<\/tr>\n<tr>\n<td>BA070<\/td>\n<td>Anatomia Humana pr\u00e1tica com Disseca\u00e7\u00e3o<\/td>\n<td>\n<p><a id=\"BA051\" name=\"BA051\"><\/a><\/p>\n<p>Djanira Aparecida da Luz Veronez<\/p>\n<p>&nbsp;<\/td>\n<\/tr>\n<tr>\n<td>BA071<\/td>\n<td>Anatomia Humana Sist\u00eamica<\/td>\n<td><\/td>\n<\/tr>\n<tr>\n<td>BA072<\/td>\n<td>Neuroanatomia e Anatomia Seccional<\/td>\n<td>\n<p><a id=\"BA052\" name=\"BA052\"><\/a><\/p>\n<p>Djanira Aparecida da Luz Veronez<\/p>\n<p>Fernando Cesar Abib<\/td>\n<\/tr>\n<tr>\n<td>BA075<\/td>\n<td>Anatomia Geral<\/td>\n<td>\n<p>Fernando Issamu Tabushi<\/p>\n<p>Sergio Luiz Rocha<\/td>\n<\/tr>\n<tr>\n<td>BA084<\/td>\n<td>Anatomia de Cabe\u00e7a e Pesco\u00e7o<\/td>\n<td>Leandro Eduardo Kluppel<\/td>\n<\/tr>\n<tr>\n<td>BA085<\/td>\n<td>Anatomia e Escultura Dental<\/td>\n<td>Michelle Santos Vianna<\/td>\n<\/tr>\n<tr>\n<td>BA086<\/td>\n<td>Anatomia Geral<\/td>\n<td>\n<p>Jo\u00e3o Armando Brancher<\/p>\n<p>Michelle Santos Vianna<\/td>\n<\/tr>\n<tr>\n<td>BA087<\/td>\n<td>Anatomia aplicada \u00e1 Educa\u00e7\u00e3o F\u00edsica<\/td>\n<td>\n<p>Aryton Alves Aranha Junior<\/p>\n<p>Carlos Alexandre dos Santos Haemmerle<\/p>\n<p>Eduardo Jose Brommelstroet Ramos<\/p>\n<p>Janete Dubiaski da Silva<\/p>\n<p>Silvio Gomes Bettega<\/td>\n<\/tr>\n<tr>\n<td>BA088<\/td>\n<td>Anatomia dos Animais de interesse Zoot\u00e9cnico<\/td>\n<td><\/td>\n<\/tr>\n<tr>\n<td>BA089<\/td>\n<td>Neuroanatomia baseada em problemas para Biologia<\/td>\n<td><\/td>\n<\/tr>\n<tr>\n<td>BA090<\/td>\n<td>Anatomia Humana para Biologia<\/td>\n<td>\n<p>Edson Antonio Tanhoffer<\/p>\n<p>Janete Dubiaski da Silva<\/td>\n<\/tr>\n<\/tbody>\n<\/table>\n<p>&nbsp;<\/p>\n<p>&nbsp;<\/p>\n","protected":false},"excerpt":{"rendered":"<p>BA021| BA022| BA037| BA040| BA044| BA045| BA046| BA047| BA048| BA049| BA051| BA052| BA053| BA054| BA055| BA056| BA057| BA058| BA059|\u00a0BA060|BA062 | BA063 |BA064 | BA065| BA066| BA070|BA071 |\u00a0BA072|BA075. | \u00a0BA084 |\u00a0BA085 | BA086 | BA087 |BA088 |BA089| BA090 C\u00d3D NOME PROFESSORES BA021 Anatomia dos Animais Domesticos I V\u00e2nia Pais C. Castelo Campos BA022 Anatomia dos Animais [&hellip;]<\/p>\n","protected":false},"author":6,"featured_media":0,"parent":0,"menu_order":0,"comment_status":"open","ping_status":"open","template":"","meta":{"_acf_changed":false,"_monsterinsights_skip_tracking":false,"_monsterinsights_sitenote_active":false,"_monsterinsights_sitenote_note":"","_monsterinsights_sitenote_category":0,"footnotes":""},"class_list":["post-85","page","type-page","status-publish","hentry"],"acf":[],"_links":{"self":[{"href":"https:\/\/bio.ufpr.br\/anatomia\/wp-json\/wp\/v2\/pages\/85","targetHints":{"allow":["GET"]}}],"collection":[{"href":"https:\/\/bio.ufpr.br\/anatomia\/wp-json\/wp\/v2\/pages"}],"about":[{"href":"https:\/\/bio.ufpr.br\/anatomia\/wp-json\/wp\/v2\/types\/page"}],"author":[{"embeddable":true,"href":"https:\/\/bio.ufpr.br\/anatomia\/wp-json\/wp\/v2\/users\/6"}],"replies":[{"embeddable":true,"href":"https:\/\/bio.ufpr.br\/anatomia\/wp-json\/wp\/v2\/comments?post=85"}],"version-history":[{"count":36,"href":"https:\/\/bio.ufpr.br\/anatomia\/wp-json\/wp\/v2\/pages\/85\/revisions"}],"predecessor-version":[{"id":921,"href":"https:\/\/bio.ufpr.br\/anatomia\/wp-json\/wp\/v2\/pages\/85\/revisions\/921"}],"wp:attachment":[{"href":"https:\/\/bio.ufpr.br\/anatomia\/wp-json\/wp\/v2\/media?parent=85"}],"curies":[{"name":"wp","href":"https:\/\/api.w.org\/{rel}","templated":true}]}}