{"id":574,"date":"2019-05-19T22:28:25","date_gmt":"2019-05-20T01:28:25","guid":{"rendered":"https:\/\/bio.ufpr.br\/biogemm\/?page_id=574"},"modified":"2026-03-03T17:02:15","modified_gmt":"2026-03-03T20:02:15","slug":"equipe","status":"publish","type":"page","link":"https:\/\/bio.ufpr.br\/biogemm\/o-laboratorio\/equipe\/","title":{"rendered":"Equipe"},"content":{"rendered":"<p style=\"text-align: center\"><strong>T\u00e9cnico<\/strong><\/p>\n<p>&nbsp;<\/p>\n<table width=\"853\">\n<tbody>\n<tr>\n<td rowspan=\"3\" width=\"210\">\u00a0<img loading=\"lazy\" decoding=\"async\" class=\"alignnone size-full wp-image-604\" src=\"https:\/\/bio.ufpr.br\/biogemm\/wp-content\/uploads\/sites\/55\/2019\/05\/rodrigo.jpg\" alt=\"rodrigo\" width=\"202\" height=\"236\" \/><\/td>\n<td style=\"text-align: center\" width=\"643\">\u00a0\u00a0<a name=\"rodrigo\"><\/a>Rodrigo Aluizio<\/td>\n<\/tr>\n<tr>\n<td style=\"text-align: center\" width=\"643\">\u00a0<a href=\"http:\/\/lattes.cnpq.br\/2288396619642541\"><img loading=\"lazy\" decoding=\"async\" class=\"alignnone size-full wp-image-673\" src=\"https:\/\/bio.ufpr.br\/biogemm\/wp-content\/uploads\/sites\/55\/2019\/05\/lattes_mini.png\" alt=\"lattes_mini\" width=\"35\" height=\"34\" \/><\/a>\u00a0<a href=\"https:\/\/scholar.google.com.br\/citations?user=1PSJNw8AAAAJ\"><img loading=\"lazy\" decoding=\"async\" class=\"alignnone size-full wp-image-676\" src=\"https:\/\/bio.ufpr.br\/biogemm\/wp-content\/uploads\/sites\/55\/2019\/05\/google_mini.png\" alt=\"google_mini\" width=\"35\" height=\"33\" \/><\/a>\u00a0<a href=\"https:\/\/www.researchgate.net\/profile\/Rodrigo_Aluizio\"><img loading=\"lazy\" decoding=\"async\" class=\"alignnone size-full wp-image-670\" src=\"https:\/\/bio.ufpr.br\/biogemm\/wp-content\/uploads\/sites\/55\/2019\/05\/rgate_mini.png\" alt=\"rgate_mini\" width=\"33\" height=\"33\" \/><\/a>\u00a0<a href=\"https:\/\/github.com\/Godrigos\"><img loading=\"lazy\" decoding=\"async\" class=\"alignnone size-full wp-image-679\" src=\"https:\/\/bio.ufpr.br\/biogemm\/wp-content\/uploads\/sites\/55\/2019\/05\/github_mini.png\" alt=\"github_mini\" width=\"35\" height=\"34\" \/><\/a><\/td>\n<\/tr>\n<tr>\n<td width=\"643\"><\/td>\n<\/tr>\n<\/tbody>\n<\/table>\n<p>&nbsp;<\/p>\n<p style=\"text-align: center\"><strong>P\u00f3s-Doutorado<\/strong><\/p>\n<p>&nbsp;<\/p>\n<table width=\"853\">\n<tbody>\n<tr>\n<td rowspan=\"3\" width=\"210\">\u00a0<img loading=\"lazy\" decoding=\"async\" class=\"alignnone size-full wp-image-604\" src=\"http:\/\/servicosweb.cnpq.br\/wspessoa\/servletrecuperafoto?tipo=1&amp;id=K4730250D1\" alt=\"alan\" width=\"202\" height=\"236\" \/><\/td>\n<td style=\"text-align: center\" width=\"643\">\u00a0\u00a0<a name=\"alan\"><\/a>Alan de Oliveira Silva<\/td>\n<\/tr>\n<tr>\n<td style=\"text-align: center\" width=\"643\">\u00a0<a href=\"http:\/\/lattes.cnpq.br\/5365611259145085\"><img loading=\"lazy\" decoding=\"async\" class=\"alignnone size-full wp-image-673\" src=\"https:\/\/bio.ufpr.br\/biogemm\/wp-content\/uploads\/sites\/55\/2019\/05\/lattes_mini.png\" alt=\"lattes_mini\" width=\"35\" height=\"34\" \/><\/a><\/td>\n<\/tr>\n<tr>\n<td width=\"643\">\n<p style=\"text-align: center\">P\u00f3s-doutorando em Gen\u00e9tica (UFPR)<\/p>\n<\/td>\n<\/tr>\n<\/tbody>\n<\/table>\n<p>&nbsp;<\/p>\n<table width=\"853\">\n<tbody>\n<tr>\n<td rowspan=\"3\" width=\"210\">\u00a0<img loading=\"lazy\" decoding=\"async\" class=\"alignnone size-full wp-image-604\" src=\"\/\/servicosweb.cnpq.br\/wspessoa\/servletrecuperafoto?tipo=1&amp;id=K8478150U3\" alt=\"barbara\" width=\"202\" height=\"236\" \/><\/td>\n<td style=\"text-align: center\" width=\"643\">\u00a0\u00a0<a name=\"barbara\"><\/a><strong>B\u00e1rbara Fanaya Mayrhofer Carmona<\/strong><\/td>\n<\/tr>\n<tr>\n<td style=\"text-align: center\" width=\"643\">\u00a0<a href=\"http:\/\/lattes.cnpq.br\/7382647299949636\"><img loading=\"lazy\" decoding=\"async\" class=\"alignnone size-full wp-image-673\" src=\"https:\/\/bio.ufpr.br\/biogemm\/wp-content\/uploads\/sites\/55\/2019\/05\/lattes_mini.png\" alt=\"lattes_mini\" width=\"35\" height=\"34\" \/><\/a><\/td>\n<\/tr>\n<tr>\n<td width=\"643\">\n<p style=\"text-align: center\">P\u00f3s-doutoranda em Microbiologia, Parasitologia e Patologia (UFPR)<br \/> <br \/>\nSupervis\u00e3o: <a href=\"https:\/\/bio.ufpr.br\/biogemm\/o-laboratorio\/chirlei-glienke\/\">Chirlei Glienke<\/a><\/p>\n<\/td>\n<\/tr>\n<\/tbody>\n<\/table>\n<p>&nbsp;<\/p>\n<p>&nbsp;<\/p>\n<p style=\"text-align: center\"><strong>Estudantes de Doutorado<\/strong><\/p>\n<p>&nbsp;<\/p>\n<table width=\"853\">\n<tbody>\n<tr>\n<td rowspan=\"3\" width=\"210\">\u00a0<img loading=\"lazy\" decoding=\"async\" class=\"alignnone size-full wp-image-604\" src=\"http:\/\/servicosweb.cnpq.br\/wspessoa\/servletrecuperafoto?tipo=1&amp;id=K8647185Y0\" alt=\"alicia\" width=\"202\" height=\"236\" \/><\/td>\n<td style=\"text-align: center\" width=\"643\">\u00a0\u00a0<a name=\"barbara\"><\/a>Alicia Sofia Tempesta Brasil Silka<\/td>\n<\/tr>\n<tr>\n<td style=\"text-align: center\" width=\"643\">\u00a0<a href=\"http:\/\/lattes.cnpq.br\/0086414048261741\"><img loading=\"lazy\" decoding=\"async\" class=\"alignnone size-full wp-image-673\" src=\"https:\/\/bio.ufpr.br\/biogemm\/wp-content\/uploads\/sites\/55\/2019\/05\/lattes_mini.png\" alt=\"lattes_mini\" width=\"35\" height=\"34\" \/><\/a><\/td>\n<\/tr>\n<tr>\n<td width=\"643\">\n<p style=\"text-align: center\">Doutoranda em Gen\u00e9tica (UFPR)<\/p>\n<\/td>\n<\/tr>\n<\/tbody>\n<\/table>\n<p>&nbsp;<\/p>\n<table width=\"853\">\n<tbody>\n<tr>\n<td rowspan=\"3\" width=\"210\">\u00a0<img loading=\"lazy\" decoding=\"async\" class=\"alignnone size-full wp-image-604 aligncenter\" src=\"http:\/\/servicosweb.cnpq.br\/wspessoa\/servletrecuperafoto?tipo=1&amp;id=K8434058T6\" alt=\"matheus\" width=\"202\" height=\"236\" \/><\/td>\n<td style=\"text-align: center\" width=\"643\"><a name=\"matheus\"><\/a>Matheus Sampaio Ara\u00fajo<\/td>\n<\/tr>\n<tr>\n<td style=\"text-align: center\" width=\"643\">\u00a0<a href=\"http:\/\/lattes.cnpq.br\/7499217994040878\"><img loading=\"lazy\" decoding=\"async\" class=\"alignnone size-full wp-image-673\" src=\"https:\/\/bio.ufpr.br\/biogemm\/wp-content\/uploads\/sites\/55\/2019\/05\/lattes_mini.png\" alt=\"lattes_mini\" width=\"35\" height=\"34\" \/><\/a>\u00a0<a href=\"https:\/\/scholar.google.com.br\/citations?user=lLLSYEUAAAAJ\"><img loading=\"lazy\" decoding=\"async\" class=\"alignnone size-full wp-image-676\" src=\"https:\/\/bio.ufpr.br\/biogemm\/wp-content\/uploads\/sites\/55\/2019\/05\/google_mini.png\" alt=\"google_mini\" width=\"35\" height=\"33\" \/><\/a>\u00a0<a href=\"https:\/\/www.researchgate.net\/profile\/Bruno_Janoski_Rossi\"><img loading=\"lazy\" decoding=\"async\" class=\"alignnone size-full wp-image-670\" src=\"https:\/\/bio.ufpr.br\/biogemm\/wp-content\/uploads\/sites\/55\/2019\/05\/rgate_mini.png\" alt=\"rgate_mini\" width=\"33\" height=\"33\" \/><\/a><\/td>\n<\/tr>\n<tr>\n<td width=\"643\">\n<p style=\"text-align: center\">Doutorando em Microbiologia, Parasitologia e Patologia (UFPR)<\/p>\n<\/td>\n<\/tr>\n<\/tbody>\n<\/table>\n<p>&nbsp;<\/p>\n<p style=\"text-align: center\"><strong>Estudantes de Mestrado<\/strong><\/p>\n<p>&nbsp;<\/p>\n<table width=\"853\">\n<tbody>\n<tr>\n<td rowspan=\"3\" width=\"210\">\u00a0<img loading=\"lazy\" decoding=\"async\" class=\"alignnone size-full wp-image-604\" src=\"https:\/\/bio.ufpr.br\/biogemm\/wp-content\/uploads\/sites\/55\/2019\/05\/alicia.png\" alt=\"alicia\" width=\"202\" height=\"236\" \/><\/td>\n<td style=\"text-align: center\" width=\"643\">Alicia Sofia Tempesta Brasil Silka<\/td>\n<\/tr>\n<tr>\n<td style=\"text-align: center\" width=\"643\">\u00a0<a href=\"http:\/\/lattes.cnpq.br\/0086414048261741\"><img loading=\"lazy\" decoding=\"async\" class=\"alignnone size-full wp-image-673\" src=\"https:\/\/bio.ufpr.br\/biogemm\/wp-content\/uploads\/sites\/55\/2019\/05\/lattes_mini.png\" alt=\"lattes_mini\" width=\"35\" height=\"34\" \/><\/a><\/td>\n<\/tr>\n<tr>\n<td width=\"643\">\n<p style=\"text-align: center\">Mestranda em Gen\u00e9tica (UFPR)<\/p>\n<\/td>\n<\/tr>\n<\/tbody>\n<\/table>\n<p>&nbsp;<\/p>\n<table width=\"853\">\n<tbody>\n<tr>\n<td rowspan=\"3\" width=\"210\">\u00a0<img loading=\"lazy\" decoding=\"async\" class=\"alignnone size-full wp-image-604\" src=\"https:\/\/bio.ufpr.br\/biogemm\/wp-content\/uploads\/sites\/55\/2019\/05\/academic.png\" alt=\"gabriela\" width=\"202\" height=\"236\" \/><\/td>\n<td style=\"text-align: center\" width=\"643\">Gabriela Dundes Gomes<\/td>\n<\/tr>\n<tr>\n<td style=\"text-align: center\" width=\"643\">\u00a0<a href=\"http:\/\/lattes.cnpq.br\/5705010732567293\"><img loading=\"lazy\" decoding=\"async\" class=\"alignnone size-full wp-image-673\" src=\"https:\/\/bio.ufpr.br\/biogemm\/wp-content\/uploads\/sites\/55\/2019\/05\/lattes_mini.png\" alt=\"lattes_mini\" width=\"35\" height=\"34\" \/><\/a><\/td>\n<\/tr>\n<tr>\n<td width=\"643\">\n<p style=\"text-align: center\">Mestranda em Microbiologia, Parasitologia e Patologia (UFPR)<\/p>\n<\/td>\n<\/tr>\n<\/tbody>\n<\/table>\n<p>&nbsp;<\/p>\n<table width=\"853\">\n<tbody>\n<tr>\n<td rowspan=\"3\" width=\"210\">\u00a0<img loading=\"lazy\" decoding=\"async\" class=\"alignnone size-full wp-image-604\" src=\"https:\/\/bio.ufpr.br\/biogemm\/wp-content\/uploads\/sites\/55\/2019\/05\/Matheus.jpeg\" alt=\"matheus\" width=\"202\" height=\"236\" \/><\/td>\n<td style=\"text-align: center\" width=\"643\">Matheus Sampaio Ara\u00fajo<\/td>\n<\/tr>\n<tr>\n<td style=\"text-align: center\" width=\"643\">\u00a0<a href=\"http:\/\/lattes.cnpq.br\/7499217994040878\"><img loading=\"lazy\" decoding=\"async\" class=\"alignnone size-full wp-image-673\" src=\"https:\/\/bio.ufpr.br\/biogemm\/wp-content\/uploads\/sites\/55\/2019\/05\/lattes_mini.png\" alt=\"lattes_mini\" width=\"35\" height=\"34\" \/><\/a><\/td>\n<\/tr>\n<tr>\n<td width=\"643\">\n<p style=\"text-align: center\">Mestrando em Microbiologia, Parasitologia e Patologia (UFPR)<\/p>\n<\/td>\n<\/tr>\n<\/tbody>\n<\/table>\n<p>&nbsp;<\/p>\n<p style=\"text-align: center\"><strong>Inicia\u00e7\u00e3o Cient\u00edfica<\/strong><\/p>\n<p>&nbsp;<\/p>\n<p>&nbsp;<\/p>\n<table width=\"853\">\n<tbody>\n<tr>\n<td rowspan=\"3\" width=\"210\">\u00a0<img loading=\"lazy\" decoding=\"async\" class=\"alignnone size-full wp-image-604\" src=\"https:\/\/bio.ufpr.br\/biogemm\/wp-content\/uploads\/sites\/55\/2019\/05\/academic.png\" alt=\"leticia\" width=\"202\" height=\"236\" \/><\/td>\n<td style=\"text-align: center\" width=\"643\">Allan Morato da Silva<\/td>\n<\/tr>\n<tr>\n<td style=\"text-align: center\" width=\"643\">\u00a0<a href=\"http:\/\/lattes.cnpq.br\/6961217843227172\"><img loading=\"lazy\" decoding=\"async\" class=\"alignnone size-full wp-image-673\" src=\"https:\/\/bio.ufpr.br\/biogemm\/wp-content\/uploads\/sites\/55\/2019\/05\/lattes_mini.png\" alt=\"lattes_mini\" width=\"35\" height=\"34\" \/><\/a><\/td>\n<\/tr>\n<tr>\n<td width=\"643\">\n<p style=\"text-align: center\">Discente do curso de Engenharia de Bioprocessos e Biotecnologia (UFPR)<\/p>\n<\/td>\n<\/tr>\n<\/tbody>\n<\/table>\n<p>&nbsp;<\/p>\n<table width=\"853\">\n<tbody>\n<tr>\n<td rowspan=\"3\" width=\"210\">\u00a0<img loading=\"lazy\" decoding=\"async\" class=\"alignnone size-full wp-image-604\" src=\"https:\/\/bio.ufpr.br\/biogemm\/wp-content\/uploads\/sites\/55\/2019\/05\/amanda.jpeg\" alt=\"amanda\" width=\"202\" height=\"236\" \/><\/td>\n<td style=\"text-align: center\" width=\"643\">Amanda In\u00e7a<\/td>\n<\/tr>\n<tr>\n<td style=\"text-align: center\" width=\"643\">\u00a0<a href=\"http:\/\/lattes.cnpq.br\/3840623131927674\"><img loading=\"lazy\" decoding=\"async\" class=\"alignnone size-full wp-image-673\" src=\"https:\/\/bio.ufpr.br\/biogemm\/wp-content\/uploads\/sites\/55\/2019\/05\/lattes_mini.png\" alt=\"lattes_mini\" width=\"35\" height=\"34\" \/><\/a><\/td>\n<\/tr>\n<tr>\n<td width=\"643\">\n<p style=\"text-align: center\">Discente do curso de Farm\u00e1cia (UFPR)<\/p>\n<\/td>\n<\/tr>\n<\/tbody>\n<\/table>\n<p>&nbsp;<\/p>\n<table width=\"853\">\n<tbody>\n<tr>\n<td rowspan=\"3\" width=\"210\">\u00a0<img loading=\"lazy\" decoding=\"async\" class=\"alignnone size-full wp-image-604\" src=\"https:\/\/bio.ufpr.br\/biogemm\/wp-content\/uploads\/sites\/55\/2019\/05\/academic.png\" alt=\"leticia\" width=\"202\" height=\"236\" \/><\/td>\n<td style=\"text-align: center\" width=\"643\">Bruno Yamasaki Naka<\/td>\n<\/tr>\n<tr>\n<td style=\"text-align: center\" width=\"643\">\u00a0<a href=\"http:\/\/lattes.cnpq.br\/9885838886852880\"><img loading=\"lazy\" decoding=\"async\" class=\"alignnone size-full wp-image-673\" src=\"https:\/\/bio.ufpr.br\/biogemm\/wp-content\/uploads\/sites\/55\/2019\/05\/lattes_mini.png\" alt=\"lattes_mini\" width=\"35\" height=\"34\" \/><\/a><\/td>\n<\/tr>\n<tr>\n<td width=\"643\">\n<p style=\"text-align: center\">Discente do curso de Inform\u00e1tica Biom\u00e9dica (UFPR)<\/p>\n<\/td>\n<\/tr>\n<\/tbody>\n<\/table>\n<p>&nbsp;<\/p>\n<table width=\"853\">\n<tbody>\n<tr>\n<td rowspan=\"3\" width=\"210\">\u00a0<img loading=\"lazy\" decoding=\"async\" class=\"alignnone size-full wp-image-604\" src=\"https:\/\/bio.ufpr.br\/biogemm\/wp-content\/uploads\/sites\/55\/2019\/05\/academic.png\" alt=\"isabela\" width=\"202\" height=\"236\" \/><\/td>\n<td style=\"text-align: center\" width=\"643\">F\u00e1bio Amilton Leonardi<\/td>\n<\/tr>\n<tr>\n<td style=\"text-align: center\" width=\"643\">\u00a0<a href=\"http:\/\/lattes.cnpq.br\/3592543691447268\"><img loading=\"lazy\" decoding=\"async\" class=\"alignnone size-full wp-image-673\" src=\"https:\/\/bio.ufpr.br\/biogemm\/wp-content\/uploads\/sites\/55\/2019\/05\/lattes_mini.png\" alt=\"lattes_mini\" width=\"35\" height=\"34\" \/><\/a><\/td>\n<\/tr>\n<tr>\n<td width=\"643\">\n<p style=\"text-align: center\">Discente do curso de Engenharia de Bioprocessos e Biotecnologia (UFPR)<\/p>\n<\/td>\n<\/tr>\n<\/tbody>\n<\/table>\n<p>&nbsp;<\/p>\n<table width=\"853\">\n<tbody>\n<tr>\n<td rowspan=\"3\" width=\"210\">\u00a0<img loading=\"lazy\" decoding=\"async\" class=\"alignnone size-full wp-image-604\" src=\"https:\/\/bio.ufpr.br\/biogemm\/wp-content\/uploads\/sites\/55\/2019\/05\/felipe.jpeg\" alt=\"felipe\" width=\"202\" height=\"236\" \/><\/td>\n<td style=\"text-align: center\" width=\"643\">Felipe Oliveira Borba<\/td>\n<\/tr>\n<tr>\n<td style=\"text-align: center\" width=\"643\">\u00a0<a href=\"http:\/\/lattes.cnpq.br\/1377181079564870\"><img loading=\"lazy\" decoding=\"async\" class=\"alignnone size-full wp-image-673\" src=\"https:\/\/bio.ufpr.br\/biogemm\/wp-content\/uploads\/sites\/55\/2019\/05\/lattes_mini.png\" alt=\"lattes_mini\" width=\"35\" height=\"34\" \/><\/a><\/td>\n<\/tr>\n<tr>\n<td width=\"643\">\n<p style=\"text-align: center\">Discente do curso de Engenharia de Bioprocessos e Biotecnologia (UFPR)<\/p>\n<\/td>\n<\/tr>\n<\/tbody>\n<\/table>\n<p>&nbsp;<\/p>\n<table width=\"853\">\n<tbody>\n<tr>\n<td rowspan=\"3\" width=\"210\">\u00a0<img loading=\"lazy\" decoding=\"async\" class=\"alignnone size-full wp-image-604\" src=\"https:\/\/bio.ufpr.br\/biogemm\/wp-content\/uploads\/sites\/55\/2019\/05\/academic.png\" alt=\"isabela\" width=\"202\" height=\"236\" \/><\/td>\n<td style=\"text-align: center\" width=\"643\">Francesco Mathias Gallon<\/td>\n<\/tr>\n<tr>\n<td style=\"text-align: center\" width=\"643\">\u00a0<a href=\"http:\/\/lattes.cnpq.br\/8839740128936200\"><img loading=\"lazy\" decoding=\"async\" class=\"alignnone size-full wp-image-673\" src=\"https:\/\/bio.ufpr.br\/biogemm\/wp-content\/uploads\/sites\/55\/2019\/05\/lattes_mini.png\" alt=\"lattes_mini\" width=\"35\" height=\"34\" \/><\/a><\/td>\n<\/tr>\n<tr>\n<td width=\"643\">\n<p style=\"text-align: center\">Discente do curso de Engenharia de Bioprocessos e Biotecnologia (UFPR)<\/p>\n<\/td>\n<\/tr>\n<\/tbody>\n<\/table>\n<p>&nbsp;<\/p>\n<table width=\"853\">\n<tbody>\n<tr>\n<td rowspan=\"3\" width=\"210\">\u00a0<img loading=\"lazy\" decoding=\"async\" class=\"alignnone size-full wp-image-604\" src=\"https:\/\/bio.ufpr.br\/biogemm\/wp-content\/uploads\/sites\/55\/2019\/05\/academic.png\" alt=\"leticia\" width=\"202\" height=\"236\" \/><\/td>\n<td style=\"text-align: center\" width=\"643\">Luma Fernandes Bravo<\/td>\n<\/tr>\n<tr>\n<td style=\"text-align: center\" width=\"643\">\u00a0<a href=\"http:\/\/lattes.cnpq.br\/1784483317832175\"><img loading=\"lazy\" decoding=\"async\" class=\"alignnone size-full wp-image-673\" src=\"https:\/\/bio.ufpr.br\/biogemm\/wp-content\/uploads\/sites\/55\/2019\/05\/lattes_mini.png\" alt=\"lattes_mini\" width=\"35\" height=\"34\" \/><\/a><\/td>\n<\/tr>\n<tr>\n<td width=\"643\">\n<p style=\"text-align: center\">Discente do curso de Engenharia de Bioprocessos e Biotecnologia (UFPR)<\/p>\n<\/td>\n<\/tr>\n<\/tbody>\n<\/table>\n","protected":false},"excerpt":{"rendered":"<p>T\u00e9cnico &nbsp; \u00a0 \u00a0\u00a0Rodrigo Aluizio \u00a0\u00a0\u00a0\u00a0 &nbsp; P\u00f3s-Doutorado &nbsp; \u00a0 \u00a0\u00a0Alan de Oliveira Silva \u00a0 P\u00f3s-doutorando em Gen\u00e9tica (UFPR) &nbsp; \u00a0 \u00a0\u00a0B\u00e1rbara Fanaya Mayrhofer Carmona \u00a0 P\u00f3s-doutoranda em Microbiologia, Parasitologia e Patologia (UFPR) Supervis\u00e3o: Chirlei Glienke &nbsp; &nbsp; Estudantes de Doutorado &nbsp; \u00a0 \u00a0\u00a0Alicia Sofia Tempesta Brasil Silka \u00a0 Doutoranda em Gen\u00e9tica (UFPR) &nbsp; \u00a0 [&hellip;]<\/p>\n","protected":false},"author":2023,"featured_media":0,"parent":541,"menu_order":0,"comment_status":"closed","ping_status":"closed","template":"","meta":{"_acf_changed":false,"_monsterinsights_skip_tracking":false,"_monsterinsights_sitenote_active":false,"_monsterinsights_sitenote_note":"","_monsterinsights_sitenote_category":0,"footnotes":""},"class_list":["post-574","page","type-page","status-publish","hentry"],"acf":[],"_links":{"self":[{"href":"https:\/\/bio.ufpr.br\/biogemm\/wp-json\/wp\/v2\/pages\/574","targetHints":{"allow":["GET"]}}],"collection":[{"href":"https:\/\/bio.ufpr.br\/biogemm\/wp-json\/wp\/v2\/pages"}],"about":[{"href":"https:\/\/bio.ufpr.br\/biogemm\/wp-json\/wp\/v2\/types\/page"}],"author":[{"embeddable":true,"href":"https:\/\/bio.ufpr.br\/biogemm\/wp-json\/wp\/v2\/users\/2023"}],"replies":[{"embeddable":true,"href":"https:\/\/bio.ufpr.br\/biogemm\/wp-json\/wp\/v2\/comments?post=574"}],"version-history":[{"count":32,"href":"https:\/\/bio.ufpr.br\/biogemm\/wp-json\/wp\/v2\/pages\/574\/revisions"}],"predecessor-version":[{"id":1609,"href":"https:\/\/bio.ufpr.br\/biogemm\/wp-json\/wp\/v2\/pages\/574\/revisions\/1609"}],"up":[{"embeddable":true,"href":"https:\/\/bio.ufpr.br\/biogemm\/wp-json\/wp\/v2\/pages\/541"}],"wp:attachment":[{"href":"https:\/\/bio.ufpr.br\/biogemm\/wp-json\/wp\/v2\/media?parent=574"}],"curies":[{"name":"wp","href":"https:\/\/api.w.org\/{rel}","templated":true}]}}