{"id":619,"date":"2019-05-19T23:01:49","date_gmt":"2019-05-20T02:01:49","guid":{"rendered":"https:\/\/bio.ufpr.br\/biogemm\/?page_id=619"},"modified":"2020-08-19T14:22:53","modified_gmt":"2020-08-19T17:22:53","slug":"localizacao","status":"publish","type":"page","link":"https:\/\/bio.ufpr.br\/biogemm\/o-laboratorio\/localizacao\/","title":{"rendered":"Localiza\u00e7\u00e3o"},"content":{"rendered":"<p>O Laborat\u00f3rio de Bioprospec\u00e7\u00e3o e Gen\u00e9tica Molecular de Microrganismos est\u00e1 localizado no andar t\u00e9rreo do Departamento de Gen\u00e9tica, sala 16.<\/p>\n<p><em>Rua Coronel Francisco Her\u00e1clito dos Santos, Sem N\u00famero<br \/>\nUniversidade Federal do Paran\u00e1, Setor de Ci\u00eancias Biol\u00f3gicas, Departamento de Gen\u00e9tica<br \/>\nCentro Polit\u00e9cnico<br \/>\nJardim das Am\u00e9ricas<br \/>\nCEP 81531-990 \u2013 Curitiba, PR \u2013 Brasil \u2013 Caixa-Postal: 19071<br \/>\nTelefone: (41) 3361-1513<\/em><\/p>\n","protected":false},"excerpt":{"rendered":"<p>O Laborat\u00f3rio de Bioprospec\u00e7\u00e3o e Gen\u00e9tica Molecular de Microrganismos est\u00e1 localizado no andar t\u00e9rreo do Departamento de Gen\u00e9tica, sala 16. Rua Coronel Francisco Her\u00e1clito dos Santos, Sem N\u00famero Universidade Federal do Paran\u00e1, Setor de Ci\u00eancias Biol\u00f3gicas, Departamento de Gen\u00e9tica Centro Polit\u00e9cnico Jardim das Am\u00e9ricas CEP 81531-990 \u2013 Curitiba, PR \u2013 Brasil \u2013 Caixa-Postal: 19071 Telefone: [&hellip;]<\/p>\n","protected":false},"author":2023,"featured_media":0,"parent":541,"menu_order":0,"comment_status":"closed","ping_status":"closed","template":"","meta":{"_acf_changed":false,"_monsterinsights_skip_tracking":false,"_monsterinsights_sitenote_active":false,"_monsterinsights_sitenote_note":"","_monsterinsights_sitenote_category":0,"footnotes":""},"class_list":["post-619","page","type-page","status-publish","hentry"],"acf":[],"_links":{"self":[{"href":"https:\/\/bio.ufpr.br\/biogemm\/wp-json\/wp\/v2\/pages\/619","targetHints":{"allow":["GET"]}}],"collection":[{"href":"https:\/\/bio.ufpr.br\/biogemm\/wp-json\/wp\/v2\/pages"}],"about":[{"href":"https:\/\/bio.ufpr.br\/biogemm\/wp-json\/wp\/v2\/types\/page"}],"author":[{"embeddable":true,"href":"https:\/\/bio.ufpr.br\/biogemm\/wp-json\/wp\/v2\/users\/2023"}],"replies":[{"embeddable":true,"href":"https:\/\/bio.ufpr.br\/biogemm\/wp-json\/wp\/v2\/comments?post=619"}],"version-history":[{"count":12,"href":"https:\/\/bio.ufpr.br\/biogemm\/wp-json\/wp\/v2\/pages\/619\/revisions"}],"predecessor-version":[{"id":1352,"href":"https:\/\/bio.ufpr.br\/biogemm\/wp-json\/wp\/v2\/pages\/619\/revisions\/1352"}],"up":[{"embeddable":true,"href":"https:\/\/bio.ufpr.br\/biogemm\/wp-json\/wp\/v2\/pages\/541"}],"wp:attachment":[{"href":"https:\/\/bio.ufpr.br\/biogemm\/wp-json\/wp\/v2\/media?parent=619"}],"curies":[{"name":"wp","href":"https:\/\/api.w.org\/{rel}","templated":true}]}}