{"id":335,"date":"2020-08-21T12:53:30","date_gmt":"2020-08-21T15:53:30","guid":{"rendered":"https:\/\/bio.ufpr.br\/biologiacelular\/?page_id=335"},"modified":"2025-10-21T15:40:01","modified_gmt":"2025-10-21T18:40:01","slug":"disciplinas","status":"publish","type":"page","link":"https:\/\/bio.ufpr.br\/biologiacelular\/disciplinas\/","title":{"rendered":"Disciplinas"},"content":{"rendered":"<table width=\"938\">\n<tbody>\n<tr>\n<td width=\"62\"><strong>C\u00f3digo<\/strong><\/td>\n<td width=\"642\"><strong>Nome da disciplina<\/strong><\/td>\n<td width=\"99\">Ch laborat\u00f3rio<\/td>\n<td width=\"74\">Ch padr\u00e3o<\/td>\n<td width=\"61\">Ch Total<\/td>\n<\/tr>\n<tr>\n<td>BC001<\/td>\n<td>HISTOLOGIA E EMBRIOLOGIA MEDICA<\/td>\n<td>60<\/td>\n<td>45<\/td>\n<td>105<\/td>\n<\/tr>\n<tr>\n<td>BC002<\/td>\n<td>HISTOLOGIA E EMBRIOLOGIA ODONTOLOGICA<\/td>\n<td>60<\/td>\n<td>30<\/td>\n<td>90<\/td>\n<\/tr>\n<tr>\n<td>BC003<\/td>\n<td>CITOLOGIA<\/td>\n<td>60<\/td>\n<td>45<\/td>\n<td>105<\/td>\n<\/tr>\n<tr>\n<td>BC004<\/td>\n<td>HISTOLOGIA E EMBRIOLOGIA GERAL<\/td>\n<td>60<\/td>\n<td>45<\/td>\n<td>105<\/td>\n<\/tr>\n<tr>\n<td>BC005<\/td>\n<td>CITOLOGIA I<\/td>\n<td>30<\/td>\n<td>60<\/td>\n<td>90<\/td>\n<\/tr>\n<tr>\n<td>BC006<\/td>\n<td>CITOLOGIA II<\/td>\n<td>30<\/td>\n<td>45<\/td>\n<td>75<\/td>\n<\/tr>\n<tr>\n<td>BC007<\/td>\n<td>HISTOLOGIA E EMBRIOLOGIA GERAL<\/td>\n<td>30<\/td>\n<td>45<\/td>\n<td>75<\/td>\n<\/tr>\n<tr>\n<td>BC008<\/td>\n<td>EMBRIOLOGIA GERAL E COMPARADA<\/td>\n<td>30<\/td>\n<td>30<\/td>\n<td>60<\/td>\n<\/tr>\n<tr>\n<td>BC010<\/td>\n<td>ANATOMIA MICROSCOPIA<\/td>\n<td>60<\/td>\n<td>30<\/td>\n<td>90<\/td>\n<\/tr>\n<tr>\n<td>BC011<\/td>\n<td>EMBRIOLOGIA HUMANA<\/td>\n<td>0<\/td>\n<td>30<\/td>\n<td>30<\/td>\n<\/tr>\n<tr>\n<td>BC012<\/td>\n<td>TECNICAS HISTOLOGICAS<\/td>\n<td>30<\/td>\n<td>30<\/td>\n<td>60<\/td>\n<\/tr>\n<tr>\n<td>BC013<\/td>\n<td>ESTAGIO EM BIOLOGIA CELULAR<\/td>\n<td>0<\/td>\n<td>30<\/td>\n<td>300<\/td>\n<\/tr>\n<tr>\n<td>BC014<\/td>\n<td>ESTAGIO I &#8211; BIOLOGIA CELULAR<\/td>\n<td>0<\/td>\n<td>15<\/td>\n<td>150<\/td>\n<\/tr>\n<tr>\n<td>BC015<\/td>\n<td>ESTAGIO II &#8211; BIOLOGIA CELULAR<\/td>\n<td>0<\/td>\n<td>15<\/td>\n<td>150<\/td>\n<\/tr>\n<tr>\n<td>BC016<\/td>\n<td>BIOLOGIA CELULAR<\/td>\n<td>60<\/td>\n<td>30<\/td>\n<td>90<\/td>\n<\/tr>\n<tr>\n<td>BC017<\/td>\n<td>HISTOLOGIA EMBRIOLOGIA I<\/td>\n<td>60<\/td>\n<td>30<\/td>\n<td>90<\/td>\n<\/tr>\n<tr>\n<td>BC018<\/td>\n<td>HISTOLOGIA EMBRIOLOGIA II<\/td>\n<td>60<\/td>\n<td>30<\/td>\n<td>90<\/td>\n<\/tr>\n<tr>\n<td>BC019<\/td>\n<td>BIOLOGIA CELULAR II<\/td>\n<td>60<\/td>\n<td>60<\/td>\n<td>120<\/td>\n<\/tr>\n<tr>\n<td>BC020<\/td>\n<td>HISTOLOGIA GERAL II<\/td>\n<td>60<\/td>\n<td>30<\/td>\n<td>90<\/td>\n<\/tr>\n<tr>\n<td>BC021<\/td>\n<td>CITOLOGIA III<\/td>\n<td>30<\/td>\n<td>30<\/td>\n<td>60<\/td>\n<\/tr>\n<tr>\n<td>BC022<\/td>\n<td>HISTOLOGIA E EMBRIOLOGIA GERAL III<\/td>\n<td>30<\/td>\n<td>30<\/td>\n<td>60<\/td>\n<\/tr>\n<tr>\n<td>BC023<\/td>\n<td>BIOLOGIA CELULAR APLICADA \u00c1 ENFERMAGEM<\/td>\n<td>30<\/td>\n<td>45<\/td>\n<td>75<\/td>\n<\/tr>\n<tr>\n<td>BC024<\/td>\n<td>HISTOLOGIA E EMBRIOLOGIA GERAL PARA ENFERMAGEM<\/td>\n<td>30<\/td>\n<td>30<\/td>\n<td>60<\/td>\n<\/tr>\n<tr>\n<td>BC025<\/td>\n<td>BIOLOGIA CELULAR E TECIDUAL VETERIN\u00c1RIA I<\/td>\n<td>72<\/td>\n<td>18<\/td>\n<td>90<\/td>\n<\/tr>\n<tr>\n<td>BC026<\/td>\n<td>CULTURA CELULAR BASICA<\/td>\n<td>30<\/td>\n<td>30<\/td>\n<td>60<\/td>\n<\/tr>\n<tr>\n<td>BC027<\/td>\n<td>BIOLOGIA CELULAR III<\/td>\n<td>30<\/td>\n<td>15<\/td>\n<td>45<\/td>\n<\/tr>\n<tr>\n<td>BC029<\/td>\n<td>BIOLOGIA DO DESENVOLVIMENTO<\/td>\n<td>30<\/td>\n<td>15<\/td>\n<td>45<\/td>\n<\/tr>\n<tr>\n<td>BC033<\/td>\n<td>BIOLOGIA CELULAR E TECIDUAL<\/td>\n<td>30<\/td>\n<td>60<\/td>\n<td>90<\/td>\n<\/tr>\n<tr>\n<td>BC034<\/td>\n<td>BIOLOGIA CELULAR FUNDAMENTAL DOS SERES VIVOS<\/td>\n<td>30<\/td>\n<td>30<\/td>\n<td>60<\/td>\n<\/tr>\n<tr>\n<td>BC035<\/td>\n<td>BIOLOGIA CELULAR E TECIDUAL DO ORGANISMO HUMANO<\/td>\n<td>30<\/td>\n<td>30<\/td>\n<td>60<\/td>\n<\/tr>\n<tr>\n<td>BC036<\/td>\n<td>BIOLOGIA CELULAR, TECIDUAL E EMBRIOLOGIA BUCAL I<\/td>\n<td>60<\/td>\n<td>60<\/td>\n<td>120<\/td>\n<\/tr>\n<tr>\n<td>BC037<\/td>\n<td>BIOLOGIA CELULAR, TECIDUAL E EMBRIOLOGIA BUCAL II<\/td>\n<td>60<\/td>\n<td>30<\/td>\n<td>90<\/td>\n<\/tr>\n<tr>\n<td>BC038<\/td>\n<td>HISTOLOGIA E EMBRIOLOGIA I<\/td>\n<td>40<\/td>\n<td>40<\/td>\n<td>80<\/td>\n<\/tr>\n<tr>\n<td>BC039<\/td>\n<td>HISTOLOGIA E EMBRIOLOGIA II<\/td>\n<td>60<\/td>\n<td>40<\/td>\n<td>100<\/td>\n<\/tr>\n<tr>\n<td>BC040<\/td>\n<td>HISTOLOGIA II<\/td>\n<td>40<\/td>\n<td>30<\/td>\n<td>70<\/td>\n<\/tr>\n<tr>\n<td>BC041<\/td>\n<td>EMBRIOLOGIA M\u00c9DICA<\/td>\n<td>0<\/td>\n<td>30<\/td>\n<td>30<\/td>\n<\/tr>\n<tr>\n<td>BC042<\/td>\n<td>BIOLOGIA DO DESENVOLVIMENTO<\/td>\n<td>30<\/td>\n<td>30<\/td>\n<td>60<\/td>\n<\/tr>\n<tr>\n<td>BC043<\/td>\n<td>BIOLOGIA CELULAR AVAN\u00c7ADA<\/td>\n<td>30<\/td>\n<td>60<\/td>\n<td>90<\/td>\n<\/tr>\n<tr>\n<td>BC044<\/td>\n<td>ECOMORFOLOGIA DOS SISTEMAS SENSORIAIS E O COMPORTAMENTO DE VERTEBRADOS<\/td>\n<td>0<\/td>\n<td>30<\/td>\n<td>30<\/td>\n<\/tr>\n<tr>\n<td>BC045<\/td>\n<td>SEMIN\u00c1RIO INTEGRADO I &#8211; ENFERMAGEM &#8211; BIOLOGIA CELULAR<\/td>\n<td>0<\/td>\n<td>15<\/td>\n<td>15<\/td>\n<\/tr>\n<tr>\n<td>BC046<\/td>\n<td>SEMIN\u00c1RIO INTEGRADO II &#8211; ENFERMAGEM &#8211; BIOLOGIA CELULAR<\/td>\n<td>0<\/td>\n<td>15<\/td>\n<td>15<\/td>\n<\/tr>\n<tr>\n<td>BC048<\/td>\n<td>BIOMARCADORES DE CONTAMINA\u00c7\u00c3O AMBIENTAL<\/td>\n<td>0<\/td>\n<td>45<\/td>\n<td>45<\/td>\n<\/tr>\n<tr>\n<td>BC049<\/td>\n<td>TOXICOLOGIA CELULAR<\/td>\n<td>0<\/td>\n<td>45<\/td>\n<td>45<\/td>\n<\/tr>\n<tr>\n<td>BC050<\/td>\n<td>FUNDAMENTOS DE BIOLOGIA ESTRUTURAL I<\/td>\n<td>30<\/td>\n<td>45<\/td>\n<td><\/td>\n<\/tr>\n<tr>\n<td>BC051<\/td>\n<td>FUNDAMENTOS DE BIOLOGIA ESTRUTURAL II<\/td>\n<td>30<\/td>\n<td>45<\/td>\n<td><\/td>\n<\/tr>\n<tr>\n<td>BC052<\/td>\n<td>METODOLOGIA E PENSAMENTO EM CI\u00caNCIA II<\/td>\n<td>0<\/td>\n<td>45<\/td>\n<td><\/td>\n<\/tr>\n<tr>\n<td>BC053<\/td>\n<td>DESENVOLVIMENTO DE PEIXES<\/td>\n<td>30<\/td>\n<td>30<\/td>\n<td><\/td>\n<\/tr>\n<tr>\n<td>BC054<\/td>\n<td>BIOLOGIA E ARQUITETURA TECIDUAL<\/td>\n<td>30<\/td>\n<td>30<\/td>\n<td><\/td>\n<\/tr>\n<tr>\n<td>BC055<\/td>\n<td>EMBRIOLOGIA<\/td>\n<td>0<\/td>\n<td>40<\/td>\n<td><\/td>\n<\/tr>\n<tr>\n<td>BC055<\/td>\n<td>EMBRIOLOGIA<\/td>\n<td>0<\/td>\n<td>40<\/td>\n<td><\/td>\n<\/tr>\n<tr>\n<td>BC056<\/td>\n<td>FUNDAMENTOS DE BIOLOGIA CELULAR E TECIDUAL<\/td>\n<td>30<\/td>\n<td>30<\/td>\n<td>60<\/td>\n<\/tr>\n<tr>\n<td>BC057<\/td>\n<td>MECANISMOS DE RESPOSTA CELULAR AO ESTRESSE QU\u00cdMICO<\/td>\n<td>0<\/td>\n<td>45<\/td>\n<td>45<\/td>\n<\/tr>\n<tr>\n<td>BC058<\/td>\n<td>METODOLOGIAS E TECNOLOGIAS NO ENSINO DE BIOLOGIA CELULAR E ESTRUTURAL PARA LICENCIATURA<\/td>\n<td>30<\/td>\n<td>30<\/td>\n<td>60<\/td>\n<\/tr>\n<tr>\n<td>BC059<\/td>\n<td>EMBRIOLOGIA HUMANA<\/td>\n<td>30<\/td>\n<td>30<\/td>\n<td>60<\/td>\n<\/tr>\n<tr>\n<td>BC061<\/td>\n<td>PROCESSOS CELULARES<\/td>\n<td>0<\/td>\n<td>60<\/td>\n<td>60<\/td>\n<\/tr>\n<tr>\n<td>BC062<\/td>\n<td>BIOLOGIA CELULAR E TECIDUAL APLICADA A FISIOTERAPIA I<\/td>\n<td>40<\/td>\n<td>40<\/td>\n<td>80<\/td>\n<\/tr>\n<tr>\n<td>BC063<\/td>\n<td>BIOLOGIA CELULAR E TECIDUAL APLICADA A FISIOTERAPIA II<\/td>\n<td>40<\/td>\n<td>40<\/td>\n<td>80<\/td>\n<\/tr>\n<tr>\n<td>BC064<\/td>\n<td>EMBRIOLOGIA\u00a0 HUMANA<\/td>\n<td>30<\/td>\n<td>30<\/td>\n<td>60<\/td>\n<\/tr>\n<tr>\n<td>BC065<\/td>\n<td>BIOLOGIA CELULAR E TECIDUAL VETERIN\u00c1RIA II<\/td>\n<td>72<\/td>\n<td>0<\/td>\n<td>72<\/td>\n<\/tr>\n<tr>\n<td>BC066<\/td>\n<td>EMBRIOLOGIA VETERIN\u00c1RIA<\/td>\n<td>36<\/td>\n<td>0<\/td>\n<td>36<\/td>\n<\/tr>\n<tr>\n<td>BC067<\/td>\n<td>FUNDAMENTOS DA BIOLOGIA ESTRUTURAL VETERIN\u00c1RIA<\/td>\n<td>36<\/td>\n<td>0<\/td>\n<td>36<\/td>\n<\/tr>\n<tr>\n<td>BC068<\/td>\n<td>BIOLOGIA CELULAR E TECIDUAL<\/td>\n<td>0<\/td>\n<td>60<\/td>\n<td>60<\/td>\n<\/tr>\n<tr>\n<td>BC069<\/td>\n<td>EMBRIOLOGIA<\/td>\n<td>0<\/td>\n<td>40<\/td>\n<td>40<\/td>\n<\/tr>\n<tr>\n<td>BC069<\/td>\n<td>EMBRIOLOGIA<\/td>\n<td>0<\/td>\n<td>40<\/td>\n<td>40<\/td>\n<\/tr>\n<tr>\n<td>BC070<\/td>\n<td>BIOLOGIA CELULAR<\/td>\n<td>60<\/td>\n<td>30<\/td>\n<td>90<\/td>\n<\/tr>\n<tr>\n<td>BC071<\/td>\n<td>HISTOLOGIA I<\/td>\n<td>60<\/td>\n<td>20<\/td>\n<td>80<\/td>\n<\/tr>\n<tr>\n<td>BC072<\/td>\n<td>HISTOLOGIA II<\/td>\n<td>40<\/td>\n<td>30<\/td>\n<td>70<\/td>\n<\/tr>\n<tr>\n<td>BC073<\/td>\n<td>BIOLOGIA CELULAR<\/td>\n<td>30<\/td>\n<td>30<\/td>\n<td>60<\/td>\n<\/tr>\n<tr>\n<td>BC074<\/td>\n<td>HISTOLOGIA FUNCIONAL DO APARELHO DIGEST\u00d3RIO<\/td>\n<td>30<\/td>\n<td>15<\/td>\n<td>45<\/td>\n<\/tr>\n<tr>\n<td>BC075<\/td>\n<td>EMBRIOLOGIA E HISTOLOGIA<\/td>\n<td>30<\/td>\n<td>30<\/td>\n<td>60<\/td>\n<\/tr>\n<tr>\n<td>BC076<\/td>\n<td>BIOLOGIA CELULAR E TECIDUAL APLICADA \u00c0 FISIOTERAPIA I<\/td>\n<td>30<\/td>\n<td>60<\/td>\n<td>90<\/td>\n<\/tr>\n<tr>\n<td>BC077<\/td>\n<td>BIOLOGIA CELULAR E TECIDUAL APLICADA \u00c0 FISIOTERAPIA II<\/td>\n<td>30<\/td>\n<td>45<\/td>\n<td>75<\/td>\n<\/tr>\n<tr>\n<td>BC078<\/td>\n<td>EMBRIOLOGIA HUMANA<\/td>\n<td>30<\/td>\n<td>30<\/td>\n<td>60<\/td>\n<\/tr>\n<tr>\n<td>BC079<\/td>\n<td>BIOLOGIA CELULAR E TECIDUAL<\/td>\n<td>30<\/td>\n<td>30<\/td>\n<td>60<\/td>\n<\/tr>\n<tr>\n<td>BC080<\/td>\n<td>BIOLOGIA CELULAR E TECIDUAL APLICADA<\/td>\n<td>30<\/td>\n<td>30<\/td>\n<td>60<\/td>\n<\/tr>\n<tr>\n<td>BC081<\/td>\n<td>PENSAMENTO EM CI\u00caNCIA<\/td>\n<td>0<\/td>\n<td>45<\/td>\n<td>45<\/td>\n<\/tr>\n<tr>\n<td>BC082<\/td>\n<td>BIOMARCADORES DE CONTAMINA\u00c7\u00c3O AMBIENTAL<\/td>\n<td>0<\/td>\n<td>45<\/td>\n<td>45<\/td>\n<\/tr>\n<tr>\n<td>BC083<\/td>\n<td>BIOLOGIA CELULAR AVAN\u00c7ADA<\/td>\n<td>0<\/td>\n<td>60<\/td>\n<td>60<\/td>\n<\/tr>\n<tr>\n<td>BC084<\/td>\n<td>INTRODU\u00c7\u00c3O \u00c0 REPRODU\u00c7\u00c3O HUMANA<\/td>\n<td>15<\/td>\n<td>30<\/td>\n<td>45<\/td>\n<\/tr>\n<tr>\n<td>BC085<\/td>\n<td>CITOLOGIA HUMANA<\/td>\n<td>30<\/td>\n<td>15<\/td>\n<td>45<\/td>\n<\/tr>\n<tr>\n<td>BC086<\/td>\n<td>HISTOLOGIA HUMANA<\/td>\n<td>30<\/td>\n<td>15<\/td>\n<td>45<\/td>\n<\/tr>\n<tr>\n<td>BC087<\/td>\n<td>TOXICOLOGIA CELULAR<\/td>\n<td>0<\/td>\n<td>45<\/td>\n<td>45<\/td>\n<\/tr>\n<tr>\n<td>BC088<\/td>\n<td>EMBRIOLOGIA HUMANA<\/td>\n<td>0<\/td>\n<td>30<\/td>\n<td>30<\/td>\n<\/tr>\n<tr>\n<td>BC089<\/td>\n<td>BIOLOGIA CELULAR<\/td>\n<td>30<\/td>\n<td>30<\/td>\n<td>60<\/td>\n<\/tr>\n<tr>\n<td>BC090<\/td>\n<td>BIOLOGIA CELULAR<\/td>\n<td>15<\/td>\n<td>45<\/td>\n<td>60<\/td>\n<\/tr>\n<tr>\n<td>BC091<\/td>\n<td>HISTOLOGIA E EMBRIOLOGIA GERAL<\/td>\n<td>30<\/td>\n<td>30<\/td>\n<td>60<\/td>\n<\/tr>\n<tr>\n<td>BC092<\/td>\n<td>BIOLOGIA CELULAR E TECIDUAL<\/td>\n<td>15<\/td>\n<td>30<\/td>\n<td>45<\/td>\n<\/tr>\n<tr>\n<td>BC093<\/td>\n<td>HISTOLOGIA E EMBRIOLOGIA BUCAL<\/td>\n<td>30<\/td>\n<td>30<\/td>\n<td>60<\/td>\n<\/tr>\n<tr>\n<td>BC098<\/td>\n<td>HISTOLOGIA<\/td>\n<td>30<\/td>\n<td>15<\/td>\n<td>45<\/td>\n<\/tr>\n<tr>\n<td>BC099<\/td>\n<td>EMBRIOLOGIA COMPARADA<\/td>\n<td>30<\/td>\n<td>30<\/td>\n<td>60<\/td>\n<\/tr>\n<tr>\n<td>BC100<\/td>\n<td>BIOLOGIA DO DESENVOLVIMENTO<\/td>\n<td>30<\/td>\n<td>30<\/td>\n<td>60<\/td>\n<\/tr>\n<tr>\n<td>BC1000<\/td>\n<td>EST\u00c1GIO EM CI\u00caNCIAS B\u00c1SICAS<\/td>\n<td>0<\/td>\n<td>0<\/td>\n<td>500<\/td>\n<\/tr>\n<tr>\n<td>BC101<\/td>\n<td>OFICINAS DID\u00c1TICAS EM CI\u00caNCIAS MORFOL\u00d3GICAS<\/td>\n<td>60<\/td>\n<td>0<\/td>\n<td>60<\/td>\n<\/tr>\n<tr>\n<td>BC102<\/td>\n<td>BIOLOGIA CELULAR<\/td>\n<td>30<\/td>\n<td>30<\/td>\n<td>60<\/td>\n<\/tr>\n<tr>\n<td>BC102E<\/td>\n<td>BIOLOGIA CELULAR<\/td>\n<td>30<\/td>\n<td>30<\/td>\n<td>60<\/td>\n<\/tr>\n<tr>\n<td>BC401<\/td>\n<td>CITOLOGIA E HISTOLOGIA GERAL<\/td>\n<td>0<\/td>\n<td>60<\/td>\n<td>60<\/td>\n<\/tr>\n<tr>\n<td>BC402<\/td>\n<td>CITOLOGIA,EMBRIOL. E HISTOL. VETERINARIA<\/td>\n<td>120<\/td>\n<td>120<\/td>\n<td>240<\/td>\n<\/tr>\n<tr>\n<td>BC403<\/td>\n<td>BIOLOGIA CELULAR, EMBRIOLOGIA E HISTOL VETERINARIA<\/td>\n<td>120<\/td>\n<td>90<\/td>\n<td>210<\/td>\n<\/tr>\n<\/tbody>\n<\/table>\n<p><\/p>\n","protected":false},"excerpt":{"rendered":"<p>C\u00f3digo Nome da disciplina Ch laborat\u00f3rio Ch padr\u00e3o Ch Total BC001 HISTOLOGIA E EMBRIOLOGIA MEDICA 60 45 105 BC002 HISTOLOGIA E EMBRIOLOGIA ODONTOLOGICA 60 30 90 BC003 CITOLOGIA 60 45 105 BC004 HISTOLOGIA E EMBRIOLOGIA GERAL 60 45 105 BC005 CITOLOGIA I 30 60 90 BC006 CITOLOGIA II 30 45 75 BC007 HISTOLOGIA E EMBRIOLOGIA [&hellip;]<\/p>\n","protected":false},"author":2053,"featured_media":0,"parent":0,"menu_order":0,"comment_status":"closed","ping_status":"closed","template":"","meta":{"_acf_changed":false,"_monsterinsights_skip_tracking":false,"_monsterinsights_sitenote_active":false,"_monsterinsights_sitenote_note":"","_monsterinsights_sitenote_category":0,"footnotes":""},"class_list":["post-335","page","type-page","status-publish","hentry"],"acf":[],"_links":{"self":[{"href":"https:\/\/bio.ufpr.br\/biologiacelular\/wp-json\/wp\/v2\/pages\/335","targetHints":{"allow":["GET"]}}],"collection":[{"href":"https:\/\/bio.ufpr.br\/biologiacelular\/wp-json\/wp\/v2\/pages"}],"about":[{"href":"https:\/\/bio.ufpr.br\/biologiacelular\/wp-json\/wp\/v2\/types\/page"}],"author":[{"embeddable":true,"href":"https:\/\/bio.ufpr.br\/biologiacelular\/wp-json\/wp\/v2\/users\/2053"}],"replies":[{"embeddable":true,"href":"https:\/\/bio.ufpr.br\/biologiacelular\/wp-json\/wp\/v2\/comments?post=335"}],"version-history":[{"count":6,"href":"https:\/\/bio.ufpr.br\/biologiacelular\/wp-json\/wp\/v2\/pages\/335\/revisions"}],"predecessor-version":[{"id":1072,"href":"https:\/\/bio.ufpr.br\/biologiacelular\/wp-json\/wp\/v2\/pages\/335\/revisions\/1072"}],"wp:attachment":[{"href":"https:\/\/bio.ufpr.br\/biologiacelular\/wp-json\/wp\/v2\/media?parent=335"}],"curies":[{"name":"wp","href":"https:\/\/api.w.org\/{rel}","templated":true}]}}