{"id":339,"date":"2020-08-21T12:55:11","date_gmt":"2020-08-21T15:55:11","guid":{"rendered":"https:\/\/bio.ufpr.br\/biologiacelular\/?page_id=339"},"modified":"2024-04-05T08:16:46","modified_gmt":"2024-04-05T11:16:46","slug":"extensao-universitaria","status":"publish","type":"page","link":"https:\/\/bio.ufpr.br\/biologiacelular\/extensao-universitaria\/","title":{"rendered":"Extens\u00e3o Universit\u00e1ria"},"content":{"rendered":"\n<p><a href=\"https:\/\/bioxplorer.ufpr.br\/\"><strong>BioXplorer <\/strong><\/a>&#8211; Plataforma que re\u00fane\u00a0jogos e sequ\u00eancias did\u00e1ticas para o ensino de Biologia, destinada a professores e alunos da educa\u00e7\u00e3o b\u00e1sica.<\/p>\n\n\n\n<p><strong><a href=\"https:\/\/cinterativa.ufpr.br\/\">Ci\u00eancia Interativa<\/a><\/strong> &#8211; Plataforma que re\u00fane\u00a0a\u00e7\u00f5es de extens\u00e3o e diversos recursos did\u00e1ticos voltados para o ensino, al\u00e9m de oferecer oficinas e cursos para professores da educa\u00e7\u00e3o b\u00e1sica.<\/p>\n","protected":false},"excerpt":{"rendered":"<p>BioXplorer &#8211; Plataforma que re\u00fane\u00a0jogos e sequ\u00eancias did\u00e1ticas para o ensino de Biologia, destinada a professores e alunos da educa\u00e7\u00e3o b\u00e1sica. Ci\u00eancia Interativa &#8211; Plataforma que re\u00fane\u00a0a\u00e7\u00f5es de extens\u00e3o e diversos recursos did\u00e1ticos voltados para o ensino, al\u00e9m de oferecer oficinas e cursos para professores da educa\u00e7\u00e3o b\u00e1sica.<\/p>\n","protected":false},"author":2053,"featured_media":0,"parent":0,"menu_order":0,"comment_status":"closed","ping_status":"closed","template":"","meta":{"_acf_changed":false,"_monsterinsights_skip_tracking":false,"_monsterinsights_sitenote_active":false,"_monsterinsights_sitenote_note":"","_monsterinsights_sitenote_category":0,"footnotes":""},"class_list":["post-339","page","type-page","status-publish","hentry"],"acf":[],"_links":{"self":[{"href":"https:\/\/bio.ufpr.br\/biologiacelular\/wp-json\/wp\/v2\/pages\/339","targetHints":{"allow":["GET"]}}],"collection":[{"href":"https:\/\/bio.ufpr.br\/biologiacelular\/wp-json\/wp\/v2\/pages"}],"about":[{"href":"https:\/\/bio.ufpr.br\/biologiacelular\/wp-json\/wp\/v2\/types\/page"}],"author":[{"embeddable":true,"href":"https:\/\/bio.ufpr.br\/biologiacelular\/wp-json\/wp\/v2\/users\/2053"}],"replies":[{"embeddable":true,"href":"https:\/\/bio.ufpr.br\/biologiacelular\/wp-json\/wp\/v2\/comments?post=339"}],"version-history":[{"count":9,"href":"https:\/\/bio.ufpr.br\/biologiacelular\/wp-json\/wp\/v2\/pages\/339\/revisions"}],"predecessor-version":[{"id":1008,"href":"https:\/\/bio.ufpr.br\/biologiacelular\/wp-json\/wp\/v2\/pages\/339\/revisions\/1008"}],"wp:attachment":[{"href":"https:\/\/bio.ufpr.br\/biologiacelular\/wp-json\/wp\/v2\/media?parent=339"}],"curies":[{"name":"wp","href":"https:\/\/api.w.org\/{rel}","templated":true}]}}