{"id":351,"date":"2020-08-21T13:00:04","date_gmt":"2020-08-21T16:00:04","guid":{"rendered":"https:\/\/bio.ufpr.br\/biologiacelular\/?page_id=351"},"modified":"2025-10-23T11:37:02","modified_gmt":"2025-10-23T14:37:02","slug":"laboratorios","status":"publish","type":"page","link":"https:\/\/bio.ufpr.br\/biologiacelular\/laboratorios\/","title":{"rendered":"Laborat\u00f3rios"},"content":{"rendered":"<p><img loading=\"lazy\" decoding=\"async\" class=\"alignnone wp-image-892 size-medium\" src=\"https:\/\/bio.ufpr.br\/biologiacelular\/wp-content\/uploads\/sites\/84\/2020\/08\/lab_bio_adapt_logo_link-300x139-300x139.jpg\" alt=\"lab_bio_adapt_logo_link-300x139\" width=\"300\" height=\"139\" \/><\/p>\n<p><a href=\"http:\/\/biologiaadaptativa.com.br\" target=\"_blank\" rel=\"noopener\"><strong>VISITAR<\/strong><\/a><\/p>\n<p>&nbsp;<\/p>\n<p><img loading=\"lazy\" decoding=\"async\" class=\"alignnone size-medium wp-image-895\" src=\"https:\/\/bio.ufpr.br\/biologiacelular\/wp-content\/uploads\/sites\/84\/2020\/08\/logo-labtoxcel-1-300x119-300x119.jpg\" alt=\"logo-labtoxcel-1-300x119\" width=\"300\" height=\"119\" \/><\/p>\n<p><strong><a href=\"https:\/\/pgbiocel.ufpr.br\/cell-toxicology\/\" target=\"_blank\" rel=\"noopener\">VISIT<\/a><\/strong><\/p>\n<p>&nbsp;<\/p>\n<p><img loading=\"lazy\" decoding=\"async\" class=\"alignnone wp-image-897\" src=\"https:\/\/bio.ufpr.br\/biologiacelular\/wp-content\/uploads\/sites\/84\/2020\/08\/lab_mec_biotec_ven-logo-768x159-300x62.jpg\" alt=\"lab_mec_biotec_ven-logo-768x159\" width=\"671\" height=\"139\" srcset=\"https:\/\/bio.ufpr.br\/biologiacelular\/wp-content\/uploads\/sites\/84\/2020\/08\/lab_mec_biotec_ven-logo-768x159-300x62.jpg 300w, https:\/\/bio.ufpr.br\/biologiacelular\/wp-content\/uploads\/sites\/84\/2020\/08\/lab_mec_biotec_ven-logo-768x159.jpg 768w\" sizes=\"auto, (max-width: 671px) 100vw, 671px\" \/><\/p>\n<p><a href=\"https:\/\/pgbiocel.ufpr.br\/extracellular-matrix-and-biotechnology-of-venoms\/\" target=\"_blank\" rel=\"noopener\"><strong>VISIT<\/strong><\/a><\/p>\n<p>&nbsp;<\/p>\n<p><img loading=\"lazy\" decoding=\"async\" class=\"alignnone wp-image-899\" src=\"https:\/\/bio.ufpr.br\/biologiacelular\/wp-content\/uploads\/sites\/84\/2020\/08\/lab-apicomplexa-768x173-300x68.jpg\" alt=\"lab-apicomplexa-768x173\" width=\"488\" height=\"110\" srcset=\"https:\/\/bio.ufpr.br\/biologiacelular\/wp-content\/uploads\/sites\/84\/2020\/08\/lab-apicomplexa-768x173-300x68.jpg 300w, https:\/\/bio.ufpr.br\/biologiacelular\/wp-content\/uploads\/sites\/84\/2020\/08\/lab-apicomplexa-768x173.jpg 768w\" sizes=\"auto, (max-width: 488px) 100vw, 488px\" \/><\/p>\n<p><strong><a href=\"https:\/\/www.icc.fiocruz.br\/lapapi\/\" target=\"_blank\" rel=\"noopener\">VISIT<\/a><\/strong><\/p>\n<p>&nbsp;<\/p>\n<p><img loading=\"lazy\" decoding=\"async\" class=\"alignnone wp-image-915\" src=\"https:\/\/bio.ufpr.br\/biologiacelular\/wp-content\/uploads\/sites\/84\/2020\/08\/logo-biologia-de-celulas-tronco-768x188-300x73.jpg\" alt=\"logo-biologia-de-celulas-tronco-768x188\" width=\"568\" height=\"139\" srcset=\"https:\/\/bio.ufpr.br\/biologiacelular\/wp-content\/uploads\/sites\/84\/2020\/08\/logo-biologia-de-celulas-tronco-768x188-300x73.jpg 300w, https:\/\/bio.ufpr.br\/biologiacelular\/wp-content\/uploads\/sites\/84\/2020\/08\/logo-biologia-de-celulas-tronco-768x188.jpg 768w\" sizes=\"auto, (max-width: 568px) 100vw, 568px\" \/><\/p>\n<p><strong><a href=\"https:\/\/www.icc.fiocruz.br\/labcet\/\" target=\"_blank\" rel=\"noopener\">VISITAR<\/a><\/strong><\/p>\n<p>&nbsp;<\/p>\n<p><img loading=\"lazy\" decoding=\"async\" class=\"alignnone wp-image-920\" src=\"https:\/\/bio.ufpr.br\/biologiacelular\/wp-content\/uploads\/sites\/84\/2020\/08\/lcin-768x216-300x84.jpg\" alt=\"lcin-768x216\" width=\"622\" height=\"175\" srcset=\"https:\/\/bio.ufpr.br\/biologiacelular\/wp-content\/uploads\/sites\/84\/2020\/08\/lcin-768x216-300x84.jpg 300w, https:\/\/bio.ufpr.br\/biologiacelular\/wp-content\/uploads\/sites\/84\/2020\/08\/lcin-768x216.jpg 768w\" sizes=\"auto, (max-width: 622px) 100vw, 622px\" \/><\/p>\n<p><a href=\"https:\/\/lcin.ufpr.br\/\" target=\"_blank\" rel=\"noopener\"><strong>VISIT<\/strong><\/a><\/p>\n<p>&nbsp;<\/p>\n<p><img loading=\"lazy\" decoding=\"async\" class=\"alignnone wp-image-1060\" src=\"https:\/\/bio.ufpr.br\/biologiacelular\/wp-content\/uploads\/sites\/84\/2025\/09\/LAB-zAO-300x79.png\" alt=\"\" width=\"565\" height=\"149\" srcset=\"https:\/\/bio.ufpr.br\/biologiacelular\/wp-content\/uploads\/sites\/84\/2025\/09\/LAB-zAO-300x79.png 300w, https:\/\/bio.ufpr.br\/biologiacelular\/wp-content\/uploads\/sites\/84\/2025\/09\/LAB-zAO-1024x270.png 1024w, https:\/\/bio.ufpr.br\/biologiacelular\/wp-content\/uploads\/sites\/84\/2025\/09\/LAB-zAO-768x203.png 768w, https:\/\/bio.ufpr.br\/biologiacelular\/wp-content\/uploads\/sites\/84\/2025\/09\/LAB-zAO-1536x405.png 1536w, https:\/\/bio.ufpr.br\/biologiacelular\/wp-content\/uploads\/sites\/84\/2025\/09\/LAB-zAO-2048x540.png 2048w\" sizes=\"auto, (max-width: 565px) 100vw, 565px\" \/><\/p>\n<p><a href=\"https:\/\/sites.google.com\/view\/biodepeixescontamb-ufpr\/home\" target=\"_blank\" rel=\"noopener\"><strong>VISITAR<\/strong><\/a><\/p>\n<p>&nbsp;<\/p>\n<p><img loading=\"lazy\" decoding=\"async\" class=\"alignnone wp-image-1074\" src=\"https:\/\/bio.ufpr.br\/biologiacelular\/wp-content\/uploads\/sites\/84\/2025\/10\/LabCInt-300x28.png\" alt=\"\" width=\"986\" height=\"92\" srcset=\"https:\/\/bio.ufpr.br\/biologiacelular\/wp-content\/uploads\/sites\/84\/2025\/10\/LabCInt-300x28.png 300w, https:\/\/bio.ufpr.br\/biologiacelular\/wp-content\/uploads\/sites\/84\/2025\/10\/LabCInt.png 610w\" sizes=\"auto, (max-width: 986px) 100vw, 986px\" \/><\/p>\n<p><strong><a href=\"http:\/\/www.cinterativa.ufpr.br\" target=\"_blank\" rel=\"noopener\">VISITAR<\/a><\/strong><\/p>\n<p>&nbsp;<\/p>\n<p><img loading=\"lazy\" decoding=\"async\" class=\"alignnone wp-image-1082\" src=\"https:\/\/bio.ufpr.br\/biologiacelular\/wp-content\/uploads\/sites\/84\/2025\/10\/plastmorfofuncional-300x84.png\" alt=\"\" width=\"431\" height=\"121\" srcset=\"https:\/\/bio.ufpr.br\/biologiacelular\/wp-content\/uploads\/sites\/84\/2025\/10\/plastmorfofuncional-300x84.png 300w, https:\/\/bio.ufpr.br\/biologiacelular\/wp-content\/uploads\/sites\/84\/2025\/10\/plastmorfofuncional.png 704w\" sizes=\"auto, (max-width: 431px) 100vw, 431px\" \/><\/p>\n<p><strong><a href=\"https:\/\/sites.google.com\/view\/plastmorfofuncional\/p%C3%A1gina-inicial?authuser=0\" target=\"_blank\" rel=\"noopener\">VISITAR<\/a><\/strong><\/p>\n<p>&nbsp;<\/p>\n<p><strong>Agendamento dos Laborat\u00f3rios Did\u00e1ticos.<\/strong><\/p>\n<p>&nbsp;<\/p>\n<p><a href=\"https:\/\/calendar.google.com\/calendar\/embed?src=36et2ufv0h11prhbq7jq9a4cv0%40group.calendar.google.com&amp;ctz=America%2FSao_Paulo\" target=\"_blank\" rel=\"noopener\"><strong>Laborat\u00f3rio 01<\/strong><\/a>\u00a0 &#8211;\u00a0<a href=\"https:\/\/calendar.google.com\/calendar\/embed?src=t7p5qqu39t74e6a08ma8lfktl0%40group.calendar.google.com&amp;ctz=America%2FSao_Paulo\" target=\"_blank\" rel=\"noopener\"><strong>Laborat\u00f3rio 02<\/strong><\/a>\u00a0&#8211;\u00a0<strong><a href=\"https:\/\/calendar.google.com\/calendar\/embed?src=2vkf645u6pb4u2mrt3e2hf9308%40group.calendar.google.com&amp;ctz=America%2FSao_Paulo\" target=\"_blank\" rel=\"noopener\">\u00a0Laborat\u00f3rio 217<\/a>\u00a0&#8211;\u00a0\u00a0<\/strong><a href=\"https:\/\/calendar.google.com\/calendar\/embed?src=6pjdr45f5h6gc7pg5ei60n4af8%40group.calendar.google.com&amp;ctz=America%2FSao_Paulo\" target=\"_blank\" rel=\"noopener\"><strong>Laborat\u00f3rio 219<\/strong><\/a>\u00a0&#8211;\u00a0\u00a0<a href=\"https:\/\/calendar.google.com\/calendar\/embed?src=nkt8svgv7m49lc9khu2qtg4l68%40group.calendar.google.com&amp;ctz=America%2FSao_Paulo\" target=\"_blank\" rel=\"noopener\"><strong>Laborat\u00f3rio 226<\/strong><\/a>\u00a0 (anexo)<\/p>\n","protected":false},"excerpt":{"rendered":"<p>VISITAR &nbsp; VISIT &nbsp; VISIT &nbsp; VISIT &nbsp; VISITAR &nbsp; VISIT &nbsp; VISITAR &nbsp; VISITAR &nbsp; VISITAR &nbsp; Agendamento dos Laborat\u00f3rios Did\u00e1ticos. &nbsp; Laborat\u00f3rio 01\u00a0 &#8211;\u00a0Laborat\u00f3rio 02\u00a0&#8211;\u00a0\u00a0Laborat\u00f3rio 217\u00a0&#8211;\u00a0\u00a0Laborat\u00f3rio 219\u00a0&#8211;\u00a0\u00a0Laborat\u00f3rio 226\u00a0 (anexo)<\/p>\n","protected":false},"author":2053,"featured_media":0,"parent":0,"menu_order":0,"comment_status":"closed","ping_status":"closed","template":"","meta":{"_acf_changed":false,"_monsterinsights_skip_tracking":false,"_monsterinsights_sitenote_active":false,"_monsterinsights_sitenote_note":"","_monsterinsights_sitenote_category":0,"footnotes":""},"class_list":["post-351","page","type-page","status-publish","hentry"],"acf":[],"_links":{"self":[{"href":"https:\/\/bio.ufpr.br\/biologiacelular\/wp-json\/wp\/v2\/pages\/351","targetHints":{"allow":["GET"]}}],"collection":[{"href":"https:\/\/bio.ufpr.br\/biologiacelular\/wp-json\/wp\/v2\/pages"}],"about":[{"href":"https:\/\/bio.ufpr.br\/biologiacelular\/wp-json\/wp\/v2\/types\/page"}],"author":[{"embeddable":true,"href":"https:\/\/bio.ufpr.br\/biologiacelular\/wp-json\/wp\/v2\/users\/2053"}],"replies":[{"embeddable":true,"href":"https:\/\/bio.ufpr.br\/biologiacelular\/wp-json\/wp\/v2\/comments?post=351"}],"version-history":[{"count":80,"href":"https:\/\/bio.ufpr.br\/biologiacelular\/wp-json\/wp\/v2\/pages\/351\/revisions"}],"predecessor-version":[{"id":1087,"href":"https:\/\/bio.ufpr.br\/biologiacelular\/wp-json\/wp\/v2\/pages\/351\/revisions\/1087"}],"wp:attachment":[{"href":"https:\/\/bio.ufpr.br\/biologiacelular\/wp-json\/wp\/v2\/media?parent=351"}],"curies":[{"name":"wp","href":"https:\/\/api.w.org\/{rel}","templated":true}]}}