{"id":367,"date":"2020-08-21T13:24:48","date_gmt":"2020-08-21T16:24:48","guid":{"rendered":"https:\/\/bio.ufpr.br\/biologiacelular\/?page_id=367"},"modified":"2021-12-10T09:57:16","modified_gmt":"2021-12-10T12:57:16","slug":"missao","status":"publish","type":"page","link":"https:\/\/bio.ufpr.br\/biologiacelular\/missao\/","title":{"rendered":"Miss\u00e3o"},"content":{"rendered":"<p>O Departamento de Biologia Celular foi criado em 1986 pelo desmembramento do antigo Departamento de Morfologia, que abrigava as \u00e1reas de Morfologia Microsc\u00f3pica e Macrosc\u00f3pica. Deste modo, surgiram os Departamento de Anatomia e o de Biologia Celular.\u00a0Com uma atua\u00e7\u00e3o inicialmente voltada essencialmente ao\u00a0<b><u>Ensino de Gradua\u00e7\u00e3o<\/u><\/b>, uma vez que o Departamento leciona para 13 Cursos de Gradua\u00e7\u00e3o (Biomedicina, Ci\u00eancias Biol\u00f3gicas, Enfermagem, Engenharia de Bioprocessos e Biotecnologia, Farm\u00e1cia, Fisioterapia, Inform\u00e1tica Biom\u00e9dica, Medicina Veterin\u00e1ria, Medicina, Nutri\u00e7\u00e3o, Odontologia, Terapia Ocupacional e Zootecnia). Al\u00e9m das 26 Disciplinas Eletivas ofertadas regularmente nos 2 per\u00edodos letivos do ano, o Departamento ainda oferece Disciplinas Optativas, contribuindo para a forma\u00e7\u00e3o de in\u00fameras turmas de bi\u00f3logos, m\u00e9dicos, dentistas, entre outros. Com a cria\u00e7\u00e3o do Programa de P\u00f3s-Gradua\u00e7\u00e3o em Biologia Celular e Molecular neste mesmo ano de 1986, o Departamento passou a ter um enfoque em\u00a0<b><u>Pesquisa<\/u><\/b>\u00a0nas seguintes \u00e1reas:\u00a0<strong>Biologia dos Processos Celulares, Toxicologia Celular e Ambiental, Cronobiologia, Forma\u00e7\u00e3o em Biologia Celular e Biologia Molecular de Pat\u00f3genos.\u00a0<\/strong>Nestes mais de 30 anos, o Departamento formou centenas de Mestres e Doutores. Atualmente o Programa de P\u00f3s-Gradua\u00e7\u00e3o possui conceito CAPES 6.\u00a0 O Departamento tem buscado se adaptar \u00e0s novas formas de fazer ci\u00eancia, motivado pelas avalia\u00e7\u00f5es constantes aos cursos de p\u00f3s-gradua\u00e7\u00e3o, das oportunidades oferecidas em editais de pesquisa, e com a capacita\u00e7\u00e3o de pessoal em institui\u00e7\u00f5es de reconhecimento internacional. Tamb\u00e9m est\u00e1 envolvido com v\u00e1rios docentes no\u00a0<b>PROFBIO<\/b>\u00a0(<strong><a href=\"http:\/\/www.prppg.ufpr.br\/site\/ppgprofbio\/\" target=\"_blank\">Mestrado Profissional em Ensino de Biologia\u00a0em Rede Nacional<\/a><\/strong>). Na \u00faltima d\u00e9cada o Departamento tamb\u00e9m inseriu e fortaleceu a\u00e7\u00f5es relacionadas \u00e0\u00a0<b><u>Extens\u00e3o<\/u><\/b>, sendo que esta \u00e1rea tem merecido constante aten\u00e7\u00e3o para seu desenvolvimento. A diversifica\u00e7\u00e3o e qualifica\u00e7\u00e3o do seu Corpo Docente e o comprometimento com a forma\u00e7\u00e3o profissional de graduandos e p\u00f3s-graduandos, s\u00e3o a motiva\u00e7\u00e3o para a busca de excel\u00eancia e crescimento, contribuindo com as ambi\u00e7\u00f5es de desenvolvimento tanto do Setor de Ci\u00eancias Biol\u00f3gicas como da Universidade Federal do Paran\u00e1.<\/p>\n<p><a href=\"https:\/\/bio.ufpr.br\/biologiacelular\/wp-content\/uploads\/sites\/84\/2020\/08\/Planejamento-Estrategico-2020-2024-DEPTO-BIOLOGIA-CELULAR.pdf\">Planejamento Estrategico 2020 2024 DEPTO BIOLOGIA CELULAR<\/a><\/p>\n","protected":false},"excerpt":{"rendered":"<p>O Departamento de Biologia Celular foi criado em 1986 pelo desmembramento do antigo Departamento de Morfologia, que abrigava as \u00e1reas de Morfologia Microsc\u00f3pica e Macrosc\u00f3pica. Deste modo, surgiram os Departamento de Anatomia e o de Biologia Celular.\u00a0Com uma atua\u00e7\u00e3o inicialmente voltada essencialmente ao\u00a0Ensino de Gradua\u00e7\u00e3o, uma vez que o Departamento leciona para 13 Cursos de [&hellip;]<\/p>\n","protected":false},"author":2053,"featured_media":0,"parent":0,"menu_order":0,"comment_status":"closed","ping_status":"closed","template":"","meta":{"_acf_changed":false,"_monsterinsights_skip_tracking":false,"_monsterinsights_sitenote_active":false,"_monsterinsights_sitenote_note":"","_monsterinsights_sitenote_category":0,"footnotes":""},"class_list":["post-367","page","type-page","status-publish","hentry"],"acf":[],"_links":{"self":[{"href":"https:\/\/bio.ufpr.br\/biologiacelular\/wp-json\/wp\/v2\/pages\/367","targetHints":{"allow":["GET"]}}],"collection":[{"href":"https:\/\/bio.ufpr.br\/biologiacelular\/wp-json\/wp\/v2\/pages"}],"about":[{"href":"https:\/\/bio.ufpr.br\/biologiacelular\/wp-json\/wp\/v2\/types\/page"}],"author":[{"embeddable":true,"href":"https:\/\/bio.ufpr.br\/biologiacelular\/wp-json\/wp\/v2\/users\/2053"}],"replies":[{"embeddable":true,"href":"https:\/\/bio.ufpr.br\/biologiacelular\/wp-json\/wp\/v2\/comments?post=367"}],"version-history":[{"count":4,"href":"https:\/\/bio.ufpr.br\/biologiacelular\/wp-json\/wp\/v2\/pages\/367\/revisions"}],"predecessor-version":[{"id":798,"href":"https:\/\/bio.ufpr.br\/biologiacelular\/wp-json\/wp\/v2\/pages\/367\/revisions\/798"}],"wp:attachment":[{"href":"https:\/\/bio.ufpr.br\/biologiacelular\/wp-json\/wp\/v2\/media?parent=367"}],"curies":[{"name":"wp","href":"https:\/\/api.w.org\/{rel}","templated":true}]}}