{"id":1850,"date":"2020-10-09T13:06:24","date_gmt":"2020-10-09T11:06:24","guid":{"rendered":"https:\/\/bio.ufpr.br\/biomedicina\/?page_id=1850"},"modified":"2020-11-10T14:06:43","modified_gmt":"2020-11-10T12:06:43","slug":"coloquio","status":"publish","type":"page","link":"https:\/\/bio.ufpr.br\/biomedicina\/coloquio\/","title":{"rendered":"Col\u00f3quio de Biomedicina"},"content":{"rendered":"<div dir=\"auto\" style=\"text-align: justify\">O Col\u00f3quio da Biomedicina \u00e9 um evento realizado anualmente em comemora\u00e7\u00e3o ao Dia do Biom\u00e9dico e a sua inten\u00e7\u00e3o \u00e9 a valoriza\u00e7\u00e3o da profiss\u00e3o e tamb\u00e9m da nossa atua\u00e7\u00e3o na pesquisa cient\u00edfica, um dos grandes focos do nosso curr\u00edculo aqui dentro da UFPR. Nesse evento, os alunos tem a oportunidade de apresentarem seus trabalhos para aprecia\u00e7\u00e3o dos colegas e de uma banca avaliadora, e os tr\u00eas melhores trabalhos ser\u00e3o premiados!<\/div>\n<div dir=\"auto\" style=\"text-align: justify\"><\/div>\n<div dir=\"auto\" style=\"text-align: justify\"><\/div>\n<div dir=\"auto\" style=\"text-align: justify\">Este ano o evento ir\u00e1 acontecer no dia 20 de novembro, atrav\u00e9s da plataforma Teams, das 18h \u00e0s 22h.<\/div>\n<div dir=\"auto\" style=\"text-align: justify\">As inscri\u00e7\u00f5es est\u00e3o abertas abertas, no valor de R$5,00.<\/div>\n<div dir=\"auto\" style=\"text-align: justify\"><\/div>\n<div dir=\"auto\" style=\"text-align: justify\"><\/div>\n<div dir=\"auto\" style=\"text-align: justify\">Acesse o link:\u00a0<a id=\"LPlnk860577\" href=\"https:\/\/www.even3.com.br\/ivcoloquiobiomedufpr\/\" target=\"_blank\" rel=\"noopener noreferrer\">https:\/\/www.even3.com.br\/ivcoloquiobiomedufpr\/<\/a><\/div>\n<div dir=\"auto\" style=\"text-align: justify\"><\/div>\n<div dir=\"auto\" style=\"text-align: justify\"><\/div>\n<div dir=\"auto\" style=\"text-align: justify\">Siga a nossa p\u00e1gina oficial do Instagram @coloquiobiomedufpr para n\u00e3o perder nenhuma novidade!<\/div>\n","protected":false},"excerpt":{"rendered":"<p>O Col\u00f3quio da Biomedicina \u00e9 um evento realizado anualmente em comemora\u00e7\u00e3o ao Dia do Biom\u00e9dico e a sua inten\u00e7\u00e3o \u00e9 a valoriza\u00e7\u00e3o da profiss\u00e3o e tamb\u00e9m da nossa atua\u00e7\u00e3o na pesquisa cient\u00edfica, um dos grandes focos do nosso curr\u00edculo aqui dentro da UFPR. Nesse evento, os alunos tem a oportunidade de apresentarem seus trabalhos para [&hellip;]<\/p>\n","protected":false},"author":6,"featured_media":0,"parent":0,"menu_order":0,"comment_status":"closed","ping_status":"closed","template":"","meta":{"_acf_changed":false,"_monsterinsights_skip_tracking":false,"_monsterinsights_sitenote_active":false,"_monsterinsights_sitenote_note":"","_monsterinsights_sitenote_category":0,"footnotes":""},"class_list":["post-1850","page","type-page","status-publish","hentry"],"acf":[],"_links":{"self":[{"href":"https:\/\/bio.ufpr.br\/biomedicina\/wp-json\/wp\/v2\/pages\/1850","targetHints":{"allow":["GET"]}}],"collection":[{"href":"https:\/\/bio.ufpr.br\/biomedicina\/wp-json\/wp\/v2\/pages"}],"about":[{"href":"https:\/\/bio.ufpr.br\/biomedicina\/wp-json\/wp\/v2\/types\/page"}],"author":[{"embeddable":true,"href":"https:\/\/bio.ufpr.br\/biomedicina\/wp-json\/wp\/v2\/users\/6"}],"replies":[{"embeddable":true,"href":"https:\/\/bio.ufpr.br\/biomedicina\/wp-json\/wp\/v2\/comments?post=1850"}],"version-history":[{"count":3,"href":"https:\/\/bio.ufpr.br\/biomedicina\/wp-json\/wp\/v2\/pages\/1850\/revisions"}],"predecessor-version":[{"id":1983,"href":"https:\/\/bio.ufpr.br\/biomedicina\/wp-json\/wp\/v2\/pages\/1850\/revisions\/1983"}],"wp:attachment":[{"href":"https:\/\/bio.ufpr.br\/biomedicina\/wp-json\/wp\/v2\/media?parent=1850"}],"curies":[{"name":"wp","href":"https:\/\/api.w.org\/{rel}","templated":true}]}}