{"id":28,"date":"2025-10-23T10:33:19","date_gmt":"2025-10-23T08:33:19","guid":{"rendered":"https:\/\/bio.ufpr.br\/biomedicina\/?page_id=28"},"modified":"2025-10-23T19:56:02","modified_gmt":"2025-10-23T17:56:02","slug":"o-colegiado","status":"publish","type":"page","link":"https:\/\/bio.ufpr.br\/biomedicina\/o-colegiado\/","title":{"rendered":"O NDE"},"content":{"rendered":"<p>&nbsp;<\/p>\n<p><strong>N\u00facleo Docente Estruturante &#8211; NDE<\/strong><\/p>\n<p>&nbsp;<\/p>\n<p>Conforme as Resolu\u00e7\u00f5es n\u00ba 75\/09 e 34\/11 do Conselho de Ensino, Pesquisa e Extens\u00e3o (CEPE\/UFPR), o N\u00facleo Docente Estruturante (NDE) \u00e9 um \u00f3rg\u00e3o consultivo e propositivo, correspons\u00e1vel pela elabora\u00e7\u00e3o, implementa\u00e7\u00e3o e consolida\u00e7\u00e3o do Projeto Pedag\u00f3gico do Curso de Biomedicina. Suas principais atribui\u00e7\u00f5es incluem a consolida\u00e7\u00e3o do perfil profissional do egresso, o zelo pela integra\u00e7\u00e3o curricular interdisciplinar e o cumprimento das Diretrizes Curriculares Nacionais.<\/p>\n<p>Al\u00e9m disso, o NDE atua no fomento a linhas de pesquisa e extens\u00e3o que estejam alinhadas \u00e0s necessidades da gradua\u00e7\u00e3o, do mercado de trabalho e das pol\u00edticas p\u00fablicas da \u00e1rea.<\/p>\n<p>\u00c9 not\u00e1vel que, no curso de Biomedicina, uma comiss\u00e3o precursora com fun\u00e7\u00f5es equivalentes \u00e0s do NDE foi estabelecida em outubro de 2007, antes mesmo da aprova\u00e7\u00e3o e implanta\u00e7\u00e3o oficial do curso.<\/p>\n<p>&nbsp;<\/p>\n<p><strong><span class=\"font-semibold\">A Composi\u00e7\u00e3o atual do<\/span> NDE do Curso de Biomedicina:<\/strong><\/p>\n<table class=\" aligncenter\" width=\"671\">\n<tbody>\n<tr>\n<td width=\"444\">\n<p><strong>1.\u00a0\u00a0\u00a0\u00a0\u00a0\u00a0\u00a0\u00a0\u00a0\u00a0\u00a0\u00a0\u00a0 JAQUELINE CARVALHO DE OLIVEIRA\u00a0<\/strong><\/p>\n<p>COORDENADORA<\/td>\n<\/tr>\n<tr>\n<td width=\"444\">\n<p><strong>2.\u00a0 \u00a0 \u00a0 \u00a0 \u00a0 \u00a0 FABIANE GOMES DE MORAES REGO<\/strong><\/p>\n<p>(AN\u00c1LISES CL\u00cdNICAS)<\/td>\n<\/tr>\n<tr>\n<td width=\"444\">\n<p><strong>3.\u00a0\u00a0\u00a0\u00a0\u00a0\u00a0\u00a0\u00a0\u00a0\u00a0\u00a0\u00a0\u00a0\u00a0\u00a0\u00a0\u00a0 <\/strong>\u00a0<strong>KATYA NALIWAIKO<\/strong><\/p>\n<p>(BIOLOGIA CELULAR)<\/td>\n<\/tr>\n<tr>\n<td width=\"444\">\n<p><strong>4.\u00a0\u00a0\u00a0\u00a0\u00a0\u00a0\u00a0\u00a0\u00a0\u00a0\u00a0\u00a0\u00a0\u00a0\u00a0\u00a0\u00a0 <\/strong><strong> PAULA SANTANA LUNARDI<\/strong><\/p>\n<p>(BIOQUIMICA)<\/td>\n<\/tr>\n<tr>\n<td width=\"444\">\n<p><strong>5.\u00a0\u00a0\u00a0\u00a0\u00a0\u00a0\u00a0\u00a0 DJANIRA AP. DA LUZ VERONEZ\u00a0\u00a0\u00a0\u00a0\u00a0\u00a0\u00a0\u00a0\u00a0\u00a0\u00a0<\/strong><\/p>\n<p>(ANATOMIA)<\/td>\n<\/tr>\n<tr>\n<td width=\"444\">\n<p><strong>6.\u00a0\u00a0\u00a0\u00a0\u00a0\u00a0\u00a0\u00a0\u00a0\u00a0\u00a0\u00a0\u00a0\u00a0\u00a0\u00a0\u00a0 <\/strong><strong>CAMILA MARCON<\/strong><\/p>\n<p>(PATOLOGIA B\u00c1SICA)<\/td>\n<\/tr>\n<tr>\n<td width=\"444\">\n<p><strong>7.\u00a0\u00a0\u00a0\u00a0\u00a0 <\/strong><strong>TARCIO TEODORO BRAGA <\/strong><\/p>\n<p>(PATOLOGIA B\u00c1SICA)<\/td>\n<\/tr>\n<\/tbody>\n<\/table>\n<p>&nbsp;<\/p>\n<p>&nbsp;<\/p>\n","protected":false},"excerpt":{"rendered":"<p>&nbsp; N\u00facleo Docente Estruturante &#8211; NDE &nbsp; Conforme as Resolu\u00e7\u00f5es n\u00ba 75\/09 e 34\/11 do Conselho de Ensino, Pesquisa e Extens\u00e3o (CEPE\/UFPR), o N\u00facleo Docente Estruturante (NDE) \u00e9 um \u00f3rg\u00e3o consultivo e propositivo, correspons\u00e1vel pela elabora\u00e7\u00e3o, implementa\u00e7\u00e3o e consolida\u00e7\u00e3o do Projeto Pedag\u00f3gico do Curso de Biomedicina. Suas principais atribui\u00e7\u00f5es incluem a consolida\u00e7\u00e3o do perfil profissional [&hellip;]<\/p>\n","protected":false},"author":8,"featured_media":0,"parent":0,"menu_order":0,"comment_status":"open","ping_status":"open","template":"","meta":{"_acf_changed":false,"_monsterinsights_skip_tracking":false,"_monsterinsights_sitenote_active":false,"_monsterinsights_sitenote_note":"","_monsterinsights_sitenote_category":0,"footnotes":""},"class_list":["post-28","page","type-page","status-publish","hentry"],"acf":[],"_links":{"self":[{"href":"https:\/\/bio.ufpr.br\/biomedicina\/wp-json\/wp\/v2\/pages\/28","targetHints":{"allow":["GET"]}}],"collection":[{"href":"https:\/\/bio.ufpr.br\/biomedicina\/wp-json\/wp\/v2\/pages"}],"about":[{"href":"https:\/\/bio.ufpr.br\/biomedicina\/wp-json\/wp\/v2\/types\/page"}],"author":[{"embeddable":true,"href":"https:\/\/bio.ufpr.br\/biomedicina\/wp-json\/wp\/v2\/users\/8"}],"replies":[{"embeddable":true,"href":"https:\/\/bio.ufpr.br\/biomedicina\/wp-json\/wp\/v2\/comments?post=28"}],"version-history":[{"count":16,"href":"https:\/\/bio.ufpr.br\/biomedicina\/wp-json\/wp\/v2\/pages\/28\/revisions"}],"predecessor-version":[{"id":4519,"href":"https:\/\/bio.ufpr.br\/biomedicina\/wp-json\/wp\/v2\/pages\/28\/revisions\/4519"}],"wp:attachment":[{"href":"https:\/\/bio.ufpr.br\/biomedicina\/wp-json\/wp\/v2\/media?parent=28"}],"curies":[{"name":"wp","href":"https:\/\/api.w.org\/{rel}","templated":true}]}}