{"id":36,"date":"2022-06-14T09:00:48","date_gmt":"2022-06-14T07:00:48","guid":{"rendered":"https:\/\/bio.ufpr.br\/biomedicina\/?page_id=36"},"modified":"2025-03-11T15:48:55","modified_gmt":"2025-03-11T13:48:55","slug":"o-colegiado-2","status":"publish","type":"page","link":"https:\/\/bio.ufpr.br\/biomedicina\/o-colegiado-2\/","title":{"rendered":"O Colegiado"},"content":{"rendered":"<p>&nbsp;<\/p>\n<p>O \u00f3rg\u00e3o colegiado dos cursos de gradua\u00e7\u00e3o \u00a0s\u00e3o compostos pelos Coordenadores (titular e vice), dois representantes\u00a0do corpo docente (titular e suplente)\u00a0por Departamentos que ministram aulas para o curso e dois representantes do corpo discente (titular e suplente).<\/p>\n<p>&nbsp;<\/p>\n<p>Atualmente os membros do Colegiado do Curso de Biomedicina s\u00e3o:<\/p>\n<table style=\"height: 1582px\" width=\"853\">\n<tbody>\n<tr>\n<td width=\"132\">Departamento<\/td>\n<td width=\"242\">Representantes<\/td>\n<td width=\"308\">e-mail<\/td>\n<\/tr>\n<tr>\n<td>Coordena\u00e7\u00e3o<\/td>\n<td><\/td>\n<td><\/td>\n<\/tr>\n<tr>\n<td>Coordenadora<\/td>\n<td>Jaqueline Carvalho de Oliveira<\/td>\n<td><a href=\"mailto:jaqueline.carvalho@ufpr.br\">jaqueline.carvalho@ufpr.br\u00a0<\/a><\/td>\n<\/tr>\n<tr>\n<td>Vice-Coordenador<\/td>\n<td>Djanira Aparecida da Luz Veronez<\/td>\n<td><a href=\"mailto:veronezdal@ufpr.br\">veronezdal@ufpr.br\u00a0<\/a><\/td>\n<\/tr>\n<tr>\n<td>Anatomia<\/td>\n<td><\/td>\n<td><\/td>\n<\/tr>\n<tr>\n<td>Titular<\/td>\n<td>Djanira Aparecida da Luz Veronez<\/td>\n<td width=\"308\"><a href=\"mailto:veronezdal@ufpr.br\">veronezdal@ufpr.br\u00a0<\/a><\/td>\n<\/tr>\n<tr>\n<td>Suplente<\/td>\n<td>Luciane B. Carias de Oliveira<\/td>\n<td><a href=\"mailto:lucianecarias@gmail.com\">lucianecarias@gmail.com<\/a><\/td>\n<\/tr>\n<tr>\n<td>Biologia Celular<\/td>\n<td><\/td>\n<td><u>\u00a0<\/u><\/td>\n<\/tr>\n<tr>\n<td>Titular<\/td>\n<td>Katya Naliwaiko<\/td>\n<td width=\"308\"><a href=\"mailto:katya@ufpr.br\">katya@ufpr.br<\/a><\/td>\n<\/tr>\n<tr>\n<td>Suplente<\/td>\n<td>Fernanda Fogagnoli Simas<\/td>\n<td><a href=\"mailto:ferfs@ufpr.br\">ferfs@ufpr.br<\/a><\/td>\n<\/tr>\n<tr>\n<td>Bioqu\u00edmica<\/td>\n<td><\/td>\n<td><\/td>\n<\/tr>\n<tr>\n<td>Titular<\/td>\n<td>Diogo R. B. Ducatti<\/td>\n<td><a href=\"mailto:ducatti@ufpr.br\">ducatti@ufpr.br<\/a><\/td>\n<\/tr>\n<tr>\n<td>Suplente<\/td>\n<td>Guilherme Lanzi Sassaki<\/td>\n<td><a href=\"mailto:sassaki@ufpr.br\">sassaki@ufpr.br<\/a><\/td>\n<\/tr>\n<tr>\n<td>Farmacologia<\/td>\n<td><\/td>\n<td><\/td>\n<\/tr>\n<tr>\n<td>Titular<\/td>\n<td>Joice Maria da Cunha<\/td>\n<td><a href=\"mailto:joice.cunha@ufpr.br\">joice.cunha@ufpr.br<\/a><\/td>\n<\/tr>\n<tr>\n<td>Suplente<\/td>\n<td>Janaina Menezes Zanoveli<\/td>\n<td><a href=\"mailto:janaina.zanoveli@ufpr.br\">janaina.zanoveli@ufpr.br<\/a><\/td>\n<\/tr>\n<tr>\n<td>Fisiologia<\/td>\n<td><\/td>\n<td><\/td>\n<\/tr>\n<tr>\n<td>Titular<\/td>\n<td>Luiz Claudio Fernandez<\/td>\n<td><a href=\"mailto:lcfer@ufpr.br\">lcfer@ufpr.br<\/a><\/td>\n<\/tr>\n<tr>\n<td>Suplente<\/td>\n<td>Maira Mello Rezende Valle<\/td>\n<td><a href=\"mailto:mairavalle@ufpr.br\">mairavalle@ufpr.br<\/a><\/td>\n<\/tr>\n<tr>\n<td>Gen\u00e9tica<\/td>\n<td><\/td>\n<td><\/td>\n<\/tr>\n<tr>\n<td>Titular<\/td>\n<td>Jaqueline Carvalho de Oliveira<\/td>\n<td><a href=\"mailto:jaqueline.carvalho@ufpr.br\">jaqueline.carvalho@ufpr.br<\/a><\/td>\n<\/tr>\n<tr>\n<td>Suplente<\/td>\n<td>Ricardo Lehtonen R. de Souza<\/td>\n<td>\u00a0<a href=\"mailto:lehtonen@ufpr.br\">lehtonen@ufpr.br<\/a><\/td>\n<\/tr>\n<tr>\n<td>Patologia B\u00e1sica<\/td>\n<td><\/td>\n<td><\/td>\n<\/tr>\n<tr>\n<td>Titular<\/td>\n<td>Camila Marcon<\/td>\n<td><a href=\"mailto:marconi@ufpr.br\">marconi@ufpr.br<\/a><\/td>\n<\/tr>\n<tr>\n<td>Suplente<\/td>\n<td>D\u00e9bora do Rocio Klisiowicz<\/td>\n<td><a href=\"mailto:deborak@ufpr.br\">deborak@ufpr.br<\/a><\/td>\n<\/tr>\n<tr>\n<td>Inform\u00e1tica<\/td>\n<td><u>\u00a0<\/u><\/td>\n<td><\/td>\n<\/tr>\n<tr>\n<td>Titular<\/td>\n<td>Armando Delgado<\/td>\n<td><a href=\"mailto:colcbiomed@inf.ufpr.br\">colcbiomed@inf.ufpr.br<\/a><\/td>\n<\/tr>\n<tr>\n<td>Suplente<\/td>\n<td>Carmem Hara<\/td>\n<td><\/td>\n<\/tr>\n<tr>\n<td>Quimica<\/td>\n<td><\/td>\n<td><\/td>\n<\/tr>\n<tr>\n<td>Titular<\/td>\n<td>Marcio Eduardo Vidotti Miyata<\/td>\n<td><a href=\"mailto:mvidotti@ufpr.br\">mvidotti@ufpr.br<\/a><\/td>\n<\/tr>\n<tr>\n<td>Suplente<\/td>\n<td>Juliete Silva Neves<\/td>\n<td>julieteneves@ufpr.br<\/td>\n<\/tr>\n<tr>\n<td>Zoologia<\/td>\n<td><\/td>\n<td><u>\u00a0<\/u><\/td>\n<\/tr>\n<tr>\n<td>Titular<\/td>\n<td>Mario Antonio Navarro da Silva<\/td>\n<td><a href=\"mailto:mnavarro@ufpr.br\">mnavarro@ufpr.br<\/a><\/td>\n<\/tr>\n<tr>\n<td>Suplente<\/td>\n<td>Claudio Jose Barros de Carvalho<\/td>\n<td><a href=\"mailto:cjbcarva@ufpr.br\">cjbcarva@ufpr.br<\/a><\/td>\n<\/tr>\n<tr>\n<td>Sa\u00fade Comunit\u00e1ria<\/td>\n<td><\/td>\n<td><\/td>\n<\/tr>\n<tr>\n<td>Titular<\/td>\n<td>Bianca de Oliveira Cata Preta<\/td>\n<td>bianca.catapreta@ufpr.br<\/td>\n<\/tr>\n<tr>\n<td>Suplente<\/td>\n<td>Maria Esther Graf<\/td>\n<td><a href=\"mailto:mesthergraf@ufpr.br\">mesthergraf@ufpr.br<\/a><\/td>\n<\/tr>\n<tr>\n<td>Analises Cl\u00ednicas<\/td>\n<td><\/td>\n<td><\/td>\n<\/tr>\n<tr>\n<td>Titular<\/td>\n<td>Fabiane Gomes de Moraes Rego<\/td>\n<td><a href=\"mailto:rego@ufpr.br\">rego@ufpr.br<\/a><\/td>\n<\/tr>\n<tr>\n<td>Suplente<\/td>\n<td>Vivian Rotuno Moure Valdameri<\/td>\n<td><a href=\"mailto:vivian.moure@ufpr.br\">vivian.moure@ufpr.br<\/a><\/td>\n<\/tr>\n<tr>\n<td>Filosofia<\/td>\n<td><\/td>\n<td><\/td>\n<\/tr>\n<tr>\n<td>Titular<\/td>\n<td>Ronei Clecio Mocellin<\/td>\n<td><a href=\"mailto:roneimocellin@ufpr.br\">roneimocellin@ufpr.br<\/a><\/td>\n<\/tr>\n<tr>\n<td>Suplente<\/td>\n<td><\/td>\n<td><\/td>\n<\/tr>\n<tr>\n<td>Discentes<\/td>\n<td><\/td>\n<td><\/td>\n<\/tr>\n<tr>\n<td>Titular<\/td>\n<td>Keila Caroline Zimmermann<\/td>\n<td width=\"308\">\n<p><a href=\"mailto:cabiom.ufpr@gmail.com\">cabiom.ufpr@gmail.com<\/a><\/p>\n<p><a href=\"mailto:keilacaroline@ufpr.br\" target=\"_blank\" rel=\"noopener noreferrer\">keilacaroline@ufpr.br<\/a><\/td>\n<\/tr>\n<tr>\n<td>Suplente<\/td>\n<td>Sabrina Kurscheidt Silva<\/td>\n<td>\n<p><a href=\"mailto:cabiom.ufpr@gmail.com\">cabiom.ufpr@gmail.com<\/a><\/p>\n<p><a href=\"mailto:sabrinakurscheidt@ufpr.br\" target=\"_blank\" rel=\"noopener noreferrer\">sabrinakurscheidt@ufpr.br<\/a><\/td>\n<\/tr>\n<\/tbody>\n<\/table>\n<p>&nbsp;<\/p>\n","protected":false},"excerpt":{"rendered":"<p>&nbsp; O \u00f3rg\u00e3o colegiado dos cursos de gradua\u00e7\u00e3o \u00a0s\u00e3o compostos pelos Coordenadores (titular e vice), dois representantes\u00a0do corpo docente (titular e suplente)\u00a0por Departamentos que ministram aulas para o curso e dois representantes do corpo discente (titular e suplente). &nbsp; Atualmente os membros do Colegiado do Curso de Biomedicina s\u00e3o: Departamento Representantes e-mail Coordena\u00e7\u00e3o Coordenadora Jaqueline [&hellip;]<\/p>\n","protected":false},"author":8,"featured_media":0,"parent":0,"menu_order":0,"comment_status":"open","ping_status":"open","template":"","meta":{"_acf_changed":false,"_monsterinsights_skip_tracking":false,"_monsterinsights_sitenote_active":false,"_monsterinsights_sitenote_note":"","_monsterinsights_sitenote_category":0,"footnotes":""},"class_list":["post-36","page","type-page","status-publish","hentry"],"acf":[],"_links":{"self":[{"href":"https:\/\/bio.ufpr.br\/biomedicina\/wp-json\/wp\/v2\/pages\/36","targetHints":{"allow":["GET"]}}],"collection":[{"href":"https:\/\/bio.ufpr.br\/biomedicina\/wp-json\/wp\/v2\/pages"}],"about":[{"href":"https:\/\/bio.ufpr.br\/biomedicina\/wp-json\/wp\/v2\/types\/page"}],"author":[{"embeddable":true,"href":"https:\/\/bio.ufpr.br\/biomedicina\/wp-json\/wp\/v2\/users\/8"}],"replies":[{"embeddable":true,"href":"https:\/\/bio.ufpr.br\/biomedicina\/wp-json\/wp\/v2\/comments?post=36"}],"version-history":[{"count":26,"href":"https:\/\/bio.ufpr.br\/biomedicina\/wp-json\/wp\/v2\/pages\/36\/revisions"}],"predecessor-version":[{"id":4266,"href":"https:\/\/bio.ufpr.br\/biomedicina\/wp-json\/wp\/v2\/pages\/36\/revisions\/4266"}],"wp:attachment":[{"href":"https:\/\/bio.ufpr.br\/biomedicina\/wp-json\/wp\/v2\/media?parent=36"}],"curies":[{"name":"wp","href":"https:\/\/api.w.org\/{rel}","templated":true}]}}