{"id":38,"date":"2019-01-08T08:46:20","date_gmt":"2019-01-08T06:46:20","guid":{"rendered":"https:\/\/bio.ufpr.br\/biomedicina\/?page_id=38"},"modified":"2025-10-23T19:58:57","modified_gmt":"2025-10-23T17:58:57","slug":"links-interessantes","status":"publish","type":"page","link":"https:\/\/bio.ufpr.br\/biomedicina\/links-interessantes\/","title":{"rendered":"Links interessantes"},"content":{"rendered":"<p>&nbsp;<\/p>\n<p><strong>Conselho Federal de Biomedicina<\/strong><\/p>\n<p><a href=\"http:\/\/www.cfbiomedicina.org.br\/\" target=\"_blank\" rel=\"noopener\">http:\/\/www.cfbiomedicina.org.br\/<\/a><\/p>\n<p><strong>Conselho Regional de Biomedicina \u2013 6\u00aa Regi\u00e3o<\/strong><\/p>\n<p><a href=\"https:\/\/crbm6.gov.br\/\" target=\"_blank\" rel=\"noopener\">http:\/\/www.crbm6.gov.br\/<\/a><\/p>\n<p><strong>Biomedicina: Um painel sobre a profiss\u00e3o<\/strong><\/p>\n<p><a href=\"http:\/\/www.crbm1.gov.br\/livrocrbm_040509.pdf\" target=\"_blank\" rel=\"noopener\">http:\/\/www.crbm1.gov.br\/livrocrbm_040509.pdf<\/a><\/p>\n<p><strong>Sindicato dos Biom\u00e9dicos Profissionais do Estado de S\u00e3o Paulo<\/strong><\/p>\n<p><a href=\"http:\/\/www.sinbiesp-biomedicina.com.br\/\" target=\"_blank\" rel=\"noopener\">http:\/\/www.sinbiesp-biomedicina.com.br\/<\/a><\/p>\n<p><strong>Pr\u00f3-Reitoria de Gradua\u00e7\u00e3o e Educa\u00e7\u00e3o Profissional \u2013 PROGRAD<\/strong><\/p>\n<p><a href=\"http:\/\/www.prograd.ufpr.br\/\" target=\"_blank\" rel=\"noopener\">http:\/\/www.prograd.ufpr.br\/<\/a><\/p>\n<p><strong>Manual do Estudante<\/strong><\/p>\n<p><a href=\"http:\/\/www.prograd.ufpr.br\/manualacademico\/\" target=\"_blank\" rel=\"noopener\">http:\/\/www.prograd.ufpr.br\/manualacademico\/<\/a><\/p>\n<p><strong>N\u00facleo de Assuntos Acad\u00eamicos \u2013 NAA<\/strong><\/p>\n<p><a href=\"http:\/\/www.prograd.ufpr.br\/copap\/nucleo-de-assuntos-academicos-naa\/\" target=\"_blank\" rel=\"noopener\">http:\/\/www.prograd.ufpr.br\/copap\/nucleo-de-assuntos-academicos-naa\/<\/a><\/p>\n<p><strong>Assessoria de Rela\u00e7\u00f5es Internacionais (Mobilidade Acad\u00eamica)<\/strong><\/p>\n<p><a href=\"http:\/\/internacional.ufpr.br\/\" target=\"_blank\" rel=\"noopener\">http:\/\/www.internacional.ufpr.br\/ <\/a><\/p>\n<p><strong>Est\u00e1gios<\/strong><\/p>\n<p><a href=\"http:\/\/www.estagios.ufpr.br\/\" target=\"_blank\" rel=\"noopener\">http:\/\/www.prograd.ufpr.br\/coafe\/ue\/<\/a><\/p>\n<div>\n<p><strong>Processo de ocupa\u00e7\u00e3o de vagas remanescentes\u00a0&#8211; PROVAR<\/strong><\/p>\n<p><a href=\"http:\/\/www.prograd.ufpr.br\/provar\/\" target=\"_blank\" rel=\"noopener\">http:\/\/www.prograd.ufpr.br\/provar\/<\/a><\/p>\n<\/div>\n<p><strong>Centro acad\u00eamico de Biomedicina UFPR \u2013 CABIOM<\/strong><\/p>\n<p>http:\/\/cabiomufpr.blogspot.com\/<\/p>\n","protected":false},"excerpt":{"rendered":"<p>&nbsp; Conselho Federal de Biomedicina http:\/\/www.cfbiomedicina.org.br\/ Conselho Regional de Biomedicina \u2013 6\u00aa Regi\u00e3o http:\/\/www.crbm6.gov.br\/ Biomedicina: Um painel sobre a profiss\u00e3o http:\/\/www.crbm1.gov.br\/livrocrbm_040509.pdf Sindicato dos Biom\u00e9dicos Profissionais do Estado de S\u00e3o Paulo http:\/\/www.sinbiesp-biomedicina.com.br\/ Pr\u00f3-Reitoria de Gradua\u00e7\u00e3o e Educa\u00e7\u00e3o Profissional \u2013 PROGRAD http:\/\/www.prograd.ufpr.br\/ Manual do Estudante http:\/\/www.prograd.ufpr.br\/manualacademico\/ N\u00facleo de Assuntos Acad\u00eamicos \u2013 NAA http:\/\/www.prograd.ufpr.br\/copap\/nucleo-de-assuntos-academicos-naa\/ Assessoria de Rela\u00e7\u00f5es Internacionais [&hellip;]<\/p>\n","protected":false},"author":8,"featured_media":0,"parent":0,"menu_order":0,"comment_status":"open","ping_status":"open","template":"","meta":{"_acf_changed":false,"_monsterinsights_skip_tracking":false,"_monsterinsights_sitenote_active":false,"_monsterinsights_sitenote_note":"","_monsterinsights_sitenote_category":0,"footnotes":""},"class_list":["post-38","page","type-page","status-publish","hentry"],"acf":[],"_links":{"self":[{"href":"https:\/\/bio.ufpr.br\/biomedicina\/wp-json\/wp\/v2\/pages\/38","targetHints":{"allow":["GET"]}}],"collection":[{"href":"https:\/\/bio.ufpr.br\/biomedicina\/wp-json\/wp\/v2\/pages"}],"about":[{"href":"https:\/\/bio.ufpr.br\/biomedicina\/wp-json\/wp\/v2\/types\/page"}],"author":[{"embeddable":true,"href":"https:\/\/bio.ufpr.br\/biomedicina\/wp-json\/wp\/v2\/users\/8"}],"replies":[{"embeddable":true,"href":"https:\/\/bio.ufpr.br\/biomedicina\/wp-json\/wp\/v2\/comments?post=38"}],"version-history":[{"count":10,"href":"https:\/\/bio.ufpr.br\/biomedicina\/wp-json\/wp\/v2\/pages\/38\/revisions"}],"predecessor-version":[{"id":4520,"href":"https:\/\/bio.ufpr.br\/biomedicina\/wp-json\/wp\/v2\/pages\/38\/revisions\/4520"}],"wp:attachment":[{"href":"https:\/\/bio.ufpr.br\/biomedicina\/wp-json\/wp\/v2\/media?parent=38"}],"curies":[{"name":"wp","href":"https:\/\/api.w.org\/{rel}","templated":true}]}}