{"id":39,"date":"2013-06-14T14:27:39","date_gmt":"2013-06-14T14:27:39","guid":{"rendered":"https:\/\/bio.ufpr.br\/biomedicina\/?page_id=39"},"modified":"2014-10-01T20:12:33","modified_gmt":"2014-10-01T20:12:33","slug":"o-curso","status":"publish","type":"page","link":"https:\/\/bio.ufpr.br\/biomedicina\/o-curso\/","title":{"rendered":"O Curso"},"content":{"rendered":"<p>&nbsp;<\/p>\n<p>A profiss\u00e3o de Biom\u00e9dico se encontra\u00a0regulamentada pela Lei Federal n\u00b0 6.684,\u00a0de 3 de setembro de 1979 e Decreto\u00a0Federal n.\u00b0 88.439, de 28 de junho de\u00a01983. A mesma lei federal criou o\u00a0Conselho Federal de Biomedicina (CFBM)\u00a0e os Conselhos Regionais de Biomedicina\u00a0(CRBMs), com o objetivo de orientar,\u00a0disciplinar e fiscalizar o exerc\u00edcio da profiss\u00e3o de Biom\u00e9dico (Conselho Regional de Biomedicina &#8211; 1\u00aa Regi\u00e3o, 2009).<\/p>\n<p>&nbsp;<\/p>\n<p>O curso de Biomedicina da UFPR foi implantado no ano de 2010, quando do ingresso da primeira turma de alunos. No entanto, os primeiros esfor\u00e7os para sua cria\u00e7\u00e3o se iniciaram no Setor de Ci\u00eancias Biol\u00f3gicas no ano de 2006.\u00a0Autoriza\u00e7\u00e3o de Funcionamento &#8211; <a href=\"https:\/\/bio.ufpr.br\/biomedicina\/wp-content\/uploads\/sites\/4\/2013\/06\/Biomedicina-Cria\u00e7\u00e3oRes35-09.pdf\" target=\"_blank\">Resolu\u00e7\u00e3o n\u00ba 35\/09 COUN.<\/a> Portaria de Reconhecimento do Curso pelo MEC: <a href=\"https:\/\/bio.ufpr.br\/biomedicina\/wp-content\/uploads\/sites\/4\/2014\/10\/Biomedicina-reconhecimento-Port427DOU31.07.20142.pdf\" target=\"_blank\">Port. n\u00ba 427 de 28 julho de 2014<\/a>.<\/p>\n<p>&nbsp;<\/p>\n<p>Implantado em 2010, o Curso de Biomedicina da Universidade Federal do Paran\u00e1, prev\u00ea a forma\u00e7\u00e3o s\u00f3lida de profissionais capazes de atuar em diversas \u00e1reas\u00a0 relacionadas \u00e0s ci\u00eancias Biom\u00e9dicas e Biol\u00f3gicas. Com o diferencial de permitir ao acad\u00eamico a viv\u00eancia das rotinas em pesquisa cient\u00edfica, resgata o perfil idealizado para o Biom\u00e9dico na cria\u00e7\u00e3o da profiss\u00e3o: um profissional a servi\u00e7o da sa\u00fade e da ci\u00eancia.<\/p>\n<p>&nbsp;<\/p>\n<p>Com forma\u00e7\u00e3o atualizada e grade curricular abrangente, o acad\u00eamico de Biomedicina encontra disciplinas fundamentais para o entendimento de processos celulares e fisiol\u00f3gicos, que s\u00e3o de fundamental import\u00e2ncia para atua\u00e7\u00e3o biom\u00e9dica nos campos de diagn\u00f3stico e terap\u00eautica, que se relacionam \u00e0s ci\u00eancias da sa\u00fade. O diferencial do profissional formado pela UFPR reside na forma\u00e7\u00e3o cient\u00edfica e acad\u00eamica, que \u00e9 constru\u00edda desde o primeiro per\u00edodo com a inser\u00e7\u00e3o dos alunos em laborat\u00f3rios de pesquisa, tornando-os aptos a exercer atividades nos campos de analise laboratorial, da pesquisa e doc\u00eancia.<\/p>\n<p>&nbsp;<\/p>\n<p>Inserida no dia a dia e na hist\u00f3ria das universidades, a Biomedicina vem conquistando espa\u00e7o em laborat\u00f3rios, hospitais, bancos de sangue, institutos de pesquisa e ind\u00fastrias.\u00a0 Atualmente o Conselho Federal de Biomedicina reconhece diversas \u00e1reas de atua\u00e7\u00e3o do\u00a0 profissional de Biomedicina, entre elas a an\u00e1lise ambiental, microbiologia, citologia onc\u00f3tica, imunogen\u00e9tica, hematologia e bioqu\u00edmica, bancos de tecidos (sangue,pele, osso e gametas) virologia, sa\u00fade p\u00fablica, radiologia e imagenologia, an\u00e1lises bromatol\u00f3gicas, histologia, patologia, embriologia, reprodu\u00e7\u00e3o humana assistida, biologia molecular, inform\u00e1tica de sa\u00fade, anatomia patol\u00f3gica, farmacologia e toxicologia, medicina forense e perfus\u00e3o extracorp\u00f3rea, entre outras.<\/p>\n<p>&nbsp;<\/p>\n<p>&nbsp;<\/p>\n<p>Dura\u00e7\u00e3o do Curso: 4 anos<\/p>\n<p>Habilita\u00e7\u00e3o: Bacharelado<\/p>\n<p>Turno: integral \u2013 manh\u00e3 e tarde<\/p>\n<p>Vagas: 30 anuais<\/p>\n<p>Local: Setor de Ci\u00eancias Biol\u00f3gicas \u2013 Centro Polit\u00e9cnico<\/p>\n<p>Av. Cel. Francisco H. dos Santos , S\/N | Jd. das Am\u00e9ricas | Curitiba | PR | Brasil<\/p>\n<p>Telefone &#8211; (41) 3361-1744| Caixa Postal 19031\u00a0| CEP: 81531-980<\/p>\n<p>E-mail: biomedicina@ufpr.br \/ biomedicinaufpr@gmail.com<\/p>\n","protected":false},"excerpt":{"rendered":"<p>&nbsp; A profiss\u00e3o de Biom\u00e9dico se encontra\u00a0regulamentada pela Lei Federal n\u00b0 6.684,\u00a0de 3 de setembro de 1979 e Decreto\u00a0Federal n.\u00b0 88.439, de 28 de junho de\u00a01983. A mesma lei federal criou o\u00a0Conselho Federal de Biomedicina (CFBM)\u00a0e os Conselhos Regionais de Biomedicina\u00a0(CRBMs), com o objetivo de orientar,\u00a0disciplinar e fiscalizar o exerc\u00edcio da profiss\u00e3o de Biom\u00e9dico (Conselho [&hellip;]<\/p>\n","protected":false},"author":8,"featured_media":0,"parent":0,"menu_order":0,"comment_status":"open","ping_status":"open","template":"","meta":{"_acf_changed":false,"_monsterinsights_skip_tracking":false,"_monsterinsights_sitenote_active":false,"_monsterinsights_sitenote_note":"","_monsterinsights_sitenote_category":0,"footnotes":""},"class_list":["post-39","page","type-page","status-publish","hentry"],"acf":[],"_links":{"self":[{"href":"https:\/\/bio.ufpr.br\/biomedicina\/wp-json\/wp\/v2\/pages\/39","targetHints":{"allow":["GET"]}}],"collection":[{"href":"https:\/\/bio.ufpr.br\/biomedicina\/wp-json\/wp\/v2\/pages"}],"about":[{"href":"https:\/\/bio.ufpr.br\/biomedicina\/wp-json\/wp\/v2\/types\/page"}],"author":[{"embeddable":true,"href":"https:\/\/bio.ufpr.br\/biomedicina\/wp-json\/wp\/v2\/users\/8"}],"replies":[{"embeddable":true,"href":"https:\/\/bio.ufpr.br\/biomedicina\/wp-json\/wp\/v2\/comments?post=39"}],"version-history":[{"count":10,"href":"https:\/\/bio.ufpr.br\/biomedicina\/wp-json\/wp\/v2\/pages\/39\/revisions"}],"predecessor-version":[{"id":689,"href":"https:\/\/bio.ufpr.br\/biomedicina\/wp-json\/wp\/v2\/pages\/39\/revisions\/689"}],"wp:attachment":[{"href":"https:\/\/bio.ufpr.br\/biomedicina\/wp-json\/wp\/v2\/media?parent=39"}],"curies":[{"name":"wp","href":"https:\/\/api.w.org\/{rel}","templated":true}]}}