{"id":43,"date":"2025-07-22T15:01:49","date_gmt":"2025-07-22T13:01:49","guid":{"rendered":"https:\/\/bio.ufpr.br\/biomedicina\/?page_id=43"},"modified":"2025-07-22T18:13:04","modified_gmt":"2025-07-22T16:13:04","slug":"principais-datas","status":"publish","type":"page","link":"https:\/\/bio.ufpr.br\/biomedicina\/principais-datas\/","title":{"rendered":"CALEND\u00c1RIO ACAD\u00caMICO 2025 -2"},"content":{"rendered":"<p>A PROGRAD disponibiliza para toda a comunidade acad\u00eamica da UFPR os documentos que norteiam o calend\u00e1rio acad\u00eamico 2025.<\/p>\n<p><a href=\"https:\/\/bio.ufpr.br\/biomedicina\/wp-content\/uploads\/sites\/4\/2023\/08\/RESOLUCAO-No-19-24-CEPE-1.pdf\">RESOLUCAO-No-19-24-CEPE-1\u00a0<\/a>estabelece o calend\u00e1rio acad\u00eamico detalhado para o per\u00edodo letivo de 2025<\/p>\n<p><a href=\"https:\/\/bio.ufpr.br\/biomedicina\/wp-content\/uploads\/sites\/4\/2025\/02\/Calendario-UFPR-2025_Geral.pdf\">Orienta\u00e7\u00f5es gerais sobre o novo calend\u00e1rio 2025 (cursos de 15 e 18 semanas)<\/a><\/p>\n<h6><a href=\"https:\/\/bio.ufpr.br\/biomedicina\/wp-content\/uploads\/sites\/4\/2025\/07\/Ensalamento-2\u00b0SEM-2025-2.xlsx\">Ensalamento 2\u00b0SEM &#8211; 2025 <\/a><\/h6>\n<p>AS SOLICITA\u00c7\u00d5ES\u00a0 DE MATRICULA\u00a0 SER\u00c3O EFETUADAS\u00a0 VIA SISTEMA\u00a0 ELETR\u00d4NICO SIGA \u2013 UFPR,\u00a0 \/<a href=\"https:\/\/bio.ufpr.br\/biomedicina\/wp-content\/uploads\/sites\/4\/2025\/03\/Grade-Horaria-2025-2.xlsx\">PARA ACESSAR O HOR\u00c1RIO DAS DISCIPLINAS 2025-2\u00b0<\/a><\/p>\n<h6 style=\"text-align: right\">\u00a0Atualizado em 22 de julho de 2025<\/h6>\n<h6 style=\"text-align: right\"><\/h6>\n","protected":false},"excerpt":{"rendered":"<p>A PROGRAD disponibiliza para toda a comunidade acad\u00eamica da UFPR os documentos que norteiam o calend\u00e1rio acad\u00eamico 2025. RESOLUCAO-No-19-24-CEPE-1\u00a0estabelece o calend\u00e1rio acad\u00eamico detalhado para o per\u00edodo letivo de 2025 Orienta\u00e7\u00f5es gerais sobre o novo calend\u00e1rio 2025 (cursos de 15 e 18 semanas) Ensalamento 2\u00b0SEM &#8211; 2025 AS SOLICITA\u00c7\u00d5ES\u00a0 DE MATRICULA\u00a0 SER\u00c3O EFETUADAS\u00a0 VIA SISTEMA\u00a0 ELETR\u00d4NICO [&hellip;]<\/p>\n","protected":false},"author":8,"featured_media":0,"parent":0,"menu_order":0,"comment_status":"open","ping_status":"open","template":"","meta":{"_acf_changed":false,"_monsterinsights_skip_tracking":false,"_monsterinsights_sitenote_active":false,"_monsterinsights_sitenote_note":"","_monsterinsights_sitenote_category":0,"footnotes":""},"class_list":["post-43","page","type-page","status-publish","hentry"],"acf":[],"_links":{"self":[{"href":"https:\/\/bio.ufpr.br\/biomedicina\/wp-json\/wp\/v2\/pages\/43","targetHints":{"allow":["GET"]}}],"collection":[{"href":"https:\/\/bio.ufpr.br\/biomedicina\/wp-json\/wp\/v2\/pages"}],"about":[{"href":"https:\/\/bio.ufpr.br\/biomedicina\/wp-json\/wp\/v2\/types\/page"}],"author":[{"embeddable":true,"href":"https:\/\/bio.ufpr.br\/biomedicina\/wp-json\/wp\/v2\/users\/8"}],"replies":[{"embeddable":true,"href":"https:\/\/bio.ufpr.br\/biomedicina\/wp-json\/wp\/v2\/comments?post=43"}],"version-history":[{"count":37,"href":"https:\/\/bio.ufpr.br\/biomedicina\/wp-json\/wp\/v2\/pages\/43\/revisions"}],"predecessor-version":[{"id":4504,"href":"https:\/\/bio.ufpr.br\/biomedicina\/wp-json\/wp\/v2\/pages\/43\/revisions\/4504"}],"wp:attachment":[{"href":"https:\/\/bio.ufpr.br\/biomedicina\/wp-json\/wp\/v2\/media?parent=43"}],"curies":[{"name":"wp","href":"https:\/\/api.w.org\/{rel}","templated":true}]}}