{"id":45,"date":"2025-03-14T09:29:45","date_gmt":"2025-03-14T07:29:45","guid":{"rendered":"https:\/\/bio.ufpr.br\/biomedicina\/?page_id=45"},"modified":"2026-02-10T14:07:22","modified_gmt":"2026-02-10T12:07:22","slug":"formularios","status":"publish","type":"page","link":"https:\/\/bio.ufpr.br\/biomedicina\/formularios\/","title":{"rendered":"Formul\u00e1rios"},"content":{"rendered":"<table>\n<tbody>\n<tr>\n<td width=\"576\"><strong>ASSUNTO\/FORMUL\u00c1RIO<\/strong><\/td>\n<td width=\"392\"><strong>RESOLU\u00c7\u00c3O OU INSTRU\u00c7\u00c3O NORMATIVA<\/strong><\/td>\n<\/tr>\n<tr>\n<td><a href=\"https:\/\/bio.ufpr.br\/biomedicina\/wp-content\/uploads\/sites\/4\/2026\/02\/FORMULARIO-AJUSTE-MATRICULA-2026-1.doc\">FORMUL\u00c1RIO AJUSTE MATRICULA 2026-1<\/a><\/td>\n<td><\/td>\n<\/tr>\n<tr>\n<td><a href=\"https:\/\/bio.ufpr.br\/biomedicina\/wp-content\/uploads\/sites\/4\/2016\/03\/Formul\u00e1rio-de-Atividades-Formativas-Complementares.doc\" target=\"_blank\" rel=\"noopener\">Atividade Formativa<\/a><\/td>\n<td>Regulamento\u00a0<a href=\"https:\/\/bio.ufpr.br\/biomedicina\/wp-content\/uploads\/sites\/4\/2022\/01\/REGULAMENTO-E-ORIENTA\u00c7\u00d5ES-com-Altera\u00e7\u00f5es.pdf\">2010<\/a>\u00a0e\u00a0<a href=\"https:\/\/bio.ufpr.br\/biomedicina\/wp-content\/uploads\/sites\/4\/2022\/01\/Atividades-Formativas-Complementares.pdf\">2021<\/a>\u00a0<a href=\"https:\/\/bio.ufpr.br\/biomedicina\/wp-content\/uploads\/sites\/4\/2013\/06\/Formul\u00e1rio-de-Atividades-Formativas-Complementares-1.doc\">Formul\u00e1rios<\/a><\/td>\n<\/tr>\n<tr>\n<td><a href=\"https:\/\/bio.ufpr.br\/biomedicina\/wp-content\/uploads\/sites\/4\/2013\/06\/REGULAMENTO-EXTENS\u00c3O.pdf\">Extens\u00e3o<\/a><\/td>\n<td>\u00a0<a href=\"https:\/\/bio.ufpr.br\/biomedicina\/wp-content\/uploads\/sites\/4\/2013\/06\/REGULAMENTO-EXTENS\u00c3O.pdf\">Regulamento<\/a>\u00a0e\u00a0<a href=\"https:\/\/bio.ufpr.br\/biomedicina\/wp-content\/uploads\/sites\/4\/2013\/06\/formul\u00e1rio-extens\u00e3o.docx\">formul\u00e1rio\u00a0<\/a><\/td>\n<\/tr>\n<tr>\n<td><a href=\"https:\/\/bio.ufpr.br\/biomedicina\/wp-content\/uploads\/sites\/4\/2016\/06\/CANCELAMENTO-DE-DISCIPLINA.doc\" target=\"_blank\" rel=\"noopener\">Cancelamento de disciplinas<\/a><\/td>\n<td><a href=\"https:\/\/bio.ufpr.br\/biomedicina\/wp-content\/uploads\/sites\/4\/2013\/06\/cepe3797.pdf\" target=\"_blank\" rel=\"noopener\">Art. 60 da Resolu\u00e7\u00e3o 37\/97 &#8211; CEPE<\/a><\/td>\n<\/tr>\n<tr>\n<td><\/td>\n<td><\/td>\n<\/tr>\n<tr>\n<td><a href=\"https:\/\/bio.ufpr.br\/biomedicina\/wp-content\/uploads\/sites\/4\/2016\/05\/EQUIVAL\u00caNCIA.doc\" target=\"_blank\" rel=\"noopener\">Equival\u00eancia<\/a><\/td>\n<td width=\"392\"><a href=\"https:\/\/bio.ufpr.br\/biomedicina\/wp-content\/uploads\/sites\/4\/2016\/06\/Equivalencia-Ajuste-e-da-Reformula\u00e7\u00e3o-Curricular-da-Equival\u00eancia-e-do-Aproveitamento-cepe0610.pdf\" target=\"_blank\" rel=\"noopener\">Resolu\u00e7\u00e3o 06\/10 &#8211; CEPE<\/a><br \/>\n<a href=\"https:\/\/bio.ufpr.br\/biomedicina\/wp-content\/uploads\/sites\/4\/2016\/06\/cepe9213.pdf\" target=\"_blank\" rel=\"noopener\">Resolu\u00e7\u00e3o 92\/13 &#8211; CEPE<\/a><br \/>\n<a href=\"https:\/\/bio.ufpr.br\/biomedicina\/wp-content\/uploads\/sites\/4\/2016\/06\/in_01-14-CEPE.pdf\" target=\"_blank\" rel=\"noopener\">Instru\u00e7\u00e3o Normativa 01\/14 &#8211; CEPE<\/a><\/td>\n<\/tr>\n<tr>\n<td><\/td>\n<td width=\"392\"><\/td>\n<\/tr>\n<tr>\n<td><a href=\"https:\/\/bio.ufpr.br\/biomedicina\/wp-content\/uploads\/sites\/4\/2016\/06\/EXAME-DE-ADIANTAMENTO.doc\" target=\"_blank\" rel=\"noopener\">Exame de Adiantamento de Conhecimento<\/a><\/td>\n<td rowspan=\"2\" width=\"392\"><a href=\"https:\/\/bio.ufpr.br\/biomedicina\/wp-content\/uploads\/sites\/4\/2016\/06\/cepe9213.pdf\" target=\"_blank\" rel=\"noopener\">Resolu\u00e7\u00e3o 92\/13 &#8211; CEPE<\/a><br \/>\n<a href=\"https:\/\/bio.ufpr.br\/biomedicina\/wp-content\/uploads\/sites\/4\/2016\/06\/in_01-14-CEPE.pdf\" target=\"_blank\" rel=\"noopener\">Instru\u00e7\u00e3o Normativa 01\/14 &#8211; CEPE<\/a><\/td>\n<\/tr>\n<tr>\n<td><a href=\"https:\/\/bio.ufpr.br\/biomedicina\/wp-content\/uploads\/sites\/4\/2016\/06\/EXAME-DE-APROVEITAMENTO-REPROVA\u00c7\u00c3O.doc\" target=\"_blank\" rel=\"noopener\">Exame de Aproveitamento de Conhecimento por reprova\u00e7\u00e3o<\/a><\/td>\n<\/tr>\n<tr>\n<td><\/td>\n<td width=\"392\"><\/td>\n<\/tr>\n<tr>\n<td><a href=\"https:\/\/bio.ufpr.br\/biomedicina\/wp-content\/uploads\/sites\/4\/2016\/06\/EXERC\u00cdCIOS-DOMICILIARES-PARA-TRATAMENTO-DE-SA\u00daDE.doc\" target=\"_blank\" rel=\"noopener\"><span style=\"line-height: 1.5em\">Exerc\u00edcios domiciliares para tratamento de sa\u00fade<\/span><\/a><\/td>\n<td rowspan=\"2\"><a href=\"https:\/\/bio.ufpr.br\/biomedicina\/wp-content\/uploads\/sites\/4\/2013\/06\/cepe3797.pdf\" target=\"_blank\" rel=\"noopener\">Art. 84 e 85 da Resolu\u00e7\u00e3o 37\/97 &#8211; CEPE<\/a><\/td>\n<\/tr>\n<tr>\n<td><a href=\"https:\/\/bio.ufpr.br\/biomedicina\/wp-content\/uploads\/sites\/4\/2013\/06\/LICEN\u00c7A-GESTANTE.doc\" target=\"_blank\" rel=\"noopener\">Exerc\u00edcios domiciliares &#8211; gestante<\/a><\/td>\n<\/tr>\n<tr>\n<td><\/td>\n<td><\/td>\n<\/tr>\n<tr>\n<td><a href=\"https:\/\/bio.ufpr.br\/biomedicina\/wp-content\/uploads\/sites\/4\/2016\/06\/INTERCAMBIO-adi\u00e7\u00e3o-no-curriculo.doc\" target=\"_blank\" rel=\"noopener\">Inclus\u00e3o de disciplinas cursadas em interc\u00e2mbio (CsF) no hist\u00f3rico escolar como optativas\u00a0<\/a><\/td>\n<td><a href=\"https:\/\/bio.ufpr.br\/biomedicina\/wp-content\/uploads\/sites\/4\/2016\/06\/Termo-de-ades\u00e3o-ao-Programa-Ci\u00eancia-sem-Fronteiras-UFPR.pdf\" target=\"_blank\" rel=\"noopener\">Acordo de Ades\u00e3o &#8211; Chamada P\u00fablica n\u00ba 001\/2011<\/a><\/td>\n<\/tr>\n<tr>\n<td><\/td>\n<td><\/td>\n<\/tr>\n<tr>\n<td><a href=\"https:\/\/bio.ufpr.br\/biomedicina\/wp-content\/uploads\/sites\/4\/2016\/06\/ELETIVA.pdf\" target=\"_blank\" rel=\"noopener\">Matr\u00edcula em disciplina ELETIVA<\/a><\/td>\n<td><a href=\"https:\/\/bio.ufpr.br\/biomedicina\/wp-content\/uploads\/sites\/4\/2013\/06\/cepe3797.pdf\" target=\"_blank\" rel=\"noopener\">Art. 55 a 59 da Resolu\u00e7\u00e3o 37\/97 &#8211; CEPE <\/a>e <a href=\"https:\/\/bio.ufpr.br\/biomedicina\/wp-content\/uploads\/sites\/4\/2017\/07\/Procedimento-para-Matricula-em-disciplinas-Eletivas.pdf\">Procedimento para Matricula em disciplinas Eletivas<\/a><\/td>\n<\/tr>\n<tr>\n<td><\/td>\n<td><\/td>\n<\/tr>\n<tr>\n<td><a href=\"https:\/\/bio.ufpr.br\/biomedicina\/wp-content\/uploads\/sites\/4\/2016\/06\/ISOLADA.pdf\" target=\"_blank\" rel=\"noopener\">Matr\u00edcula em disciplina ISOLADA<\/a><\/td>\n<td><a href=\"https:\/\/bio.ufpr.br\/biomedicina\/wp-content\/uploads\/sites\/4\/2013\/06\/cepe3797.pdf\" target=\"_blank\" rel=\"noopener\">Art. 26 a 28 da Resolu\u00e7\u00e3o 37\/97 &#8211; CEPE<\/a> e <a href=\"https:\/\/bio.ufpr.br\/biomedicina\/wp-content\/uploads\/sites\/4\/2017\/07\/Matr\u00edcula-em-Disciplinas-Isoladas.pdf\">Procedimento para Matricula em disciplinas Isoladas<\/a><\/td>\n<\/tr>\n<tr>\n<td><\/td>\n<td><\/td>\n<\/tr>\n<tr>\n<td><a href=\"https:\/\/bio.ufpr.br\/biomedicina\/wp-content\/uploads\/sites\/4\/2024\/11\/REQUERIMENTO-PARA-SOLICITACAO-DE-2-VIA-DE-DIPLOMA-atual.pdf\">REQUERIMENTO-PARA-SOLICITACAO-DE-2-VIA-DE-DIPLOMA -atual<\/a><\/td>\n<td>&#8211;<\/td>\n<\/tr>\n<tr>\n<td><a href=\"https:\/\/bio.ufpr.br\/biomedicina\/wp-content\/uploads\/sites\/4\/2024\/11\/REQUERIMENTO-DE-IMPRESSAO-DA-RVDD-DO-DIPLOMA-DIGITAL-atual.pdf\">REQUERIMENTO DE IMPRESS\u00c3O DA RVDD DO DIPLOMA DIGITAL &#8211; atual<\/a><\/td>\n<td><\/td>\n<\/tr>\n<tr>\n<td><a href=\"http:\/\/www.prograd.ufpr.br\/cge\/\" target=\"_blank\" rel=\"noopener\">Contrato de est\u00e1gio (deve ser impresso da p\u00e1gina da CGE)<\/a><\/td>\n<td><a href=\"http:\/\/200.17.193.102\/tela_estagio_formularios\/\" target=\"_blank\" rel=\"noopener\">http:\/\/200.17.193.102\/tela_estagio_formularios\/<\/a><\/td>\n<\/tr>\n<tr>\n<td><a href=\"https:\/\/bio.ufpr.br\/biomedicina\/wp-content\/uploads\/sites\/4\/2016\/06\/SOLICITA\u00c7\u00c3O-DE-MATRICULA.doc\" target=\"_blank\" rel=\"noopener\">Solicita\u00e7\u00e3o de matr\u00edcula em Est\u00e1gio Supervisionado<\/a><\/td>\n<td rowspan=\"4\"><a href=\"https:\/\/bio.ufpr.br\/biomedicina\/wp-content\/uploads\/sites\/4\/2016\/06\/REGULAMENTO-E-ORIENTA\u00c7\u00d5ES.doc\" target=\"_blank\" rel=\"noopener\">Regulamento<\/a> e <a href=\"https:\/\/bio.ufpr.br\/biomedicina\/estagios\/\" target=\"_blank\" rel=\"noopener\">Instru\u00e7\u00f5es<\/a><\/td>\n<\/tr>\n<tr>\n<td><a href=\"https:\/\/bio.ufpr.br\/biomedicina\/wp-content\/uploads\/sites\/4\/2014\/12\/FICHA-DE-AVALIA\u00c7\u00c3O-SUPERVISOR.docx\" target=\"_blank\" rel=\"noopener\">Ficha de Avalia\u00e7\u00e3o (local de est\u00e1gio)<\/a><\/td>\n<\/tr>\n<tr>\n<td><a href=\"https:\/\/bio.ufpr.br\/biomedicina\/wp-content\/uploads\/sites\/4\/2014\/12\/FICHA-DE-AVALIA\u00c7\u00c3O-ORIENTADOR.docx\" target=\"_blank\" rel=\"noopener\">Ficha de Avalia\u00e7\u00e3o Final (orientador UFPR)<\/a><\/td>\n<\/tr>\n<tr>\n<td><a href=\"https:\/\/bio.ufpr.br\/biomedicina\/wp-content\/uploads\/sites\/4\/2015\/03\/RELATORIO-FINAL-EST\u00c1GIO-PARA-PREENCHIMENTO-AO-FINAL-DO-SEMESTRE.doc\" target=\"_blank\" rel=\"noopener\">Relat\u00f3rio Final do Estudante <\/a><\/td>\n<\/tr>\n<tr>\n<td><\/td>\n<td><\/td>\n<\/tr>\n<tr>\n<td><a href=\"https:\/\/bio.ufpr.br\/biomedicina\/wp-content\/uploads\/sites\/4\/2025\/03\/DECLARACAO-ORIENTADOR-CHEFE-atualizada.docx\">DECLARA\u00c7\u00c3O ORIENTADOR-CHEFE<\/a><\/td>\n<td rowspan=\"2\"><a href=\"https:\/\/bio.ufpr.br\/biomedicina\/wp-content\/uploads\/sites\/4\/2016\/06\/REGULAMENTO.pdf\" target=\"_blank\" rel=\"noopener\">Regulamento<\/a> e <a href=\"https:\/\/bio.ufpr.br\/biomedicina\/trabalho-de-conclusao\/\" target=\"_blank\" rel=\"noopener\">Instru\u00e7\u00f5es<\/a><\/td>\n<\/tr>\n<tr>\n<td><a href=\"https:\/\/bio.ufpr.br\/biomedicina\/wp-content\/uploads\/sites\/4\/2025\/03\/FICHA-DE-AVALIACAO-DO-TCC.doc\">Ficha de Avalia\u00e7\u00e3o da Banca\u00a0 Bmed019<\/a><\/td>\n<\/tr>\n<tr>\n<td><a href=\"https:\/\/bio.ufpr.br\/biomedicina\/wp-content\/uploads\/sites\/4\/2017\/01\/DECLARA\u00c7\u00c3O-VERS\u00c3O-FINAL-TCC.doc\">Declara\u00e7\u00e3o Vers\u00e3o Final TCC<\/a><\/td>\n<td><\/td>\n<\/tr>\n<tr>\n<td><\/td>\n<td><\/td>\n<\/tr>\n<tr>\n<td><a href=\"https:\/\/bio.ufpr.br\/biomedicina\/wp-content\/uploads\/sites\/4\/2025\/02\/FORMULARIO-DE-PEDIDO-DE-QUEBRA-DE-PRE-REQUISITO-2025.docx\">Solicita\u00e7\u00e3o de quebra de pr\u00e9-requisito 2025<\/a><\/td>\n<td><a href=\"https:\/\/bio.ufpr.br\/biomedicina\/wp-content\/uploads\/sites\/4\/2016\/06\/cepe6310.pdf\" target=\"_blank\" rel=\"noopener\">Resolu\u00e7\u00e3o 63\/10 &#8211; CEPE<\/a><\/td>\n<\/tr>\n<tr>\n<td><\/td>\n<td><\/td>\n<\/tr>\n<tr>\n<td width=\"576\"><a href=\"https:\/\/bio.ufpr.br\/biomedicina\/wp-content\/uploads\/sites\/4\/2016\/06\/NOVO-FORMUL\u00c1RIO-DE-TRANCAMENTO.pdf\" target=\"_blank\" rel=\"noopener\">Solicita\u00e7\u00e3o de Trancamento de Curso<\/a><br \/>\n<a href=\"https:\/\/bio.ufpr.br\/biomedicina\/wp-content\/uploads\/sites\/4\/2016\/06\/FORMUL\u00c1RIO-DE-DESTRANCAMENTO.pdf\" target=\"_blank\" rel=\"noopener\">Solicita\u00e7\u00e3o de destrancamento de Curso<\/a><\/td>\n<td><a href=\"https:\/\/bio.ufpr.br\/biomedicina\/wp-content\/uploads\/sites\/4\/2016\/06\/TRANCAMENTO_cepe9715.pdf\" target=\"_blank\" rel=\"noopener\">Res. 97\/15 &#8211; CEPE<\/a><\/td>\n<\/tr>\n<tr>\n<td width=\"576\"><\/td>\n<td><\/td>\n<\/tr>\n<tr>\n<td width=\"576\"><a href=\"https:\/\/bio.ufpr.br\/biomedicina\/wp-content\/uploads\/sites\/4\/2013\/06\/REQUERIMENTO-2\u00aa-VIA-COORDENA\u00c7\u00d5ES-1.pdf\">Requerimento 2\u00aa Via Coordena\u00e7\u00f5es-1<\/a><\/td>\n<td><a href=\"https:\/\/bio.ufpr.br\/biomedicina\/wp-content\/uploads\/sites\/4\/2013\/06\/Res-16-17-COPLAD-taxas-diplomas.pdf\">Res-16-17-COPLAD<\/a><\/td>\n<\/tr>\n<tr>\n<td><a href=\"https:\/\/bio.ufpr.br\/biomedicina\/wp-content\/uploads\/sites\/4\/2014\/04\/SOLICITA\u00c7\u00d5ES-GERAIS.doc\" target=\"_blank\" rel=\"noopener\">Solicita\u00e7\u00f5es gerais<\/a><\/td>\n<td>&#8211;<\/td>\n<\/tr>\n<\/tbody>\n<\/table>\n<p>27<!--more--><\/p>\n","protected":false},"excerpt":{"rendered":"<p>ASSUNTO\/FORMUL\u00c1RIO RESOLU\u00c7\u00c3O OU INSTRU\u00c7\u00c3O NORMATIVA FORMUL\u00c1RIO AJUSTE MATRICULA 2026-1 Atividade Formativa Regulamento\u00a02010\u00a0e\u00a02021\u00a0Formul\u00e1rios Extens\u00e3o \u00a0Regulamento\u00a0e\u00a0formul\u00e1rio\u00a0 Cancelamento de disciplinas Art. 60 da Resolu\u00e7\u00e3o 37\/97 &#8211; CEPE Equival\u00eancia Resolu\u00e7\u00e3o 06\/10 &#8211; CEPE Resolu\u00e7\u00e3o 92\/13 &#8211; CEPE Instru\u00e7\u00e3o Normativa 01\/14 &#8211; CEPE Exame de Adiantamento de Conhecimento Resolu\u00e7\u00e3o 92\/13 &#8211; CEPE Instru\u00e7\u00e3o Normativa 01\/14 &#8211; CEPE Exame de Aproveitamento [&hellip;]<\/p>\n","protected":false},"author":8,"featured_media":0,"parent":0,"menu_order":0,"comment_status":"open","ping_status":"open","template":"","meta":{"_acf_changed":false,"_monsterinsights_skip_tracking":false,"_monsterinsights_sitenote_active":false,"_monsterinsights_sitenote_note":"","_monsterinsights_sitenote_category":0,"footnotes":""},"class_list":["post-45","page","type-page","status-publish","hentry"],"acf":[],"_links":{"self":[{"href":"https:\/\/bio.ufpr.br\/biomedicina\/wp-json\/wp\/v2\/pages\/45","targetHints":{"allow":["GET"]}}],"collection":[{"href":"https:\/\/bio.ufpr.br\/biomedicina\/wp-json\/wp\/v2\/pages"}],"about":[{"href":"https:\/\/bio.ufpr.br\/biomedicina\/wp-json\/wp\/v2\/types\/page"}],"author":[{"embeddable":true,"href":"https:\/\/bio.ufpr.br\/biomedicina\/wp-json\/wp\/v2\/users\/8"}],"replies":[{"embeddable":true,"href":"https:\/\/bio.ufpr.br\/biomedicina\/wp-json\/wp\/v2\/comments?post=45"}],"version-history":[{"count":43,"href":"https:\/\/bio.ufpr.br\/biomedicina\/wp-json\/wp\/v2\/pages\/45\/revisions"}],"predecessor-version":[{"id":4688,"href":"https:\/\/bio.ufpr.br\/biomedicina\/wp-json\/wp\/v2\/pages\/45\/revisions\/4688"}],"wp:attachment":[{"href":"https:\/\/bio.ufpr.br\/biomedicina\/wp-json\/wp\/v2\/media?parent=45"}],"curies":[{"name":"wp","href":"https:\/\/api.w.org\/{rel}","templated":true}]}}