{"id":46,"date":"2025-03-13T08:59:01","date_gmt":"2025-03-13T06:59:01","guid":{"rendered":"https:\/\/bio.ufpr.br\/biomedicina\/?page_id=46"},"modified":"2025-03-13T21:10:37","modified_gmt":"2025-03-13T19:10:37","slug":"trabalho-de-conclusao","status":"publish","type":"page","link":"https:\/\/bio.ufpr.br\/biomedicina\/trabalho-de-conclusao\/","title":{"rendered":"Trabalho de Conclus\u00e3o  do Curso de Biomedicina"},"content":{"rendered":"<p>A realiza\u00e7\u00e3o do Trabalho de Conclus\u00e3o de Curso (TCC) est\u00e1 vinculada as disciplina\u00a0 TCC ( Bmed019), \u00e9 ofertada todo semestre, sendo requisito parcial obrigat\u00f3rio para obten\u00e7\u00e3o do diploma de gradua\u00e7\u00e3o na habilita\u00e7\u00e3o de bacharelado em Biomedicina.<\/p>\n<p><strong>1. Principais caracter\u00edsticas:<\/strong><\/p>\n<ul>\n<li>O Trabalho de Conclus\u00e3o de Curso &#8211; TCC ( Bmed019) &#8211; poder\u00e1 ser realizado individualmente ou em dupla;<\/li>\n<li>A pesquisa poder\u00e1 ser de car\u00e1ter te\u00f3rico ou pr\u00e1tico;<\/li>\n<li>Caso seja necess\u00e1rio e em acordo com o Professor Orientador o aluno poder\u00e1 valer-se de um Co-orientador;<\/li>\n<\/ul>\n<p><strong>2. Procedimentos para a matr\u00edcula:<\/strong><\/p>\n<p>\u00c9 de responsabilidade do aluno periodizado e com eminente aprova\u00e7\u00e3o no 6\u00ba per\u00edodo estabelecer contato com um professor da UFPR, da \u00e1rea de seu interesse, para orient\u00e1-lo em seu trabalho de conclus\u00e3o de curso.<\/p>\n<p>O professor Orientador dever\u00e1 entregar \u00e0 Coordena\u00e7\u00e3o do Curso o termo de responsabilidade da orienta\u00e7\u00e3o de TCC com a anu\u00eancia da Chefia de seu Departamento .<\/p>\n<p>O aluno dever\u00e1 solicitar matricula atrav\u00e9s do SIGA entregar os seguintes documentos \u00e0 Coordena\u00e7\u00e3o :<\/p>\n<ul>\n<li><a href=\"https:\/\/bio.ufpr.br\/biomedicina\/wp-content\/uploads\/sites\/4\/2025\/03\/DECLARACAO-ORIENTADOR-CHEFE-atualizada.docx\">DECLARA\u00c7\u00c3O ORIENTADOR-CHEFE\u00a0<\/a><\/li>\n<\/ul>\n<p><strong>3. AVALIA\u00c7\u00c3O:<\/strong><\/p>\n<p>Os procedimentos e crit\u00e9rios de avalia\u00e7\u00e3o do\u00a0 Trabalho Final, na disciplina\u00a0 Bmed019 &#8211; TCC, encontram-se no <a href=\"https:\/\/bio.ufpr.br\/biomedicina\/wp-content\/uploads\/sites\/4\/2022\/02\/REGULAMENTO-Bmed019.pdf\">REGULAMENTO-Bmed019<\/a>\u00a0do Curso.<\/p>\n<p>O formul\u00e1rio abaixo dever\u00e1 ser preenchida no dia da apresenta\u00e7\u00e3o do trabalho e entregue na Coordena\u00e7\u00e3o do Curso no prazo estabelecido:<\/p>\n<p><a href=\"https:\/\/bio.ufpr.br\/biomedicina\/wp-content\/uploads\/sites\/4\/2013\/06\/FICHA-DE-AVALIA\u00c7\u00c3O-DO-TCCI.doc\">TCCI<\/a><\/p>\n<p><a href=\"https:\/\/bio.ufpr.br\/biomedicina\/wp-content\/uploads\/sites\/4\/2014\/12\/FICHA-DE-AVALIA\u00c7\u00c3O-DO-TCCII.doc\" target=\"_blank\" rel=\"noopener\">TCC II<\/a><\/p>\n<p><strong>IMPORTANTE:<\/strong><\/p>\n<p>Ao concluir o TCC\u00a0 a vers\u00e3o final do trabalho dever\u00e1 ser encaminhada de forma digital (formato pdf.) para a Coordena\u00e7\u00e3o do Curso, no prazo estipulado, para ser inclu\u00eddo no Reposit\u00f3rio Digital Institucional da UFPR.<\/p>\n<p><strong>ORIENTA\u00c7\u00d5ES<\/strong><\/p>\n<p><a href=\"https:\/\/bio.ufpr.br\/biomedicina\/wp-content\/uploads\/sites\/4\/2025\/03\/ORIENTACOES-2025-1.pdf\">ORIENTA\u00c7\u00d5ES\u00a0 TCC 2025-1<\/a><\/p>\n<p>&nbsp;<\/p>\n<p><strong>Demais informa\u00e7\u00f5es:<\/strong><\/p>\n<p>Consulte o <a href=\"https:\/\/bio.ufpr.br\/biomedicina\/wp-content\/uploads\/sites\/4\/2022\/02\/REGULAMENTO-Bmed019.pdf\">REGULAMENTO-Bmed019<\/a><\/p>\n<p><b>\u00a0<\/b><\/p>\n","protected":false},"excerpt":{"rendered":"<p>A realiza\u00e7\u00e3o do Trabalho de Conclus\u00e3o de Curso (TCC) est\u00e1 vinculada as disciplina\u00a0 TCC ( Bmed019), \u00e9 ofertada todo semestre, sendo requisito parcial obrigat\u00f3rio para obten\u00e7\u00e3o do diploma de gradua\u00e7\u00e3o na habilita\u00e7\u00e3o de bacharelado em Biomedicina. 1. Principais caracter\u00edsticas: O Trabalho de Conclus\u00e3o de Curso &#8211; TCC ( Bmed019) &#8211; poder\u00e1 ser realizado individualmente ou [&hellip;]<\/p>\n","protected":false},"author":8,"featured_media":0,"parent":0,"menu_order":0,"comment_status":"open","ping_status":"open","template":"","meta":{"_acf_changed":false,"_monsterinsights_skip_tracking":false,"_monsterinsights_sitenote_active":false,"_monsterinsights_sitenote_note":"","_monsterinsights_sitenote_category":0,"footnotes":""},"class_list":["post-46","page","type-page","status-publish","hentry"],"acf":[],"_links":{"self":[{"href":"https:\/\/bio.ufpr.br\/biomedicina\/wp-json\/wp\/v2\/pages\/46","targetHints":{"allow":["GET"]}}],"collection":[{"href":"https:\/\/bio.ufpr.br\/biomedicina\/wp-json\/wp\/v2\/pages"}],"about":[{"href":"https:\/\/bio.ufpr.br\/biomedicina\/wp-json\/wp\/v2\/types\/page"}],"author":[{"embeddable":true,"href":"https:\/\/bio.ufpr.br\/biomedicina\/wp-json\/wp\/v2\/users\/8"}],"replies":[{"embeddable":true,"href":"https:\/\/bio.ufpr.br\/biomedicina\/wp-json\/wp\/v2\/comments?post=46"}],"version-history":[{"count":52,"href":"https:\/\/bio.ufpr.br\/biomedicina\/wp-json\/wp\/v2\/pages\/46\/revisions"}],"predecessor-version":[{"id":4295,"href":"https:\/\/bio.ufpr.br\/biomedicina\/wp-json\/wp\/v2\/pages\/46\/revisions\/4295"}],"wp:attachment":[{"href":"https:\/\/bio.ufpr.br\/biomedicina\/wp-json\/wp\/v2\/media?parent=46"}],"curies":[{"name":"wp","href":"https:\/\/api.w.org\/{rel}","templated":true}]}}