{"id":48,"date":"2025-12-03T11:29:49","date_gmt":"2025-12-03T09:29:49","guid":{"rendered":"https:\/\/bio.ufpr.br\/biomedicina\/?page_id=48"},"modified":"2025-12-03T17:24:35","modified_gmt":"2025-12-03T15:24:35","slug":"atividades-formativas","status":"publish","type":"page","link":"https:\/\/bio.ufpr.br\/biomedicina\/atividades-formativas\/","title":{"rendered":"Procedimento de Atividades Formativas e de Extens\u00e3o"},"content":{"rendered":"<div class=\"size-full [&amp;&gt;*:first-child]:mt-0 [&amp;&gt;*:last-child]:mb-0 space-y-2\">\n<div class=\"mx-auto mt-4 mb-2 w-full max-w-3xl\">\n<p>&nbsp;<\/p>\n<\/div>\n<\/div>\n<h1 class=\"mx-auto w-full max-w-3xl text-2xl font-semibold\" style=\"text-align: center\">Requisitos Gerais Atividades Formativas<\/h1>\n<h2 class=\"mx-auto w-full max-w-3xl text-2xl font-semibold\">1. Carga Hor\u00e1ria<\/h2>\n<p>Todo discente do Curso de Biomedicina dever\u00e1 cumprir obrigatoriamente\u00a0<span class=\"font-semibold\">cento e vinte horas (120h)<\/span>\u00a0de atividades formativas ao longo de sua trajet\u00f3ria acad\u00eamica. Essas atividades constituem-se componente curricular essencial e integram os requisitos para conclus\u00e3o do curso.<\/p>\n<p class=\"size-full [&amp;&gt;*:first-child]:mt-0 [&amp;&gt;*:last-child]:mb-0 space-y-2\">\n<hr class=\"my-6 border-border\" data-streamdown=\"horizontal-rule\" \/>\n<p>&nbsp;<\/p>\n<div class=\"size-full [&amp;&gt;*:first-child]:mt-0 [&amp;&gt;*:last-child]:mb-0 space-y-2\">\n<h1 class=\"mx-auto w-full max-w-3xl text-2xl font-semibold\" style=\"text-align: center\">\u00a0Procedimento para Atividades Formativas<\/h1>\n<p>&nbsp;<\/p>\n<\/div>\n<div class=\"size-full [&amp;&gt;*:first-child]:mt-0 [&amp;&gt;*:last-child]:mb-0 space-y-2\">\n<div class=\"mx-auto mt-3 mb-2 w-full max-w-3xl\">\n<h2 class=\"text-xl font-semibold\">2.1 Instru\u00e7\u00f5es Gerais<\/h2>\n<\/div>\n<\/div>\n<div class=\"size-full [&amp;&gt;*:first-child]:mt-0 [&amp;&gt;*:last-child]:mb-0 space-y-2\">\n<p>Para registro e valida\u00e7\u00e3o das atividades formativas realizadas, no s\u00e9timo per\u00edodo (Pen\u00faltimo semestre de conclus\u00e3o de curso) o discente dever\u00e1 seguir o procedimento descrito a seguir:<\/p>\n<\/div>\n<div class=\"size-full [&amp;&gt;*:first-child]:mt-0 [&amp;&gt;*:last-child]:mb-0 space-y-2\"><\/div>\n<div class=\"size-full [&amp;&gt;*:first-child]:mt-0 [&amp;&gt;*:last-child]:mb-0 space-y-2\">\n<p><span class=\"font-semibold\">a) Preenchimento da documenta\u00e7\u00e3o:<\/span> Preencha integralmente o <a href=\"https:\/\/bio.ufpr.br\/biomedicina\/wp-content\/uploads\/sites\/4\/2016\/05\/Formul\u00e1rio-de-Atividades-Formativas-Complementares.doc\" target=\"_blank\" rel=\"noopener\">FORMUL\u00c1RIO DE ATIVIDADES FORMATIVAS\u00a0<\/a> de registro de atividades formativas, respeitando a estrutura e campos solicitados, com informa\u00e7\u00f5es precisas e completas relativas a cada atividade realizada.<\/p>\n<\/div>\n<div class=\"size-full [&amp;&gt;*:first-child]:mt-0 [&amp;&gt;*:last-child]:mb-0 space-y-2\"><\/div>\n<div class=\"size-full [&amp;&gt;*:first-child]:mt-0 [&amp;&gt;*:last-child]:mb-0 space-y-2\">\n<p><span class=\"font-semibold\">b) Anexa\u00e7\u00e3o de comprovantes:<\/span> Anexe ao <a href=\"https:\/\/bio.ufpr.br\/biomedicina\/wp-content\/uploads\/sites\/4\/2016\/05\/Formul\u00e1rio-de-Atividades-Formativas-Complementares.doc\" target=\"_blank\" rel=\"noopener\">FORMUL\u00c1RIO DE ATIVIDADES FORMATIVAS\u00a0<\/a> as c\u00f3pias dos comprovantes de realiza\u00e7\u00e3o das atividades (certificados, declara\u00e7\u00f5es, atestados de participa\u00e7\u00e3o, etc.), mantendo rigorosamente a\u00a0<span class=\"font-semibold\">mesma ordem em que as atividades foram listadas no formul\u00e1rio<\/span>. A correspond\u00eancia entre ordem de listagem e ordem de anexa\u00e7\u00e3o \u00e9 essencial para adequada verifica\u00e7\u00e3o administrativa.<\/p>\n<\/div>\n<div class=\"size-full [&amp;&gt;*:first-child]:mt-0 [&amp;&gt;*:last-child]:mb-0 space-y-2\"><\/div>\n<div class=\"size-full [&amp;&gt;*:first-child]:mt-0 [&amp;&gt;*:last-child]:mb-0 space-y-2\">\n<p><span class=\"font-semibold\">c) Entrega da documenta\u00e7\u00e3o:<\/span>\u00a0A documenta\u00e7\u00e3o completa poder\u00e1 ser entregue por meio de:<\/p>\n<\/div>\n<div class=\"size-full [&amp;&gt;*:first-child]:mt-0 [&amp;&gt;*:last-child]:mb-0 space-y-2\">\n<ul class=\"ml-1 list-outside list-disc\">\n<li class=\"py-0\">Envio para os endere\u00e7os eletr\u00f4nicos: biomedicina@ufpr.br<\/li>\n<li class=\"py-0\">Entrega pessoal na secretaria do curso, observando hor\u00e1rios de funcionamento<\/li>\n<\/ul>\n<\/div>\n<p>&nbsp;<\/p>\n<p class=\"size-full [&amp;&gt;*:first-child]:mt-0 [&amp;&gt;*:last-child]:mb-0 space-y-2\">Obs: <strong>O aluno dever\u00e1 realizar as suas atividades Formativas em pelo menos tr\u00eas (02) dos grupos descritos na tabela abaixo e a\u00a0\u00a0avalia\u00e7\u00e3o das atividades realizadas e comprovadas ter\u00e1 como base os seguintes crit\u00e9rios<\/strong><\/p>\n<p>&nbsp;<\/p>\n<p>&nbsp;<\/p>\n<div class=\"size-full [&amp;&gt;*:first-child]:mt-0 [&amp;&gt;*:last-child]:mb-0 space-y-2\">\n<div class=\"mx-auto mt-3 mb-2 w-full max-w-3xl\">\n<h1 class=\"text-xl font-semibold\" style=\"text-align: center\">Relato de Todas as Atividades Formativas<\/h1>\n<p>&nbsp;<\/p>\n<\/div>\n<\/div>\n<p class=\"size-full [&amp;&gt;*:first-child]:mt-0 [&amp;&gt;*:last-child]:mb-0 space-y-2\">O discente dever\u00e1 informar todas as atividades realizadas no per\u00edodo,\u00a0<span class=\"font-semibold\">inclusive aquelas que ainda n\u00e3o tenham sido formalmente conclu\u00eddas ou se encontrem em fase de aguardo de certifica\u00e7\u00e3o<\/span>. Para atividades nesta situa\u00e7\u00e3o, deve-se indicar explicitamente o status correspondente:<\/p>\n<ul class=\"ml-1 list-outside list-disc\">\n<li class=\"py-0\"><span class=\"font-semibold\">Em andamento:<\/span>\u00a0para atividades ainda em desenvolvimento<\/li>\n<li class=\"py-0\"><span class=\"font-semibold\">Aguardando certifica\u00e7\u00e3o:<\/span>\u00a0para atividades conclu\u00eddas, mas pendentes de documenta\u00e7\u00e3o oficial<\/li>\n<\/ul>\n<p class=\"size-full [&amp;&gt;*:first-child]:mt-0 [&amp;&gt;*:last-child]:mb-0 space-y-2\">\n<div class=\"size-full [&amp;&gt;*:first-child]:mt-0 [&amp;&gt;*:last-child]:mb-0 space-y-2\">\n<div class=\"mx-auto mt-3 mb-2 w-full max-w-3xl\">\n<h2 class=\"text-xl font-semibold\">\u00a0Observa\u00e7\u00f5es Importantes<\/h2>\n<p>&nbsp;<\/p>\n<\/div>\n<\/div>\n<div class=\"size-full [&amp;&gt;*:first-child]:mt-0 [&amp;&gt;*:last-child]:mb-0 space-y-2\">\n<p><span class=\"font-semibold\">Observa\u00e7\u00e3o 1 \u2013 Valida\u00e7\u00e3o de Atividades N\u00e3o Certificadas:<\/span>\u00a0Atividades ainda n\u00e3o certificadas no momento da entrega da documenta\u00e7\u00e3o\u00a0<span class=\"font-semibold\">n\u00e3o ser\u00e3o validadas<\/span>\u00a0para c\u00f4mputo de carga hor\u00e1ria. Contudo, estas atividades funcionar\u00e3o como par\u00e2metro essencial para que a Comiss\u00e3o Avaliadora analise o andamento das atividades em desenvolvimento e verifique se estas se encontram alinhadas aos requisitos necess\u00e1rios para aprova\u00e7\u00e3o das cento e vinte horas exigidas.<\/p>\n<\/div>\n<div class=\"size-full [&amp;&gt;*:first-child]:mt-0 [&amp;&gt;*:last-child]:mb-0 space-y-2\"><\/div>\n<div class=\"size-full [&amp;&gt;*:first-child]:mt-0 [&amp;&gt;*:last-child]:mb-0 space-y-2\">\n<p><span class=\"font-semibold\">Observa\u00e7\u00e3o 2 \u2013 Flexibilidade do Prazo de Entrega:<\/span>\u00a0O prazo estabelecido para entrega da documenta\u00e7\u00e3o\u00a0<span class=\"font-semibold\">n\u00e3o \u00e9 definitivo ou taxativo<\/span>. Caso persistam lacunas de carga hor\u00e1ria ou defici\u00eancias na composi\u00e7\u00e3o de grupos de atividades necess\u00e1rios para atendimento dos requisitos curriculares, o discente poder\u00e1 encaminhar documenta\u00e7\u00e3o complementar em momento posterior. Essa flexibilidade procedimental objetiva evitar que defici\u00eancias ou inconsist\u00eancias sejam identificadas apenas no momento final de conclus\u00e3o do curso, permitindo tempo h\u00e1bil para complementa\u00e7\u00e3o adequada das cento e vinte horas de atividades formativas.<\/p>\n<p>&nbsp;<\/p>\n<\/div>\n<div class=\"size-full [&amp;&gt;*:first-child]:mt-0 [&amp;&gt;*:last-child]:mb-0 space-y-2\">\n<h1 class=\"mx-auto w-full max-w-3xl text-2xl font-semibold\" style=\"text-align: center\">Requisitos Gerais Atividades de Extens\u00e3o<\/h1>\n<h2 class=\"mx-auto w-full max-w-3xl text-2xl font-semibold\">1. Carga Hor\u00e1ria<\/h2>\n<\/div>\n<div class=\"size-full [&amp;&gt;*:first-child]:mt-0 [&amp;&gt;*:last-child]:mb-0 space-y-2\">\n<p>Todo discente do Curso de Biomedicina dever\u00e1 cumprir obrigatoriamente\u00a0<span class=\"font-semibold\">cento e vinte horas (405h)<\/span> de atividades de Extens\u00e3o ao longo de sua trajet\u00f3ria acad\u00eamica. Essas atividades constituem-se componente curricular essencial e integram os requisitos para conclus\u00e3o do curso.<\/p>\n<\/div>\n<div class=\"size-full [&amp;&gt;*:first-child]:mt-0 [&amp;&gt;*:last-child]:mb-0 space-y-2\"><\/div>\n<div class=\"size-full [&amp;&gt;*:first-child]:mt-0 [&amp;&gt;*:last-child]:mb-0 space-y-2\">\n<hr class=\"my-6 border-border\" data-streamdown=\"horizontal-rule\" \/>\n<\/div>\n<div class=\"size-full [&amp;&gt;*:first-child]:mt-0 [&amp;&gt;*:last-child]:mb-0 space-y-2\"><\/div>\n<div class=\"size-full [&amp;&gt;*:first-child]:mt-0 [&amp;&gt;*:last-child]:mb-0 space-y-2\">\n<h1 class=\"mx-auto w-full max-w-3xl text-2xl font-semibold\" style=\"text-align: center\">Procedimento para Atividades de Extens\u00e3o<\/h1>\n<\/div>\n<div class=\"size-full [&amp;&gt;*:first-child]:mt-0 [&amp;&gt;*:last-child]:mb-0 space-y-2\">\n<div class=\"mx-auto mt-3 mb-2 w-full max-w-3xl\">\n<h2 class=\"text-xl font-semibold\">2.1 Instru\u00e7\u00f5es Gerais<\/h2>\n<\/div>\n<\/div>\n<div class=\"size-full [&amp;&gt;*:first-child]:mt-0 [&amp;&gt;*:last-child]:mb-0 space-y-2\">\n<p>Para registro e valida\u00e7\u00e3o das atividades de Extens\u00e3o realizadas, o discente ,no final do 5\u00ba per\u00edodo , dever\u00e1 preencher e entregar o <a href=\"https:\/\/bio.ufpr.br\/biomedicina\/wp-content\/uploads\/sites\/4\/2013\/06\/formul%C3%A1rio-extens%C3%A3o.docx\">formul\u00e1rio\u00a0de Atividades Curriculares de extens\u00e3o<\/a> para an\u00e1lise pr\u00e9via das horas realizadas.\u00a0 Esse dever\u00e1 seguir o procedimento descrito a seguir:<\/p>\n<\/div>\n<div class=\"size-full [&amp;&gt;*:first-child]:mt-0 [&amp;&gt;*:last-child]:mb-0 space-y-2\"><\/div>\n<div class=\"size-full [&amp;&gt;*:first-child]:mt-0 [&amp;&gt;*:last-child]:mb-0 space-y-2\">\n<p><span class=\"font-semibold\">a) Preenchimento da documenta\u00e7\u00e3o:<\/span> Preencha integralmente o <a href=\"https:\/\/bio.ufpr.br\/biomedicina\/wp-content\/uploads\/sites\/4\/2013\/06\/formul%C3%A1rio-extens%C3%A3o.docx\">formul\u00e1rio\u00a0de Atividades Curriculares de extens\u00e3o<\/a>\u00a0de registro de atividades de Extens\u00e3o, respeitando a estrutura e campos solicitados, com informa\u00e7\u00f5es precisas e completas relativas a cada atividade realizada.<\/p>\n<\/div>\n<div class=\"size-full [&amp;&gt;*:first-child]:mt-0 [&amp;&gt;*:last-child]:mb-0 space-y-2\"><\/div>\n<div class=\"size-full [&amp;&gt;*:first-child]:mt-0 [&amp;&gt;*:last-child]:mb-0 space-y-2\">\n<p><span class=\"font-semibold\">b) Anexa\u00e7\u00e3o de comprovantes:<\/span> Anexe ao <a href=\"https:\/\/bio.ufpr.br\/biomedicina\/wp-content\/uploads\/sites\/4\/2013\/06\/formul%C3%A1rio-extens%C3%A3o.docx\">formul\u00e1rio\u00a0de Atividades Curriculares de extens\u00e3o<\/a> as c\u00f3pias dos comprovantes de realiza\u00e7\u00e3o das atividades (certificados, declara\u00e7\u00f5es, atestados de participa\u00e7\u00e3o, etc.), mantendo rigorosamente a\u00a0<span class=\"font-semibold\">mesma ordem em que as atividades foram listadas no formul\u00e1rio<\/span>. A correspond\u00eancia entre ordem de listagem e ordem de anexa\u00e7\u00e3o \u00e9 essencial para adequada verifica\u00e7\u00e3o administrativa.<\/p>\n<\/div>\n<div class=\"size-full [&amp;&gt;*:first-child]:mt-0 [&amp;&gt;*:last-child]:mb-0 space-y-2\"><\/div>\n<div class=\"size-full [&amp;&gt;*:first-child]:mt-0 [&amp;&gt;*:last-child]:mb-0 space-y-2\">\n<p><span class=\"font-semibold\">c) Entrega da documenta\u00e7\u00e3o:<\/span>\u00a0A documenta\u00e7\u00e3o completa poder\u00e1 ser entregue por meio de:<\/p>\n<\/div>\n<div class=\"size-full [&amp;&gt;*:first-child]:mt-0 [&amp;&gt;*:last-child]:mb-0 space-y-2\">\n<ul class=\"ml-1 list-outside list-disc\">\n<li class=\"py-0\">Envio para os endere\u00e7os eletr\u00f4nicos: biomedicina@ufpr.br<\/li>\n<li class=\"py-0\">Entrega pessoal na secretaria do curso, observando hor\u00e1rios de funcionamento<\/li>\n<\/ul>\n<\/div>\n<p>&nbsp;<\/p>\n<p>Obs: <strong>A vers\u00e3o final das atividades cumpridas, dever\u00e1 ser entregue \u00e0 COE at\u00e9 o final do 7\u00ba per\u00edodo do curso.\u00a0<\/strong><\/p>\n<p>&nbsp;<\/p>\n<p>&nbsp;<\/p>\n<div class=\"size-full [&amp;&gt;*:first-child]:mt-0 [&amp;&gt;*:last-child]:mb-0 space-y-2\">\n<div class=\"mx-auto mt-3 mb-2 w-full max-w-3xl\">\n<h1 class=\"text-xl font-semibold\" style=\"text-align: center\">Relato de Todas as Atividades de Extens\u00e3o<\/h1>\n<\/div>\n<\/div>\n<p>&nbsp;<\/p>\n<p>&nbsp;<\/p>\n<p>O discente dever\u00e1 informar todas as atividades realizadas no per\u00edodo,\u00a0<span class=\"font-semibold\">inclusive aquelas que ainda n\u00e3o tenham sido formalmente conclu\u00eddas ou se encontrem em fase de aguardo de certifica\u00e7\u00e3o<\/span>. Para atividades nesta situa\u00e7\u00e3o, deve-se indicar explicitamente o status correspondente:<\/p>\n<ul class=\"ml-1 list-outside list-disc\">\n<li class=\"py-0\"><span class=\"font-semibold\">Em andamento:<\/span>\u00a0para atividades ainda em desenvolvimento<\/li>\n<li class=\"py-0\"><span class=\"font-semibold\">Aguardando certifica\u00e7\u00e3o:<\/span>\u00a0para atividades conclu\u00eddas, mas pendentes de documenta\u00e7\u00e3o oficial<\/li>\n<\/ul>\n<p class=\"size-full [&amp;&gt;*:first-child]:mt-0 [&amp;&gt;*:last-child]:mb-0 space-y-2\">\n<div class=\"size-full [&amp;&gt;*:first-child]:mt-0 [&amp;&gt;*:last-child]:mb-0 space-y-2\">\n<div class=\"mx-auto mt-3 mb-2 w-full max-w-3xl\">\n<h2 class=\"text-xl font-semibold\">\u00a0Observa\u00e7\u00f5es Importantes<\/h2>\n<\/div>\n<\/div>\n<div class=\"size-full [&amp;&gt;*:first-child]:mt-0 [&amp;&gt;*:last-child]:mb-0 space-y-2\">\n<p><span class=\"font-semibold\">Observa\u00e7\u00e3o 1 \u2013 Valida\u00e7\u00e3o de Atividades N\u00e3o Certificadas:<\/span>\u00a0Atividades ainda n\u00e3o certificadas no momento da entrega da documenta\u00e7\u00e3o\u00a0<span class=\"font-semibold\">n\u00e3o ser\u00e3o validadas<\/span>\u00a0para c\u00f4mputo de carga hor\u00e1ria. Contudo, estas atividades funcionar\u00e3o como par\u00e2metro essencial para que a Comiss\u00e3o Avaliadora analise o andamento das atividades em desenvolvimento e verifique se estas se encontram alinhadas aos requisitos necess\u00e1rios para aprova\u00e7\u00e3o das cento e vinte horas exigidas.<\/p>\n<\/div>\n<div class=\"size-full [&amp;&gt;*:first-child]:mt-0 [&amp;&gt;*:last-child]:mb-0 space-y-2\"><\/div>\n<p class=\"size-full [&amp;&gt;*:first-child]:mt-0 [&amp;&gt;*:last-child]:mb-0 space-y-2\"><span class=\"font-semibold\">Observa\u00e7\u00e3o 2 \u2013 Flexibilidade do Prazo de Entrega:<\/span>\u00a0O prazo estabelecido para entrega da documenta\u00e7\u00e3o\u00a0<span class=\"font-semibold\">n\u00e3o \u00e9 definitivo ou taxativo<\/span>. Caso persistam lacunas de carga hor\u00e1ria ou defici\u00eancias na composi\u00e7\u00e3o de grupos de atividades necess\u00e1rios para atendimento dos requisitos curriculares, o discente poder\u00e1 encaminhar documenta\u00e7\u00e3o complementar em momento posterior. Essa flexibilidade procedimental objetiva evitar que defici\u00eancias ou inconsist\u00eancias sejam identificadas apenas no momento final de conclus\u00e3o do curso, permitindo tempo h\u00e1bil para complementa\u00e7\u00e3o adequada das cento e vinte horas de atividades formativas.<\/p>\n<p class=\"size-full [&amp;&gt;*:first-child]:mt-0 [&amp;&gt;*:last-child]:mb-0 space-y-2\">\n<div class=\"size-full [&amp;&gt;*:first-child]:mt-0 [&amp;&gt;*:last-child]:mb-0 space-y-2\">\n<div class=\"mx-auto mt-3 mb-2 w-full max-w-3xl\">\n<p>&nbsp;<\/p>\n<h1 class=\"text-xl font-semibold\" style=\"text-align: center\">CONSULTA REGULAMENTAR<\/h1>\n<p>&nbsp;<\/p>\n<\/div>\n<\/div>\n<div class=\"size-full [&amp;&gt;*:first-child]:mt-0 [&amp;&gt;*:last-child]:mb-0 space-y-2\">\n<p>Os regulamentos espec\u00edficos, crit\u00e9rios de valida\u00e7\u00e3o e orienta\u00e7\u00f5es detalhadas para categoriza\u00e7\u00e3o de atividades podem ser consultadas <a href=\"https:\/\/bio.ufpr.br\/biomedicina\/wp-content\/uploads\/sites\/4\/2022\/01\/Atividades-Formativas-Complementares.pdf\">\u00a0REGULAMENTO DAS ATIVIDADES FORMATIVAS<\/a>\u00a0 e <a href=\"https:\/\/bio.ufpr.br\/biomedicina\/wp-content\/uploads\/sites\/4\/2013\/06\/REGULAMENTO-EXTENS%C3%83O.pdf\">REGULAMENTO DE EXTENS\u00c3O<\/a>.<\/p>\n<p>Recomenda-se consulta pr\u00e9via a esses documentos <span class=\"font-semibold\">antes do preenchimento do formul\u00e1rio<\/span>, assegurando que as atividades realizadas correspondam adequadamente aos grupos de classifica\u00e7\u00e3o estabelecidos e atendam aos crit\u00e9rios de aprova\u00e7\u00e3o.<\/p>\n<\/div>\n<p>&nbsp;<\/p>\n<div align=\"center\">\n<div align=\"center\"><\/div>\n<\/div>\n<div align=\"center\">\n<p style=\"text-align: left\">Para mais informa\u00e7\u00f5es consultar o \u00a0<a href=\"https:\/\/bio.ufpr.br\/biomedicina\/wp-content\/uploads\/sites\/4\/2022\/01\/Atividades-Formativas-Complementares.pdf\">Curr\u00edculo 2021<\/a> \u00a0das Atividades Formativas e de extens\u00e3o.<\/p>\n<\/div>\n","protected":false},"excerpt":{"rendered":"<p>&nbsp; Requisitos Gerais Atividades Formativas 1. Carga Hor\u00e1ria Todo discente do Curso de Biomedicina dever\u00e1 cumprir obrigatoriamente\u00a0cento e vinte horas (120h)\u00a0de atividades formativas ao longo de sua trajet\u00f3ria acad\u00eamica. Essas atividades constituem-se componente curricular essencial e integram os requisitos para conclus\u00e3o do curso. &nbsp; \u00a0Procedimento para Atividades Formativas &nbsp; 2.1 Instru\u00e7\u00f5es Gerais Para registro e [&hellip;]<\/p>\n","protected":false},"author":8,"featured_media":0,"parent":0,"menu_order":0,"comment_status":"open","ping_status":"open","template":"","meta":{"_acf_changed":false,"_monsterinsights_skip_tracking":false,"_monsterinsights_sitenote_active":false,"_monsterinsights_sitenote_note":"","_monsterinsights_sitenote_category":0,"footnotes":""},"class_list":["post-48","page","type-page","status-publish","hentry"],"acf":[],"_links":{"self":[{"href":"https:\/\/bio.ufpr.br\/biomedicina\/wp-json\/wp\/v2\/pages\/48","targetHints":{"allow":["GET"]}}],"collection":[{"href":"https:\/\/bio.ufpr.br\/biomedicina\/wp-json\/wp\/v2\/pages"}],"about":[{"href":"https:\/\/bio.ufpr.br\/biomedicina\/wp-json\/wp\/v2\/types\/page"}],"author":[{"embeddable":true,"href":"https:\/\/bio.ufpr.br\/biomedicina\/wp-json\/wp\/v2\/users\/8"}],"replies":[{"embeddable":true,"href":"https:\/\/bio.ufpr.br\/biomedicina\/wp-json\/wp\/v2\/comments?post=48"}],"version-history":[{"count":41,"href":"https:\/\/bio.ufpr.br\/biomedicina\/wp-json\/wp\/v2\/pages\/48\/revisions"}],"predecessor-version":[{"id":4533,"href":"https:\/\/bio.ufpr.br\/biomedicina\/wp-json\/wp\/v2\/pages\/48\/revisions\/4533"}],"wp:attachment":[{"href":"https:\/\/bio.ufpr.br\/biomedicina\/wp-json\/wp\/v2\/media?parent=48"}],"curies":[{"name":"wp","href":"https:\/\/api.w.org\/{rel}","templated":true}]}}