{"id":53,"date":"2023-03-14T11:03:35","date_gmt":"2023-03-14T09:03:35","guid":{"rendered":"https:\/\/bio.ufpr.br\/biomedicina\/?page_id=53"},"modified":"2025-03-14T13:52:09","modified_gmt":"2025-03-14T11:52:09","slug":"cabiom-centro-academico","status":"publish","type":"page","link":"https:\/\/bio.ufpr.br\/biomedicina\/cabiom-centro-academico\/","title":{"rendered":"CABIOM &#8211; Centro Acad\u00eamico"},"content":{"rendered":"<p>GEST\u00c3O 2024<\/p>\n<p>&nbsp;<\/p>\n<p>Presidente(a): Amanda Letycya Onuki Oliveira dos Santos<\/p>\n<p>Vice-Presidente(a): Cynthia Bonfim dos Santos<\/p>\n<p>&nbsp;<\/p>\n<p>Assessoria de Comunica\u00e7\u00e3o:\u00a0Jamile Galv\u00e3o dos Santos Miranda<\/p>\n<p>Assessoria de Comunica\u00e7\u00e3o: Maria Clara Picinin<\/p>\n<p>Assessoria de Infraestrutura :\u00a0 Matheus Andre Budaz Alves<\/p>\n<p>Assessoria de Ensino Pesquisa e Extens\u00e3o :\u00a0 Adrelly Rayanne Rego Pacheco de Souza<\/p>\n<p>Assessoria de Ensino Pesquisa e Extens\u00e3o :\u00a0 Ana J\u00falia Esteves Vaz<\/p>\n<p>Assessoria de Produtos e Eventos: Bianca da Silva Vicente<\/p>\n<p>Assessoria de Produtos e Eventos: Gabriel Roneiro Pradella<\/p>\n<p>Diretor(a) de Comunica\u00e7\u00e3o:\u00a0 Giovanna Lyssa do Nascimento<\/p>\n<p>Diretor(a) de Ensino Pesquisa e Extens\u00e3o :\u00a0 Ana Paula Martins de Andrade<\/p>\n<p>Diretor(a) de Produtos e Eventos: Thiago Costa Machado<\/p>\n<p>Diretor(a) de Infraestrutura : Maria Fernanda Marchi Cruz<\/p>\n<p>Diretora de Tesouraria: Eloisa Bianchezzi Rosa<\/p>\n<p>Tesoureira(o): Lucas Alexandre Venanc\u00eco<\/p>\n<p>Tesoureira(o): Maiara Leandro Vaz<\/p>\n<p>Secret\u00e1rio(a): Andressa Knapik Fontoura<\/p>\n<p>&nbsp;<\/p>\n<p>&nbsp;<\/p>\n<p>GEST\u00c3O 2023<\/p>\n<p>Presidente(a): Yasmin Lacerda Nunes (abril &#8211;\u00a0novembro)<\/p>\n<p>Vice-Presidente(a): Leonel Witcoski Junior\u00a0(abril &#8211;\u00a0novembro)<\/p>\n<p>&nbsp;<\/p>\n<p>Presidente(a): Leonel Witcoski Junior<\/p>\n<p>Vice-Presidente(a): Andrielly de Oliveira Ara\u00fajo<\/p>\n<p>Diretor(a) de Comunica\u00e7\u00e3o:\u00a0 Amanda Girardi Somensi<\/p>\n<p>Assessoria de Comunica\u00e7\u00e3o:\u00a0Ana J\u00falia Pereira de Lima<\/p>\n<p>Assessoria de Comunica\u00e7\u00e3o: Nicolli de Oliveira Rosa<\/p>\n<p>Diretor(a) de Comunica\u00e7\u00e3o:\u00a0 Mariana Lenzi de Castro<\/p>\n<p>Diretor(a) de Eventos: Thayna Fujisawa Lima<\/p>\n<p>Diretor(a) de Eventos: Lara Ribeiro Rampim<\/p>\n<p>Diretor(a) de Infraestrutura :\u00a0 Julia Teixeira Lucena<\/p>\n<p>Diretor(a) de Infraestrutura : Lucas Brito de Souza Santos<\/p>\n<p>Diretor(a) de Ensino, Pesquisa e Extens\u00e3o: Amanda Girardi Somensi<\/p>\n<p>Diretor(a) de Ensino, Pesquisa e Extens\u00e3o: Leonel Witcoski Junior<\/p>\n<p>Tesoureira(o): Jo\u00e3o Victor Aires Quintiere<\/p>\n<p>Tesoureira(o): Caio Silva Pascoal Pereira<\/p>\n<p>Secret\u00e1rio(a): Andrielly de Oliveira Ara\u00fajo\u00a0(abril &#8211;\u00a0novembro)<\/p>\n<p>Representantes Discentes do Conselho Setorial e do Colegiado de Biomedicina<\/p>\n<p>Representante Titular:\u00a0 Leonel Witcoski Junior<\/p>\n<p>Representante Suplente:\u00a0Andrielly de Oliveira\u00a0Ara\u00fajo<\/p>\n<p>&nbsp;<\/p>\n<p>&nbsp;<\/p>\n<p>GEST\u00c3O 2022<\/p>\n<p>Presidente(a): Keila Caroline Zimmermann<\/p>\n<p>Vice-Presidente(a): Carlos Gabriel Alves de Lima<\/p>\n<p>Diretor(a) de Comunica\u00e7\u00e3o:\u00a0 Jonathan Andr\u00e9 Back<\/p>\n<p>Diretor(a) de Comunica\u00e7\u00e3o:\u00a0 Mariana Lenzi de Castro<\/p>\n<p>Diretor(a) de Eventos: Sabrina Kurscheidt<\/p>\n<p>Diretor(a) de Eventos: Heloisa Amancio<\/p>\n<p>Diretor(a) de Infraestrutura :\u00a0 Gabriel Costa Louren\u00e7o<\/p>\n<p>Diretor(a) de Infraestrutura :\u00a0Ana Carla Costa e Silva<\/p>\n<p>Diretor(a) de Ensino, Pesquisa e Extens\u00e3o:\u00a0Kelly Carolina Sarmento de Souza<\/p>\n<p>Diretor(a) de Ensino, Pesquisa e Extens\u00e3o:\u00a0Elielton Horlem da Luz<\/p>\n<p>Tesoureira(o): Luana Fortuna<\/p>\n<p>Tesoureira(o): J\u00falia Formighieri Varaschin<\/p>\n<p>Secret\u00e1rio(a): Paloma Bas\u00edlio Marynowski<\/p>\n<p>Secret\u00e1rio(a):\u00a0 Eleonora Ceola Reis<\/p>\n<p>Representantes Discentes do Conselho Setorial e do Colegiado de Biomedicina<\/p>\n<p>Representante Titular: Keila Caroline Zimmermann<\/p>\n<p>Representante Suplente: Sabrina Kurscheidt Silva<\/p>\n<p>&nbsp;<\/p>\n<p>GEST\u00c3O 2020<\/p>\n<p>Presidente(a): Gabriel Henrique Barbosa da Costa Salkovski<\/p>\n<p>Vice-Presidente(a): Arisa Namie Higashijima<\/p>\n<p>Diretor(a) de Comunica\u00e7\u00e3o:\u00a0 Amanda Hikari Iijima<\/p>\n<p>Diretor(a) de Comunica\u00e7\u00e3o:\u00a0 Marcos dos Santos Junior<\/p>\n<p>Diretora de Eventos: Julia Helena Carvalho<\/p>\n<p>Diretora de Eventos: Pietra Mancini Seibt<\/p>\n<p>Diretor de Infraestrutura : \u00a0Stella Schuster da Silva<\/p>\n<p>Tesoureira(o): Helena Louren\u00e7o Zielonka<\/p>\n<p>Tesoureira(o): Pedro Henrique Fernandes Gatt<\/p>\n<p>Secret\u00e1rio(a): William Mattana dos Santos<\/p>\n<p>Secret\u00e1rio(a): \u00a0Ivan Tsukuda<\/p>\n<p>Representantes Discentes do Conselho Setorial e do Colegiado de Biomedicina<\/p>\n<p>Representante Titular:\u00a0Mariane Pagno de Souza Bueno<\/p>\n<p>Representante Suplente:\u00a0Gabriel Henrique Barbosa da Costa Salkovski<\/p>\n<p>&nbsp;<\/p>\n<p>GEST\u00c3O 2019<\/p>\n<p>Presidente: Alana Sueli dos Santos<\/p>\n<p>Vice-Presidente: Murilo Henrique Saturnino de Lima<\/p>\n<p>Diretor(a) de Comunica\u00e7\u00e3o:\u00a0\u00a0Jhonatan da Cruz Rodrigues<\/p>\n<p>Diretor(a) de Comunica\u00e7\u00e3o:\u00a0 Gabriel Baltazar<\/p>\n<p>Diretora de Eventos: Jackeline Pilar da Luz Mujica<\/p>\n<p>Diretora de Eventos:\u00a0Mariane Pagno de Souza Bueno<\/p>\n<p>Diretor de Infraestrutura : Gabriel Henrique B. da Costa Salkovski<\/p>\n<p>Diretor de Infraestrutura : Jean Carlos Venera Junior<\/p>\n<p>Primeiro(a) Tesoureira(o): Bianca Dias de Oliveira<\/p>\n<p>Segundo(a)\u00a0Tesoureira(o):\u00a0Anya Dolinski Moreira de Souza<\/p>\n<p>Secret\u00e1rios(as):\u00a0Amanda Ferreira Schelles ;\u00a0 Julia Barbieri Debiasi e\u00a0Sof\u00eda Tomaselli Arioni<\/p>\n<p>Representantes Discentes do Conselho Setorial e do Colegiado de Biomedicina<\/p>\n<p>Representante Titular:\u00a0Jhonatan da Cruz Rodrigues<\/p>\n<p>Representante Suplente:\u00a0Mariane Pagno de Souza Bueno<\/p>\n<p>&nbsp;<\/p>\n<p>GEST\u00c3O 2018<\/p>\n<p>Presidente: Mariane Pagno de Souza Bueno<\/p>\n<p>Vice-Presidente: Liziane Cristine Malaquias da Silva<\/p>\n<p>Diretora de Eventos: Gabriela Cezaretto Banzato<\/p>\n<p>Diretoras de Marketing :\u00a0\u00a0 Lorena Maria Dering e Nicole Grechi Ribeiro<\/p>\n<p>Diretor de Infraestrutura : Victor Maltese Stoco<\/p>\n<p>Tesoureiras: Joyce Alves Martins e Mariana Valle de Lima<\/p>\n<p>Primeiro(a) Secret\u00e1rio(a): Jhonatan da Cruz Rodrigues<\/p>\n<p>Segundo(a) Secret\u00e1rio(a): Alana Sueli dos Santos<\/p>\n<p>&nbsp;<\/p>\n<p>GEST\u00c3O 2017<\/p>\n<p>Presidente: Joyce Alves<\/p>\n<p>Vice-presidente: Jade Lopes<\/p>\n<p>Tesoureiro: Juliana Tahan e Marielly Ospedal<\/p>\n<p>Secret\u00e1rios: Nicole Grechi e Lucas Farias<\/p>\n<p>Colaboradores de Rela\u00e7\u00f5es: Bruno Fabbris, Gabriela Banzato e Lorena Dering<\/p>\n<p>Colaboradores de Planejamento: Liziane Malaquias, Alana Santos<\/p>\n<p>Representante de colegiado: Jade dos Santos Freire Lopes e Liziane Cristine Malaquias da Silva<\/p>\n<p>&nbsp;<\/p>\n<p>GEST\u00c3O 2016<\/p>\n<p>Presidente: Odair Braz Junior<\/p>\n<p>Vice-presidente: Heloize Zanon<\/p>\n<p>Tesoureiras: Ana Paula Peixoto e Amanda Baldu\u00edno dos Santos<\/p>\n<p>Secret\u00e1rias: Gabriela Neubert e Luiza Kato<\/p>\n<p>Representante de colegiado: Luiza Kato e Amanda Akemi<\/p>\n<p>Representante setorial: Gabriela Neubert<\/p>\n<p>&nbsp;<\/p>\n<p>GEST\u00c3O 2015<\/p>\n<p>Presidente: Gabriel Paz Maschio<\/p>\n<p>Vice-Presidente: Andr\u00e9 Eduardo dos Santos<\/p>\n<p>1\u00aa Secret\u00e1ria: Isabela Brito dos Santos<\/p>\n<p>2\u00aa Secret\u00e1ria : Bruno Vin\u00edcus Fabbris Costa<\/p>\n<p>1\u00aa Tesoureira: Ana Paula Routh Peixoto<\/p>\n<p>2\u00aa Tesoureira: Juliana de C\u00e1ssia Pinto Ferreira<\/p>\n<p>Colaboradora: Gabriela Bissoni Moura<\/p>\n<p>Colaboradora: Tamyres Mingorance Carvalho<\/p>\n<p>Colaboradora: Rafaela Caroline Santa Clara<\/p>\n<p>Colaboradora: Alysson Henrique Urbanski<\/p>\n<p>&nbsp;<\/p>\n<p>GEST\u00c3O 2014<\/p>\n<p>Presidente: Lucas Xavier Melnil<\/p>\n<p>Vice-Presidente: Giuliano Carlo Balbinot<\/p>\n<p>1\u00aa Secret\u00e1ria: \u00a0Marcela Verginia de Medeiros<\/p>\n<p>2\u00aa Secret\u00e1ria : \u00a0Israella Rotenski Colombo<\/p>\n<p>1\u00aa Tesoureira: Aline Risson Belinovski<\/p>\n<p>2\u00aa Tesoureira: Tamy Furusho<\/p>\n<p>Colaboradora: Juliana Beker Godoy<\/p>\n<p>Colaboradora: Daiana Drehmer<\/p>\n<p>Representantes do Colegiado: Daiana Drehmer e Juliana Beker Godoy<\/p>\n<p>&nbsp;<\/p>\n<p>GEST\u00c3O 2013<\/p>\n<p>Presidente: Andr\u00e9 Eduardo dos Santos<\/p>\n<p>Vice-Presidente: Jo\u00e3o Luiz Aldinucci Buzzo<\/p>\n<p>1\u00aa Secret\u00e1ria: \u00a0Tamyres M. Carvalho<\/p>\n<p>1\u00aa Tesoureira: J\u00e9ssica de Oliveira<\/p>\n<p>2\u00aa Tesoureira: Ana\u00edti Antunes dos Santos<\/p>\n<p>Coordenador: Daiana Leila Drehmer<\/p>\n<p>Coordenador: Gabriele Luise Neves Alves<\/p>\n<p>Coordenador: Augusto Reis Ribeiro<\/p>\n<p>Coordenador: Roberto Rivera<\/p>\n<p>Coordenador: Jo\u00e3o Stanke Brito<\/p>\n<p>Representantes do Setor: Jo\u00e3o Stanke Brito e Andr\u00e9 Eduardo dos Santos<\/p>\n<p>Representantes do Colegiado: Jo\u00e3o Stanke Brito e Daiana Leila Drehmer<\/p>\n<p>&nbsp;<\/p>\n<p>&nbsp;<\/p>\n<p>&nbsp;<\/p>\n<p>&nbsp;<\/p>\n","protected":false},"excerpt":{"rendered":"<p>GEST\u00c3O 2024 &nbsp; Presidente(a): Amanda Letycya Onuki Oliveira dos Santos Vice-Presidente(a): Cynthia Bonfim dos Santos &nbsp; Assessoria de Comunica\u00e7\u00e3o:\u00a0Jamile Galv\u00e3o dos Santos Miranda Assessoria de Comunica\u00e7\u00e3o: Maria Clara Picinin Assessoria de Infraestrutura :\u00a0 Matheus Andre Budaz Alves Assessoria de Ensino Pesquisa e Extens\u00e3o :\u00a0 Adrelly Rayanne Rego Pacheco de Souza Assessoria de Ensino Pesquisa e [&hellip;]<\/p>\n","protected":false},"author":8,"featured_media":0,"parent":0,"menu_order":0,"comment_status":"open","ping_status":"open","template":"","meta":{"_acf_changed":false,"_monsterinsights_skip_tracking":false,"_monsterinsights_sitenote_active":false,"_monsterinsights_sitenote_note":"","_monsterinsights_sitenote_category":0,"footnotes":""},"class_list":["post-53","page","type-page","status-publish","hentry"],"acf":[],"_links":{"self":[{"href":"https:\/\/bio.ufpr.br\/biomedicina\/wp-json\/wp\/v2\/pages\/53","targetHints":{"allow":["GET"]}}],"collection":[{"href":"https:\/\/bio.ufpr.br\/biomedicina\/wp-json\/wp\/v2\/pages"}],"about":[{"href":"https:\/\/bio.ufpr.br\/biomedicina\/wp-json\/wp\/v2\/types\/page"}],"author":[{"embeddable":true,"href":"https:\/\/bio.ufpr.br\/biomedicina\/wp-json\/wp\/v2\/users\/8"}],"replies":[{"embeddable":true,"href":"https:\/\/bio.ufpr.br\/biomedicina\/wp-json\/wp\/v2\/comments?post=53"}],"version-history":[{"count":12,"href":"https:\/\/bio.ufpr.br\/biomedicina\/wp-json\/wp\/v2\/pages\/53\/revisions"}],"predecessor-version":[{"id":4297,"href":"https:\/\/bio.ufpr.br\/biomedicina\/wp-json\/wp\/v2\/pages\/53\/revisions\/4297"}],"wp:attachment":[{"href":"https:\/\/bio.ufpr.br\/biomedicina\/wp-json\/wp\/v2\/media?parent=53"}],"curies":[{"name":"wp","href":"https:\/\/api.w.org\/{rel}","templated":true}]}}