{"id":83,"date":"2023-06-29T11:31:57","date_gmt":"2023-06-29T09:31:57","guid":{"rendered":"https:\/\/bio.ufpr.br\/biomedicina\/?page_id=83"},"modified":"2023-09-21T22:01:36","modified_gmt":"2023-09-21T20:01:36","slug":"estagios","status":"publish","type":"page","link":"https:\/\/bio.ufpr.br\/biomedicina\/estagios\/","title":{"rendered":"Est\u00e1gios"},"content":{"rendered":"<p>&nbsp;<\/p>\n<p><a href=\"http:\/\/www.prograd.ufpr.br\/coafe\/ue\/\" target=\"_blank\"><strong>A COORDENA\u00c7\u00c3O GERAL DE EST\u00c1GIOS &#8211;\u00a0CGE\/PROGRAD\/UFPR<\/strong><\/a><\/p>\n<p>A Unidade de Est\u00e1gios \u00e9 a inst\u00e2ncia respons\u00e1vel pela avalia\u00e7\u00e3o pedag\u00f3gica e pelo cadastro e homologa\u00e7\u00e3o de todos os est\u00e1gios realizados por estudantes da UFPR, tanto obrigat\u00f3rios quanto n\u00e3o obrigat\u00f3rios.<\/p>\n<p>Esta inst\u00e2ncia da COAFE surgiu em substitui\u00e7\u00e3o \u00e0 Coordena\u00e7\u00e3o Geral de Est\u00e1gios (CGE) ap\u00f3s a reestrutura\u00e7\u00e3o do organograma da PROGRAD, assumindo todas as atribui\u00e7\u00f5es e compet\u00eancias daquela.<\/p>\n<p>&nbsp;<\/p>\n<p><strong><a href=\"http:\/\/200.17.193.102\/tela_estagio_formularios\/\">NOVOS FORMUL\u00c1RIOS COORDENA\u00c7\u00c3O GERAL DE EST\u00c1GIOS -CGE\/PROGRAD\/UFPR<\/a><\/strong><\/p>\n<p>&nbsp;<\/p>\n<p><strong>\u00a0A COMISS\u00c3O ORIENTADORA DE EST\u00c1GIOS COE\/CCBIOM<\/strong><\/p>\n<p>OBJETIVOS: organizar e encaminhar as atividadesde est\u00e1gio no curso.<\/p>\n<p>A COE \u00e9 composta pelos seguinte docentes :<\/p>\n<ul>\n<li>Profa. Dra. Aline Borsato Hauser ( Docente do Departamento de Analises Clinicas)<\/li>\n<li>Profa. Dra. Djanira Veronez (Docente do Departamento de Anatomia)<\/li>\n<li>Profa. Dra. D\u00e9bora do Rocio Klisiowicz (Docente do Departamento de Patologia B\u00e1sica e\u00a0 Coordenadora do Curso de Biomedicina)<\/li>\n<li>Profa. Dra.\u00a0 Jaqueline Carvalho de Oliveira ( Docente do Departamento de Gen\u00e9tica)<\/li>\n<li>Profa.Dra. Katya Naliwaiko ( Docente do Departamento de Biologia Celular e Vice Coordenadora do Curso de Biomedicina)<\/li>\n<\/ul>\n<p>&nbsp;<\/p>\n<p style=\"text-align: center\"><strong><strong>EST\u00c1GIO SUPERVISIONADO OBRIGAT\u00d3RIO<\/strong><\/strong><\/p>\n<p style=\"text-align: left\"><span style=\"line-height: 1.5em\">\u00a0<\/span>1. Para formaliza\u00e7\u00e3o do Est\u00e1gio \u00e9 necess\u00e1rio o preenchimento dos seguintes documentos:<\/p>\n<ul>\n<li>Termo de Compromisso de Est\u00e1gio Externo ou Termo de Compromisso de Est\u00e1gio no \u00c2mbito da UFPR com Plano de Atividades\u00a0 (dispon\u00edvel em: <a href=\"http:\/\/www.prograd.ufpr.br\/estagio\/formularios\/\">http:\/\/200.17.193.102\/tela_estagio_formularios\/<\/a>;<\/li>\n<li>Ap\u00f3s gerar o PDF e promover a impress\u00e3o as assinaturas dever\u00e3o ser recolhidas, conforme indica\u00e7\u00e3o no formul\u00e1rio sendo a ultima da Coordena\u00e7\u00e3o ( Pois essa far\u00e1 o procedimento de envio do termo a CGE)<\/li>\n<li><a href=\"https:\/\/bio.ufpr.br\/biomedicina\/wp-content\/uploads\/sites\/4\/2014\/12\/SOLICITA\u00c7\u00c3O-DE-MATRICULA.doc\" target=\"_blank\">Solicita\u00e7\u00e3o de Matr\u00edcula<\/a> (em uma via para a Coordena\u00e7\u00e3o do Curso no prazo estabelecido no cronograma de matr\u00edculas).<\/li>\n<\/ul>\n<p><strong><span style=\"text-decoration: underline\">ATEN\u00c7\u00c3O:<\/span><\/strong><\/p>\n<p>Est\u00e1gio em Analises Clinicas Coordena\u00e7\u00e3o :<\/p>\n<ul>\n<li>Profa. Dra. Aline Borsato Hauser ( Docente do Departamento de Analises Clinicas)<\/li>\n<\/ul>\n<p>&nbsp;<\/p>\n<p>Est\u00e1gio Externo (Exceto Analises Clinicas) Coordena\u00e7\u00e3o<\/p>\n<ul>\n<li>Profa. Dra. Djanira Veronez (Docente do Departamento de Anatomia)<\/li>\n<\/ul>\n<p>&nbsp;<\/p>\n<p>Est\u00e1gio Interno \u00c2mbito da UFPR Coordena\u00e7\u00e3o:<\/p>\n<ul>\n<li>Profa. Dra.\u00a0 Jaqueline Carvalho de Oliveira ( Docente do Departamento de Gen\u00e9tica)<\/li>\n<\/ul>\n<p>&nbsp;<\/p>\n<p>2. Avalia\u00e7\u00e3o:<\/p>\n<ul>\n<li>O aluno estagi\u00e1rio dever\u00e1 apresentar ao seu professor orientador (UFPR) \u00a0avalia\u00e7\u00e3o (<a href=\"http:\/\/www.prograd.ufpr.br\/estagio\/formularios\/\" target=\"_blank\">MODELO<\/a>) &#8211;\u00a0 ao atingir entre entre 304h e 405 h de est\u00e1gio conclu\u00eddo &#8211; esta avalia\u00e7\u00e3o deve ser realizada por seu supervisor de est\u00e1gio (local do est\u00e1gio) ao longo do semestre para computa\u00e7\u00e3o de nota;<\/li>\n<li>Ao final do semestre o aluno dever\u00e1 elaborar e entregar o Relat\u00f3rio Final de Est\u00e1gio <a href=\"http:\/\/www.prograd.ufpr.br\/estagio\/formularios\/\" target=\"_blank\">(MODELO)<\/a> ao professor orientador (UFPR) devidamente assinado pelo seu supervisor de est\u00e1gio;<\/li>\n<li>O Professor(a) Orientador(a) munido da ficha de avalia\u00e7\u00e3o do supervisor e relat\u00f3rio do estudante dever\u00e1 preencher o formul\u00e1rio de avalia\u00e7\u00e3o de Orienta\u00e7\u00e3o para consolidar a nota final do estudante (<a href=\"https:\/\/bio.ufpr.br\/biomedicina\/wp-content\/uploads\/sites\/4\/2019\/01\/FICHA-DE-AVALIA\u00c7\u00c3O-FINAL-ORIENTADOR.docx\">MODELO<\/a>)<\/li>\n<li>A media final ser\u00e1 calculada da seguinte forma:<\/li>\n<\/ul>\n<p align=\"center\">MF = (NS + NO)\/2<\/p>\n<p>Onde:<\/p>\n<p>NS = nota do Supervisor de estagio (100 pontos) \u2013 corresponde a media das fichas de avalia\u00e7\u00e3o<\/p>\n<p>NO = nota do professor orientador (100 pontos) \u2013 corresponde a nota do relat\u00f3rio final, discuss\u00e3o de resultados nas reuni\u00f5es, etc.<\/p>\n<p>M\u00c9DIA FINAL &lt; 50 &#8211;\u00a0 APROVADO<\/p>\n<p>M\u00c9DIA FINAL &gt; 50 &#8211; REPROVADO POR NOTA<\/p>\n<p>FREQU\u00caNCIA &gt; 304 h &#8211; REPROVADO POR FREQU\u00caNCIA<\/p>\n<ul>\n<li>Ao final do semestre o Professor Orientador (UFPR) dever\u00e1 preencher e entregar para a Coordena\u00e7\u00e3o do Curso a seguinte\u00a0<a href=\"https:\/\/bio.ufpr.br\/biomedicina\/wp-content\/uploads\/sites\/4\/2015\/03\/FICHA-DE-AVALIA\u00c7\u00c3O-ORIENTADOR.pdf\" target=\"_blank\">FICHA DE AVALIA\u00c7\u00c3O<\/a>.<\/li>\n<li>\u00c9 de responsabilidade do Professor Orientador (UFPR) o lan\u00e7amento da nota (m\u00e9dia final) e frequ\u00eancia no Portal do Professor, conforme o prazo estabelecido no calend\u00e1rio acad\u00eamico para as demais disciplinas;<\/li>\n<\/ul>\n<p>&nbsp;<\/p>\n<p>&nbsp;<\/p>\n<p style=\"text-align: center\"><strong><strong>EST\u00c1GIO N\u00c3O-OBRIGAT\u00d3RIO<\/strong><\/strong><\/p>\n<p><strong><strong>PROCEDIMENTOS e DOCUMENTA\u00c7\u00c3O:\u00a0<\/strong><\/strong>O aluno deve seguir o contido no itens 1 e 2 , da mesma forma que no Est\u00e1gio Supervisionado Obrigat\u00f3rio, com a diferen\u00e7a de que n\u00e3o precisa solicitar matr\u00edcula e, na conclus\u00e3o das atividade do est\u00e1gio, dever\u00e1 providenciar o preenchimento da <a href=\"http:\/\/200.17.193.102\/tela_estagio_formularios\/\" target=\"_blank\">FICHA DE AVALIA\u00c7\u00c3O DO EST\u00c1GIO N\u00c3O-OBRIGAT\u00d3RIO<\/a>\u00a0 e\u00a0 <a href=\"http:\/\/200.17.193.102\/tela_estagio_formularios\/\" target=\"_blank\">RELAT\u00d3RIO DE EST\u00c1GIO<\/a>\u00a0<b>\u00a0<\/b>para fins de emiss\u00e3o de Certificado ao Aluno e ao seu Orientador UFPR.<\/p>\n<p>&nbsp;<\/p>\n<p><strong>IMPORTANTE:<\/strong> Para realiza\u00e7\u00e3o de<strong> est\u00e1gio no exterior<\/strong> consultar <a href=\"https:\/\/bio.ufpr.br\/biomedicina\/intercambio-2\/\" target=\"_blank\">INTERC\u00c2MBIO<\/a>.<\/p>\n<p>&nbsp;<\/p>\n<p><a href=\"https:\/\/bio.ufpr.br\/biomedicina\/wp-content\/uploads\/sites\/4\/2023\/06\/SEI_5865120_Declaracao.pdf\">ORIENTA\u00c7\u00d5ES &#8211; Est\u00e1gio Supervisionado 2023<\/a><\/p>\n<p>&nbsp;<\/p>\n<p>Consulte o resumo dos procedimentos no <a href=\"https:\/\/bio.ufpr.br\/biomedicina\/wp-content\/uploads\/sites\/4\/2019\/01\/FLUXOGRAMA.pdf\">FLUXOGRAMA<\/a>.<\/p>\n<p>&nbsp;<\/p>\n<p><strong>LEGISLA\u00c7\u00c3O PERTINENTE:<\/strong><\/p>\n<ul>\n<li>Lei Federal &#8211; <a href=\"http:\/\/www.planalto.gov.br\/ccivil_03\/_ato2007-2010\/2008\/lei\/l11788.htm\" target=\"_blank\">Lei n\u00ba 11.788 de 25 de setembro de 2008<\/a><\/li>\n<li>Normatiza\u00e7\u00e3o Geral da UFPR &#8211; <a href=\"https:\/\/bio.ufpr.br\/biomedicina\/wp-content\/uploads\/sites\/4\/2013\/06\/RES.-46-10-CEPE.pdf\" target=\"_blank\">Res. n\u00ba 46\/10 &#8211; CEPE<\/a>;<\/li>\n<li>Regulamento dos Est\u00e1gios n\u00e3o obrigat\u00f3rios &#8211; <a href=\"https:\/\/bio.ufpr.br\/biomedicina\/wp-content\/uploads\/sites\/4\/2013\/06\/Instr.-Normativa-01-12.pdf\" target=\"_blank\">Instru\u00e7\u00f5es Normativas 01\/12 CEPE<\/a>;<\/li>\n<li>Regulamento de Est\u00e1gios realizados no exterior &#8211; \u00e9 normatizado pela <a href=\"https:\/\/bio.ufpr.br\/biomedicina\/wp-content\/uploads\/sites\/4\/2013\/06\/Instr.-Normativa-02-12.pdf\" target=\"_blank\">Instru\u00e7\u00e3o <\/a><a href=\"https:\/\/bio.ufpr.br\/biomedicina\/wp-content\/uploads\/sites\/4\/2013\/06\/Instr.-Normativa-02-12.pdf\" target=\"_blank\">Normativa n\u00ba 02\/12 &#8211; CEPE<\/a>;<\/li>\n<li><a href=\"https:\/\/bio.ufpr.br\/biomedicina\/wp-content\/uploads\/sites\/4\/2014\/04\/REGULAMENTO-E-ORIENTA\u00c7\u00d5ES.doc\" target=\"_blank\">Regulamento de Est\u00e1gio do Curso de Biomedicina<\/a>.<\/li>\n<li>Manual de Est\u00e1gios\u00a0<a href=\"https:\/\/bio.ufpr.br\/biomedicina\/wp-content\/uploads\/sites\/4\/2019\/01\/Manual-de-Est\u00e1gios-da-UFPR.pdf\">UFPR<\/a><\/li>\n<\/ul>\n","protected":false},"excerpt":{"rendered":"<p>&nbsp; A COORDENA\u00c7\u00c3O GERAL DE EST\u00c1GIOS &#8211;\u00a0CGE\/PROGRAD\/UFPR A Unidade de Est\u00e1gios \u00e9 a inst\u00e2ncia respons\u00e1vel pela avalia\u00e7\u00e3o pedag\u00f3gica e pelo cadastro e homologa\u00e7\u00e3o de todos os est\u00e1gios realizados por estudantes da UFPR, tanto obrigat\u00f3rios quanto n\u00e3o obrigat\u00f3rios. Esta inst\u00e2ncia da COAFE surgiu em substitui\u00e7\u00e3o \u00e0 Coordena\u00e7\u00e3o Geral de Est\u00e1gios (CGE) ap\u00f3s a reestrutura\u00e7\u00e3o do organograma [&hellip;]<\/p>\n","protected":false},"author":8,"featured_media":0,"parent":0,"menu_order":0,"comment_status":"open","ping_status":"open","template":"","meta":{"_acf_changed":false,"_monsterinsights_skip_tracking":false,"_monsterinsights_sitenote_active":false,"_monsterinsights_sitenote_note":"","_monsterinsights_sitenote_category":0,"footnotes":""},"class_list":["post-83","page","type-page","status-publish","hentry"],"acf":[],"_links":{"self":[{"href":"https:\/\/bio.ufpr.br\/biomedicina\/wp-json\/wp\/v2\/pages\/83","targetHints":{"allow":["GET"]}}],"collection":[{"href":"https:\/\/bio.ufpr.br\/biomedicina\/wp-json\/wp\/v2\/pages"}],"about":[{"href":"https:\/\/bio.ufpr.br\/biomedicina\/wp-json\/wp\/v2\/types\/page"}],"author":[{"embeddable":true,"href":"https:\/\/bio.ufpr.br\/biomedicina\/wp-json\/wp\/v2\/users\/8"}],"replies":[{"embeddable":true,"href":"https:\/\/bio.ufpr.br\/biomedicina\/wp-json\/wp\/v2\/comments?post=83"}],"version-history":[{"count":59,"href":"https:\/\/bio.ufpr.br\/biomedicina\/wp-json\/wp\/v2\/pages\/83\/revisions"}],"predecessor-version":[{"id":3898,"href":"https:\/\/bio.ufpr.br\/biomedicina\/wp-json\/wp\/v2\/pages\/83\/revisions\/3898"}],"wp:attachment":[{"href":"https:\/\/bio.ufpr.br\/biomedicina\/wp-json\/wp\/v2\/media?parent=83"}],"curies":[{"name":"wp","href":"https:\/\/api.w.org\/{rel}","templated":true}]}}