{"id":612,"date":"2021-12-20T14:48:22","date_gmt":"2021-12-20T14:48:22","guid":{"rendered":"https:\/\/bio.ufpr.br\/bioquimica\/?page_id=612"},"modified":"2025-04-22T12:20:19","modified_gmt":"2025-04-22T12:20:19","slug":"cursos","status":"publish","type":"page","link":"https:\/\/bio.ufpr.br\/bioquimica\/cursos\/","title":{"rendered":"Cursos"},"content":{"rendered":"<p>O Departamento de Bioqu\u00edmica e Biologia Molecular (DBIOQ) oferece disciplinas para 16 cursos de gradua\u00e7\u00e3o da UFPR que se encontram alocados nos Setores de Ci\u00eancias Biol\u00f3gicas, Ci\u00eancias da Sa\u00fade, Ci\u00eancias Exatas, Ci\u00eancias Agr\u00e1rias e Tecnologia.<\/p>\n<p><strong>Para encontrar as ementas (atuais e antigas) das disciplinas ofertadas no seu curso,\u00a0<a href=\"https:\/\/bio.ufpr.br\/bioquimica\/disciplinas\/\">clique aqui<\/a>.<\/strong><\/p>\n<h6>Links para as p\u00e1ginas das coordena\u00e7\u00f5es dos cursos atendidos pelo Departamento de Bioqu\u00edmica e Biologia Molecular (DBIOQ):<\/h6>\n<ul>\n<li>Biomedicina (<a href=\"https:\/\/bio.ufpr.br\/biomedicina\/\">link<\/a>)<\/li>\n<li>Ci\u00eancias Biol\u00f3gicas\u00a0(<a href=\"https:\/\/bio.ufpr.br\/cbio\/\">link<\/a>)<\/li>\n<li>Educa\u00e7\u00e3o F\u00edsica\u00a0(<a href=\"https:\/\/bio.ufpr.br\/cef\/\">link<\/a>)<\/li>\n<li>Enfermagem\u00a0(<a href=\"http:\/\/www.saude.ufpr.br\/enfermagem\/coordenacao\/\">link<\/a>)<\/li>\n<li>Engenharia Agron\u00f4mica\u00a0(<a href=\"http:\/\/www.agrarias.ufpr.br\/agronomia\/coordenacao\/\">link<\/a>)<\/li>\n<li>Engenharia de Bioprocessos e Biotecnologia\u00a0(<a href=\"http:\/\/www.tecnologia.ufpr.br\/bioeng\/\">link<\/a>)<\/li>\n<li>Farm\u00e1cia\u00a0(<a href=\"http:\/\/www.saude.ufpr.br\/farmacia\/\">link<\/a>)<\/li>\n<li>Fisioterapia (<a href=\"https:\/\/bio.ufpr.br\/fisioterapia\/\">link<\/a>)<\/li>\n<li>Inform\u00e1tica Biom\u00e9dica\u00a0(<a href=\"http:\/\/www.exatas.ufpr.br\/cbio\/\">link<\/a>)<\/li>\n<li>Medicina\u00a0(<a href=\"http:\/\/www.saude.ufpr.br\/medicina\/coordenacao\/\">link<\/a>)<\/li>\n<li>Medicina Veterin\u00e1ria\u00a0(<a href=\"http:\/\/www.agrarias.ufpr.br\/ccmv\/\">link<\/a>)<\/li>\n<li>Nutri\u00e7\u00e3o\u00a0(<a href=\"http:\/\/www.saude.ufpr.br\/nutricao\/\">link<\/a>)<\/li>\n<li>Odontologia\u00a0(<a href=\"http:\/\/www.saude.ufpr.br\/odontologia\/\">link<\/a>)<\/li>\n<li>Qu\u00edmica\u00a0(<a href=\"http:\/\/www.quimica.ufpr.br\/paginas\/graduacao\/\">link<\/a>)<\/li>\n<li>Terapia Ocupacional\u00a0(<a href=\"http:\/\/www.saude.ufpr.br\/terapiaocupacional\/coordenacao\/\">link<\/a>)<\/li>\n<li>Zootecnia\u00a0(<a href=\"http:\/\/www.agrarias.ufpr.br\/zootecnia\/\">link<\/a>)<\/li>\n<\/ul>\n","protected":false},"excerpt":{"rendered":"<p>O Departamento de Bioqu\u00edmica e Biologia Molecular (DBIOQ) oferece disciplinas para 16 cursos de gradua\u00e7\u00e3o da UFPR que se encontram alocados nos Setores de Ci\u00eancias Biol\u00f3gicas, Ci\u00eancias da Sa\u00fade, Ci\u00eancias Exatas, Ci\u00eancias Agr\u00e1rias e Tecnologia. Para encontrar as ementas (atuais e antigas) das disciplinas ofertadas no seu curso,\u00a0clique aqui. Links para as p\u00e1ginas das coordena\u00e7\u00f5es [&hellip;]<\/p>\n","protected":false},"author":1990,"featured_media":0,"parent":0,"menu_order":0,"comment_status":"closed","ping_status":"closed","template":"","meta":{"_acf_changed":false,"_monsterinsights_skip_tracking":false,"_monsterinsights_sitenote_active":false,"_monsterinsights_sitenote_note":"","_monsterinsights_sitenote_category":0,"footnotes":""},"class_list":["post-612","page","type-page","status-publish","hentry"],"acf":[],"_links":{"self":[{"href":"https:\/\/bio.ufpr.br\/bioquimica\/wp-json\/wp\/v2\/pages\/612","targetHints":{"allow":["GET"]}}],"collection":[{"href":"https:\/\/bio.ufpr.br\/bioquimica\/wp-json\/wp\/v2\/pages"}],"about":[{"href":"https:\/\/bio.ufpr.br\/bioquimica\/wp-json\/wp\/v2\/types\/page"}],"author":[{"embeddable":true,"href":"https:\/\/bio.ufpr.br\/bioquimica\/wp-json\/wp\/v2\/users\/1990"}],"replies":[{"embeddable":true,"href":"https:\/\/bio.ufpr.br\/bioquimica\/wp-json\/wp\/v2\/comments?post=612"}],"version-history":[{"count":9,"href":"https:\/\/bio.ufpr.br\/bioquimica\/wp-json\/wp\/v2\/pages\/612\/revisions"}],"predecessor-version":[{"id":1541,"href":"https:\/\/bio.ufpr.br\/bioquimica\/wp-json\/wp\/v2\/pages\/612\/revisions\/1541"}],"wp:attachment":[{"href":"https:\/\/bio.ufpr.br\/bioquimica\/wp-json\/wp\/v2\/media?parent=612"}],"curies":[{"name":"wp","href":"https:\/\/api.w.org\/{rel}","templated":true}]}}