{"id":660,"date":"2026-03-02T17:00:44","date_gmt":"2026-03-02T17:00:44","guid":{"rendered":"https:\/\/bio.ufpr.br\/bioquimica\/?page_id=660"},"modified":"2026-03-02T20:09:17","modified_gmt":"2026-03-02T20:09:17","slug":"monitoria-2","status":"publish","type":"page","link":"https:\/\/bio.ufpr.br\/bioquimica\/monitoria-2\/","title":{"rendered":"Monitoria"},"content":{"rendered":"<p style=\"text-align: justify\">Acompanhe as informa\u00e7\u00f5es, publica\u00e7\u00f5es e andamento dos editais\u00a0do Programa Institucional de Monitoria (PIM)\u00a0na p\u00e1gina da\u00a0<strong><a href=\"http:\/\/www.prograd.ufpr.br\/coafe\/uaf\/\">Coordenadoria de Atividades Formativas e Est\u00e1gios (COAFE)<\/a>\u00a0<\/strong>da Pr\u00f3-Reitoria de\u00a0Gradua\u00e7\u00e3o e Educa\u00e7\u00e3o Profissional (PROGRAD).<\/p>\n<p style=\"text-align: justify\"><em>* Os estudantes interessados em realizar atividades de monitoria devem entrar em contato diretamente com os professores\u00a0do Departamento de Bioqu\u00edmica e Biologia Molecular respons\u00e1veis pelas disciplinas de interesse para verificar a possibilidade de abertura de vagas e processo de sele\u00e7\u00e3o.<\/em><\/p>\n<h4>2026<\/h4>\n<p>Edital de sele\u00e7\u00e3o de monitor para a Disciplina Estrutura e Fun\u00e7\u00e3o de Biomol\u00e9culas (BQ085) \u2013 Curso deBiomedicina, sob a orienta\u00e7\u00e3o do Prof. Diogo R. B. Ducatti. Mais informa\u00e7\u00f5es no <a href=\"https:\/\/bio.ufpr.br\/bioquimica\/wp-content\/uploads\/sites\/31\/2026\/02\/EDITAL-MONITORIA-BQ085-2026.pdf\">EDITAL MONITORIA BQ085 2026<\/a><\/p>\n<p>Resultado da sele\u00e7\u00e3o: <a href=\"https:\/\/bio.ufpr.br\/bioquimica\/wp-content\/uploads\/sites\/31\/2026\/03\/Resultado-Edital-Monitoria.pdf\">Resultado Edital Monitoria<\/a><\/p>\n<h4 style=\"text-align: justify\">2022<\/h4>\n<h6 style=\"text-align: justify\"><a href=\"https:\/\/bio.ufpr.br\/bioquimica\/wp-content\/uploads\/sites\/31\/2022\/06\/SEI_UFPR-4479274-Edital-Monitoria-2022.pdf\">EDITAL N\u00ba 10\/2022\/COAFE\/PROGRAD &#8211; PROGRAMA INSTITUCIONAL DE MONITORIA<\/a><\/h6>\n","protected":false},"excerpt":{"rendered":"<p>Acompanhe as informa\u00e7\u00f5es, publica\u00e7\u00f5es e andamento dos editais\u00a0do Programa Institucional de Monitoria (PIM)\u00a0na p\u00e1gina da\u00a0Coordenadoria de Atividades Formativas e Est\u00e1gios (COAFE)\u00a0da Pr\u00f3-Reitoria de\u00a0Gradua\u00e7\u00e3o e Educa\u00e7\u00e3o Profissional (PROGRAD). * Os estudantes interessados em realizar atividades de monitoria devem entrar em contato diretamente com os professores\u00a0do Departamento de Bioqu\u00edmica e Biologia Molecular respons\u00e1veis pelas disciplinas de interesse [&hellip;]<\/p>\n","protected":false},"author":1990,"featured_media":0,"parent":0,"menu_order":0,"comment_status":"closed","ping_status":"closed","template":"","meta":{"_acf_changed":false,"_monsterinsights_skip_tracking":false,"_monsterinsights_sitenote_active":false,"_monsterinsights_sitenote_note":"","_monsterinsights_sitenote_category":0,"footnotes":""},"class_list":["post-660","page","type-page","status-publish","hentry"],"acf":[],"_links":{"self":[{"href":"https:\/\/bio.ufpr.br\/bioquimica\/wp-json\/wp\/v2\/pages\/660","targetHints":{"allow":["GET"]}}],"collection":[{"href":"https:\/\/bio.ufpr.br\/bioquimica\/wp-json\/wp\/v2\/pages"}],"about":[{"href":"https:\/\/bio.ufpr.br\/bioquimica\/wp-json\/wp\/v2\/types\/page"}],"author":[{"embeddable":true,"href":"https:\/\/bio.ufpr.br\/bioquimica\/wp-json\/wp\/v2\/users\/1990"}],"replies":[{"embeddable":true,"href":"https:\/\/bio.ufpr.br\/bioquimica\/wp-json\/wp\/v2\/comments?post=660"}],"version-history":[{"count":16,"href":"https:\/\/bio.ufpr.br\/bioquimica\/wp-json\/wp\/v2\/pages\/660\/revisions"}],"predecessor-version":[{"id":1604,"href":"https:\/\/bio.ufpr.br\/bioquimica\/wp-json\/wp\/v2\/pages\/660\/revisions\/1604"}],"wp:attachment":[{"href":"https:\/\/bio.ufpr.br\/bioquimica\/wp-json\/wp\/v2\/media?parent=660"}],"curies":[{"name":"wp","href":"https:\/\/api.w.org\/{rel}","templated":true}]}}