{"id":86,"date":"2016-05-24T12:48:21","date_gmt":"2016-05-24T12:48:21","guid":{"rendered":"https:\/\/bio.ufpr.br\/anatomia\/?page_id=22"},"modified":"2025-04-22T12:23:26","modified_gmt":"2025-04-22T12:23:26","slug":"o-departamento","status":"publish","type":"page","link":"https:\/\/bio.ufpr.br\/bioquimica\/o-departamento\/","title":{"rendered":"O Departamento"},"content":{"rendered":"<p><b><\/b><span lang=\"pt-BR\">O Departamento de Bioqu\u00edmica e Biologia Molecular (DBIOQ) \u00e9 uma das unidades do Setor de Ci\u00eancias Biol\u00f3gicas da Universidade Federal do Paran\u00e1. Encontra-se localizado no Centro Polit\u00e9cnico, e atualmente conta com atualmente com 26 docentes ativos, todos em regime de Dedica\u00e7\u00e3o Exclusiva, al\u00e9m de 10 t\u00e9cnicos-administrativos. O Departamento \u00e9 respons\u00e1vel por ofertar aulas para 16 cursos de gradua\u00e7\u00e3o da UFPR, dentre os quais encontram-se cursos das \u00e1reas das Ci\u00eancias Biol\u00f3gicas, Sa\u00fade, Exatas e Agr\u00e1rias, al\u00e9m de promover ativamente o incentivo \u00e0 participa\u00e7\u00e3o dos estudantes em atividades formativas complementares, de forma a propiciar o despertar para a voca\u00e7\u00e3o cient\u00edfica, consolidando a inser\u00e7\u00e3o de v\u00e1rios alunos em Programas de Inicia\u00e7\u00e3o Cient\u00edfica, Programas de Voluntariado Acad\u00eamico, Programas e Projetos de Extens\u00e3o e de Monitoria.<\/span><\/p>\n<p><span lang=\"pt-BR\">O Departamento de Bioqu\u00edmica e Biologia Molecular abriga o primeiro curso de p\u00f3s-gradua\u00e7\u00e3o implantado na UFPR, fundado em 1965 e ent\u00e3o denominado Programa de P\u00f3s-Gradua\u00e7\u00e3o em Ci\u00eancias: Bioqu\u00edmica, sendo um dos mais antigos do pa\u00eds na \u00e1rea das Ci\u00eancias Biol\u00f3gicas II. Atualmente, o PPG-Ci\u00eancias (Bioqu\u00edmica) \u00e9 considerado um programa de excel\u00eancia e possui nota m\u00e1xima (nota 7) pela avalia\u00e7\u00e3o peri\u00f3dica da CAPES.<\/span><\/p>\n","protected":false},"excerpt":{"rendered":"<p>O Departamento de Bioqu\u00edmica e Biologia Molecular (DBIOQ) \u00e9 uma das unidades do Setor de Ci\u00eancias Biol\u00f3gicas da Universidade Federal do Paran\u00e1. Encontra-se localizado no Centro Polit\u00e9cnico, e atualmente conta com atualmente com 26 docentes ativos, todos em regime de Dedica\u00e7\u00e3o Exclusiva, al\u00e9m de 10 t\u00e9cnicos-administrativos. O Departamento \u00e9 respons\u00e1vel por ofertar aulas para 16 [&hellip;]<\/p>\n","protected":false},"author":6,"featured_media":0,"parent":0,"menu_order":0,"comment_status":"open","ping_status":"open","template":"","meta":{"_acf_changed":false,"_monsterinsights_skip_tracking":false,"_monsterinsights_sitenote_active":false,"_monsterinsights_sitenote_note":"","_monsterinsights_sitenote_category":0,"footnotes":""},"class_list":["post-86","page","type-page","status-publish","hentry"],"acf":[],"_links":{"self":[{"href":"https:\/\/bio.ufpr.br\/bioquimica\/wp-json\/wp\/v2\/pages\/86","targetHints":{"allow":["GET"]}}],"collection":[{"href":"https:\/\/bio.ufpr.br\/bioquimica\/wp-json\/wp\/v2\/pages"}],"about":[{"href":"https:\/\/bio.ufpr.br\/bioquimica\/wp-json\/wp\/v2\/types\/page"}],"author":[{"embeddable":true,"href":"https:\/\/bio.ufpr.br\/bioquimica\/wp-json\/wp\/v2\/users\/6"}],"replies":[{"embeddable":true,"href":"https:\/\/bio.ufpr.br\/bioquimica\/wp-json\/wp\/v2\/comments?post=86"}],"version-history":[{"count":10,"href":"https:\/\/bio.ufpr.br\/bioquimica\/wp-json\/wp\/v2\/pages\/86\/revisions"}],"predecessor-version":[{"id":1544,"href":"https:\/\/bio.ufpr.br\/bioquimica\/wp-json\/wp\/v2\/pages\/86\/revisions\/1544"}],"wp:attachment":[{"href":"https:\/\/bio.ufpr.br\/bioquimica\/wp-json\/wp\/v2\/media?parent=86"}],"curies":[{"name":"wp","href":"https:\/\/api.w.org\/{rel}","templated":true}]}}