{"id":350,"date":"2022-11-29T17:10:00","date_gmt":"2022-11-29T20:10:00","guid":{"rendered":"https:\/\/bio.ufpr.br\/bioterio\/?page_id=350"},"modified":"2023-08-18T15:36:47","modified_gmt":"2023-08-18T18:36:47","slug":"legislacao","status":"publish","type":"page","link":"https:\/\/bio.ufpr.br\/bioterio\/legislacao\/","title":{"rendered":"Legisla\u00e7\u00e3o"},"content":{"rendered":"<div class=\"boxInfo verde col-xs-12 margin-top-30\">\n<h2 class=\"full-width\" style=\"text-align: justify\">Lei<\/h2>\n<\/div>\n<div class=\"col-sm-12\" style=\"text-align: justify\">\n<p><a class=\"external-link\" title=\"\" href=\"http:\/\/www.planalto.gov.br\/ccivil_03\/_ato2007-2010\/2008\/lei\/l11794.htm\" target=\"_blank\">Lei 11.794, de 8 de outubro de 2008<\/a><\/p>\n<\/div>\n<p style=\"text-align: justify\">\n<div class=\"boxInfo verde col-xs-12 margin-top-30\" style=\"text-align: justify\">\n<h2 class=\"full-width\">Decreto<\/h2>\n<\/div>\n<div class=\"col-sm-12\" style=\"text-align: justify\">\n<p><a class=\"external-link\" title=\"\" href=\"http:\/\/www.planalto.gov.br\/ccivil_03\/_ato2007-2010\/2009\/decreto\/d6899.htm\" target=\"_blank\">Decreto n\u00ba 6899 de 15 de Julho de 2009<\/a><\/p>\n<p>&nbsp;<\/p>\n<\/div>\n<div class=\"row\" style=\"text-align: justify\">\n<div class=\"boxInfo verde col-xs-12 margin-top-30\">\n<h2 class=\"full-width\">Resolu\u00e7\u00f5es Normativas do Concea &#8211; Vigentes<\/h2>\n<\/div>\n<div class=\"col-sm-12\">\n<p>&nbsp;<\/p>\n<p><a class=\"external-link\" href=\"https:\/\/www.in.gov.br\/en\/web\/dou\/-\/resolucao-concea-n-67-de-2-de-maio-de-2023-480854235\" target=\"_blank\">RESOLU\u00c7\u00c3O NORMATIVA CONCEA\/MCTI N\u00ba 67, DE 2 DE MAIO DE 2023<\/a><\/p>\n<p>Disp\u00f5e sobre as condi\u00e7\u00f5es que dever\u00e3o ser observadas para a cria\u00e7\u00e3o, a manuten\u00e7\u00e3o e a experimenta\u00e7\u00e3o de aves mantidas em instala\u00e7\u00f5es de institui\u00e7\u00f5es de ensino ou pesquisa cient\u00edfica.<\/p>\n<p>&nbsp;<\/p>\n<p><a class=\"external-link\" href=\"https:\/\/www.in.gov.br\/en\/web\/dou\/-\/resolucao-concea-n-66-de-2-de-maio-de-2023-480854156\" target=\"_blank\">RESOLU\u00c7\u00c3O NORMATIVA CONCEA\/MCTI N\u00ba 66, DE 2 DE MAIO DE 2023<\/a><\/p>\n<p>Disp\u00f5e sobre as condi\u00e7\u00f5es que dever\u00e3o ser observadas para a cria\u00e7\u00e3o, a manuten\u00e7\u00e3o e a experimenta\u00e7\u00e3o de su\u00ednos mantidos em instala\u00e7\u00f5es de institui\u00e7\u00f5es de ensino ou pesquisa cient\u00edfica.<\/p>\n<p>&nbsp;<\/p>\n<p><a class=\"external-link\" href=\"https:\/\/www.in.gov.br\/en\/web\/dou\/-\/resolucao-concea-n-65-de-2-de-maio-de-2023-480852077\" target=\"_blank\">RESOLU\u00c7\u00c3O NORMATIVA CONCEA\/MCTI N\u00ba 65, DE 2 DE MAIO DE 2023<\/a><\/p>\n<p>Disp\u00f5e sobre as condi\u00e7\u00f5es que dever\u00e3o ser observadas para a cria\u00e7\u00e3o, a manuten\u00e7\u00e3o e a experimenta\u00e7\u00e3o de equ\u00eddeos mantidos em instala\u00e7\u00f5es de ensino ou pesquisa cient\u00edfica.<\/p>\n<p>&nbsp;<\/p>\n<p><a class=\"external-link\" href=\"https:\/\/www.in.gov.br\/en\/web\/dou\/-\/resolucao-concea-n-64-de-2-de-maio-de-2023-480852378\" target=\"_blank\">RESOLU\u00c7\u00c3O NORMATIVA CONCEA\/MCTI N\u00ba 64, DE 2 DE MAIO DE 2023<\/a><\/p>\n<p>Disp\u00f5e sobre as condi\u00e7\u00f5es que dever\u00e3o ser observadas para a cria\u00e7\u00e3o, a manuten\u00e7\u00e3o e a experimenta\u00e7\u00e3o de grandes ruminantes mantidos em instala\u00e7\u00f5es de ensino ou pesquisa cient\u00edfica.<\/p>\n<p>&nbsp;<\/p>\n<p><a class=\"external-link\" href=\"https:\/\/www.in.gov.br\/en\/web\/dou\/-\/resolucao-concea-n-63-de-2-de-maio-de-2023-480852299\" target=\"_blank\">RESOLU\u00c7\u00c3O NORMATIVA CONCEA\/MCTI N\u00ba 63, DE 2 DE MAIO DE 2023<\/a><\/p>\n<p>Disp\u00f5e sobre as condi\u00e7\u00f5es que dever\u00e3o ser observadas para a cria\u00e7\u00e3o, a manuten\u00e7\u00e3o e a experimenta\u00e7\u00e3o de pequenos ruminantes mantidos em instala\u00e7\u00f5es de ensino ou pesquisa cient\u00edfica.<\/p>\n<p>&nbsp;<\/p>\n<p><a class=\"external-link\" href=\"https:\/\/www.in.gov.br\/en\/web\/dou\/-\/resolucao-concea-n-62-de-2-de-maio-de-2023-480851121\" target=\"_blank\">RESOLU\u00c7\u00c3O NORMATIVA CONCEA\/MCTI N\u00ba 62, DE 2 DE MAIO DE 2023<\/a><\/p>\n<p>Disp\u00f5e sobre as condi\u00e7\u00f5es que dever\u00e3o ser observadas para a cria\u00e7\u00e3o, a manuten\u00e7\u00e3o e a experimenta\u00e7\u00e3o com anf\u00edbios e serpentes mantidos em instala\u00e7\u00f5es de institui\u00e7\u00f5es de ensino ou pesquisa cient\u00edfica.<\/p>\n<p>&nbsp;<\/p>\n<p><a class=\"external-link\" href=\"https:\/\/www.in.gov.br\/en\/web\/dou\/-\/resolucao-concea-n-61-de-2-de-maio-de-2023-480851998\" target=\"_blank\">RESOLU\u00c7\u00c3O NORMATIVA CONCEA\/MCTI N\u00ba 61, DE 2 DE MAIO DE 2023<\/a><\/p>\n<p>Disp\u00f5e sobre as condi\u00e7\u00f5es que dever\u00e3o ser observadas para a cria\u00e7\u00e3o, a manuten\u00e7\u00e3o e a experimenta\u00e7\u00e3o com peixes mantidos em instala\u00e7\u00f5es de institui\u00e7\u00f5es de ensino ou pesquisa cient\u00edfica.<\/p>\n<p>&nbsp;<\/p>\n<p><a class=\"external-link\" href=\"https:\/\/www.in.gov.br\/en\/web\/dou\/-\/resolucao-concea-n-60-de-2-de-maio-de-2023-480851042\" target=\"_blank\">RESOLU\u00c7\u00c3O NORMATIVA CONCEA\/MCTI N\u00ba 60, DE 2 DE MAIO DE 2023<\/a><\/p>\n<p>Disp\u00f5e sobre as condi\u00e7\u00f5es que dever\u00e3o ser observadas para a cria\u00e7\u00e3o, a manuten\u00e7\u00e3o e a experimenta\u00e7\u00e3o de primatas n\u00e3o humanos mantidos em instala\u00e7\u00f5es de institui\u00e7\u00f5es de ensino ou pesquisa cient\u00edfica.<\/p>\n<p>&nbsp;<\/p>\n<p><a class=\"external-link\" href=\"https:\/\/www.in.gov.br\/en\/web\/dou\/-\/resolucao-concea-n-59-de-2-de-maio-de-2023-480852215\" target=\"_blank\">RESOLU\u00c7\u00c3O NORMATIVA CONCEA\/MCTI N\u00ba 59, DE 2 DE MAIO DE 2023<\/a><\/p>\n<p>Disp\u00f5e sobre as condi\u00e7\u00f5es que dever\u00e3o ser observadas para a cria\u00e7\u00e3o, a manuten\u00e7\u00e3o e a experimenta\u00e7\u00e3o de c\u00e3es e gatos mantidos em instala\u00e7\u00f5es de institui\u00e7\u00f5es de ensino ou pesquisa cient\u00edfica<\/p>\n<p>&nbsp;<\/p>\n<p><a class=\"external-link\" title=\"\" href=\"https:\/\/www.in.gov.br\/en\/web\/dou\/-\/resolucao-n-58-de-24-de-fevereiro-de-2023-466792333\" target=\"_blank\">RESOLU\u00c7\u00c3O NORMATIVA CONCEA\/MCTI N\u00ba 58, DE 24 DE FEVEREIRO DE 2023<\/a><\/p>\n<p>Disp\u00f5e sobre a proibi\u00e7\u00e3o do uso de animais vertebrados, exceto seres humanos, em pesquisa cient\u00edfica, desenvolvimento e controle de produtos de higiene pessoal, cosm\u00e9ticos e perfumes que utilizem em suas formula\u00e7\u00f5es ingredientes ou compostos com seguran\u00e7a e efic\u00e1cia j\u00e1 comprovadas cientificamente e d\u00e1 outras provid\u00eancias.<\/p>\n<p>&nbsp;<\/p>\n<p><a class=\"external-link\" href=\"https:\/\/www.in.gov.br\/web\/dou\/-\/resolucao-n-57-de-6-de-dezembro-de-2022-448572294\" target=\"_blank\">RESOLU\u00c7\u00c3O NORMATIVA CONCEA\/MCTI N\u00ba 57, DE 6 DE DEZEMBRO DE 2022<\/a><\/p>\n<p>Disp\u00f5e sobre as condi\u00e7\u00f5es que dever\u00e3o ser observadas para a cria\u00e7\u00e3o, a manuten\u00e7\u00e3o e a experimenta\u00e7\u00e3o de Roedores e Lagomorfos mantidos em instala\u00e7\u00f5es de ensino ou pesquisa cient\u00edfica.<\/p>\n<p>&nbsp;<\/p>\n<p><a class=\"external-link\" href=\"https:\/\/www.in.gov.br\/web\/dou\/-\/resolucao-n-56-de-5-de-outubro-de-2022-434544861\" target=\"_blank\">RESOLU\u00c7\u00c3O NORMATIVA CONCEA\/MCTI N\u00ba 56, DE 5 DE OUTUBRO DE 2022<\/a><\/p>\n<p>Reconhece m\u00e9todos alternativos ao uso de animais em atividades de pesquisa no Brasil.<\/p>\n<p>&nbsp;<\/p>\n<p><a class=\"external-link\" href=\"https:\/\/www.in.gov.br\/web\/dou\/-\/resolucao-n-55-de-5-de-outubro-de-2022-434869177\" target=\"_blank\">RESOLU\u00c7\u00c3O NORMATIVA CONCEA\/MCTI N\u00ba 55, DE 5 DE OUTUBRO DE 2022<\/a><\/p>\n<p>Atualiza o texto da Diretriz Brasileira para o Cuidado e a Utiliza\u00e7\u00e3o de Animais em Atividades de Ensino ou de Pesquisa Cient\u00edfica &#8211; DBCA.<\/p>\n<p>&nbsp;<\/p>\n<p><a class=\"external-link\" title=\"\" href=\"https:\/\/www.in.gov.br\/web\/dou\/-\/resolucao-normativa-concea-n-54-de-10-de-janeiro-de-2022-374148642\" target=\"_blank\">RESOLU\u00c7\u00c3O NORMATIVA CONCEA\/MCTI N\u00ba 54, DE 10 DE JANEIRO DE 2022<\/a><\/p>\n<p>Disp\u00f5e sobre o reconhecimento de m\u00e9todos alternativos ao uso de animais em atividades de ensino e pesquisa cient\u00edfica e d\u00e1 outras provid\u00eancias.<\/p>\n<p>&nbsp;<\/p>\n<p><a href=\"https:\/\/www.in.gov.br\/web\/dou\/-\/resolucao-normativa-n-53-de-19-de-maio-de-2021-321569251\" target=\"_blank\">RESOLU\u00c7\u00c3O NORMATIVA CONCEA\/MCTI N\u00ba 53, DE 19 DE MAIO DE 2021<\/a><\/p>\n<p>Disp\u00f5e sobre restri\u00e7\u00f5es ao uso de animais em ensino, em complemento \u00e0 Diretriz Brasileira para o Cuidado e a Utiliza\u00e7\u00e3o de Animais em Atividades de Ensino ou de Pesquisa Cient\u00edfica &#8211; DBCA.<\/p>\n<p>&nbsp;<\/p>\n<p><a href=\"https:\/\/www.in.gov.br\/web\/dou\/-\/resolucao-normativa-concea-n-52-de-19-de-maio-de-2021-321640980\" target=\"_blank\">RESOLU\u00c7\u00c3O NORMATIVA CONCEA\/MCTI N\u00ba 52, DE 19 DE MAIO DE 2021<\/a><\/p>\n<p>Disp\u00f5e sobre os formul\u00e1rios unificados para solicita\u00e7\u00e3o de autoriza\u00e7\u00e3o para uso de animais em ensino ou pesquisa cient\u00edfica e sobre a autoriza\u00e7\u00e3o e certifica\u00e7\u00e3o pelas Comiss\u00f5es de \u00c9tica no Uso de Animais &#8211; CEUAs.<\/p>\n<p>&nbsp;<\/p>\n<p><a href=\"https:\/\/www.in.gov.br\/web\/dou\/-\/resolucao-normativa-concea-n-51-de-19-de-maio-de-2021-321534226\" target=\"_blank\">RESOLU\u00c7\u00c3O NORMATIVA CONCEA\/MCTI N\u00ba 51, DE 19 DE MAIO DE 2021<\/a><\/p>\n<p>Disp\u00f5e sobre a instala\u00e7\u00e3o e o funcionamento das Comiss\u00f5es de \u00c9tica no Uso de Animais &#8211; CEUAs e dos biot\u00e9rios ou instala\u00e7\u00f5es animais.<\/p>\n<p>&nbsp;<\/p>\n<p><a href=\"https:\/\/www.in.gov.br\/en\/web\/dou\/-\/resolucao-gm-n-50-de-13-de-maio-de-2021-320652982\" target=\"_blank\">RESOLU\u00c7\u00c3O NORMATIVA CONCEA\/MCTI N\u00ba 50, DE 13 DE MAIO DE 2021<\/a><\/p>\n<p>Disp\u00f5e sobre os crit\u00e9rios e procedimentos para emiss\u00e3o, extens\u00e3o, revis\u00e3o, suspens\u00e3o, reativa\u00e7\u00e3o, renova\u00e7\u00e3o e cancelamento do Credenciamento Institucional para Atividades com Animais em Ensino ou Pesquisa &#8211; CIAEP das institui\u00e7\u00f5es que produzem, mant\u00e9m ou utilizam animais em atividades de ensino ou pesquisa cient\u00edfica, a vincula\u00e7\u00e3o dos centros p\u00fablicos ou privados que utilizam animais em atividades de ensino a institui\u00e7\u00f5es credenciadas pelo Conselho Nacional de Controle de Experimental Animal &#8211; Concea.<\/p>\n<p>&nbsp;<\/p>\n<p><a href=\"https:\/\/www.in.gov.br\/en\/web\/dou\/-\/resolucao-concea\/mcti-n-49-de-7-de-maio-de-2021-318712950\" target=\"_blank\">RESOLU\u00c7\u00c3O NORMATIVA CONCEA\/MCTI N\u00ba 49, DE 7 DE MAIO DE 2021<\/a><\/p>\n<p>Disp\u00f5e sobre a obrigatoriedade de capacita\u00e7\u00e3o do pessoal envolvido em atividades de ensino e pesquisa cient\u00edfica que utilizam animais.<\/p>\n<p>&nbsp;<\/p>\n<p><a href=\"https:\/\/www.in.gov.br\/en\/web\/dou\/-\/resolucao-n-48-de-18-de-novembro-de-2020-289537545\" target=\"_blank\">RESOLU\u00c7\u00c3O NORMATIVA N\u00ba 48, DE 18 DE NOVEMBRO DE 2020<\/a>.<\/p>\n<p>Revoga as Resolu\u00e7\u00f5es Normativas CONCEA n\u00ba 08, de 27 de setembro de 2012; n\u00ba 09, de 08 de janeiro de 2013; e n\u00ba 36, de 05 de outubro de 2017, cujos efeitos j\u00e1 se exauriram no tempo, em atendimento ao Decreto n\u00ba 10.139, de 28 de novembro de 2019, alterado pelo Decreto n\u00ba 10.437, de 22 de julho de 2020.<\/p>\n<p>&nbsp;<\/p>\n<p><a href=\"http:\/\/www.in.gov.br\/web\/dou\/-\/resolucao-n-46-de-29-de-maio-de-2020-259412618\" target=\"_blank\">RESOLU\u00c7\u00c3O NORMATIVA N\u00ba 46, DE 29 DE MAIO DE 2020<\/a>.<\/p>\n<p>Disp\u00f5e sobre a classifica\u00e7\u00e3o do n\u00edvel de risco das atividades econ\u00f4micas sujeitas a atos p\u00fablicos de libera\u00e7\u00e3o pelo Conselho Nacional de Controle de Experimenta\u00e7\u00e3o Animal &#8211; Concea, para os fins da Lei n\u00ba 13.874, de 20 de setembro de 2019, regulamentada pelo Decreto n\u00ba 10.178, de 18 de dezembro de 2019.<\/p>\n<p>&nbsp;<\/p>\n<p><a class=\"internal-link\" href=\"https:\/\/www.gov.br\/mcti\/pt-br\/composicao\/conselhos\/concea\/arquivos\/arquivo\/legislacao\/resolucao-normativa-no-45-de-22-de-outubro-de-2019.pdf\" target=\"_blank\">RESOLU\u00c7\u00c3O NORMATIVA N\u00ba 45, DE 22 DE OUTUBRO DE 2019.<\/a><\/p>\n<p>Reconhece m\u00e9todo alternativo ao uso de animais em atividades de pesquisa no Brasil.<\/p>\n<p>&nbsp;<\/p>\n<p><a class=\"internal-link\" title=\"\" href=\"https:\/\/www.gov.br\/mcti\/pt-br\/composicao\/conselhos\/concea\/arquivos\/arquivo\/legislacao\/resolucao-normativa-no-40-de-24-de-julho-de-2018.pdf\" target=\"_blank\">RESOLU\u00c7\u00c3O NORMATIVA N\u00ba 40, DE 24 DE JULHO DE 2018.<\/a><\/p>\n<p>Baixa o Cap\u00edtulo &#8220;Estudos conduzidos com\u00a0animais silvestres mantidos fora de\u00a0instala\u00e7\u00f5es de institui\u00e7\u00f5es de ensino ou\u00a0pesquisa cient\u00edfica&#8221; do Guia Brasileiro de\u00a0Produ\u00e7\u00e3o, Manuten\u00e7\u00e3o ou Utiliza\u00e7\u00e3o de\u00a0Animais em Atividades de Ensino ou\u00a0Pesquisa Cient\u00edfica.<\/p>\n<p>&nbsp;<\/p>\n<p><a class=\"internal-link\" title=\"\" href=\"https:\/\/www.gov.br\/mcti\/pt-br\/composicao\/conselhos\/concea\/arquivos\/arquivo\/legislacao\/anexo-da-resolucao-normativa-no-40-de-24-de-julho-de-2018.pdf\" target=\"_blank\">ANEXO DA RESOLU\u00c7\u00c3O NORMATIVA N\u00ba 40, DE 24 DE JULHO DE 2018.<\/a><\/p>\n<p>Cap\u00edtulo &#8220;Estudos conduzidos com\u00a0animais silvestres mantidos fora de\u00a0instala\u00e7\u00f5es de institui\u00e7\u00f5es de ensino ou\u00a0pesquisa cient\u00edfica&#8221; do Guia Brasileiro de\u00a0Produ\u00e7\u00e3o, Manuten\u00e7\u00e3o ou Utiliza\u00e7\u00e3o de\u00a0Animais em Atividades de Ensino ou\u00a0Pesquisa Cient\u00edfica.<\/p>\n<p>&nbsp;<\/p>\n<p><a class=\"internal-link\" title=\"\" href=\"https:\/\/www.gov.br\/mcti\/pt-br\/composicao\/conselhos\/concea\/arquivos\/arquivo\/legislacao\/resolucao-normativa-no-37-de-15-de-fevereiro-de-2018.pdf\" target=\"_blank\">RESOLU\u00c7\u00c3O NORMATIVA N\u00ba 37, DE 15 DE FEVEREIRO DE 2018.<\/a><\/p>\n<p>Baixa a Diretriz da Pr\u00e1tica de Eutan\u00e1sia do Conselho Nacional de Controle de Experimenta\u00e7\u00e3o Animal &#8211; Concea<\/p>\n<p>&nbsp;<\/p>\n<p><a class=\"internal-link\" title=\"\" href=\"https:\/\/www.gov.br\/mcti\/pt-br\/composicao\/conselhos\/concea\/arquivos\/arquivo\/legislacao\/anexo-da-resolucao-normativa-no-37-de-15-de-fevereiro-de-2018.pdf\" target=\"_blank\">ANEXO DA\u00a0RESOLU\u00c7\u00c3O NORMATIVA N\u00ba 37, DE 15 DE FEVEREIRO DE 2018.<\/a><\/p>\n<p>Diretriz da Pr\u00e1tica de Eutan\u00e1sia do Conselho Nacional de Controle de Experimenta\u00e7\u00e3o Animal &#8211; Concea<\/p>\n<p>&nbsp;<\/p>\n<p><a class=\"internal-link\" title=\"\" href=\"https:\/\/www.gov.br\/mcti\/pt-br\/composicao\/conselhos\/concea\/arquivos\/arquivo\/legislacao\/resolucao-normativa-no-32-de-06-de-setembro-de-2016.pdf\" target=\"_blank\">RESOLU\u00c7\u00c3O NORMATIVA N\u00ba 32, DE 06 DE SETEMBRO DE 2016.<\/a><\/p>\n<p>Baixa as Diretrizes de Integridade e de Boas Pr\u00e1ticas para Produ\u00e7\u00e3o, Manuten\u00e7\u00e3o ou Utiliza\u00e7\u00e3o de Animais em Atividades de Ensino ou Pesquisa Cient\u00edfica.<\/p>\n<p>&nbsp;<\/p>\n<p><a class=\"internal-link\" title=\"\" href=\"https:\/\/www.gov.br\/mcti\/pt-br\/composicao\/conselhos\/concea\/arquivos\/arquivo\/legislacao\/resolucao-normativa-no-31-de-18-de-agosto-de-2016.pdf\" target=\"_blank\">RESOLU\u00c7\u00c3O NORMATIVA N\u00ba 31, DE 18 DE AGOSTO DE 2016.<\/a><\/p>\n<p>Reconhece m\u00e9todos alternativos ao uso de animais em atividades de pesquisa no Brasil.<\/p>\n<p>&nbsp;<\/p>\n<p><a class=\"internal-link\" title=\"\" href=\"https:\/\/www.gov.br\/mcti\/pt-br\/composicao\/conselhos\/concea\/arquivos\/arquivo\/legislacao\/resolucao-normativa-no-25-de-29-de-setembro-de-2015.pdf\" target=\"_blank\">RESOLU\u00c7\u00c3O NORMATIVA N\u00ba 25, DE 29 DE SETEMBRO DE 2015.<\/a><\/p>\n<p>Baixa o Cap\u00edtulo &#8220;Introdu\u00e7\u00e3o Geral&#8221; do Guia Brasileiro de Produ\u00e7\u00e3o, Manuten\u00e7\u00e3o ou Utiliza\u00e7\u00e3o de Animais para Atividades de Ensino ou Pesquisa Cient\u00edfica do Conselho Nacional de Controle e Experimenta\u00e7\u00e3o Animal &#8211; CONCEA.<\/p>\n<p>&nbsp;<\/p>\n<p><a class=\"internal-link\" title=\"\" href=\"https:\/\/www.gov.br\/mcti\/pt-br\/composicao\/conselhos\/concea\/arquivos\/arquivo\/legislacao\/resolucao-normativa-no-24-de-6-de-agosto-de-2015.pdf\" target=\"_blank\">RESOLU\u00c7\u00c3O NORMATIVA N\u00ba 24, DE 6 DE AGOSTO DE 2015.<\/a><\/p>\n<p>Disp\u00f5e sobre os procedimentos para abertura de processo administrativo no Conselho Nacional de Controle de Experimenta\u00e7\u00e3o Animal &#8211; CONCEA para apura\u00e7\u00e3o de infra\u00e7\u00e3o administrativa<\/p>\n<p>&nbsp;<\/p>\n<p><a class=\"internal-link\" title=\"\" href=\"https:\/\/www.gov.br\/mcti\/pt-br\/composicao\/conselhos\/concea\/arquivos\/arquivo\/legislacao\/resolucao-normativa-no-22-de-25-de-junho-de-2015-republicada-dia-02-10.pdf\" target=\"_blank\">RESOLU\u00c7\u00c3O NORMATIVA N\u00ba 22, DE 25 DE JUNHO DE 2015(REPUBLICADA DIA 02.10)<\/a><\/p>\n<p>Baixa o Cap\u00edtulo &#8220;Estudos conduzidos com animais dom\u00e9sticos mantidos fora de instala\u00e7\u00f5es de institui\u00e7\u00f5es de ensino ou pesquisa cient\u00edfica&#8221; do Guia Brasileiro de Produ\u00e7\u00e3o, Manuten\u00e7\u00e3o ou Utiliza\u00e7\u00e3o de Animais em Atividades de Ensino ou Pesquisa Cient\u00edfica do Conselho Nacional de Controle e Experimenta\u00e7\u00e3o Animal &#8211; CONCEA.<\/p>\n<p>&nbsp;<\/p>\n<p><a class=\"internal-link\" title=\"\" href=\"https:\/\/www.gov.br\/mcti\/pt-br\/composicao\/conselhos\/concea\/arquivos\/arquivo\/legislacao\/anexo-da-resolucao-normativa-no-22-de-25-de-junho-de-2015-republicado-dia-05-10.pdf\" target=\"_blank\">ANEXO DA RESOLU\u00c7\u00c3O NORMATIVA N\u00ba 22, DE 25 DE JUNHO DE 2015(REPUBLICADO DIA 05.10)<\/a><\/p>\n<p>Anexo da Resolu\u00e7\u00e3o Normativa n\u00ba 22, de 25 de junho de 2015<\/p>\n<p>&nbsp;<\/p>\n<p><a class=\"internal-link\" title=\"\" href=\"https:\/\/www.gov.br\/mcti\/pt-br\/composicao\/conselhos\/concea\/arquivos\/arquivo\/legislacao\/resolucao-normativa-no-18-de-24-de-setembro-de-2014.pdf\" target=\"_blank\">RESOLU\u00c7\u00c3O NORMATIVA N\u00ba 18, DE 24 DE SETEMBRO DE 2014.<\/a><\/p>\n<p>Reconhece m\u00e9todos alternativos ao uso de animais em atividades de pesquisa no Brasil, nos termos da Resolu\u00e7\u00e3o Normativa n\u00ba 17, de 03 de julho de 2014, e d\u00e1 outras provid\u00eancias.<\/p>\n<p>&nbsp;<\/p>\n<p><a class=\"internal-link\" title=\"\" href=\"https:\/\/www.gov.br\/mcti\/pt-br\/composicao\/conselhos\/concea\/arquivos\/arquivo\/legislacao\/resolucao-normativa-no-5-de-14-de-junho-de-2012.pdf\" target=\"_blank\">RESOLU\u00c7\u00c3O NORMATIVA N\u00ba 5, DE 14 DE JUNHO DE 2012.<\/a><\/p>\n<p>Baixa recomenda\u00e7\u00e3o \u00e0s ag\u00eancias de amparo e fomento \u00e0 pesquisa cient\u00edfica, na forma prevista no art. 23 da Lei n\u00ba 11.794, de 8 de outubro de 2008.<\/p>\n<\/div>\n<\/div>\n<div class=\"row\" style=\"text-align: justify\">\n<div class=\"boxInfo verde col-xs-12 margin-top-30\">\n<h2 class=\"full-width\">Orienta\u00e7\u00f5es T\u00e9cnicas<\/h2>\n<\/div>\n<div class=\"col-sm-12\">\n<p><a href=\"https:\/\/antigo.mctic.gov.br\/mctic\/opencms\/institucional\/concea\/arquivos\/legislacao\/orientacoes_tecnicas\/ORIENTACAO-TECNICA-N.-9-DE-18-DE-AGOSTO-DE-2016.pdf\" target=\"_blank\">ORIENTA\u00c7\u00c3O T\u00c9CNICA N\u00ba 9 DE 18 DE AGOSTO DE 2016.<\/a><\/p>\n<p>Orienta sobre alternativas ao uso de animais em disciplina de t\u00e9cnica cir\u00fargica<\/p>\n<p><a href=\"https:\/\/antigo.mctic.gov.br\/mctic\/opencms\/institucional\/concea\/arquivos\/legislacao\/orientacoes_tecnicas\/OT-12.pdf\" target=\"_blank\">ORIENTA\u00c7\u00c3O T\u00c9CNICA N\u00ba 12, DE 8 DE MAIO DE 2018.<\/a><\/p>\n<p>Disp\u00f5e sobre par\u00e2metros de bem-estar animal que visam a balizar as atividades de ensino ou pesquisa cient\u00edfica no \u00e2mbito do Conselho Nacional de Controle de Experimenta\u00e7\u00e3o Animal &#8211; CONCEA.<\/p>\n<p><a href=\"https:\/\/antigo.mctic.gov.br\/mctic\/opencms\/institucional\/concea\/arquivos\/legislacao\/orientacoes_tecnicas\/Anexo-OT-N-12-BEM-ESTAR.pdf\" target=\"_blank\">ANEXO DA ORIENTA\u00c7\u00c3O T\u00c9CNICA N\u00ba 12, DE 8 DE MAIO DE 2018<\/a><\/p>\n<p>Par\u00e2metros de bem-estar animal que visam a balizar as atividades de ensino ou pesquisa cient\u00edfica no \u00e2mbito do Conselho Nacional de Controle de Experimenta\u00e7\u00e3o Animal &#8211; CONCEA.<\/p>\n<\/div>\n<\/div>\n<div class=\"row\">\n<div class=\"boxInfo verde col-xs-12 margin-top-30\" style=\"text-align: justify\">\n<h2 class=\"full-width\">Regimento Interno do Concea<\/h2>\n<\/div>\n<div class=\"col-sm-12\">\n<p style=\"text-align: justify\"><a href=\"https:\/\/antigo.mctic.gov.br\/mctic\/opencms\/institucional\/concea\/arquivos\/legislacao\/portarias\/Portaria-MCTI-n-460-de-30.04.2014-D.O.U.-de-02.05.2014-Secao-I-Pag.5-Regimento-Interno-do-CONCEA.pdf\" target=\"_blank\">PORTARIA N\u00ba 460, DE 30 DE ABRIL DE 2014.<\/a><\/p>\n<p style=\"text-align: justify\">Aprova o Regimento Interno do Conselho Nacional de Controle de Experimenta\u00e7\u00e3o Animal &#8211; CONCEA.<\/p>\n<\/div>\n<\/div>\n","protected":false},"excerpt":{"rendered":"<p>Lei Lei 11.794, de 8 de outubro de 2008 Decreto Decreto n\u00ba 6899 de 15 de Julho de 2009 &nbsp; Resolu\u00e7\u00f5es Normativas do Concea &#8211; Vigentes &nbsp; RESOLU\u00c7\u00c3O NORMATIVA CONCEA\/MCTI N\u00ba 67, DE 2 DE MAIO DE 2023 Disp\u00f5e sobre as condi\u00e7\u00f5es que dever\u00e3o ser observadas para a cria\u00e7\u00e3o, a manuten\u00e7\u00e3o e a experimenta\u00e7\u00e3o de [&hellip;]<\/p>\n","protected":false},"author":2095,"featured_media":0,"parent":0,"menu_order":0,"comment_status":"closed","ping_status":"closed","template":"","meta":{"_acf_changed":false,"_monsterinsights_skip_tracking":false,"_monsterinsights_sitenote_active":false,"_monsterinsights_sitenote_note":"","_monsterinsights_sitenote_category":0,"footnotes":""},"class_list":["post-350","page","type-page","status-publish","hentry"],"acf":[],"_links":{"self":[{"href":"https:\/\/bio.ufpr.br\/bioterio\/wp-json\/wp\/v2\/pages\/350","targetHints":{"allow":["GET"]}}],"collection":[{"href":"https:\/\/bio.ufpr.br\/bioterio\/wp-json\/wp\/v2\/pages"}],"about":[{"href":"https:\/\/bio.ufpr.br\/bioterio\/wp-json\/wp\/v2\/types\/page"}],"author":[{"embeddable":true,"href":"https:\/\/bio.ufpr.br\/bioterio\/wp-json\/wp\/v2\/users\/2095"}],"replies":[{"embeddable":true,"href":"https:\/\/bio.ufpr.br\/bioterio\/wp-json\/wp\/v2\/comments?post=350"}],"version-history":[{"count":4,"href":"https:\/\/bio.ufpr.br\/bioterio\/wp-json\/wp\/v2\/pages\/350\/revisions"}],"predecessor-version":[{"id":372,"href":"https:\/\/bio.ufpr.br\/bioterio\/wp-json\/wp\/v2\/pages\/350\/revisions\/372"}],"wp:attachment":[{"href":"https:\/\/bio.ufpr.br\/bioterio\/wp-json\/wp\/v2\/media?parent=350"}],"curies":[{"name":"wp","href":"https:\/\/api.w.org\/{rel}","templated":true}]}}