{"id":1031,"date":"2016-12-01T13:30:52","date_gmt":"2016-12-01T13:30:52","guid":{"rendered":"https:\/\/bio.ufpr.br\/botanica\/?page_id=1031"},"modified":"2024-08-02T14:13:22","modified_gmt":"2024-08-02T14:13:22","slug":"unidades","status":"publish","type":"page","link":"https:\/\/bio.ufpr.br\/botanica\/unidades\/","title":{"rendered":"Unidades"},"content":{"rendered":"<p>O Departamento \u00e9\u00a0constitu\u00eddo pelas seguintes unidades funcionais:<\/p>\n<p><strong>I \u2013 Administra\u00e7\u00e3o e Log\u00edstica<\/strong><\/p>\n<p>Secretaria do Departamento<\/p>\n<p>Secretaria da P\u00f3s-Gradua\u00e7\u00e3o em Bot\u00e2nica<\/p>\n<p><strong>II \u2013 Laborat\u00f3rios de pesquisa<\/strong><\/p>\n<p>Laborat\u00f3rio de An\u00e1lise e S\u00edntese em Biodiversidade<\/p>\n<p>Laborat\u00f3rio de Bot\u00e2nica Estrutural<\/p>\n<p>Laborat\u00f3rio de Ecologia Vegetal<\/p>\n<p>Laborat\u00f3rio de Ficologia<\/p>\n<p>Laborat\u00f3rio de Fisiologia Vegetal<\/p>\n<p>Laborat\u00f3rio de Liquenologia<\/p>\n<p>Laborat\u00f3rio de Macropropaga\u00e7\u00e3o<\/p>\n<p>Laborat\u00f3rio de Micropropaga\u00e7\u00e3o Vegetal<\/p>\n<p>Laborat\u00f3rio de Morfologia e Ecologia Funcional<\/p>\n<p>Laborat\u00f3rio de Sistem\u00e1tica de Plantas Vasculares<\/p>\n<p>Laborat\u00f3rio de Sistem\u00e1tica e Ecologia Molecular<\/p>\n<p>Laborat\u00f3rio Multiusu\u00e1rio de Biologia Molecular<\/p>\n<p>Laborat\u00f3rio Oikos<\/p>\n<p>Casas de Vegeta\u00e7\u00e3o I (Micropropaga\u00e7\u00e3o), II (Orquid\u00e1rio), III (Casa de Vegeta\u00e7\u00e3o Mista) e IV (Casa de Vegeta\u00e7\u00e3o CT-Infra)<\/p>\n<p>Laborat\u00f3rio de Ecologia Funcional de Comunidades<\/p>\n<p>Laborat\u00f3rio de Intera\u00e7\u00f5es e Biologia Reprodutiva<\/p>\n<p><strong>III &#8211; Herb\u00e1rio UPCB<\/strong><\/p>\n<p style=\"padding-left: 40px\">(1) <a href=\"https:\/\/bio.ufpr.br\/botanica\/wp-content\/uploads\/sites\/35\/2024\/08\/Regimento-Interno-Herbario-UPCB-1-7.pdf\">Regimento Interno &#8211; Herb\u00e1rio UPCB<\/a><\/p>\n<p style=\"padding-left: 40px\">(2) Procedimentos gerais e boas pr\u00e1ticas para o uso da cole\u00e7\u00e3o do Herb\u00e1rio UPCB <a href=\"https:\/\/bio.ufpr.br\/botanica\/wp-content\/uploads\/sites\/35\/2024\/08\/Regimento-Interno-Herbario-Anexo-I.pdf\">neste link<\/a><\/p>\n<p style=\"padding-left: 40px\">(3)<em> Instru\u00e7\u00f5es para agendamento de visitas e consulta\u00a0ao\u00a0acervo<\/em>: A consulta ao acervo do Herb\u00e1rio UPCB \u00e9 permitida para finalidades cient\u00edficas e\/ou did\u00e1ticas. \u00c9 aberta \u00e0 comunidade da UFPR, a pesquisadores de outras institui\u00e7\u00f5es cient\u00edficas com reconhecida atua\u00e7\u00e3o em estudos sobre a biodiversidade de plantas, algas e fungos e, com fins did\u00e1ticos, \u00e9 aberta a institui\u00e7\u00f5es educacionais de n\u00edvel fundamental, m\u00e9dio e superior, tanto de car\u00e1ter p\u00fablico quanto privado. Toda visita deve ser previamente acordada com a curadoria e deve seguir as normas vigentes do Herb\u00e1rio dispon\u00edveis em seu regimento. Datas e hor\u00e1rios dependem da disponibilidade da equipe do Herb\u00e1rio.<\/p>\n<p style=\"padding-left: 40px\">(4): <em>Contatos<\/em>: herbarioupcb@gmail.com. Informa\u00e7\u00f5es atualizadas<a href=\"https:\/\/www.instagram.com\/herbario_upcb\/\"> no nosso Instagram<\/a><\/p>\n<p><strong>IV \u2013 \u00c1rea did\u00e1tica<\/strong><\/p>\n<p>Laborat\u00f3rios de apoio did\u00e1tico I (sala 409) e II (sala 410)<\/p>\n<p>Laborat\u00f3rios de aulas pr\u00e1ticas I (sala 398), II (sala 401), III (sala 403), IV (sala 407) e V (sala 411), VI (sala 427)<\/p>\n<p>Salas de aula I (sala 406), II (sala 421), III (sala 426)<\/p>\n<p><strong>V \u2013 Gabinetes dos professores<\/strong><\/p>\n","protected":false},"excerpt":{"rendered":"<p>O Departamento \u00e9\u00a0constitu\u00eddo pelas seguintes unidades funcionais: I \u2013 Administra\u00e7\u00e3o e Log\u00edstica Secretaria do Departamento Secretaria da P\u00f3s-Gradua\u00e7\u00e3o em Bot\u00e2nica II \u2013 Laborat\u00f3rios de pesquisa [&hellip;]<\/p>\n","protected":false},"author":6,"featured_media":0,"parent":0,"menu_order":0,"comment_status":"closed","ping_status":"closed","template":"","meta":{"_acf_changed":false,"_monsterinsights_skip_tracking":false,"_monsterinsights_sitenote_active":false,"_monsterinsights_sitenote_note":"","_monsterinsights_sitenote_category":0,"footnotes":""},"class_list":["post-1031","page","type-page","status-publish","hentry"],"acf":[],"_links":{"self":[{"href":"https:\/\/bio.ufpr.br\/botanica\/wp-json\/wp\/v2\/pages\/1031","targetHints":{"allow":["GET"]}}],"collection":[{"href":"https:\/\/bio.ufpr.br\/botanica\/wp-json\/wp\/v2\/pages"}],"about":[{"href":"https:\/\/bio.ufpr.br\/botanica\/wp-json\/wp\/v2\/types\/page"}],"author":[{"embeddable":true,"href":"https:\/\/bio.ufpr.br\/botanica\/wp-json\/wp\/v2\/users\/6"}],"replies":[{"embeddable":true,"href":"https:\/\/bio.ufpr.br\/botanica\/wp-json\/wp\/v2\/comments?post=1031"}],"version-history":[{"count":8,"href":"https:\/\/bio.ufpr.br\/botanica\/wp-json\/wp\/v2\/pages\/1031\/revisions"}],"predecessor-version":[{"id":1898,"href":"https:\/\/bio.ufpr.br\/botanica\/wp-json\/wp\/v2\/pages\/1031\/revisions\/1898"}],"wp:attachment":[{"href":"https:\/\/bio.ufpr.br\/botanica\/wp-json\/wp\/v2\/media?parent=1031"}],"curies":[{"name":"wp","href":"https:\/\/api.w.org\/{rel}","templated":true}]}}