{"id":1033,"date":"2016-12-01T13:31:16","date_gmt":"2016-12-01T13:31:16","guid":{"rendered":"https:\/\/bio.ufpr.br\/botanica\/?page_id=1033"},"modified":"2023-02-02T18:00:35","modified_gmt":"2023-02-02T18:00:35","slug":"disciplinas","status":"publish","type":"page","link":"https:\/\/bio.ufpr.br\/botanica\/disciplinas\/","title":{"rendered":"Disciplinas"},"content":{"rendered":"<p>&nbsp;<\/p>\n<table style=\"height: 1289px;border-color: #2f5c0c\" width=\"635\">\n<tbody>\n<tr>\n<td style=\"text-align: center\" colspan=\"6\" width=\"64\"><strong><span style=\"color: #008000\">DISCIPLINAS BB<\/span><\/strong><\/td>\n<\/tr>\n<tr>\n<td style=\"text-align: left\" width=\"64\"><span style=\"color: #008000\">C\u00d3DIGO<\/span><\/td>\n<td style=\"text-align: center\" width=\"64\"><span style=\"color: #008000\">SITE<\/span><\/td>\n<td style=\"text-align: left\" width=\"161\"><span style=\"color: #008000\">CURSO<\/span><\/td>\n<td style=\"text-align: left\" width=\"218\"><span style=\"color: #008000\">NOME<\/span><\/td>\n<td style=\"text-align: center\" colspan=\"2\" width=\"64\"><span style=\"color: #008000\">FICHAS<\/span><\/td>\n<\/tr>\n<tr>\n<td>BB038<\/td>\n<td><\/td>\n<td>Biologia<\/td>\n<td width=\"218\">Biologia dos L\u00edquens<\/td>\n<td style=\"text-align: center\"><a href=\"https:\/\/bio.ufpr.br\/botanica\/wp-content\/uploads\/sites\/35\/2016\/12\/BB038-ficha-1.pdf\">ficha 1<\/a><\/td>\n<td>\u00a0<a href=\"https:\/\/bio.ufpr.br\/botanica\/wp-content\/uploads\/sites\/35\/2016\/12\/bb038.pdf\">ficha 2<\/a><\/td>\n<\/tr>\n<tr>\n<td>BB046<\/td>\n<td><\/td>\n<td>Biologia<\/td>\n<td width=\"218\">Deontologia para ci\u00eancias biol\u00f3gicas<\/td>\n<td><\/td>\n<td>\u00a0<a href=\"https:\/\/bio.ufpr.br\/botanica\/wp-content\/uploads\/sites\/35\/2016\/12\/bb046.pdf\">ficha 2<\/a><\/td>\n<\/tr>\n<tr>\n<td>BB051<\/td>\n<td><\/td>\n<td>Bioprocessos<\/td>\n<td width=\"218\">Cultura de C\u00e9lulas e Tecidos Vegetais in Vitro: Princ\u00edpios e Aplica\u00e7\u00f5es<\/td>\n<td style=\"text-align: center\">\u00a0<a href=\"https:\/\/bio.ufpr.br\/botanica\/wp-content\/uploads\/sites\/35\/2016\/12\/BB051-Cultura-de-C\u00e9lulas-e-Tecidos-Vegetais-in-Vitro-Princ\u00edpios-e-Aplica\u00e7\u00f5es-FICHA-1.pdf\">ficha 1<\/a><\/td>\n<td>\u00a0<a href=\"https:\/\/bio.ufpr.br\/botanica\/wp-content\/uploads\/sites\/35\/2016\/12\/bb051.pdf\">ficha 2<\/a><\/td>\n<\/tr>\n<tr>\n<td>BB052<\/td>\n<td><\/td>\n<td>Zootecnia<\/td>\n<td width=\"218\">Morfologia Vegetal<\/td>\n<td><\/td>\n<td>\u00a0<a href=\"https:\/\/bio.ufpr.br\/botanica\/wp-content\/uploads\/sites\/35\/2016\/12\/bb052.pdf\">ficha 2<\/a><\/td>\n<\/tr>\n<tr>\n<td>BB053<\/td>\n<td><\/td>\n<td>Zootecnia<\/td>\n<td width=\"218\">Fisiologia Vegetal<\/td>\n<td><\/td>\n<td>\u00a0<a href=\"https:\/\/bio.ufpr.br\/botanica\/wp-content\/uploads\/sites\/35\/2016\/12\/bb053.pdf\">ficha 2<\/a><\/td>\n<\/tr>\n<tr>\n<td>BB057<\/td>\n<td><\/td>\n<td>Bio M + Bio N + Zoo +EF + Ag<\/td>\n<td width=\"218\">Propaga\u00e7\u00e3o Vegetal<\/td>\n<td style=\"text-align: center\">\u00a0<a href=\"https:\/\/bio.ufpr.br\/botanica\/wp-content\/uploads\/sites\/35\/2016\/12\/BB057-PROPAGA\u00c7\u00c3O-VEGETAL-2013-Ficha-01.pdf\">ficha 1<\/a><\/td>\n<td>\u00a0<a href=\"https:\/\/bio.ufpr.br\/botanica\/wp-content\/uploads\/sites\/35\/2016\/12\/bb057.pdf\">ficha 2<\/a><\/td>\n<\/tr>\n<tr>\n<td>BB062<\/td>\n<td><\/td>\n<td>F\u00e1rmacia<\/td>\n<td width=\"218\">Bot\u00e2nica para Farm\u00e1cia<\/td>\n<td><\/td>\n<td>\u00a0<a href=\"https:\/\/bio.ufpr.br\/botanica\/wp-content\/uploads\/sites\/35\/2016\/12\/bb062.pdf\">ficha 2<\/a><\/td>\n<\/tr>\n<tr>\n<td>BB064<\/td>\n<td><\/td>\n<td>Biologia<\/td>\n<td width=\"218\">Morfologia de Plantas Vasculares<\/td>\n<td style=\"text-align: center\">\u00a0<a href=\"https:\/\/bio.ufpr.br\/botanica\/wp-content\/uploads\/sites\/35\/2016\/12\/BB064-Morfologia-de-Plantas-Vasculares-ficha-1.pdf\">ficha 1<\/a><\/td>\n<td>\u00a0<a href=\"https:\/\/bio.ufpr.br\/botanica\/wp-content\/uploads\/sites\/35\/2016\/12\/bb064.pdf\">ficha 2<\/a><\/td>\n<\/tr>\n<tr>\n<td>BB065<\/td>\n<td><\/td>\n<td>Biologia<\/td>\n<td width=\"218\">Fisiologia para Biologia<\/td>\n<td style=\"text-align: center\"><a href=\"https:\/\/bio.ufpr.br\/botanica\/wp-content\/uploads\/sites\/35\/2016\/12\/BB065-Fisiologia-de-Plantas-Vasculares-Ficha-01.pdf\">ficha 1<\/a><\/td>\n<td>\u00a0<a href=\"https:\/\/bio.ufpr.br\/botanica\/wp-content\/uploads\/sites\/35\/2016\/12\/bb065.pdf\">ficha 2<\/a><\/td>\n<\/tr>\n<tr>\n<td>BB066<\/td>\n<td><\/td>\n<td>Biologia<\/td>\n<td width=\"218\">Sistem\u00e1tica de Plantas Vasculares<\/td>\n<td style=\"text-align: center\"><a href=\"https:\/\/bio.ufpr.br\/botanica\/wp-content\/uploads\/sites\/35\/2016\/12\/BB066-Sistem\u00e1tica-de-Vasculares-Ficha-01.pdf\">ficha 1<\/a><\/td>\n<td><\/td>\n<\/tr>\n<tr>\n<td>BB067<\/td>\n<td><\/td>\n<td>Biologia<\/td>\n<td width=\"218\">Anatomia de Org\u00e3os Vegetais<\/td>\n<td><\/td>\n<td>\u00a0<a href=\"https:\/\/bio.ufpr.br\/botanica\/wp-content\/uploads\/sites\/35\/2016\/12\/bb067.pdf\">ficha 2<\/a><\/td>\n<\/tr>\n<tr>\n<td>BB068<\/td>\n<td><\/td>\n<td>Biologia<\/td>\n<td width=\"218\">Diversidade e fitofisionomia da Vegeta\u00e7\u00e3o do Paran\u00e1<\/td>\n<td style=\"text-align: center\"><a href=\"https:\/\/bio.ufpr.br\/botanica\/wp-content\/uploads\/sites\/35\/2016\/12\/BB068-Diversidade-e-Fitofisionomia-ficha-1-e-2-1.pdf\">ficha 1 e 2<\/a><\/td>\n<td><\/td>\n<\/tr>\n<tr>\n<td>BB070<\/td>\n<td><\/td>\n<td>Bio N + EF<\/td>\n<td width=\"218\">Ecofisiologia Vegetal<\/td>\n<td style=\"text-align: center\"><a href=\"https:\/\/bio.ufpr.br\/botanica\/wp-content\/uploads\/sites\/35\/2016\/12\/BB070-ECOFISIOLOGIA-VEGETAL-Ficha-01.pdf\">ficha 1<\/a><\/td>\n<td><\/td>\n<\/tr>\n<tr>\n<td>BB071<\/td>\n<td><\/td>\n<td>Eng Florestal<\/td>\n<td width=\"218\">Morfologia Vegetal<\/td>\n<td><\/td>\n<td>\u00a0<a href=\"https:\/\/bio.ufpr.br\/botanica\/wp-content\/uploads\/sites\/35\/2016\/12\/bb071.pdf\">ficha 2<\/a><\/td>\n<\/tr>\n<tr>\n<td>BB072<\/td>\n<td><\/td>\n<td>Eng Florestal<\/td>\n<td width=\"218\">Fisiologia Vegetal<\/td>\n<td style=\"text-align: center\"><a href=\"https:\/\/bio.ufpr.br\/botanica\/wp-content\/uploads\/sites\/35\/2016\/12\/BB072-Fisiologia-Vegetal-Ficha-1-e-2-1.pdf\">ficha 1 e 2<\/a><\/td>\n<td><\/td>\n<\/tr>\n<tr>\n<td>BB073<\/td>\n<td><\/td>\n<td>Eng Florestal<\/td>\n<td width=\"218\">Sistemativa Vegetal (Engenharia Florestal)<\/td>\n<td><\/td>\n<td>\u00a0<a href=\"https:\/\/bio.ufpr.br\/botanica\/wp-content\/uploads\/sites\/35\/2016\/12\/bb073.pdf\">ficha 2<\/a><\/td>\n<\/tr>\n<tr>\n<td>BB075<\/td>\n<td><\/td>\n<td>Biologia<\/td>\n<td width=\"218\">Estrutura da Madeira e Par\u00e2metros Utilizados na Identifica\u00e7\u00e3o<\/td>\n<td style=\"text-align: center\"><a href=\"https:\/\/bio.ufpr.br\/botanica\/wp-content\/uploads\/sites\/35\/2016\/12\/bb075-1.pdf\">ficha 1<\/a><\/td>\n<td>\u00a0<a href=\"https:\/\/bio.ufpr.br\/botanica\/wp-content\/uploads\/sites\/35\/2016\/12\/bb075.pdf\">ficha 2<\/a><\/td>\n<\/tr>\n<tr>\n<td>BB076<\/td>\n<td style=\"text-align: center\"><a href=\"https:\/\/sites.google.com\/site\/estatbas\/\">site<\/a><\/td>\n<td>Biologia<\/td>\n<td width=\"218\">Delineamento de experimentos e an\u00e1lise de dados biol\u00f3gicos<\/td>\n<td style=\"text-align: center\"><a href=\"https:\/\/bio.ufpr.br\/botanica\/wp-content\/uploads\/sites\/35\/2016\/12\/BB076-Delineamento-de-experimento-e-an\u00e1lise-de-dados-biol\u00f3gicos-ficha-1-nova.pdf\">ficha 1<\/a><\/td>\n<td>\u00a0<a href=\"https:\/\/bio.ufpr.br\/botanica\/wp-content\/uploads\/sites\/35\/2016\/12\/bb076.pdf\">ficha 2<\/a><\/td>\n<\/tr>\n<tr>\n<td>BB077<\/td>\n<td><\/td>\n<td>Biomedicina<\/td>\n<td width=\"218\">M\u00e9todos de identifica\u00e7\u00e3o de Plantas medicinais<\/td>\n<td style=\"text-align: center\">\u00a0<a href=\"https:\/\/bio.ufpr.br\/botanica\/wp-content\/uploads\/sites\/35\/2016\/12\/BB077-M\u00e9todos-para-ident.-de-plantas-medicinais.pdf\">ficha 1<\/a><\/td>\n<td>\u00a0<a href=\"https:\/\/bio.ufpr.br\/botanica\/wp-content\/uploads\/sites\/35\/2016\/12\/BB077-M\u00e9todos-de-identifica\u00e7\u00e3o-de-plantas-medicinais-Ficha-2-1.pdf\">ficha 2<\/a><\/td>\n<\/tr>\n<tr>\n<td>BB078<\/td>\n<td><\/td>\n<td>Agronomia<\/td>\n<td width=\"218\">Morfologia e anatomia vegetal<\/td>\n<td style=\"text-align: center\">\u00a0<a href=\"https:\/\/bio.ufpr.br\/botanica\/wp-content\/uploads\/sites\/35\/2016\/12\/bb078-1.pdf\">ficha 1<\/a><\/td>\n<td>\u00a0<a href=\"https:\/\/bio.ufpr.br\/botanica\/wp-content\/uploads\/sites\/35\/2016\/12\/bb078.pdf\">ficha 2<\/a><\/td>\n<\/tr>\n<tr>\n<td>BB079<\/td>\n<td><\/td>\n<td>Agronomia<\/td>\n<td width=\"218\">Sistem\u00e1tica Vegetal para Agronomia<\/td>\n<td><\/td>\n<td>\u00a0<a href=\"https:\/\/bio.ufpr.br\/botanica\/wp-content\/uploads\/sites\/35\/2016\/12\/bb079.pdf\">ficha 2<\/a><\/td>\n<\/tr>\n<tr>\n<td>BB080<\/td>\n<td><\/td>\n<td>Agronomia<\/td>\n<td width=\"218\">Fisiologia vegetal<\/td>\n<td><\/td>\n<td>\u00a0<a href=\"https:\/\/bio.ufpr.br\/botanica\/wp-content\/uploads\/sites\/35\/2016\/12\/bb080-1.pdf\">ficha 2<\/a><\/td>\n<\/tr>\n<tr>\n<td>BB081<\/td>\n<td style=\"text-align: center\">\u00a0<a href=\"https:\/\/sites.google.com\/site\/ecologiabasicabb048\/\">site<\/a><\/td>\n<td>Eng Ambiental<\/td>\n<td width=\"218\">Ecologia B\u00e1sica<\/td>\n<td style=\"text-align: center\">\u00a0<a href=\"https:\/\/bio.ufpr.br\/botanica\/wp-content\/uploads\/sites\/35\/2016\/12\/BB081-.pdf\">ficha 1<\/a><\/td>\n<td>\u00a0<a href=\"https:\/\/bio.ufpr.br\/botanica\/wp-content\/uploads\/sites\/35\/2016\/12\/bb081.pdf\">ficha 2<\/a><\/td>\n<\/tr>\n<tr>\n<td>BB082<\/td>\n<td><\/td>\n<td>Bio + Zoo<\/td>\n<td width=\"218\">Projetos em anatomia vegetal<\/td>\n<td style=\"text-align: center\"><a href=\"https:\/\/bio.ufpr.br\/botanica\/wp-content\/uploads\/sites\/35\/2016\/12\/BB082-Projeto-em-anatomia-Vegetal-ficha-01-1.pdf\">ficha 1<\/a><\/td>\n<td>\u00a0<a href=\"https:\/\/bio.ufpr.br\/botanica\/wp-content\/uploads\/sites\/35\/2016\/12\/bb082.pdf\">ficha 2<\/a><\/td>\n<\/tr>\n<tr>\n<td>BB083<\/td>\n<td><\/td>\n<td>Biologia<\/td>\n<td width=\"218\">Met. E T\u00e9c em Anatomia Vegetal<\/td>\n<td style=\"text-align: center\">\u00a0<a href=\"https:\/\/bio.ufpr.br\/botanica\/wp-content\/uploads\/sites\/35\/2016\/12\/BB083-m\u00e9todos-e-t\u00e9cnicas-15-semanas-FICHA-01-.pdf\">ficha 1<\/a><\/td>\n<td>\u00a0<a href=\"https:\/\/bio.ufpr.br\/botanica\/wp-content\/uploads\/sites\/35\/2016\/12\/bb083.pdf\">ficha 2<\/a><\/td>\n<\/tr>\n<tr>\n<td>BB085<\/td>\n<td><\/td>\n<td>Biologia<\/td>\n<td width=\"218\">Ferramentas Morfofisiol\u00f3gicas da propaga\u00e7\u00e3o vegetal<\/td>\n<td style=\"text-align: center\"><a href=\"https:\/\/bio.ufpr.br\/botanica\/wp-content\/uploads\/sites\/35\/2016\/12\/bb085-1.pdf\">ficha 1<\/a><\/td>\n<td>\u00a0<a href=\"https:\/\/bio.ufpr.br\/botanica\/wp-content\/uploads\/sites\/35\/2016\/12\/bb085.pdf\">ficha 2<\/a><\/td>\n<\/tr>\n<tr>\n<td>BB087<\/td>\n<td><\/td>\n<td>Bio+Eng.Amb+Eng.Agro<\/td>\n<td width=\"218\">Ecologia Vegetal<\/td>\n<td style=\"text-align: center\"><a href=\"https:\/\/bio.ufpr.br\/botanica\/wp-content\/uploads\/sites\/35\/2016\/12\/ficha_01_Ecologia_Vegetal.pdf\">ficha 1<\/a><\/td>\n<td><a href=\"https:\/\/bio.ufpr.br\/botanica\/wp-content\/uploads\/sites\/35\/2016\/12\/ficha_02_Ecologia_Vegetal.pdf\">ficha 2<\/a><\/td>\n<\/tr>\n<tr>\n<td>BB095<\/td>\n<td><\/td>\n<td>Bio+Zoo+Eng.Agro<\/td>\n<td width=\"218\">Ecologia b\u00e1sica e aplicada<\/td>\n<td style=\"text-align: center\"><a href=\"https:\/\/bio.ufpr.br\/botanica\/wp-content\/uploads\/sites\/35\/2016\/12\/Ficha-1-BB095-Ecologia-b\u00e1sica-e-aplicada.pdf\">Ficha 1<\/a><\/td>\n<td><a href=\"https:\/\/bio.ufpr.br\/botanica\/wp-content\/uploads\/sites\/35\/2016\/12\/Ficha-2-BB095-Ecologia-b\u00e1sica-e-aplicada.pdf\">Ficha 2 <\/a><\/td>\n<\/tr>\n<tr>\n<td>BB098<\/td>\n<td><\/td>\n<td>Zootecnia<\/td>\n<td width=\"218\">Fisiologia vegetal para zootecnia<\/td>\n<td style=\"text-align: center\"><a href=\"https:\/\/bio.ufpr.br\/botanica\/wp-content\/uploads\/sites\/35\/2016\/12\/Ficha-1-BB098-Fisiologia-Vegetal-para-Zootecnia.pdf\">Ficha 1 <\/a><\/td>\n<td><a href=\"https:\/\/bio.ufpr.br\/botanica\/wp-content\/uploads\/sites\/35\/2016\/12\/Ficha-2-BB098-Fisiologia-Vegetal-para-Zootecnia.pdf\">Ficha 2 <\/a><\/td>\n<\/tr>\n<tr>\n<td>BB101<\/td>\n<td><\/td>\n<td>Zootecnia<\/td>\n<td width=\"218\">Morfologia vegetal para zootecnia<\/td>\n<td style=\"text-align: center\"><a href=\"https:\/\/bio.ufpr.br\/botanica\/wp-content\/uploads\/sites\/35\/2016\/12\/Ficha-1-BB101-MORFOLOGIA-VEGETAL-PARA-A-ZOOTECNIA.pdf\">Ficha 1 <\/a><\/td>\n<td><a href=\"https:\/\/bio.ufpr.br\/botanica\/wp-content\/uploads\/sites\/35\/2016\/12\/Ficha-2-BB101-MORFOLOGIA-VEGETAL-PARA-A-ZOOTECNIA.pdf\">Ficha 2 <\/a><\/td>\n<\/tr>\n<\/tbody>\n<\/table>\n<p>&nbsp;<\/p>\n<p>&nbsp;<\/p>\n<table width=\"474\">\n<tbody>\n<tr>\n<td style=\"text-align: center\" colspan=\"6\" width=\"474\"><strong><span style=\"color: #008000\">DISCIPLINAS BIO<\/span><\/strong><\/td>\n<\/tr>\n<tr>\n<td><span style=\"color: #008000\">C\u00d3DIGO<\/span><\/td>\n<td><span style=\"color: #008000\">SITE<\/span><\/td>\n<td><span style=\"color: #008000\">CURSO<\/span><\/td>\n<td><span style=\"color: #008000\">NOME<\/span><\/td>\n<td style=\"text-align: center\"><span style=\"color: #008000\">FICHA 1<\/span><\/td>\n<td style=\"text-align: center\"><span style=\"color: #008000\">FICHA 2<\/span><\/td>\n<\/tr>\n<tr>\n<td>BIO006<\/td>\n<td style=\"text-align: center\">\u00a0<a href=\"https:\/\/sites.google.com\/site\/biologiadecampoi\/\">site<\/a><\/td>\n<td>Biologia<\/td>\n<td width=\"193\">Biologia de Campo I<\/td>\n<td><\/td>\n<td><\/td>\n<\/tr>\n<tr>\n<td>BIO009<\/td>\n<td><\/td>\n<td>Biologia<\/td>\n<td width=\"193\">Biologia de V\u00edrus, Procariotas e Fungos<\/td>\n<td><\/td>\n<td>\u00a0<a href=\"https:\/\/bio.ufpr.br\/botanica\/wp-content\/uploads\/sites\/35\/2016\/12\/bio009.pdf\">ficha 2<\/a><\/td>\n<\/tr>\n<tr>\n<td>BIO011<\/td>\n<td><\/td>\n<td>Biologia<\/td>\n<td width=\"193\">Ecologia B\u00e1sica<\/td>\n<td><\/td>\n<td><\/td>\n<\/tr>\n<tr>\n<td>BIO013<\/td>\n<td><\/td>\n<td>Biologia<\/td>\n<td width=\"193\">Biologia de Protistas e Plantas Vasculares<\/td>\n<td><\/td>\n<td>\u00a0<a href=\"https:\/\/bio.ufpr.br\/botanica\/wp-content\/uploads\/sites\/35\/2016\/12\/bio013.pdf\">ficha 2<\/a><\/td>\n<\/tr>\n<tr>\n<td>BIO014<\/td>\n<td style=\"text-align: center\"><\/td>\n<td>Biologia<\/td>\n<td width=\"193\">Semin\u00e1rios III<\/td>\n<td><\/td>\n<td>\u00a0<a href=\"https:\/\/bio.ufpr.br\/botanica\/wp-content\/uploads\/sites\/35\/2016\/12\/bio014.pdf\">ficha 2<\/a><\/td>\n<\/tr>\n<tr>\n<td>BIO016<\/td>\n<td style=\"text-align: center\"><a href=\"https:\/\/sites.google.com\/view\/cienciasambientaisufpr2\/p%C3%A1gina-inicial\">site<\/a><\/td>\n<td>Biologia<\/td>\n<td width=\"193\">Ci\u00eancias Ambientais<\/td>\n<td><\/td>\n<td>\u00a0<a href=\"https:\/\/bio.ufpr.br\/botanica\/wp-content\/uploads\/sites\/35\/2016\/12\/bio016.pdf\">ficha 2<\/a><\/td>\n<\/tr>\n<tr>\n<td>BIO019<\/td>\n<td><\/td>\n<td>Biologia<\/td>\n<td width=\"193\">Metodos em Biologia Comparada<\/td>\n<td>\u00a0<a href=\"https:\/\/bio.ufpr.br\/botanica\/wp-content\/uploads\/sites\/35\/2016\/12\/FICHA1-v18nov16_BIO019_BioComparada_03abr17-1.pdf\">ficha 1<\/a><\/td>\n<td>\u00a0<a href=\"https:\/\/bio.ufpr.br\/botanica\/wp-content\/uploads\/sites\/35\/2016\/12\/bio019.pdf\">ficha 2<\/a><\/td>\n<\/tr>\n<tr>\n<td>BIO020<\/td>\n<td><\/td>\n<td>Biologia<\/td>\n<td width=\"193\">Evolu\u00e7\u00e3o Molecular para Biologia<\/td>\n<td><\/td>\n<td><\/td>\n<\/tr>\n<tr>\n<td>BIO021<\/td>\n<td style=\"text-align: center\">\u00a0<a href=\"https:\/\/sites.google.com\/site\/biologiadecampoii\/\">site<\/a><\/td>\n<td>Biologia<\/td>\n<td width=\"193\">Biologia de Campo II<\/td>\n<td><\/td>\n<td><\/td>\n<\/tr>\n<tr>\n<td>BIO022<\/td>\n<td style=\"text-align: center\">\u00a0<a href=\"https:\/\/sites.google.com\/site\/biologiadaconservacaobiologia\/home\">site<\/a><\/td>\n<td>Biologia<\/td>\n<td width=\"193\">Biologia da Conserva\u00e7\u00e3o<\/td>\n<td>\u00a0<a href=\"https:\/\/bio.ufpr.br\/botanica\/wp-content\/uploads\/sites\/35\/2016\/12\/FICHA1-BI0022_-Biologia-da-Conserva\u00e7\u00e3o.pdf\">ficha 1<\/a><\/td>\n<td>\u00a0<a href=\"https:\/\/bio.ufpr.br\/botanica\/wp-content\/uploads\/sites\/35\/2016\/12\/bio022.pdf\">ficha 2<\/a><\/td>\n<\/tr>\n<tr>\n<td>BIO023<\/td>\n<td><\/td>\n<td>Biologia<\/td>\n<td width=\"193\">Cole\u00e7\u00f5es Biol\u00f3gicas e Taxonomia<\/td>\n<td><\/td>\n<td><\/td>\n<\/tr>\n<tr>\n<td>BIO024<\/td>\n<td style=\"text-align: center\"><a href=\"https:\/\/sites.google.com\/site\/ecolpopulacoes\/\">site<\/a><\/td>\n<td>Biologia<\/td>\n<td width=\"193\">Ecologia de Popula\u00e7\u00f5es e Comunidades<\/td>\n<td><\/td>\n<td><\/td>\n<\/tr>\n<tr>\n<td>BIO025<\/td>\n<td><\/td>\n<td>Biologia<\/td>\n<td width=\"193\">Sistem\u00e1tica filogen\u00e9tica<\/td>\n<td><\/td>\n<td><\/td>\n<\/tr>\n<tr>\n<td>BIO029<\/td>\n<td><\/td>\n<td>Biologia<\/td>\n<td width=\"193\">Estudo de Impacto Ambiental<\/td>\n<td><\/td>\n<td><\/td>\n<\/tr>\n<tr>\n<td>BIO030<\/td>\n<td style=\"text-align: center\"><a href=\"https:\/\/sites.google.com\/site\/bio030ufpr\/\">site<\/a><\/td>\n<td>Biologia<\/td>\n<td width=\"193\">Metodologia Cient\u00edfica<\/td>\n<td><\/td>\n<td>\u00a0<a href=\"https:\/\/bio.ufpr.br\/botanica\/wp-content\/uploads\/sites\/35\/2016\/12\/bio030.pdf\">ficha 2<\/a><\/td>\n<\/tr>\n<\/tbody>\n<\/table>\n<p>&nbsp;<\/p>\n","protected":false},"excerpt":{"rendered":"<p>&nbsp; DISCIPLINAS BB C\u00d3DIGO SITE CURSO NOME FICHAS BB038 Biologia Biologia dos L\u00edquens ficha 1 \u00a0ficha 2 BB046 Biologia Deontologia para ci\u00eancias biol\u00f3gicas \u00a0ficha 2 [&hellip;]<\/p>\n","protected":false},"author":6,"featured_media":0,"parent":0,"menu_order":0,"comment_status":"closed","ping_status":"closed","template":"","meta":{"_acf_changed":false,"_monsterinsights_skip_tracking":false,"_monsterinsights_sitenote_active":false,"_monsterinsights_sitenote_note":"","_monsterinsights_sitenote_category":0,"footnotes":""},"class_list":["post-1033","page","type-page","status-publish","hentry"],"acf":[],"_links":{"self":[{"href":"https:\/\/bio.ufpr.br\/botanica\/wp-json\/wp\/v2\/pages\/1033","targetHints":{"allow":["GET"]}}],"collection":[{"href":"https:\/\/bio.ufpr.br\/botanica\/wp-json\/wp\/v2\/pages"}],"about":[{"href":"https:\/\/bio.ufpr.br\/botanica\/wp-json\/wp\/v2\/types\/page"}],"author":[{"embeddable":true,"href":"https:\/\/bio.ufpr.br\/botanica\/wp-json\/wp\/v2\/users\/6"}],"replies":[{"embeddable":true,"href":"https:\/\/bio.ufpr.br\/botanica\/wp-json\/wp\/v2\/comments?post=1033"}],"version-history":[{"count":54,"href":"https:\/\/bio.ufpr.br\/botanica\/wp-json\/wp\/v2\/pages\/1033\/revisions"}],"predecessor-version":[{"id":1835,"href":"https:\/\/bio.ufpr.br\/botanica\/wp-json\/wp\/v2\/pages\/1033\/revisions\/1835"}],"wp:attachment":[{"href":"https:\/\/bio.ufpr.br\/botanica\/wp-json\/wp\/v2\/media?parent=1033"}],"curies":[{"name":"wp","href":"https:\/\/api.w.org\/{rel}","templated":true}]}}