{"id":10,"date":"2014-11-19T17:41:09","date_gmt":"2014-11-19T17:41:09","guid":{"rendered":"https:\/\/bio.ufpr.br\/cbio\/?page_id=10"},"modified":"2025-10-17T12:40:18","modified_gmt":"2025-10-17T12:40:18","slug":"o-curso","status":"publish","type":"page","link":"https:\/\/bio.ufpr.br\/cbio\/o-curso\/","title":{"rendered":"Curso"},"content":{"rendered":"<h3>Conhe\u00e7a o curso de Ci\u00eancias biol\u00f3gicas!<\/h3>\n<p>Assista aos v\u00eddeos abaixo:<\/p>\n<p>&nbsp;<\/p>\n<p>&nbsp;<\/p>\n<table>\n<caption><strong>V\u00eddeos da hist\u00f3ria do nosso curso<\/strong><\/caption>\n<tbody>\n<tr>\n<td><iframe loading=\"lazy\"  id=\"_ytid_98078\"  width=\"480\" height=\"270\"  data-origwidth=\"480\" data-origheight=\"270\" src=\"https:\/\/www.youtube.com\/embed\/3mVIjOqfTKQ?enablejsapi=1&autoplay=0&cc_load_policy=0&cc_lang_pref=&iv_load_policy=1&loop=0&rel=1&fs=1&playsinline=0&autohide=2&theme=dark&color=red&controls=1&disablekb=0&\" class=\"__youtube_prefs__  no-lazyload\" title=\"YouTube player\"  allow=\"fullscreen; accelerometer; autoplay; clipboard-write; encrypted-media; gyroscope; picture-in-picture; web-share\" referrerpolicy=\"strict-origin-when-cross-origin\" allowfullscreen data-no-lazy=\"1\" data-skipgform_ajax_framebjll=\"\"><\/iframe><\/td>\n<td><iframe loading=\"lazy\"  id=\"_ytid_43172\"  width=\"480\" height=\"270\"  data-origwidth=\"480\" data-origheight=\"270\" src=\"https:\/\/www.youtube.com\/embed\/Ji-7uaSXiwQ?enablejsapi=1&autoplay=0&cc_load_policy=0&cc_lang_pref=&iv_load_policy=1&loop=0&rel=1&fs=1&playsinline=0&autohide=2&theme=dark&color=red&controls=1&disablekb=0&\" class=\"__youtube_prefs__  no-lazyload\" title=\"YouTube player\"  allow=\"fullscreen; accelerometer; autoplay; clipboard-write; encrypted-media; gyroscope; picture-in-picture; web-share\" referrerpolicy=\"strict-origin-when-cross-origin\" allowfullscreen data-no-lazy=\"1\" data-skipgform_ajax_framebjll=\"\"><\/iframe><\/td>\n<\/tr>\n<\/tbody>\n<tfoot>\n<tr>\n<td rowspan=\"2\">Em breve atualiza\u00e7\u00f5es&#8230;<\/td>\n<\/tr>\n<\/tfoot>\n<\/table>\n<p>&nbsp;<\/p>\n<p>&nbsp;<\/p>\n<h2>Resumo das informa\u00e7\u00f5es:<\/h2>\n<p>&nbsp;<\/p>\n<p>Forma de ingresso: 60 vagas distribu\u00eddas entre processo seletivo vestibular e pelo sistema SISU.<\/p>\n<p>Requisitos dos candidatos: afinidades por disciplinas de biologia, qu\u00edmica, f\u00edsica e portugu\u00eas.<\/p>\n<p>O curso de Ci\u00eancias Biol\u00f3gicas da Universidade Federal do Paran\u00e1 \u00e9 ministrado em dois turnos (matutino e noturno) e tem duas habilita\u00e7\u00f5es (licenciatura e bacharelado).<\/p>\n<p>&nbsp;<\/p>\n<table style=\"height: 117px;border-color: #000000\" border=\"1\" width=\"514\">\n<tbody>\n<tr>\n<td style=\"text-align: center\" colspan=\"2\" rowspan=\"2\"><\/td>\n<td style=\"background-color: powderblue;text-align: center\" colspan=\"2\">Habilita\u00e7\u00f5es<\/td>\n<td rowspan=\"2\"><\/td>\n<\/tr>\n<tr>\n<td style=\"background-color: powderblue\">Licenciatura<\/td>\n<td style=\"background-color: powderblue\">Bacharelado<\/td>\n<\/tr>\n<tr>\n<td style=\"background-color: powderblue\" rowspan=\"2\">Turnos<\/td>\n<td style=\"background-color: powderblue\">Matutino<\/td>\n<td colspan=\"2\">aulas das 07h30min \u00e0s 12h30min<\/td>\n<td style=\"background-color: powderblue\" rowspan=\"2\">Hor\u00e1rios<\/td>\n<\/tr>\n<tr>\n<td style=\"background-color: powderblue\">Noturno<\/td>\n<td colspan=\"2\">aulas das 18h30min \u00e0s 22h50min (aulas aos s\u00e1bados pela manh\u00e3)<\/td>\n<\/tr>\n<\/tbody>\n<\/table>\n<p>&nbsp;<\/p>\n<p>&nbsp;<\/p>\n<h5><em><strong>Ingressantes at\u00e9 2022<\/strong><\/em><\/h5>\n<p>Carga hor\u00e1ria m\u00ednima: 360 horas;\u00a0Carga hor\u00e1ria m\u00e1xima: 540 horas.<\/p>\n<ul class=\"wp-block-list\">\n<li>Ao ingressar no Curso de Ci\u00eancias Biol\u00f3gicas da UFPR, o(a) estudante \u00e9 alocado(a) no curr\u00edculo do N\u00facleo B\u00e1sico Comum (curso 31C ou 45C). Com uma organiza\u00e7\u00e3o curricular centrada no car\u00e1ter essencial de cada \u00e1rea do conhecimento e dura\u00e7\u00e3o de seis semestres (2235 horas). Ao final desse per\u00edodo o estudante deve realizar a op\u00e7\u00e3o de habilita\u00e7\u00e3o a ser integralizada: Bacharelado (curso 31B ou 45B) ou Licenciatura (curso 31A ou 45A).<\/li>\n<li>O procedimento para mudan\u00e7a de habilita\u00e7\u00e3o e o prazo para isso no calend\u00e1rio acad\u00eamico vigente est\u00e3o contidos na p\u00e1gina do curso.<\/li>\n<\/ul>\n<p>&nbsp;<\/p>\n<p>O tempo de dura\u00e7\u00e3o \u00e9 de:<\/p>\n<p>&#8211; Licenciatura (curso 31A ou 45A) \u2013 prazo m\u00ednimo de 10 semestres e m\u00e1ximo de 15 semestres.<\/p>\n<p>&#8211; Bacharelado (curso 31B ou 45B) \u2013 prazo m\u00ednimo de 9 semestres e m\u00e1ximo de 14 semestres.<\/p>\n<p>&nbsp;<\/p>\n<p><strong>Mudan\u00e7a de habilita\u00e7\u00e3o<\/strong><\/p>\n<p>Para concluir uma das habilita\u00e7\u00f5es do curso \u00e9 necess\u00e1rio solicitar a mudan\u00e7a de habilita\u00e7\u00e3o (veja os prazos e formul\u00e1rios no <a href=\"https:\/\/bio.ufpr.br\/cbio\/calendario-academico-2\/\">Calend\u00e1rio acad\u00eamico<\/a>).<\/p>\n<p>A mudan\u00e7a de habilita\u00e7\u00e3o, solicitada diretamente \u00e0 coordena\u00e7\u00e3o do curso, uma vez aprovada pelo colegiado, ser\u00e1 encaminhada \u00e0 COPAP\/Prograp, para fins de registro no sistema de controle acad\u00eamico.<\/p>\n<p>&nbsp;<\/p>\n<p><strong>Perman\u00eancia (ingressantes at\u00e9 2022)<\/strong><\/p>\n<p>O(A) aluno(a) que concluir curso de gradua\u00e7\u00e3o no qual exista mais de uma habilita\u00e7\u00e3o poder\u00e1 permanecer na UFPR para obter outra habilita\u00e7\u00e3o no mesmo curso.<\/p>\n<p>O pedido (veja os prazos e formul\u00e1rios no site do curso), devidamente justificado, dever\u00e1 ser apresentado a coordena\u00e7\u00e3o do curso e dever\u00e1 ser aprovada pelo colegiado do curso. A sua aprova\u00e7\u00e3o \u00e9 condicionada \u00e0 possibilidade de o(a) interessado(a) concluir a nova habilita\u00e7\u00e3o dentro do tempo de que ainda disp\u00f5e antes de atingir o prazo m\u00e1ximo de integraliza\u00e7\u00e3o do curso, bem como aos demais crit\u00e9rios.<\/p>\n<p>A perman\u00eancia em curso dever\u00e1 ser iniciada no semestre\/ano letivo imediatamente subsequente ao da conclus\u00e3o da habilita\u00e7\u00e3o de origem.<\/p>\n<p>N\u00e3o h\u00e1 a possibilidade de <em><strong>trancamento de curso<\/strong><\/em> durante a Perman\u00eancia.<\/p>\n<p>&nbsp;<\/p>\n<p>&nbsp;<\/p>\n<h5><em><strong>Ingressantes a partir de 2023<\/strong><\/em><\/h5>\n<p>Carga hor\u00e1ria m\u00ednima: 240 horas; Carga hor\u00e1ria m\u00e1xima: 540 horas.<\/p>\n<p>O tempo de dura\u00e7\u00e3o \u00e9 de:<\/p>\n<p>&#8211; Licenciatura \u2013 prazo m\u00ednimo de 10 semestres e m\u00e1ximo de 15 semestres.<\/p>\n<p>&#8211; Bacharelado \u2013 prazo m\u00ednimo de 10 semestres e m\u00e1ximo de 15 semestres.<\/p>\n<p>&nbsp;<\/p>\n<p>&nbsp;<\/p>\n<p>Os cursos da UFPR est\u00e3o conformidade com o Plano de Desenvolvimento Institucional (DPI) da Universidade Federal do Paran\u00e1 que est\u00e1 dispon\u00edvel para consulta em <a href=\"https:\/\/ufpr.br\/wp-content\/uploads\/2022\/11\/Plano-de-Desenvolvimento-Institucional-UFPR-2022-2026.pdf\">clique aqui<\/a>.<br \/>\nMaiores informa\u00e7\u00f5es sobre o vestibular e SISU, entre em contato com o N\u00facleo de Concursos: <a href=\"http:\/\/www.nc.ufpr.br\/\">http:\/\/www.nc.ufpr.br\/<\/a><\/p>\n<p>&nbsp;<\/p>\n","protected":false},"excerpt":{"rendered":"<p>Conhe\u00e7a o curso de Ci\u00eancias biol\u00f3gicas! Assista aos v\u00eddeos abaixo: &nbsp; &nbsp; V\u00eddeos da hist\u00f3ria do nosso curso Em breve atualiza\u00e7\u00f5es&#8230; &nbsp; &nbsp; Resumo das informa\u00e7\u00f5es: &nbsp; Forma de ingresso: 60 vagas distribu\u00eddas entre processo seletivo vestibular e pelo sistema SISU. Requisitos dos candidatos: afinidades por disciplinas de biologia, qu\u00edmica, f\u00edsica e portugu\u00eas. O curso [&hellip;]<\/p>\n","protected":false},"author":6,"featured_media":0,"parent":0,"menu_order":0,"comment_status":"open","ping_status":"open","template":"","meta":{"_acf_changed":false,"_monsterinsights_skip_tracking":false,"_monsterinsights_sitenote_active":false,"_monsterinsights_sitenote_note":"","_monsterinsights_sitenote_category":0,"footnotes":""},"class_list":["post-10","page","type-page","status-publish","hentry"],"acf":[],"_links":{"self":[{"href":"https:\/\/bio.ufpr.br\/cbio\/wp-json\/wp\/v2\/pages\/10","targetHints":{"allow":["GET"]}}],"collection":[{"href":"https:\/\/bio.ufpr.br\/cbio\/wp-json\/wp\/v2\/pages"}],"about":[{"href":"https:\/\/bio.ufpr.br\/cbio\/wp-json\/wp\/v2\/types\/page"}],"author":[{"embeddable":true,"href":"https:\/\/bio.ufpr.br\/cbio\/wp-json\/wp\/v2\/users\/6"}],"replies":[{"embeddable":true,"href":"https:\/\/bio.ufpr.br\/cbio\/wp-json\/wp\/v2\/comments?post=10"}],"version-history":[{"count":56,"href":"https:\/\/bio.ufpr.br\/cbio\/wp-json\/wp\/v2\/pages\/10\/revisions"}],"predecessor-version":[{"id":5569,"href":"https:\/\/bio.ufpr.br\/cbio\/wp-json\/wp\/v2\/pages\/10\/revisions\/5569"}],"wp:attachment":[{"href":"https:\/\/bio.ufpr.br\/cbio\/wp-json\/wp\/v2\/media?parent=10"}],"curies":[{"name":"wp","href":"https:\/\/api.w.org\/{rel}","templated":true}]}}