{"id":299,"date":"2013-05-06T19:26:32","date_gmt":"2013-05-06T19:26:32","guid":{"rendered":"https:\/\/bio.ufpr.br\/cbio\/?page_id=299"},"modified":"2024-06-07T13:30:27","modified_gmt":"2024-06-07T13:30:27","slug":"atividades-formativas","status":"publish","type":"page","link":"https:\/\/bio.ufpr.br\/cbio\/atividades-formativas\/","title":{"rendered":"Atividades Formativas"},"content":{"rendered":"<ul>\n<li>O que s\u00e3o: S\u00e3o atividades relacionadas ao ensino, pesquisa e extens\u00e3o, extracurriculares e de car\u00e1ter interdisciplinar, realizadas durante o per\u00edodo de integraliza\u00e7\u00e3o curricular;<\/li>\n<\/ul>\n<ul>\n<li>Respons\u00e1vel pela avalia\u00e7\u00e3o\/valida\u00e7\u00e3o: COE &#8211;\u00a0Comiss\u00e3o Orientadora de Est\u00e1gios;<\/li>\n<\/ul>\n<ul>\n<li>Documentos: Formul\u00e1rio devidamente preenchido + c\u00f3pia dos certificados e\/ou documentos comprobat\u00f3rios das atividades;<\/li>\n<\/ul>\n<ul>\n<li>Per\u00edodo de entrega:\u00a0A partir do 7\u00ba per\u00edodo.<\/li>\n<\/ul>\n<ul>\n<li>A atividades dever\u00e3o ser realizadas em pelo menos tr\u00eas (3) dos \u00a0grupos descritos \u00a0no quadro &#8220;Crit\u00e9rios de Avalia\u00e7\u00e3o&#8221;. Sendo necess\u00e1rias 135 horas para a Licenciatura e 150 horas para o Bacharelado.<\/li>\n<\/ul>\n<ul>\n<li>O aluno que ir\u00e1 cursar Licenciatura e Bacharelado poder\u00e1 utilizar as mesmas atividades para computar carga hor\u00e1ria em ambas as modalidades.<\/li>\n<\/ul>\n<p>Confira o per\u00edodo de entrega da documenta\u00e7\u00e3o no <em>Calend\u00e1rio acad\u00eamico<\/em>.<\/p>\n<p>A documenta\u00e7\u00e3o dever\u00e1 ser entregue para a coordena\u00e7\u00e3o (link dispon\u00edvel no <em>Calend\u00e1rio acad\u00eamico<\/em>), da seguinte forma:<\/p>\n<p>1 \u2013 <a href=\"https:\/\/bio.ufpr.br\/cbio\/wp-content\/uploads\/sites\/3\/2022\/03\/Formul\u00e1rio-Atividades-formativas.docx\">Formul\u00e1rio<\/a> (em .pdf) devidamente preenchido.<\/p>\n<p>2 \u2013 Documentos comprobat\u00f3rios ordenados e com pagina\u00e7\u00e3o, que foi indicada no formul\u00e1rio, em arquivo \u00fanico (em .pdf).<\/p>\n<p>Os arquivos dever\u00e3o ser nomeados com nome e GRR (Nome_GRR_FormularioAF e Nome_GRR_DocumentosAF).<\/p>\n<p><a href=\"https:\/\/bio.ufpr.br\/cbio\/wp-content\/uploads\/sites\/3\/2014\/12\/regulamento-AF.pdf\" target=\"_blank\" rel=\"noopener\"><img loading=\"lazy\" decoding=\"async\" class=\"alignnone size-full wp-image-374\" src=\"https:\/\/bio.ufpr.br\/cbio\/wp-content\/uploads\/sites\/3\/2013\/05\/post_it_regulamento.png\" alt=\"post_it_regulamento\" width=\"160\" height=\"160\" srcset=\"https:\/\/bio.ufpr.br\/cbio\/wp-content\/uploads\/sites\/3\/2013\/05\/post_it_regulamento.png 253w, https:\/\/bio.ufpr.br\/cbio\/wp-content\/uploads\/sites\/3\/2013\/05\/post_it_regulamento-150x150.png 150w\" sizes=\"auto, (max-width: 160px) 100vw, 160px\" \/><\/a> <a href=\"https:\/\/bio.ufpr.br\/cbio\/wp-content\/uploads\/sites\/3\/2014\/12\/crit\u00e9rios-de-avali\u00e7\u00e3o-AF-20142.pdf\" target=\"_blank\" rel=\"noopener\"><img loading=\"lazy\" decoding=\"async\" class=\"alignnone size-full wp-image-394\" src=\"https:\/\/bio.ufpr.br\/cbio\/wp-content\/uploads\/sites\/3\/2013\/05\/post_it_CriteriosAF.png\" alt=\"post_it_CriteriosAF\" width=\"160\" height=\"160\" srcset=\"https:\/\/bio.ufpr.br\/cbio\/wp-content\/uploads\/sites\/3\/2013\/05\/post_it_CriteriosAF.png 253w, https:\/\/bio.ufpr.br\/cbio\/wp-content\/uploads\/sites\/3\/2013\/05\/post_it_CriteriosAF-150x150.png 150w\" sizes=\"auto, (max-width: 160px) 100vw, 160px\" \/><\/a><a href=\"https:\/\/bio.ufpr.br\/cbio\/wp-content\/uploads\/sites\/3\/2013\/05\/AF_modelo.pdf\" target=\"_blank\" rel=\"noopener\"><img loading=\"lazy\" decoding=\"async\" class=\"alignnone size-full wp-image-309\" src=\"https:\/\/bio.ufpr.br\/cbio\/wp-content\/uploads\/sites\/3\/2013\/05\/post_it_modelo1.png\" alt=\"post_it_modelo\" width=\"160\" height=\"160\" srcset=\"https:\/\/bio.ufpr.br\/cbio\/wp-content\/uploads\/sites\/3\/2013\/05\/post_it_modelo1.png 253w, https:\/\/bio.ufpr.br\/cbio\/wp-content\/uploads\/sites\/3\/2013\/05\/post_it_modelo1-150x150.png 150w\" sizes=\"auto, (max-width: 160px) 100vw, 160px\" \/><\/a><a href=\"https:\/\/bio.ufpr.br\/cbio\/wp-content\/uploads\/sites\/3\/2022\/03\/Formul\u00e1rio-Atividades-formativas.docx\"><img loading=\"lazy\" decoding=\"async\" class=\"alignnone wp-image-308\" src=\"https:\/\/bio.ufpr.br\/cbio\/wp-content\/uploads\/sites\/3\/2013\/05\/post_it_formulario1.png\" alt=\"post_it_formulario\" width=\"156\" height=\"156\" srcset=\"https:\/\/bio.ufpr.br\/cbio\/wp-content\/uploads\/sites\/3\/2013\/05\/post_it_formulario1.png 253w, https:\/\/bio.ufpr.br\/cbio\/wp-content\/uploads\/sites\/3\/2013\/05\/post_it_formulario1-150x150.png 150w\" sizes=\"auto, (max-width: 156px) 100vw, 156px\" \/><\/a><\/p>\n","protected":false},"excerpt":{"rendered":"<p>O que s\u00e3o: S\u00e3o atividades relacionadas ao ensino, pesquisa e extens\u00e3o, extracurriculares e de car\u00e1ter interdisciplinar, realizadas durante o per\u00edodo de integraliza\u00e7\u00e3o curricular; Respons\u00e1vel pela avalia\u00e7\u00e3o\/valida\u00e7\u00e3o: COE &#8211;\u00a0Comiss\u00e3o Orientadora de Est\u00e1gios; Documentos: Formul\u00e1rio devidamente preenchido + c\u00f3pia dos certificados e\/ou documentos comprobat\u00f3rios das atividades; Per\u00edodo de entrega:\u00a0A partir do 7\u00ba per\u00edodo. A atividades dever\u00e3o ser [&hellip;]<\/p>\n","protected":false},"author":7,"featured_media":0,"parent":0,"menu_order":0,"comment_status":"open","ping_status":"open","template":"","meta":{"_acf_changed":false,"_monsterinsights_skip_tracking":false,"_monsterinsights_sitenote_active":false,"_monsterinsights_sitenote_note":"","_monsterinsights_sitenote_category":0,"footnotes":""},"class_list":["post-299","page","type-page","status-publish","hentry"],"acf":[],"_links":{"self":[{"href":"https:\/\/bio.ufpr.br\/cbio\/wp-json\/wp\/v2\/pages\/299","targetHints":{"allow":["GET"]}}],"collection":[{"href":"https:\/\/bio.ufpr.br\/cbio\/wp-json\/wp\/v2\/pages"}],"about":[{"href":"https:\/\/bio.ufpr.br\/cbio\/wp-json\/wp\/v2\/types\/page"}],"author":[{"embeddable":true,"href":"https:\/\/bio.ufpr.br\/cbio\/wp-json\/wp\/v2\/users\/7"}],"replies":[{"embeddable":true,"href":"https:\/\/bio.ufpr.br\/cbio\/wp-json\/wp\/v2\/comments?post=299"}],"version-history":[{"count":42,"href":"https:\/\/bio.ufpr.br\/cbio\/wp-json\/wp\/v2\/pages\/299\/revisions"}],"predecessor-version":[{"id":4824,"href":"https:\/\/bio.ufpr.br\/cbio\/wp-json\/wp\/v2\/pages\/299\/revisions\/4824"}],"wp:attachment":[{"href":"https:\/\/bio.ufpr.br\/cbio\/wp-json\/wp\/v2\/media?parent=299"}],"curies":[{"name":"wp","href":"https:\/\/api.w.org\/{rel}","templated":true}]}}