{"id":356,"date":"2014-12-03T15:00:33","date_gmt":"2014-12-03T15:00:33","guid":{"rendered":"https:\/\/bio.ufpr.br\/cbio\/?page_id=356"},"modified":"2025-05-28T20:25:47","modified_gmt":"2025-05-28T20:25:47","slug":"estagio-curricular","status":"publish","type":"page","link":"https:\/\/bio.ufpr.br\/cbio\/estagio-curricular\/","title":{"rendered":"Est\u00e1gios obrigat\u00f3rios e n\u00e3o obrigat\u00f3rios"},"content":{"rendered":"<p>O est\u00e1gio obrigat\u00f3rio est\u00e1 vinculado a uma disciplina prevista no Projeto Pedag\u00f3gico do Curso, cujo objetivo \u00e9 aproximar o estudante das pr\u00e1ticas profissionais.<br \/>\nO est\u00e1gio n\u00e3o obrigat\u00f3rio \u00e9 uma atividade opcional, onde o estudante tem a possibilidade de adquirir experi\u00eancia na \u00e1rea do curso em que est\u00e1 matriculado.<\/p>\n<p>Os est\u00e1gios t\u00eam sempre a\u00a0supervis\u00e3o de um profissional no local do est\u00e1gio e a orienta\u00e7\u00e3o de um professor orientador na UFPR.<\/p>\n<p>No encerramento das atividades de est\u00e1gio dever\u00e1 ser encaminhado o <strong>Relat\u00f3rio Final<\/strong> das atividades desenvolvidas\u00a0(<a href=\"https:\/\/bio.ufpr.br\/cbio\/wp-content\/uploads\/sites\/3\/2014\/12\/instru\u00e7\u00e3o-Normativa-est\u00e1gio-relat\u00f3rio.pdf\">Instru\u00e7\u00e3o Normativa PROGRAD\/UFPR N\u00b0 01\/2021<\/a>).<\/p>\n<h2>FLUXO PARA DOCUMENTOS DE EST\u00c1GIO<\/h2>\n<p><em>(com informa\u00e7\u00f5es da COAFE &#8211; Unidade de est\u00e1gios: http:\/\/www.prograd.ufpr.br\/coafe\/ue\/)<\/em><\/p>\n<p>A documenta\u00e7\u00e3o (para aprova\u00e7\u00e3o de termo de compromisso ou aditivo) deve ser providenciada com <strong>pelo menos 10 dias de anteced\u00eancia da data de in\u00edcio<\/strong> das atividades de est\u00e1gio.<\/p>\n<p>N\u00e3o \u00e9 permitida a homologa\u00e7\u00e3o de pedidos com data retroativa.<\/p>\n<p>O(A) estudante encaminha (<strong>VIA E-MAIL<\/strong> para a Secretaria da Coordena\u00e7\u00e3o, cbio@ufpr.br) o Termo de Compromisso assinado pelo(a) Estudante, pela Concedente, pelo agente de integra\u00e7\u00e3o (se for o caso) e (a) professor(a) orientador(a) UFPR \u2013 as assinaturas podem ser f\u00edsicas, digitais ou eletr\u00f4nicas.<\/p>\n<div class=\"textwidget\">\n<p>Posteriormente, o termo ser\u00e1 encaminhado para a aprecia\u00e7\u00e3o da COE e coordena\u00e7\u00e3o e assinatura (atrav\u00e9s de despacho SEI).<\/p>\n<p>O documento, com todas as assinaturas, ser\u00e1 enviado pela secretaria\/coordena\u00e7\u00e3o, via sistema SEI, para PROGRAD\/COAFE\/UEST para homologa\u00e7\u00e3o e cadastro.<\/p>\n<p><span style=\"color: #ff0000\"><span style=\"color: #000000\"><strong>ATEN\u00c7\u00c3O:<\/strong> <\/span><strong>SOMENTE INICIAR O EST\u00c1GIO AP\u00d3S RECEBER DA COORDENA\u00c7\u00c3O O DESPACHO DE DEFERIMENTO DA COAFE.<\/strong><\/span><\/p>\n<\/div>\n<p>Segundo o\u00a0<a href=\"http:\/\/www.prograd.ufpr.br\/portal\/coafe\/wp-content\/uploads\/sites\/15\/2019\/08\/Manual-de-Est%C3%A1gios-Vers%C3%A3o-Final.pdf\">Manual de est\u00e1gios da UFPR<\/a>:<\/p>\n<p><strong>Supervisor<\/strong> &#8211;\u00a0\u00c9 o profissional da unidade contratante, respons\u00e1vel por acompanhar o estudante diretamente no local do est\u00e1gio. Deve ter forma\u00e7\u00e3o ou experi\u00eancia compat\u00edvel com a \u00e1rea do curso em que o estudante esteja matriculado.<\/p>\n<p><strong>Orientador<\/strong> &#8211;\u00a0\u00c9 um docente da institui\u00e7\u00e3o de ensino na qual o estudante se encontra matriculado, respons\u00e1vel por acompanhar as atividades do ponto de vista formativo, auxiliar na escolha do local de est\u00e1gio, elaborar o plano de atividades e acompanhar o progresso das atividades e do estudante como profissional em forma\u00e7\u00e3o.<\/p>\n<p style=\"padding-left: 40px\"><strong>Docentes orientadores de Est\u00e1gios n\u00e3o obrigat\u00f3rios do curso de Ci\u00eancias Biol\u00f3gicas<\/strong><\/p>\n<div style=\"padding-left: 40px\" data-olk-copy-source=\"MessageBody\">Profa. Flavia Sant\u2019Anna Rios &#8211; <a href=\"mailto:flaviasrios@ufpr.br\">flaviasrios@ufpr.br<\/a> &#8211; Departamento de Biologia Celular<\/div>\n<div style=\"padding-left: 40px\">Prof. Edson Antonio Tanhoffer &#8211; <a href=\"mailto:edsonanta@ufpr.br\">edsonanta@ufpr.br<\/a> &#8211; Departamento de Anatomia<\/div>\n<div style=\"padding-left: 40px\">Profa. Edileusa Gerhardt &#8211; <a href=\"mailto:edileusa.marques@ufpr.br\">edileusa.marques@ufpr.br<\/a> &#8211; Departamento de Bioqu\u00edmica e Biologia Molecular<\/div>\n<div style=\"padding-left: 40px\">Prof. Luciano Fel\u00edcio Fernandes &#8211; <a href=\"mailto:lff@ufpr.br\">lff@ufpr.br<\/a> &#8211; Departamento de Bot\u00e2nica<\/div>\n<div style=\"padding-left: 40px\">Profa. Erika Amano &#8211; <a href=\"mailto:erika.amano@ufpr.br\">erika.amano@ufpr.br<\/a> &#8211; Departamento de Bot\u00e2nica<\/div>\n<div style=\"padding-left: 40px\">Profa. Paula Santana Lunardi &#8211; <a href=\"mailto:paula.lunardi@ufpr.br\">paula.lunardi@ufpr.br<\/a> &#8211; Departamento de Bioqu\u00edmica e Biologia Molecular<\/div>\n<div style=\"padding-left: 40px\">Prof. Fernando de Camargo Passos &#8211; <a href=\"mailto:fpassos@ufpr.br\">fpassos@ufpr.br<\/a> &#8211; Departamento de Zoologia<\/div>\n<p>&nbsp;<\/p>\n<h3 class=\"LC20lb MBeuO DKV0Md\"><\/h3>\n<p><strong>Os formul\u00e1rios da\u00a0COAFE &#8211; Unidade de Est\u00e1gios (<a href=\"http:\/\/www.prograd.ufpr.br\/estagio\/formularios\/\">clique aqui<\/a>)<\/strong><\/p>\n<p><strong>COAFE \u2013 Unidade de est\u00e1gios: <a href=\"http:\/\/www.prograd.ufpr.br\/portal\/coafe\/ue\/\">http:\/\/www.prograd.ufpr.br\/coafe\/ue\/<\/a><\/strong><\/p>\n<p><a href=\"https:\/\/bio.ufpr.br\/cbio\/wp-content\/uploads\/sites\/3\/2020\/10\/Fluxo-Est\u00e1gio-1.png\"><img loading=\"lazy\" decoding=\"async\" class=\"alignnone wp-image-2163\" src=\"https:\/\/bio.ufpr.br\/cbio\/wp-content\/uploads\/sites\/3\/2020\/10\/Fluxo-Est\u00e1gio-1-300x212.png\" alt=\"Fluxo Est\u00e1gio\" width=\"800\" height=\"565\" srcset=\"https:\/\/bio.ufpr.br\/cbio\/wp-content\/uploads\/sites\/3\/2020\/10\/Fluxo-Est\u00e1gio-1-300x212.png 300w, https:\/\/bio.ufpr.br\/cbio\/wp-content\/uploads\/sites\/3\/2020\/10\/Fluxo-Est\u00e1gio-1-768x543.png 768w, https:\/\/bio.ufpr.br\/cbio\/wp-content\/uploads\/sites\/3\/2020\/10\/Fluxo-Est\u00e1gio-1-1024x724.png 1024w, https:\/\/bio.ufpr.br\/cbio\/wp-content\/uploads\/sites\/3\/2020\/10\/Fluxo-Est\u00e1gio-1.png 1284w\" sizes=\"auto, (max-width: 800px) 100vw, 800px\" \/><\/a><\/p>\n<p>(Manual de est\u00e1gios da UFPR)<\/p>\n<h2><\/h2>\n<p>Atualizado em: 28\/05\/2025<\/p>\n<div class=\"textwidget\"><\/div>\n","protected":false},"excerpt":{"rendered":"<p>O est\u00e1gio obrigat\u00f3rio est\u00e1 vinculado a uma disciplina prevista no Projeto Pedag\u00f3gico do Curso, cujo objetivo \u00e9 aproximar o estudante das pr\u00e1ticas profissionais. O est\u00e1gio n\u00e3o obrigat\u00f3rio \u00e9 uma atividade opcional, onde o estudante tem a possibilidade de adquirir experi\u00eancia na \u00e1rea do curso em que est\u00e1 matriculado. Os est\u00e1gios t\u00eam sempre a\u00a0supervis\u00e3o de um [&hellip;]<\/p>\n","protected":false},"author":7,"featured_media":0,"parent":0,"menu_order":0,"comment_status":"open","ping_status":"open","template":"","meta":{"_acf_changed":false,"_monsterinsights_skip_tracking":false,"_monsterinsights_sitenote_active":false,"_monsterinsights_sitenote_note":"","_monsterinsights_sitenote_category":0,"footnotes":""},"class_list":["post-356","page","type-page","status-publish","hentry"],"acf":[],"_links":{"self":[{"href":"https:\/\/bio.ufpr.br\/cbio\/wp-json\/wp\/v2\/pages\/356","targetHints":{"allow":["GET"]}}],"collection":[{"href":"https:\/\/bio.ufpr.br\/cbio\/wp-json\/wp\/v2\/pages"}],"about":[{"href":"https:\/\/bio.ufpr.br\/cbio\/wp-json\/wp\/v2\/types\/page"}],"author":[{"embeddable":true,"href":"https:\/\/bio.ufpr.br\/cbio\/wp-json\/wp\/v2\/users\/7"}],"replies":[{"embeddable":true,"href":"https:\/\/bio.ufpr.br\/cbio\/wp-json\/wp\/v2\/comments?post=356"}],"version-history":[{"count":186,"href":"https:\/\/bio.ufpr.br\/cbio\/wp-json\/wp\/v2\/pages\/356\/revisions"}],"predecessor-version":[{"id":5437,"href":"https:\/\/bio.ufpr.br\/cbio\/wp-json\/wp\/v2\/pages\/356\/revisions\/5437"}],"wp:attachment":[{"href":"https:\/\/bio.ufpr.br\/cbio\/wp-json\/wp\/v2\/media?parent=356"}],"curies":[{"name":"wp","href":"https:\/\/api.w.org\/{rel}","templated":true}]}}