{"id":3914,"date":"2022-04-04T13:32:11","date_gmt":"2022-04-04T13:32:11","guid":{"rendered":"https:\/\/bio.ufpr.br\/cbio\/?page_id=3914"},"modified":"2026-02-12T20:23:22","modified_gmt":"2026-02-12T20:23:22","slug":"disciplinas-e-matriculas","status":"publish","type":"page","link":"https:\/\/bio.ufpr.br\/cbio\/disciplinas-e-matriculas\/","title":{"rendered":"Matr\u00edculas"},"content":{"rendered":"<h5><strong>Matr\u00edculas dos calouros<\/strong><\/h5>\n<p>A matr\u00edcula dos calouros da UFPR <strong>no primeiro per\u00edodo \u00e9 autom\u00e1tica<\/strong> e n\u00e3o precisa ser feita no SIGA. Para isso \u00e9 necess\u00e1rio confirmar a ocupa\u00e7\u00e3o de vaga presencialmente nos tr\u00eas primeiros dias do ano letivo junto a coordena\u00e7\u00e3o do curso.<\/p>\n<p>A partir do segundo per\u00edodo, os estudantes devem solicitar a matr\u00edcula no SIGA, de acordo com o <a href=\"https:\/\/bio.ufpr.br\/cbio\/calendario-academico-2\/\">calend\u00e1rio acad\u00eamico<\/a>.<\/p>\n<p>&nbsp;<\/p>\n<h5><strong>Matr\u00edculas em disciplinas<\/strong><\/h5>\n<p><em><strong>Solicita\u00e7\u00f5es em Contraturno\u00a0<\/strong><\/em><br \/>\n<em>As solicita\u00e7\u00f5es para cursar disciplinas em turno diferente de sua matr\u00edcula podem ser realizadas no SIGA.<\/em><em><br \/>\nPor\u00e9m, solicita\u00e7\u00f5es em Contraturno ter\u00e3o prioridade reduzida em rela\u00e7\u00e3o aos dos alunos do turno de oferta das disciplinas.<\/em><\/p>\n<p><em><strong>Solicita\u00e7\u00f5es em turmas ofertas por outros cursos (Turmas Outros Curr\u00edculos)<\/strong><\/em><br \/>\n<em>As solicita\u00e7\u00f5es para cursar disciplinas, da grade do curso Ci\u00eancias\u00a0Biol\u00f3gicas (<strong>mesmo c\u00f3digo<\/strong>),\u00a0em turmas de outro curso podem ser realizadas no SIGA.<\/em><em><br \/>\nPor\u00e9m, solicita\u00e7\u00f5es ter\u00e3o prioridade reduzida em rela\u00e7\u00e3o aos dos alunos do curso de oferta das turmas.<\/em><\/p>\n<p>&nbsp;<\/p>\n<h5>Matr\u00edculas em disciplinas eletivas<\/h5>\n<p>Alunos matriculados em cursos de gradua\u00e7\u00e3o da UFPR, interessados no enriquecimento de sua forma\u00e7\u00e3o cultural, poder\u00e3o matricular-se em disciplinas eletivas, atendidas as seguintes condi\u00e7\u00f5es:<\/p>\n<p style=\"padding-left: 40px\">a) haver vaga na turma;<br \/>\nb) n\u00e3o ser disciplina do seu curso;<br \/>\nc) n\u00e3o lhe faltar pr\u00e9-requisito ou co-requisito, ressalvada a possibilidade de dispensa prevista no artigo 56 da <a href=\"https:\/\/bio.ufpr.br\/cbio\/wp-content\/uploads\/sites\/3\/2025\/03\/Res.-37-97-CEPE.pdf\">Resolu\u00e7\u00e3o 37\/97 CEPE<\/a>;<br \/>\nd) n\u00e3o acarretar excesso de carga hor\u00e1ria semanal, ou seja, o aluno n\u00e3o poder\u00e1 exceder oito (08) horas de aula di\u00e1rias e\/ou quarenta (40) horas semanais, entre as disciplinas curriculares e as eletivas.<\/p>\n<p data-olk-copy-source=\"MessageBody\">A solicita\u00e7\u00e3o de disciplina eletiva \u00e9 feita pelo estudante no <strong>SIGA <\/strong>e tamb\u00e9m vale para estudantes da licenciatura que desejam cursar disciplinas do bacharelado ou o contr\u00e1rio. As disciplinas eletivas s\u00e3o disciplinas que n\u00e3o pertencem \u00e0 matriz curricular do discente, seja como obrigat\u00f3ria, optativa, adapta\u00e7\u00e3o ou correspond\u00eancia. N\u00e3o integraliza nada para o discente no curr\u00edculo atual.<\/p>\n<p>O sistema SIGA ainda aplica as seguintes valida\u00e7\u00f5es:<\/p>\n<ul>\n<li>O discente n\u00e3o pode estar integralizado (com ou sem AF integralizada);<\/li>\n<li>O discente deve estar matriculado em alguma disciplina do per\u00edodo atual;<\/li>\n<li>A disciplina n\u00e3o deve estar cadastrada na matriz curricular do discente;<\/li>\n<li>N\u00e3o deve validar CH m\u00ednima do discente;<\/li>\n<li>Deve validar CH m\u00e1xima do discente;<\/li>\n<li>N\u00e3o deve permitir solicitar matr\u00edcula com conflito de hor\u00e1rio;<\/li>\n<\/ul>\n<h4>Procedimento ap\u00f3s a solicita\u00e7\u00e3o no SIGA:<\/h4>\n<p><strong>An\u00e1lise do departamento<\/strong><\/p>\n<p>O departamento dever\u00e1 realizar a primeira an\u00e1lise da solicita\u00e7\u00e3o de matr\u00edcula eletiva no prazo estabelecido no calend\u00e1rio acad\u00eamico. Para isso, o departamento dever\u00e1 autorizar ou n\u00e3o a solicita\u00e7\u00e3o.<\/p>\n<p>Caso a solicita\u00e7\u00e3o seja autorizada, a coordena\u00e7\u00e3o do discente dever\u00e1 realizar a segunda an\u00e1lise.<\/p>\n<p><strong>An\u00e1lise da coordena\u00e7\u00e3o<\/strong><\/p>\n<p>A coordena\u00e7\u00e3o dever\u00e1 realizar a segunda an\u00e1lise da solicita\u00e7\u00e3o de matr\u00edcula eletiva no prazo estabelecido no calend\u00e1rio acad\u00eamico. Para isso, a coordena\u00e7\u00e3o dever\u00e1 autorizar ou n\u00e3o a solicita\u00e7\u00e3o.<\/p>\n<p>Caso a solicita\u00e7\u00e3o seja autorizada, a COPAP dever\u00e1 realizar a terceira e \u00faltima an\u00e1lise.<\/p>\n<p><strong>An\u00e1lise da COPAP<\/strong><\/p>\n<p>A COPAP dever\u00e1 realizar a \u00faltima an\u00e1lise da solicita\u00e7\u00e3o de matr\u00edcula eletiva no prazo estabelecido no calend\u00e1rio acad\u00eamico. Para isso, a COPAP dever\u00e1 autorizar ou n\u00e3o a solicita\u00e7\u00e3o.<\/p>\n<p>Caso a solicita\u00e7\u00e3o seja autorizada, a COPAP ir\u00e1 matricular o discente na disciplina eletiva, efetivamente ocupando a vaga.<\/p>\n<p aria-hidden=\"true\"><strong>Fique atento aos prazos de solicita\u00e7\u00e3o! Consulte o <a href=\"https:\/\/bio.ufpr.br\/cbio\/calendario-academico-2\/\"><em>Calend\u00e1rio acad\u00eamico<\/em><\/a><\/strong><\/p>\n<h5><strong>\u00a0Matr\u00edculas em disciplinas isoladas<\/strong><\/h5>\n<p>Ser\u00e1 permitida exclusivamente a pessoas n\u00e3o integrantes do corpo discente regular da UFPR, portadoras, no m\u00ednimo, de certificados de conclus\u00e3o do ensino m\u00e9dio, a matr\u00edcula em disciplinas isoladas dos cursos da mesma, sem exig\u00eancia de classifica\u00e7\u00e3o em processo de sele\u00e7\u00e3o e admiss\u00e3o (concurso vestibular), para complementa\u00e7\u00e3o e\/ou atualiza\u00e7\u00e3o de conhecimentos.<\/p>\n<p style=\"padding-left: 40px\">a) ser\u00e1 de <strong>tr\u00eas (03) o n\u00famero m\u00e1ximo de disciplinas isoladas<\/strong> a serem cursadas pelo interessado, simultaneamente, em cada per\u00edodo letivo.<\/p>\n<p style=\"padding-left: 40px\">b) quando se tratar de aluno estrangeiro amparado por conv\u00eanio firmado entre a UFPR e alguma Institui\u00e7\u00e3o de Ensino Superior estrangeira, o n\u00famero m\u00e1ximo de disciplinas previsto no par\u00e1grafo anterior poder\u00e1 ser ampliado, a crit\u00e9rio da coordena\u00e7\u00e3o do conv\u00eanio.<\/p>\n<p><span data-contrast=\"none\">Nos dias reservados para solicita\u00e7\u00e3o de matr\u00edculas isoladas, conforme calend\u00e1rio acad\u00eamico vigente, o interessado dever\u00e1 enviar para o e-mail do departamento respons\u00e1vel pela disciplina os seguintes documentos: <\/span><\/p>\n<ul>\n<li data-aria-posinset=\"1\" data-aria-level=\"2\"><a href=\"http:\/\/web.inf.ufpr.br\/dinf\/wp-content\/uploads\/sites\/2\/2023\/03\/formulario_isolada.pdf\"><span data-contrast=\"auto\">requerimento assinado,<\/span><\/a><span data-contrast=\"none\"> com op\u00e7\u00e3o m\u00e1xima de at\u00e9 3(tr\u00eas) disciplinas;\u00a0<\/span><\/li>\n<li data-aria-posinset=\"2\" data-aria-level=\"2\"><span data-contrast=\"none\">c\u00f3pia simples, frente e verso de documento oficial(RG e CPF);\u00a0<\/span><\/li>\n<li data-aria-posinset=\"3\" data-aria-level=\"2\"><span data-contrast=\"none\">c\u00f3pia simples do hist\u00f3rico escolar;\u00a0<\/span><\/li>\n<li data-aria-posinset=\"4\" data-aria-level=\"2\"><span data-contrast=\"none\">c\u00f3pia simples do comprovante de conclus\u00e3o do Ensino M\u00e9dio<\/span><\/li>\n<\/ul>\n<p>\u00c9 poss\u00edvel consultar no site da coordena\u00e7\u00e3o do curso as disciplinas que est\u00e3o sendo ofertadas. Ver link: <a href=\"https:\/\/bio.ufpr.br\/cbio\/disciplinas-ofertadas\/\">https:\/\/bio.ufpr.br\/cbio\/disciplinas-ofertadas\/<\/a>.<\/p>\n<p>Para conhecer as ementas das disciplinas, \u00e9 poss\u00edvel visualizar no Portal da transpar\u00eancia UFPR. O portal pode ser acessado pelo seguinte endere\u00e7o: <a href=\"https:\/\/transparencia.ufpr.br\/public\/dadosAcademicos\/graduacao_disciplinas.jsf\">https:\/\/transparencia.ufpr.br\/public\/dadosAcademicos\/graduacao_disciplinas.jsf<\/a><\/p>\n<p><strong>Fique atento aos prazos de solicita\u00e7\u00e3o! Consulte o <a href=\"https:\/\/bio.ufpr.br\/cbio\/calendario-academico-2\/\"><em>Calend\u00e1rio acad\u00eamico<\/em><\/a><\/strong><\/p>\n<h2>QUEBRA DE PR\u00c9-REQUISITO<\/h2>\n<p>As solicita\u00e7\u00f5es de quebra de pr\u00e9-requisito dever\u00e3o ser realizadas pelo Formul\u00e1rio online\u00a0(link dispon\u00edvel no <a href=\"https:\/\/bio.ufpr.br\/cbio\/calendario-academico-2\/\"><em>Calend\u00e1rio acad\u00eamico<\/em><\/a>).<\/p>\n<p><strong>O que \u00e9 a quebra de pr\u00e9 e correquisitos?<\/strong><\/p>\n<p>Os curr\u00edculos podem prever disciplinas que s\u00e3o pr\u00e9-requisito para cursar outras disciplinas. Existem, tamb\u00e9m, disciplinas que devem ser cursadas concomitantemente, no mesmo per\u00edodo. Elas constituem o chamado correquisito. Ambos, pr\u00e9-requisitos e correquisitos, devem ser conhecidos antes de efetuar a matr\u00edcula.<\/p>\n<p>Alunos t\u00eam a possibilidade de pedir matr\u00edcula em disciplinas mesmo sem ter o pr\u00e9-requisito ou co-requisito necess\u00e1rio. Este procedimento \u00e9 chamado de quebra de pr\u00e9-requisito e correquisito.<\/p>\n<p>&nbsp;<\/p>\n<p><strong>Como fa\u00e7o para solicitar?<\/strong><\/p>\n<ol>\n<li>Acesse o <a href=\"https:\/\/bio.ufpr.br\/cbio\/\">site da coordena\u00e7\u00e3o<\/a> do curso de Ci\u00eancias Biol\u00f3gicas. No menu <a href=\"https:\/\/bio.ufpr.br\/cbio\/calendario-academico-2\/\">Calend\u00e1rio acad\u00eamico<\/a>, procure pela data do per\u00edodo de solicita\u00e7\u00f5es.<\/li>\n<li>Clique no link do <a href=\"https:\/\/forms.office.com\/r\/3xTJxreAjz\">Formul\u00e1rio<\/a>.<\/li>\n<li>Preencha o forms e aguarde a an\u00e1lise.<\/li>\n<li>O estudante receber\u00e1 o resultado por e-mail enviado ao e-mail institucional.<\/li>\n<\/ol>\n<p>&nbsp;<\/p>\n<p><strong>O preenchimento do formul\u00e1rio n\u00e3o garante o atendimento da solicita\u00e7\u00e3o, que depender\u00e1 do n\u00famero de vagas dispon\u00edveis e da aprova\u00e7\u00e3o da quebra pelo colegiado do curso.<\/strong><\/p>\n<p><strong>\u00a0<\/strong><\/p>\n<h2>EST\u00c1GIO SUPERVISIONADO EM BIOLOGIA (MONOGRAFIA) E TRABALHO DE CONCLUS\u00c3O DE CURSO<\/h2>\n<p>As solicita\u00e7\u00f5es de matr\u00edculas nas disciplinas de TCC E Est\u00e1gio supervisionado em Biologia (monografia) dever\u00e3o ser realizadas pelos formul\u00e1rios disponibilizados no per\u00edodo de solicita\u00e7\u00e3o de ajustes de matr\u00edculas.<\/p>\n<p>A sua matr\u00edcula ser\u00e1 efetivada com a entrega da documenta\u00e7\u00e3o (ver em <a href=\"https:\/\/bio.ufpr.br\/cbio\/monografia-bacharelado\/\"><em>Est\u00e1gio supervisionado\/Monografia (Bacharelado)<\/em><\/a> e <a href=\"https:\/\/bio.ufpr.br\/cbio\/tcc-licenciatura\/\"><em>TCC (Licenciatura)<\/em><\/a>) para a Coordena\u00e7\u00e3o (link dispon\u00edvel no <a href=\"https:\/\/bio.ufpr.br\/cbio\/calendario-academico-2\/\"><em>Calend\u00e1rio acad\u00eamico<\/em><\/a>)<\/p>\n<p><strong>\u00a0<\/strong><\/p>\n<h2>PER\u00cdODO DE AJUSTES DE MATR\u00cdCULAS PELA COORDENA\u00c7\u00c3O<\/h2>\n<p>*\u00a0<strong>Estudantes\u00a0em processo\u00a0de\u00a0Cola\u00e7\u00e3o\u00a0de\u00a0grau<\/strong>\u00a0n\u00e3o podem ter matr\u00edculas em aberto no hist\u00f3rico. As solicita\u00e7\u00f5es\u00a0de\u00a0quem far\u00e1\u00a0<strong>Perman\u00eancia<\/strong> tamb\u00e9m ser\u00e3o recebidas pelo formul\u00e1rio online durante o per\u00edodo de ajuste (link dispon\u00edvel no <a href=\"https:\/\/bio.ufpr.br\/cbio\/calendario-academico-2\/\"><em>Calend\u00e1rio acad\u00eamico<\/em><\/a>).<\/p>\n<p><strong>&#8211; Aumento de vagas<\/strong><\/p>\n<p>A Coordena\u00e7\u00e3o verificar\u00e1 junto aos departamentos\/docentes, <strong><em>ap\u00f3s o processamento dos AJUSTES ON-LINE de matr\u00edcula do SIGA<\/em><\/strong>, a possibilidade do aumento de vagas para as\u00a0disciplinas com solicita\u00e7\u00f5es de matr\u00edculas n\u00e3o atendidas do SIGA.<\/p>\n<p><strong>&#8211; Vagas remanescentes<\/strong><\/p>\n<p>Formul\u00e1rio online (link dispon\u00edvel no <a href=\"https:\/\/bio.ufpr.br\/cbio\/calendario-academico-2\/\"><em>Calend\u00e1rio acad\u00eamico<\/em><\/a>)\u00a0para solicita\u00e7\u00e3o de matr\u00edculas em disciplinas com vagas remanescentes.<\/p>\n<p><strong>&#8211; Aumento de vagas para prov\u00e1veis formandos<\/strong><\/p>\n<p>Formul\u00e1rio online (link dispon\u00edvel no <a href=\"https:\/\/bio.ufpr.br\/cbio\/calendario-academico-2\/\"><em>Calend\u00e1rio acad\u00eamico<\/em><\/a>)\u00a0para prov\u00e1veis formandos(as) que n\u00e3o conseguiram vagas em disciplinas pelo SIGA.<\/p>\n<p><em>Prov\u00e1veis formandos s\u00e3o aqueles que j\u00e1 entregraram e completaram as horas de atividades formativas e, se aprovados em todas as disciplinas em que est\u00e1 matriculado em determinado per\u00edodo letivo, integraliza o seu curso.<\/em><\/p>\n<p>O preenchimento do formul\u00e1rio n\u00e3o garante o atendimento da solicita\u00e7\u00e3o, que depender\u00e1 do n\u00famero de vagas dispon\u00edveis.<\/p>\n<p>O\u00a0preenchimento das vagas seguir\u00e1 a ordem de prioridades do Art. 49, <a href=\"https:\/\/bio.ufpr.br\/cbio\/wp-content\/uploads\/sites\/3\/2025\/03\/Res.-37-97-CEPE.pdf\">Resolu\u00e7\u00e3o 37\/97 CEPE<\/a>.<\/p>\n<p><em><strong>Prefer\u00eancia por preenchimento das vagas\u00a0<\/strong><\/em><br \/>\n<em>Alunos periodizados em rela\u00e7\u00e3o \u00e0 disciplina, os que estiverem em situa\u00e7\u00e3o de jubilamento, desperiodizados por motivo de reprova\u00e7\u00e3o exclusivamente por nota, alunos que foram anteriormente reprovados por frequ\u00eancia na disciplina, seguindo para desempate o crit\u00e9rio de antiguidade de ingresso no curso, os que tiveram o maior \u00cdndice de Rendimento Acumulado (IRA).<\/em><\/p>\n<p><strong>&#8211; Remo\u00e7\u00e3o de matr\u00edculas<\/strong><\/p>\n<p>A remo\u00e7\u00e3o de matr\u00edculas (sem registro no hist\u00f3rico) poder\u00e1 ser solicitada pelo Formul\u00e1rio online (link dispon\u00edvel no <a href=\"https:\/\/bio.ufpr.br\/cbio\/calendario-academico-2\/\"><em>Calend\u00e1rio acad\u00eamico<\/em><\/a>).<\/p>\n<p>As remo\u00e7\u00f5es ser\u00e3o realizadas ao longo do per\u00edodo de corre\u00e7\u00e3o. A revers\u00e3o da solicita\u00e7\u00e3o n\u00e3o ser\u00e1 realizada.<\/p>\n<p>&nbsp;<\/p>\n<h2>Cancelamento de disciplinas<\/h2>\n<p>Ap\u00f3s o per\u00edodo de ajustes, o estudante que n\u00e3o desejar cursar uma disciplina em que est\u00e1 matriculado poder\u00e1 solicitar cancelamento de disciplina <strong>pelo sistema SIGA<\/strong> em data prevista no <a href=\"https:\/\/bio.ufpr.br\/cbio\/calendario-academico-2\/\">Calend\u00e1rio acad\u00eamico<\/a>.<\/p>\n<p style=\"padding-left: 40px\">a) se o <strong>cancelamento implicar carga hor\u00e1ria semanal abaixo do limite m\u00ednimo fixado pelo curr\u00edculo<\/strong>, dever\u00e1 o aluno apresentar autoriza\u00e7\u00e3o expressa da coordena\u00e7\u00e3o do curso, n\u00e3o podendo o aluno, em hip\u00f3tese alguma, zerar sua matr\u00edcula em qualquer semestre letivo (V. artigo 119), sob pena de ter o seu registro acad\u00eamico cancelado.<br \/>\nb) <strong>n\u00e3o ser\u00e1 admitido mais de um (01) cancelamento de matr\u00edcula na mesma disciplina<\/strong>, exceto por motivo de doen\u00e7a ou for\u00e7a maior, devidamente comprovado e aceito pelo colegiado do curso. Nesse caso, o estudante dever\u00e1 enviar para cbio@ufpr.br o <a href=\"https:\/\/prograp.ufpr.br\/copap\/wp-content\/uploads\/sites\/2\/2019\/12\/6-Cancelamento-de-Disciplina.pdf\">requerimento de cancelamento de disciplina<\/a> + os documentos comprobat\u00f3rios para an\u00e1lise no colegiado.<\/p>\n<p>&nbsp;<\/p>\n<p>Atualizado em: 12\/02\/2026<\/p>\n","protected":false},"excerpt":{"rendered":"<p>Matr\u00edculas dos calouros A matr\u00edcula dos calouros da UFPR no primeiro per\u00edodo \u00e9 autom\u00e1tica e n\u00e3o precisa ser feita no SIGA. Para isso \u00e9 necess\u00e1rio confirmar a ocupa\u00e7\u00e3o de vaga presencialmente nos tr\u00eas primeiros dias do ano letivo junto a coordena\u00e7\u00e3o do curso. A partir do segundo per\u00edodo, os estudantes devem solicitar a matr\u00edcula no [&hellip;]<\/p>\n","protected":false},"author":6,"featured_media":0,"parent":0,"menu_order":0,"comment_status":"closed","ping_status":"closed","template":"","meta":{"_acf_changed":false,"_monsterinsights_skip_tracking":false,"_monsterinsights_sitenote_active":false,"_monsterinsights_sitenote_note":"","_monsterinsights_sitenote_category":0,"footnotes":""},"class_list":["post-3914","page","type-page","status-publish","hentry"],"acf":[],"_links":{"self":[{"href":"https:\/\/bio.ufpr.br\/cbio\/wp-json\/wp\/v2\/pages\/3914","targetHints":{"allow":["GET"]}}],"collection":[{"href":"https:\/\/bio.ufpr.br\/cbio\/wp-json\/wp\/v2\/pages"}],"about":[{"href":"https:\/\/bio.ufpr.br\/cbio\/wp-json\/wp\/v2\/types\/page"}],"author":[{"embeddable":true,"href":"https:\/\/bio.ufpr.br\/cbio\/wp-json\/wp\/v2\/users\/6"}],"replies":[{"embeddable":true,"href":"https:\/\/bio.ufpr.br\/cbio\/wp-json\/wp\/v2\/comments?post=3914"}],"version-history":[{"count":79,"href":"https:\/\/bio.ufpr.br\/cbio\/wp-json\/wp\/v2\/pages\/3914\/revisions"}],"predecessor-version":[{"id":5838,"href":"https:\/\/bio.ufpr.br\/cbio\/wp-json\/wp\/v2\/pages\/3914\/revisions\/5838"}],"wp:attachment":[{"href":"https:\/\/bio.ufpr.br\/cbio\/wp-json\/wp\/v2\/media?parent=3914"}],"curies":[{"name":"wp","href":"https:\/\/api.w.org\/{rel}","templated":true}]}}