{"id":4500,"date":"2024-01-16T18:56:36","date_gmt":"2024-01-16T18:56:36","guid":{"rendered":"https:\/\/bio.ufpr.br\/cbio\/?page_id=4500"},"modified":"2025-05-03T21:22:36","modified_gmt":"2025-05-03T21:22:36","slug":"unidades-academicas","status":"publish","type":"page","link":"https:\/\/bio.ufpr.br\/cbio\/unidades-academicas\/","title":{"rendered":"Entidades estudantis"},"content":{"rendered":"\r\n<p><strong>Centro Acad\u00eamico de Estudos Biol\u00f3gicos (CAEB)<\/strong><\/p>\r\n\r\n\r\n\r\n<p>Centro Acad\u00eamico de Estudos Biol\u00f3gicos (CAEB) \u00e9 o \u00f3rg\u00e3o de representa\u00e7\u00e3o discente do Curso de Ci\u00eancias Biol\u00f3gicas.<\/p>\r\n\r\n\r\n\r\n<p>Contato:\u00a0<a href=\"caebufpr@gmail.com\">caebufpr@gmail.com<\/a><\/p>\r\n\r\n\r\n\r\n<p id=\"profile-caebufpr\">Instagram: <a href=\"https:\/\/www.instagram.com\/caeb.ufpr\/\">@caebufpr<\/a><\/p>\r\n\r\n\r\n\r\n<p>&nbsp;<\/p>\r\n\r\n\r\n\r\n<p><strong>Associa\u00e7\u00e3o Atl\u00e9tica de Ci\u00eancias Biol\u00f3gicas (AACB)<\/strong><\/p>\r\n\r\n\r\n\r\n<p>A Associa\u00e7\u00e3o\u00a0Atl\u00e9tica\u00a0de Ci\u00eancias Biol\u00f3gicas (AACB) \u00e9 uma associa\u00e7\u00e3o que visa organizar e representar os alunos de Ci\u00eancias Biol\u00f3gicas da UFPR &#8211; campus Curitiba frente a atividades sociais e esportivas, cultivando o esp\u00edrito de identidade e coletividade.<\/p>\r\n\r\n\r\n\r\n<p>Facebook:\u00a0<a href=\"https:\/\/www.facebook.com\/AtleticaBioUFPR\/\" target=\"_blank\" rel=\"noreferrer noopener\">https:\/\/www.facebook.com\/AtleticaBioUFPR\/<\/a><\/p>\r\n\r\n\r\n\r\n<p>Instagram:\u00a0<a href=\"https:\/\/instagram.com\/atleticabioufpr\/\" target=\"_blank\" rel=\"noreferrer noopener\">https:\/\/instagram.com\/atleticabioufpr\/<\/a><\/p>\r\n\r\n\r\n\r\n<p>&nbsp;<\/p>\r\n\r\n\r\n\r\n<p><strong>ECOS &#8211; Empresa J\u00fanior do curso de Ci\u00eancias Biol\u00f3gicas<\/strong><\/p>\r\n\r\n\r\n\r\n<p>undada em 2010, a ECOS \u00e9 a Empresa J\u00fanior do curso de Ci\u00eancias Biol\u00f3gicas da Universidade Federal do Paran\u00e1 (UFPR).<\/p>\r\n\r\n\r\n\r\n<p>Formada apenas por estudantes da gradua\u00e7\u00e3o, a ECOS \u00e9 uma institui\u00e7\u00e3o de voluntariado que n\u00e3o possui nenhum fim lucrativo e, por tal motivo, oferece servi\u00e7os de grande qualidade e com custos abaixo do mercado.<\/p>\r\n\r\n\r\n\r\n<p>Com um foco principal na \u00e1rea de Consultoria Ambiental, busca-se a capacita\u00e7\u00e3o de futuros bi\u00f3logos, para uma atua\u00e7\u00e3o potencializada no mercado s\u00eanior, trabalhando tamb\u00e9m com composteiras, hortas e gest\u00e3o de res\u00edduos. Para tanto, a empresa conta com a ajuda de professores orientadores da UFPR e tamb\u00e9m do Movimento Empresa J\u00fanior (MEJ), ao qual \u00e9 associada por meio da Confedera\u00e7\u00e3o Nacional das Empresas Juniores do Brasil (Brasil J\u00fanior).<\/p>\r\n\r\n\r\n\r\n<p>Site:\u00a0<a href=\"http:\/\/ecos.bio.br\/\" target=\"_blank\" rel=\"noreferrer noopener\">ecos.bio.br<\/a><\/p>\r\n<p>Atualizado em: 22\/01\/2024<\/p>\r\n","protected":false},"excerpt":{"rendered":"<p>Centro Acad\u00eamico de Estudos Biol\u00f3gicos (CAEB) Centro Acad\u00eamico de Estudos Biol\u00f3gicos (CAEB) \u00e9 o \u00f3rg\u00e3o de representa\u00e7\u00e3o discente do Curso de Ci\u00eancias Biol\u00f3gicas. Contato:\u00a0caebufpr@gmail.com Instagram: @caebufpr &nbsp; Associa\u00e7\u00e3o Atl\u00e9tica de Ci\u00eancias Biol\u00f3gicas (AACB) A Associa\u00e7\u00e3o\u00a0Atl\u00e9tica\u00a0de Ci\u00eancias Biol\u00f3gicas (AACB) \u00e9 uma associa\u00e7\u00e3o que visa organizar e representar os alunos de Ci\u00eancias Biol\u00f3gicas da UFPR &#8211; campus [&hellip;]<\/p>\n","protected":false},"author":2112,"featured_media":0,"parent":0,"menu_order":0,"comment_status":"closed","ping_status":"closed","template":"","meta":{"_acf_changed":false,"_monsterinsights_skip_tracking":false,"_monsterinsights_sitenote_active":false,"_monsterinsights_sitenote_note":"","_monsterinsights_sitenote_category":0,"footnotes":""},"class_list":["post-4500","page","type-page","status-publish","hentry"],"acf":[],"_links":{"self":[{"href":"https:\/\/bio.ufpr.br\/cbio\/wp-json\/wp\/v2\/pages\/4500","targetHints":{"allow":["GET"]}}],"collection":[{"href":"https:\/\/bio.ufpr.br\/cbio\/wp-json\/wp\/v2\/pages"}],"about":[{"href":"https:\/\/bio.ufpr.br\/cbio\/wp-json\/wp\/v2\/types\/page"}],"author":[{"embeddable":true,"href":"https:\/\/bio.ufpr.br\/cbio\/wp-json\/wp\/v2\/users\/2112"}],"replies":[{"embeddable":true,"href":"https:\/\/bio.ufpr.br\/cbio\/wp-json\/wp\/v2\/comments?post=4500"}],"version-history":[{"count":6,"href":"https:\/\/bio.ufpr.br\/cbio\/wp-json\/wp\/v2\/pages\/4500\/revisions"}],"predecessor-version":[{"id":5359,"href":"https:\/\/bio.ufpr.br\/cbio\/wp-json\/wp\/v2\/pages\/4500\/revisions\/5359"}],"wp:attachment":[{"href":"https:\/\/bio.ufpr.br\/cbio\/wp-json\/wp\/v2\/media?parent=4500"}],"curies":[{"name":"wp","href":"https:\/\/api.w.org\/{rel}","templated":true}]}}