{"id":4511,"date":"2024-01-16T19:13:50","date_gmt":"2024-01-16T19:13:50","guid":{"rendered":"https:\/\/bio.ufpr.br\/cbio\/?page_id=4511"},"modified":"2025-09-12T18:46:15","modified_gmt":"2025-09-12T18:46:15","slug":"atividades-de-extensao","status":"publish","type":"page","link":"https:\/\/bio.ufpr.br\/cbio\/atividades-de-extensao\/","title":{"rendered":"Atividades de Extens\u00e3o"},"content":{"rendered":"\r\n<p>A extens\u00e3o universit\u00e1ria \u00e9 parte fundamental da forma\u00e7\u00e3o dos estudantes da UFPR e, no Curso de Ci\u00eancias Biol\u00f3gicas, ela est\u00e1 incorporada aos curr\u00edculos do Bacharelado e da Licenciatura &#8211; vers\u00f5es 2024, garantindo que todos vivenciem experi\u00eancias que aproximam a universidade da sociedade.<\/p>\r\n<p>Seguindo a <strong>Lei n\u00ba 13.005\/2014<\/strong>, a <strong>Resolu\u00e7\u00e3o CNE\/CES n\u00ba 7\/2018<\/strong> e as Resolu\u00e7\u00f5es <strong>CEPE n\u00ba 57\/2019<\/strong> e <strong>n\u00ba 86\/2020<\/strong>, a extens\u00e3o se constitui como espa\u00e7o de aprendizagem, inova\u00e7\u00e3o e transforma\u00e7\u00e3o social, integrando ensino, pesquisa e extens\u00e3o. As atividades de extens\u00e3o s\u00e3o de car\u00e1ter obrigat\u00f3rio do PPC do Curso de Ci\u00eancias Biol\u00f3gicas e devem totalizar, no m\u00ednimo, 10% do total da carga hor\u00e1ria do curso, correspondendo a 330 (trezentas e trinta) horas para o Bacharelado e 350 horas (trezentas e cinquenta) para a Licenciatura.\u00a0<\/p>\r\n<h2>O que \u00e9 a credita\u00e7\u00e3o da extens\u00e3o?<\/h2>\r\n<p>A credita\u00e7\u00e3o significa que os estudantes devem cumprir uma <strong>carga hor\u00e1ria obrigat\u00f3ria<\/strong> em atividades extensionistas para integralizar o curso. Essas atividades podem envolver:<\/p>\r\n<ul>\r\n<li>participa\u00e7\u00e3o em <strong>projetos e programas de extens\u00e3o da UFPR<\/strong>;<\/li>\r\n<li>organiza\u00e7\u00e3o e\/ou ministra\u00e7\u00e3o de <strong>cursos, oficinas e eventos<\/strong>;<\/li>\r\n<li>disciplinas que contemplem carga hor\u00e1ria destinada \u00e0 extens\u00e3o;<\/li>\r\n<li><strong>presta\u00e7\u00e3o de servi\u00e7os \u00e0 comunidade<\/strong>, vinculados a projetos institucionais;<\/li>\r\n<li>participa\u00e7\u00e3o em projetos de extens\u00e3o de outras Institui\u00e7\u00f5es de Ensino Superior em parceria com a UFPR.<\/li>\r\n<\/ul>\r\n<p>Todas as atividades precisam estar <strong>registradas e certificadas pela PROEC<\/strong>, de acordo com os regulamentos do curso.<\/p>\r\n<p>&#x1f4cc; Para auxiliar no processo, a UFPR disponibiliza um <strong>tutorial sobre como solicitar a valida\u00e7\u00e3o das atividades (ACE III, IV e V)<\/strong>, que pode ser acessado neste link:<br \/>&#x1f449; <a id=\"menur6ja\" class=\"fui-Link ___1q1shib f2hkw1w f3rmtva f1ewtqcl fyind8e f1k6fduh f1w7gpdv fk6fouc fjoy568 figsok6 f1s184ao f1mk8lai fnbmjn9 f1o700av f13mvf36 f1cmlufx f9n3di6 f1ids18y f1tx3yz7 f1deo86v f1eh06m1 f1iescvh fhgqx19 f1olyrje f1p93eir f1nev41a f1h8hb77 f1lqvz6u f10aw75t fsle3fq f17ae5zn\" title=\"https:\/\/ufpraberta.ufpr.br\/pluginfile.php\/134919\/mod_resource\/content\/3\/como%20solicitar%20ace%20iii%2c%20iv%20e%20v.pdf\" href=\"https:\/\/ufpraberta.ufpr.br\/pluginfile.php\/134919\/mod_resource\/content\/3\/Como%20solicitar%20ACE%20III%2C%20IV%20e%20V.pdf\" target=\"_blank\" rel=\"noreferrer noopener\" aria-label=\"Link Como solicitar ACE III, IV e V\">Como solicitar ACE III, IV e V<\/a><\/p>\r\n<h2>Carga hor\u00e1ria obrigat\u00f3ria<\/h2>\r\n<ul>\r\n<li><strong>Bacharelado:<\/strong> m\u00ednimo de <strong>330 horas<\/strong> de atividades extensionistas.<\/li>\r\n<li><strong>Licenciatura:<\/strong> m\u00ednimo de <strong>350 horas<\/strong> de atividades extensionistas.<\/li>\r\n<\/ul>\r\n<p>Essas horas podem ser cumpridas desde o in\u00edcio da gradua\u00e7\u00e3o, mas devem ser integralizadas at\u00e9 os \u00faltimos per\u00edodos do curso.<\/p>\r\n<h2>Por que \u00e9 importante?<\/h2>\r\n<p>A credita\u00e7\u00e3o da extens\u00e3o garante que a forma\u00e7\u00e3o em Ci\u00eancias Biol\u00f3gicas seja n\u00e3o apenas t\u00e9cnica e cient\u00edfica, mas tamb\u00e9m socialmente comprometida. Por meio dela, os estudantes t\u00eam a oportunidade de:<\/p>\r\n<ul>\r\n<li>integrar teoria e pr\u00e1tica;<\/li>\r\n<li>vivenciar o di\u00e1logo entre universidade e sociedade;<\/li>\r\n<li>desenvolver a cidadania cr\u00edtica e respons\u00e1vel;<\/li>\r\n<li>contribuir com solu\u00e7\u00f5es para demandas sociais, culturais, ambientais e tecnol\u00f3gicas.<\/li>\r\n<\/ul>\r\n<h2><span style=\"color: #993300\">Aten\u00e7\u00e3o!!!<\/span><\/h2>\r\n<p>Este texto \u00e9 um <strong>resumo<\/strong>. Recomenda-se fortemente que todos\/as os\/as estudantes leiam com aten\u00e7\u00e3o os regulamentos espec\u00edficos do <strong>Bacharelado<\/strong> e da <strong>Licenciatura<\/strong>, dispon\u00edveis na p\u00e1gina do curso, a fim de compreender todos os detalhes sobre a credita\u00e7\u00e3o da extens\u00e3o.<\/p>\r\n<table class=\"aligncenter\" border=\"1\">\r\n<tbody>\r\n<tr>\r\n<td><strong>Curr\u00edculo<\/strong><\/td>\r\n<td><strong>Habilita\u00e7\u00e3o<\/strong><\/td>\r\n<td><strong>Regulamento<\/strong><\/td>\r\n<\/tr>\r\n<tr>\r\n<td rowspan=\"2\">Ingrassantes a partir de 2023<\/td>\r\n<td>Bacharelado<\/td>\r\n<td><a href=\"https:\/\/bio.ufpr.br\/cbio\/wp-content\/uploads\/sites\/3\/2025\/09\/Regulamento-das-Atividades-Curriculares-de-Extensao-do-Curso-de-Ciencias-Biologicas-BACHARELADO-2024.pdf\">&#x1f4c4;<\/a><\/td>\r\n<\/tr>\r\n<tr>\r\n<td>Licenciatura<\/td>\r\n<td><a href=\"https:\/\/bio.ufpr.br\/cbio\/wp-content\/uploads\/sites\/3\/2025\/09\/Regulamento-das-Atividades-Curriculares-de-Extensao-do-Curso-de-Ciencias-Biologicas-LICENCIATURA-2024.pdf\">&#x1f4c4;<\/a><\/td>\r\n<\/tr>\r\n<\/tbody>\r\n<\/table>\r\n<p>Conhe\u00e7a um pouco mais sobre os Projeto e Programas de Extens\u00e3o da UFPR (<a href=\"https:\/\/transparencia.ufpr.br\/public\/dadosAcademicos\/extensao.jsf\">clique aqui<\/a>).<\/p>\r\n<p>\r\n\r\n<\/p>\r\n<p>Conhe\u00e7a um pouco mais sobre os Projeto e Programas de Extens\u00e3o do Setor de Ci\u00eancias Biol\u00f3gicas (<a href=\"https:\/\/bio.ufpr.br\/cse-bl\/projetos-e-programas-ativos-no-scb\/\">clique aqui<\/a>).<\/p>\r\n<p>&nbsp;<\/p>\r\n<p>Atualizado em: 12\/09\/2025<\/p>\r\n<p>&nbsp;<\/p>\r\n<p>&nbsp;<\/p>\r\n","protected":false},"excerpt":{"rendered":"<p>A extens\u00e3o universit\u00e1ria \u00e9 parte fundamental da forma\u00e7\u00e3o dos estudantes da UFPR e, no Curso de Ci\u00eancias Biol\u00f3gicas, ela est\u00e1 incorporada aos curr\u00edculos do Bacharelado e da Licenciatura &#8211; vers\u00f5es 2024, garantindo que todos vivenciem experi\u00eancias que aproximam a universidade da sociedade. Seguindo a Lei n\u00ba 13.005\/2014, a Resolu\u00e7\u00e3o CNE\/CES n\u00ba 7\/2018 e as Resolu\u00e7\u00f5es [&hellip;]<\/p>\n","protected":false},"author":2112,"featured_media":0,"parent":0,"menu_order":0,"comment_status":"closed","ping_status":"closed","template":"page-departamentos.php","meta":{"_acf_changed":false,"_monsterinsights_skip_tracking":false,"_monsterinsights_sitenote_active":false,"_monsterinsights_sitenote_note":"","_monsterinsights_sitenote_category":0,"footnotes":""},"class_list":["post-4511","page","type-page","status-publish","hentry"],"acf":[],"_links":{"self":[{"href":"https:\/\/bio.ufpr.br\/cbio\/wp-json\/wp\/v2\/pages\/4511","targetHints":{"allow":["GET"]}}],"collection":[{"href":"https:\/\/bio.ufpr.br\/cbio\/wp-json\/wp\/v2\/pages"}],"about":[{"href":"https:\/\/bio.ufpr.br\/cbio\/wp-json\/wp\/v2\/types\/page"}],"author":[{"embeddable":true,"href":"https:\/\/bio.ufpr.br\/cbio\/wp-json\/wp\/v2\/users\/2112"}],"replies":[{"embeddable":true,"href":"https:\/\/bio.ufpr.br\/cbio\/wp-json\/wp\/v2\/comments?post=4511"}],"version-history":[{"count":11,"href":"https:\/\/bio.ufpr.br\/cbio\/wp-json\/wp\/v2\/pages\/4511\/revisions"}],"predecessor-version":[{"id":5562,"href":"https:\/\/bio.ufpr.br\/cbio\/wp-json\/wp\/v2\/pages\/4511\/revisions\/5562"}],"wp:attachment":[{"href":"https:\/\/bio.ufpr.br\/cbio\/wp-json\/wp\/v2\/media?parent=4511"}],"curies":[{"name":"wp","href":"https:\/\/api.w.org\/{rel}","templated":true}]}}