{"id":4518,"date":"2024-01-16T19:35:32","date_gmt":"2024-01-16T19:35:32","guid":{"rendered":"https:\/\/bio.ufpr.br\/cbio\/?page_id=4518"},"modified":"2026-02-12T20:28:55","modified_gmt":"2026-02-12T20:28:55","slug":"tcc-licenciatura","status":"publish","type":"page","link":"https:\/\/bio.ufpr.br\/cbio\/tcc-licenciatura\/","title":{"rendered":"TCC (Licenciatura)"},"content":{"rendered":"\r\n<p>O trabalho de Conclus\u00e3o de Curso \u00e9 realizado duas disciplinas com acompanhamento da Coordena\u00e7\u00e3o do Curso.<\/p>\r\n\r\n\r\n\r\n<p>O TCC pode ser realizado em dupla.<\/p>\r\n\r\n\r\n\r\n<p>O TCC pode ser realizado em disciplinas de um dos tr\u00eas departamentos do Setor de Educa\u00e7\u00e3o:<\/p>\r\n\r\n\r\n\r\n<ul class=\"wp-block-list\">\r\n<li>EM202 + EM203 (orientador(a) do Departamento de Teoria e Pr\u00e1tica de Ensino ou de outros Setores da Universidade)<\/li>\r\n\r\n\r\n\r\n<li>EP076 + EP077 (orientador(a) do Departamento de Planejamento e Administra\u00e7\u00e3o Escolar)<\/li>\r\n\r\n\r\n\r\n<li>ET073 + ET074 (orientador(a) do Departamento de Teoria e Fundamentos da Educa\u00e7\u00e3o)<\/li>\r\n<\/ul>\r\n<p>&nbsp;<\/p>\r\n<h2>Documentos para inscri\u00e7\u00e3o em TCC<\/h2>\r\n\r\n\r\n\r\n<p>Os seguintes documentos dever\u00e3o ser enviados pelo Formul\u00e1rio online\u00a0(link dispon\u00edvel no\u00a0<a href=\"https:\/\/bio.ufpr.br\/cbio\/calendario-academico-2\/\"><em>Calend\u00e1rio acad\u00eamico<\/em><\/a> para matr\u00edcula em (mais informa\u00e7\u00f5es em\u00a0<em><a href=\"https:\/\/bio.ufpr.br\/cbio\/disciplinas-e-matriculas\/\">Matr\u00edculas<\/a> em disciplinas<\/em>):<\/p>\r\n\r\n\r\n\r\n<p><strong>TCC I\u00a0<\/strong><\/p>\r\n\r\n\r\n\r\n<p>\u2013 Formul\u00e1rio de indica\u00e7\u00e3o de orientador (dispon\u00edvel em\u00a0<a href=\"https:\/\/bio.ufpr.br\/cbio\/formularios\/\"><em>Formul\u00e1rios<\/em><\/a>)<\/p>\r\n\r\n\r\n\r\n<p><strong>TCC II\u00a0<\/strong><\/p>\r\n\r\n\r\n\r\n<p>\u2013 Ficha de Inscri\u00e7\u00e3o (dispon\u00edvel em\u00a0<a href=\"https:\/\/bio.ufpr.br\/cbio\/formularios\/\"><em>Formul\u00e1rios<\/em><\/a>)<\/p>\r\n\r\n\r\n\r\n<p>\u2013 Projeto\u00a0(<a href=\"https:\/\/bio.ufpr.br\/cbio\/wp-content\/uploads\/sites\/3\/2020\/12\/Modelo_Projeto_Sugestao.docx\">sugest\u00e3o de modelo<\/a>)<\/p>\r\n\r\n\r\n\r\n<p>&nbsp;<\/p>\r\n\r\n\r\n\r\n<h2>Como \u00e9 feita a avalia\u00e7\u00e3o do TCC<\/h2>\r\n\r\n\r\n\r\n<p>Os TCCs ser\u00e3o avaliados em dois momentos.<\/p>\r\n\r\n\r\n\r\n<p>Haver\u00e1 a avalia\u00e7\u00e3o da parte escrita por uma banca definida por discente e orientador(a).\u00a0<\/p>\r\n\r\n\r\n\r\n<p>As\u00a0apresenta\u00e7\u00f5es ser\u00e3o presenciais e avaliadas, por uma outra banca organizada pela Coordena\u00e7\u00e3o, na Semana de Exames finais.<\/p>\r\n\r\n\r\n\r\n<p>A nota do TCC \u00e9 composta por 75% da nota da avali\u00e7\u00e3o escrita e 25% da apresenta\u00e7\u00e3o.<\/p>\r\n\r\n\r\n\r\n<p><strong>Banca de avalia\u00e7\u00e3o do trabalho escrito<\/strong><\/p>\r\n\r\n\r\n\r\n<p>Os membros da banca devem ter a titula\u00e7\u00e3o m\u00ednima de Mestre e que pelo menos dois avaliadores pertencem ao corpo docente da UFPR.<\/p>\r\n\r\n\r\n\r\n<p>A indica\u00e7\u00e3o da banca dever\u00e1 ser enviada pelo Formul\u00e1rio online\u00a0(link dispon\u00edvel no\u00a0<a href=\"https:\/\/bio.ufpr.br\/cbio\/calendario-academico-2\/\"><em>Calend\u00e1rio acad\u00eamico<\/em><\/a>.<\/p>\r\n\r\n\r\n\r\n<p><strong>Lan\u00e7amento de nota\u00a0<\/strong><\/p>\r\n\r\n\r\n\r\n<p>Os seguintes documentos dever\u00e3o ser enviados pelo Formul\u00e1rio online\u00a0(link dispon\u00edvel no\u00a0<a href=\"https:\/\/bio.ufpr.br\/cbio\/calendario-academico-2\/\"><em>Calend\u00e1rio acad\u00eamico<\/em><\/a>:<\/p>\r\n\r\n\r\n\r\n<p>\u2013 Ficha de Avalia\u00e7\u00e3o Parcial \u2013 EM202, EP076 ou ET073 \u2013 Est\u00e1gio I (dispon\u00edvel em\u00a0<a href=\"https:\/\/bio.ufpr.br\/cbio\/formularios\/\"><em>Formul\u00e1rios<\/em><\/a>) ou Ficha de avalia\u00e7\u00e3o \u2013 EM203, EP077 ou ET074 (dispon\u00edvel em\u00a0<a href=\"https:\/\/bio.ufpr.br\/cbio\/formularios\/\"><em>Formul\u00e1rios<\/em><\/a>)<\/p>\r\n\r\n\r\n\r\n<p>\u2013 Vers\u00e3o definitiva do Trabalho de Conclus\u00e3o de Curso (EM203, EP077 ou ET074) no formato PDF<\/p>\r\n\r\n\r\n\r\n<p>*nos casos das disciplinas EP076, ET073, EP077 e ET074 o lan\u00e7amento de nota\u00a0dever\u00e1 ser realizada pelo(a) orientador(a) no SIGA.<\/p>\r\n\r\n\r\n<hr \/>\r\n<h4 class=\"wp-block-heading\">Modelos e tutoriais<\/h4>\r\n<table class=\" aligncenter\">\r\n<tbody>\r\n<tr>\r\n<td style=\"border-color: #d1ede3;background-color: #d1ede3\">Trabalho Acad\u00eamico (TCC, monografias de gradua\u00e7\u00e3o\/especializa\u00e7\u00e3o, disserta\u00e7\u00e3o e tese).\r\n<ul class=\"wp-block-list\">\r\n<li><a title=\"Template\/Modelo de Trabalho Acad\u00eamico\" href=\"https:\/\/bibliotecas.ufpr.br\/wp-content\/uploads\/2022\/01\/template_trabalho_academico_ODT.odt\" target=\"_blank\" rel=\"noreferrer noopener\">ODT<\/a><\/li>\r\n<li><a title=\"DOCX\" href=\"https:\/\/bibliotecas.ufpr.br\/wp-content\/uploads\/2023\/05\/template_trabalho_academico_-2.doc\" target=\"_blank\" rel=\"noreferrer noopener\">DOCX<\/a><\/li>\r\n<li><a title=\"DOC\" href=\"https:\/\/bibliotecas.ufpr.br\/wp-content\/uploads\/2023\/05\/template_trabalho_academico_-2.doc\" target=\"_blank\" rel=\"noreferrer noopener\">DOC<\/a><\/li>\r\n<\/ul>\r\n<p>Tutoriais<\/p>\r\n<ul class=\"wp-block-list\">\r\n<li><a title=\"Como inserir a pagina\u00e7\u00e3o correta em um trabalho acad\u00eamico no Office Word\u2028\" href=\"https:\/\/bibliotecas.ufpr.br\/wp-content\/uploads\/2022\/12\/LaTeX-UFPR-2022-12-09.pdf\" target=\"_blank\" rel=\"noreferrer noopener\">Como formatar trabalho acad\u00eamico utilizando o LaTEX (modelo ABNT-UFPR)<\/a><\/li>\r\n<li><a title=\"Como inserir a pagina\u00e7\u00e3o correta em um trabalho acad\u00eamico no LibreOffice Writer\u2028\" href=\"https:\/\/bibliotecas.ufpr.br\/wp-content\/uploads\/2022\/01\/tutorial_paginacao_no_libreoffice.pdf\" target=\"_blank\" rel=\"noreferrer noopener\">Como inserir a pagina\u00e7\u00e3o correta em um trabalho acad\u00eamico no LibreOffice Writer<\/a><\/li>\r\n<li><a title=\"Como inserir listas de figuras, quadros, tabelas, etc. no Office Word\" href=\"https:\/\/bibliotecas.ufpr.br\/wp-content\/uploads\/2022\/01\/tutorial_listas_de_figuras_no_word.pdf\" target=\"_blank\" rel=\"noreferrer noopener\">Como inserir listas de figuras, quadros, tabelas, etc. no Office Word<\/a><\/li>\r\n<li><a title=\"Como inserir listas de figuras, quadros, tabelas, etc. no LibreOffice Writer\" href=\"https:\/\/bibliotecas.ufpr.br\/wp-content\/uploads\/2022\/01\/tutorial_listas_de_figuras_no_libreoffice.pdf\" target=\"_blank\" rel=\"noreferrer noopener\">Como inserir listas de figuras, quadros, tabelas, etc. no LibreOffice Writer<\/a><\/li>\r\n<li><a title=\"Como inserir sum\u00e1rio autom\u00e1tico no Office Word\" href=\"https:\/\/bibliotecas.ufpr.br\/wp-content\/uploads\/2022\/01\/tutorial_sumario_word.pdf\" target=\"_blank\" rel=\"noreferrer noopener\">Como inserir sum\u00e1rio autom\u00e1tico no Office Word<\/a><\/li>\r\n<li><a title=\"Como limpar os metadados do PDF\" href=\"https:\/\/bibliotecas.ufpr.br\/wp-content\/uploads\/2022\/02\/tutorial_apagar_metadados.pdf\" target=\"_blank\" rel=\"noreferrer noopener\">Como limpar os metadados do PDF<\/a><\/li>\r\n<\/ul>\r\n<p>Mais tutoriais, <a title=\"clique aqui\" href=\"https:\/\/bibliotecas.ufpr.br\/bases-de-dados\/tutoriais\/\">clique aqui<\/a>.<\/p>\r\n<\/td>\r\n<\/tr>\r\n<\/tbody>\r\n<\/table>\r\n<p>&nbsp;<\/p>\r\n<p>&nbsp;<\/p>\r\n<hr \/>\r\n<h5>Normas para entrega e cadastro da Monografia junto \u00e0 Biblioteca<\/h5>\r\n<div data-olk-copy-source=\"MessageBody\">Para\u00a0facilitar a\u00a0inclus\u00e3o dos trabalhos no acervo da <span class=\"markzyhstxbfj\" data-markjs=\"true\" data-ogac=\"\" data-ogab=\"\" data-ogsc=\"\" data-ogsb=\"\">biblioteca<\/span>, pedimos que sejam observados os seguintes crit\u00e9rios:<\/div>\r\n<div>\u00a0<\/div>\r\n<ol start=\"1\" data-editing-info=\"{&quot;orderedStyleType&quot;:1}\">\r\n<li>Verificar se as Monografias recebidas est\u00e3o de acordo com o \u201cManual de normaliza\u00e7\u00e3o de documentos cient\u00edficos\u201d dispon\u00edvel <a id=\"OWA2445ed36-c43c-6ab7-3333-aec37d0b0aeb\" title=\"https:\/\/bibliotecas.ufpr.br\/servicos\/normalizacao\/\" href=\"https:\/\/bibliotecas.ufpr.br\/servicos\/normalizacao\/\" target=\"_blank\" rel=\"noopener noreferrer\" data-auth=\"NotApplicable\" data-linkindex=\"0\">aqui<\/a>;<\/li>\r\n<li>Conferir se os trabalhos cont\u00eam de\u00a0forma correta os dados do curso, o ano e nome do orientador e coorientador;<\/li>\r\n<li>Os arquivos devem estar em formato PDF e salvo com o nome do aluno por extenso;<\/li>\r\n<li>Trabalhos que n\u00e3o forem autorizados a\u00a0ser publicados pelos autores n\u00e3o precisam ser enviados.<\/li>\r\n<\/ol>\r\n<p>As monografias ser\u00e3o disponibilizados no Reposit\u00f3rio Digital Institucional: <a href=\"https:\/\/bibliotecas.ufpr.br\/repositorio\/\">https:\/\/bibliotecas.ufpr.br\/repositorio\/<\/a><\/p>\r\n<table class=\" aligncenter\">\r\n<tbody>\r\n<tr>\r\n<td style=\"background-color: #f7dfdf;border-color: #f7dfdf\">Se houver a necessidade de <strong>n\u00e3o divulga\u00e7\u00e3o da monografia<\/strong>, o autor(a) dever\u00e1 solicitar a biblioteca que atende o seu curso o\u00a0Formul\u00e1rio de Solicita\u00e7\u00e3o de N\u00e3o Divulga\u00e7\u00e3o\u00a0e oficializ\u00e1-lo na secretaria do curso. Ap\u00f3s preenchido, o formul\u00e1rio deve ser digitalizado e enviado, pelo e-mail da secretaria do curso, para a biblioteca que recebe as monografias de gradua\u00e7\u00e3o. <a title=\"Acesse os contatos das bibliotecas\" href=\"https:\/\/bibliotecas.ufpr.br\/contato\/\">Acesse os contatos das bibliotecas<\/a>.<\/td>\r\n<\/tr>\r\n<\/tbody>\r\n<\/table>\r\n<p>&nbsp;<\/p>\r\n<p>Atualizado em: 29\/01\/2026<\/p>\r\n","protected":false},"excerpt":{"rendered":"<p>O trabalho de Conclus\u00e3o de Curso \u00e9 realizado duas disciplinas com acompanhamento da Coordena\u00e7\u00e3o do Curso. O TCC pode ser realizado em dupla. O TCC pode ser realizado em disciplinas de um dos tr\u00eas departamentos do Setor de Educa\u00e7\u00e3o: Os seguintes documentos dever\u00e3o ser enviados pelo Formul\u00e1rio online\u00a0(link dispon\u00edvel no\u00a0Calend\u00e1rio acad\u00eamico para matr\u00edcula em (mais [&hellip;]<\/p>\n","protected":false},"author":2133,"featured_media":0,"parent":0,"menu_order":0,"comment_status":"closed","ping_status":"closed","template":"","meta":{"_acf_changed":false,"_monsterinsights_skip_tracking":false,"_monsterinsights_sitenote_active":false,"_monsterinsights_sitenote_note":"","_monsterinsights_sitenote_category":0,"footnotes":""},"class_list":["post-4518","page","type-page","status-publish","hentry"],"acf":[],"_links":{"self":[{"href":"https:\/\/bio.ufpr.br\/cbio\/wp-json\/wp\/v2\/pages\/4518","targetHints":{"allow":["GET"]}}],"collection":[{"href":"https:\/\/bio.ufpr.br\/cbio\/wp-json\/wp\/v2\/pages"}],"about":[{"href":"https:\/\/bio.ufpr.br\/cbio\/wp-json\/wp\/v2\/types\/page"}],"author":[{"embeddable":true,"href":"https:\/\/bio.ufpr.br\/cbio\/wp-json\/wp\/v2\/users\/2133"}],"replies":[{"embeddable":true,"href":"https:\/\/bio.ufpr.br\/cbio\/wp-json\/wp\/v2\/comments?post=4518"}],"version-history":[{"count":14,"href":"https:\/\/bio.ufpr.br\/cbio\/wp-json\/wp\/v2\/pages\/4518\/revisions"}],"predecessor-version":[{"id":5839,"href":"https:\/\/bio.ufpr.br\/cbio\/wp-json\/wp\/v2\/pages\/4518\/revisions\/5839"}],"wp:attachment":[{"href":"https:\/\/bio.ufpr.br\/cbio\/wp-json\/wp\/v2\/media?parent=4518"}],"curies":[{"name":"wp","href":"https:\/\/api.w.org\/{rel}","templated":true}]}}