{"id":4561,"date":"2024-01-22T11:47:05","date_gmt":"2024-01-22T11:47:05","guid":{"rendered":"https:\/\/bio.ufpr.br\/cbio\/?page_id=4561"},"modified":"2026-02-11T14:09:40","modified_gmt":"2026-02-11T14:09:40","slug":"grade-curricular","status":"publish","type":"page","link":"https:\/\/bio.ufpr.br\/cbio\/grade-curricular\/","title":{"rendered":"Grade Curricular e Ementas"},"content":{"rendered":"\r\n<p><strong>Ingressantes at\u00e9 2022<\/strong><\/p>\r\n\r\n\r\n\r\n<p><a href=\"https:\/\/bio.ufpr.br\/cbio\/wp-content\/uploads\/sites\/3\/2025\/08\/Matriz-curricular-2008.pdf\" data-type=\"link\" data-id=\"https:\/\/bio.ufpr.br\/cbio\/wp-content\/uploads\/sites\/3\/2014\/11\/Grade-Curricular1.pdf\">Grade Curricular Bacharelado e Licenciatura 2008<\/a><\/p>\r\n<p><a href=\"https:\/\/bio.ufpr.br\/cbio\/wp-content\/uploads\/sites\/3\/2014\/11\/Grade-Curricular1.pdf\">Ementas<\/a><\/p>\r\n\r\n\r\n\r\n<p><a href=\"https:\/\/bio.ufpr.br\/cbio\/wp-content\/uploads\/sites\/3\/2025\/08\/Matriz-curricular-2012.pdf\">Grade Curricular Bacharelado e Licenciatura 2012<\/a><\/p>\r\n<p><a href=\"https:\/\/bio.ufpr.br\/cbio\/wp-content\/uploads\/sites\/3\/2014\/11\/Grade-Curricular1.pdf\">Ementas<\/a><\/p>\r\n<p>&nbsp;<\/p>\r\n<p>Ementas das disciplinas de todos os cursos tamb\u00e9m podem ser consultadas <a href=\"https:\/\/transparencia.ufpr.br\/public\/dadosAcademicos\/graduacao_disciplinas.jsf\">clicando aqui<\/a>.<\/p>\r\n<p>&nbsp;<\/p>\r\n<p><strong>Ingressantes a partir de 2023<\/strong><\/p>\r\n\r\n\r\n\r\n<p><a href=\"https:\/\/bio.ufpr.br\/cbio\/wp-content\/uploads\/sites\/3\/2024\/01\/Grade-a-partir-de-2023-Bacharelado.pdf\">Grade Curricular &#8211; Bacharelado<\/a><\/p>\r\n\r\n\r\n\r\n<p><a href=\"https:\/\/bio.ufpr.br\/cbio\/wp-content\/uploads\/sites\/3\/2024\/01\/Matriz-Curricular-Bacharelado.jpg\">Matriz Curricular &#8211; Bacharelado<\/a><\/p>\r\n\r\n\r\n\r\n<p><a href=\"https:\/\/bio.ufpr.br\/cbio\/wp-content\/uploads\/sites\/3\/2024\/01\/Ementas-Bacharelado-2024.pdf\">Ementas &#8211; Bacharelado<\/a><\/p>\r\n\r\n\r\n\r\n<p><a href=\"https:\/\/bio.ufpr.br\/cbio\/wp-content\/uploads\/sites\/3\/2024\/01\/Grade-a-partir-de-2023-Licenciatura.pdf\">Grade Curricular &#8211; Licenciatura<\/a><\/p>\r\n\r\n\r\n\r\n<p><a href=\"https:\/\/bio.ufpr.br\/cbio\/wp-content\/uploads\/sites\/3\/2024\/01\/Matriz-Curricular-Licenciatura.jpg\">Matriz Curricular &#8211; Licenciatura<\/a><\/p>\r\n\r\n\r\n\r\n<p><a href=\"https:\/\/bio.ufpr.br\/cbio\/wp-content\/uploads\/sites\/3\/2024\/01\/Grade-a-partir-de-2023-Opativas.pdf\">Grade de disciplinas optativas<\/a><\/p>\r\n\r\n\r\n\r\n<p><a href=\"https:\/\/bio.ufpr.br\/cbio\/wp-content\/uploads\/sites\/3\/2024\/01\/Ementas-Licenciatura-2024.pdf\">Ementas &#8211; Licenciatura<\/a><\/p>\r\n\r\n\r\n\r\n<h3><br \/>Aten\u00e7\u00e3o! Confira as adapta\u00e7\u00f5es!<\/h3>\r\n<p>&nbsp;<\/p>\r\n<p>Estudantes do novo curr\u00edculo que desejarem cursar disciplinas do curr\u00edculo anterior devem consultar o plano de adapta\u00e7\u00e3o abaixo:<\/p>\r\n<ul>\r\n<li><a href=\"https:\/\/bio.ufpr.br\/cbio\/wp-content\/uploads\/sites\/3\/2025\/02\/ABI2024.pdf\">ABI-2024<\/a><\/li>\r\n<li><a href=\"https:\/\/bio.ufpr.br\/cbio\/wp-content\/uploads\/sites\/3\/2025\/02\/Licenciatura-2024.pdf\">Licenciatura 2024<\/a><\/li>\r\n<li><a href=\"https:\/\/bio.ufpr.br\/cbio\/wp-content\/uploads\/sites\/3\/2025\/02\/Bacharelado-2024.pdf\">Bacharelado 2024<\/a><\/li>\r\n<\/ul>\r\n<p>Estudantes do curr\u00edculo anterior que desejarem cursar disciplinas do curr\u00edculo novo devem consultar o plano de adapta\u00e7\u00e3o abaixo:<\/p>\r\n<table>\r\n<thead>\r\n<tr>\r\n<td>Ciclo b\u00e1sico<\/td>\r\n<td>Licenciatura<\/td>\r\n<td>Bacharelado<\/td>\r\n<\/tr>\r\n<\/thead>\r\n<tbody>\r\n<tr>\r\n<td>\r\n<ul>\r\n<li><a href=\"https:\/\/bio.ufpr.br\/cbio\/wp-content\/uploads\/sites\/3\/2025\/02\/adaptacao-31C-2012.pdf\">Licenciatura e Bacharelado-Matutino-2012<\/a><\/li>\r\n<\/ul>\r\n<\/td>\r\n<td>\r\n<ul>\r\n<li><a href=\"https:\/\/bio.ufpr.br\/cbio\/wp-content\/uploads\/sites\/3\/2025\/02\/Licenciatura-2012.pdf\">Licenciatura-Matutino-2012<\/a><\/li>\r\n<\/ul>\r\n<\/td>\r\n<td>\r\n<ul>\r\n<li><a href=\"https:\/\/bio.ufpr.br\/cbio\/wp-content\/uploads\/sites\/3\/2025\/02\/Adaptacoes-2008-31b.pdf\">Bacharelado-Matutino-2008<\/a><\/li>\r\n<\/ul>\r\n<\/td>\r\n<\/tr>\r\n<tr>\r\n<td>\r\n<ul>\r\n<li><a href=\"https:\/\/bio.ufpr.br\/cbio\/wp-content\/uploads\/sites\/3\/2025\/02\/45C-2012.pdf\">Licenciatura e Bacharelado-Noturno- 2012<\/a><\/li>\r\n<\/ul>\r\n<\/td>\r\n<td>\r\n<ul>\r\n<li><a href=\"https:\/\/bio.ufpr.br\/cbio\/wp-content\/uploads\/sites\/3\/2025\/02\/Adaptacao-45a-2012-1.pdf\">Licenciatura-Noturno-2012<\/a><\/li>\r\n<\/ul>\r\n<\/td>\r\n<td>\r\n<ul>\r\n<li><a href=\"https:\/\/bio.ufpr.br\/cbio\/wp-content\/uploads\/sites\/3\/2025\/02\/Adaptacoes-2008-45B.pdf\">Bacharelado-Noturno-2008<\/a><\/li>\r\n<\/ul>\r\n<\/td>\r\n<\/tr>\r\n<\/tbody>\r\n<\/table>\r\n<p>&nbsp;<\/p>\r\n<p>Estudantes de curr\u00edculos n\u00e3o mencionados acima, devem consultar a coordena\u00e7\u00e3o do curso para verificar a compatibilidade das disciplinas do curr\u00edculo novo com o seu curr\u00edculo: <a href=\"mailto:cbio@ufpr.br\">cbio@ufpr.br<\/a><\/p>\r\n<p>&nbsp;<\/p>\r\n","protected":false},"excerpt":{"rendered":"<p>Ingressantes at\u00e9 2022 Grade Curricular Bacharelado e Licenciatura 2008 Ementas Grade Curricular Bacharelado e Licenciatura 2012 Ementas &nbsp; Ementas das disciplinas de todos os cursos tamb\u00e9m podem ser consultadas clicando aqui. &nbsp; Ingressantes a partir de 2023 Grade Curricular &#8211; Bacharelado Matriz Curricular &#8211; Bacharelado Ementas &#8211; Bacharelado Grade Curricular &#8211; Licenciatura Matriz Curricular &#8211; [&hellip;]<\/p>\n","protected":false},"author":2133,"featured_media":0,"parent":0,"menu_order":0,"comment_status":"closed","ping_status":"closed","template":"","meta":{"_acf_changed":false,"_monsterinsights_skip_tracking":false,"_monsterinsights_sitenote_active":false,"_monsterinsights_sitenote_note":"","_monsterinsights_sitenote_category":0,"footnotes":""},"class_list":["post-4561","page","type-page","status-publish","hentry"],"acf":[],"_links":{"self":[{"href":"https:\/\/bio.ufpr.br\/cbio\/wp-json\/wp\/v2\/pages\/4561","targetHints":{"allow":["GET"]}}],"collection":[{"href":"https:\/\/bio.ufpr.br\/cbio\/wp-json\/wp\/v2\/pages"}],"about":[{"href":"https:\/\/bio.ufpr.br\/cbio\/wp-json\/wp\/v2\/types\/page"}],"author":[{"embeddable":true,"href":"https:\/\/bio.ufpr.br\/cbio\/wp-json\/wp\/v2\/users\/2133"}],"replies":[{"embeddable":true,"href":"https:\/\/bio.ufpr.br\/cbio\/wp-json\/wp\/v2\/comments?post=4561"}],"version-history":[{"count":25,"href":"https:\/\/bio.ufpr.br\/cbio\/wp-json\/wp\/v2\/pages\/4561\/revisions"}],"predecessor-version":[{"id":5833,"href":"https:\/\/bio.ufpr.br\/cbio\/wp-json\/wp\/v2\/pages\/4561\/revisions\/5833"}],"wp:attachment":[{"href":"https:\/\/bio.ufpr.br\/cbio\/wp-json\/wp\/v2\/media?parent=4561"}],"curies":[{"name":"wp","href":"https:\/\/api.w.org\/{rel}","templated":true}]}}