{"id":4746,"date":"2024-02-22T19:25:42","date_gmt":"2024-02-22T19:25:42","guid":{"rendered":"https:\/\/bio.ufpr.br\/cbio\/?page_id=4746"},"modified":"2026-02-05T17:11:35","modified_gmt":"2026-02-05T17:11:35","slug":"colacao-de-grau-e-diploma-2","status":"publish","type":"page","link":"https:\/\/bio.ufpr.br\/cbio\/colacao-de-grau-e-diploma-2\/","title":{"rendered":"Cola\u00e7\u00e3o de grau e Diploma"},"content":{"rendered":"\r\n<h3>Cola\u00e7\u00e3o de grau<\/h3>\r\n<p>&nbsp;<\/p>\r\n<p>Cola\u00e7\u00e3o de grau \u00e9 o ato oficial da Universidade, obrigat\u00f3rio, por meio do qual o formando \u00e9 investido na posse do grau acad\u00eamico a que tem direito por haver integralizado o curr\u00edculo pleno do respectivo Curso de Gradua\u00e7\u00e3o, com duas modalidades:\u00a0<strong>Cola\u00e7\u00e3o de grau com solenidade<\/strong>\u00a0e\u00a0<strong>Cola\u00e7\u00e3o de grau sem solenidade<\/strong>.\u00a0<\/p>\r\n<p>&nbsp;<\/p>\r\n<p>Estar\u00e3o aptos(as) a colar grau os(as) alunos(as) que tiverem cumprido todas as exig\u00eancias curriculares (disciplinas, est\u00e1gios, atividades formativas), estar regular com o ENADE (quando for o caso), e que n\u00e3o possu\u00edrem pend\u00eancias relativas \u00e0 documenta\u00e7\u00e3o e n\u00e3o estiverem, no \u00e2mbito da UFPR, respondendo a sindic\u00e2ncia\/inqu\u00e9rito ou cumprindo pena disciplinar.<\/p>\r\n<p>\r\n\r\n<\/p>\r\n<p>Poder\u00e1 ser verificado no sistema SIGA o cumprimento das exig\u00eancias curriculares no Hist\u00f3rico integraliza\u00e7\u00e3o (aparecer\u00e1 \u201c<strong>Integralizado<\/strong>\u201d, em verde).<\/p>\r\n<p>\r\n\r\n<\/p>\r\n<p>Durante o processo de cola\u00e7\u00e3o de grau, n\u00e3o \u00e9 permitido ter matr\u00edculas em aberto (n\u00e3o finalizadas) no hist\u00f3rico.<\/p>\r\n<p>\r\n\r\n<\/p>\r\n<p>Uma vez encerrado o prazo previsto no Calend\u00e1rio Escolar para a consolida\u00e7\u00e3o das turmas (lan\u00e7amento de notas, veja as datas no calend\u00e1rio), a coordena\u00e7\u00e3o emitir\u00e1 a lista dos(as) alunos(as) que efetivamente colar\u00e3o grau, incluindo quem estiver concluindo a segunda habilita\u00e7\u00e3o (Perman\u00eancia), encaminhando-a para a COPAP\/Prograd no prazo de dez (10) dias antes da data da formatura.<\/p>\r\n<p>&nbsp;<\/p>\r\n<h4>Que documentos s\u00e3o emitidos pela UFPR aos estudantes que j\u00e1 integralizaram o curr\u00edculo e est\u00e3o aguardando a Cola\u00e7\u00e3o de grau?<\/h4>\r\n<p>Existem 2 documentos que podem ser solicitados. S\u00e3o eles:<\/p>\r\n<ul class=\"wp-block-list\">\r\n<li><strong>Declara\u00e7\u00e3o de Prov\u00e1vel Formando:<\/strong>\u00a0\u00e9 emitida\/gerada pela Coordena\u00e7\u00e3o do Curso aos alunos que tiverem com todas as disciplinas do curr\u00edculo do curso em situa\u00e7\u00e3o de matr\u00edcula ou vencidas e que tenham integralizado as horas formativas complementares.<\/li>\r\n<li><strong>Declara\u00e7\u00e3o com Data Prevista para a Cola\u00e7\u00e3o: <\/strong>\u00e9 emitida\/gerada pela Coordena\u00e7\u00e3o do Curso quando o status do aluno no SIGA muda de \u201cregistro ativo\u201d para \u201cconclus\u00e3o formatura\u201d, isto ocorre em m\u00e9dia 10 dias antes da cola\u00e7\u00e3o de grau.<\/li>\r\n<\/ul>\r\n<p>A solicita\u00e7\u00e3o de qualquer uma das op\u00e7\u00f5es deve ser realizada pessoalmente na Coordena\u00e7\u00e3o, ou pelo e-mail: <a href=\"mailto:cbio@ufpr.br\">cbio@ufpr.br<\/a><\/p>\r\n<hr \/>\r\n<p><strong><a href=\"https:\/\/bio.ufpr.br\/cbio\/wp-content\/uploads\/sites\/3\/2026\/02\/SEI_7893369_Instrucao_Normativa.pdf\">Instru\u00e7\u00e3o Normativa PROGRAP N\u00b0 02\/2025<\/a>, Art. 12<\/strong> Para a emiss\u00e3o do Certificado de Conclus\u00e3o do Curso e do Diploma \u00e9 obrigat\u00f3ria a participa\u00e7\u00e3o do estudante na Cola\u00e7\u00e3o de Grau, seja na modalidade COM ou SEM Solenidade. N\u00e3o ser\u00e3o fornecidas declara\u00e7\u00f5es que atestem a condi\u00e7\u00e3o de formando antes da libera\u00e7\u00e3o da &#8216;Declara\u00e7\u00e3o com Data Prevista para a Cola\u00e7\u00e3o&#8217; emitida pelo SIGA, ou do Certificado de Conclus\u00e3o do Curso, antes da participa\u00e7\u00e3o efetiva na cola\u00e7\u00e3o. Nestes casos, \u00e9 disponibilizada exclusivamente a \u2018Declara\u00e7\u00e3o de Prov\u00e1vel Formando\u2019, acess\u00edvel pelo sistema SIGA<\/p>\r\n<hr \/>\r\n<h4>Colei grau e agora?<\/h4>\r\n<p>Os encaminhamentos para solicitar o diploma s\u00e3o feitos pela Coordena\u00e7\u00e3o do Curso. Ao aluno cabe conferir os dados de cadastro no SIGA e anexar os documentos pessoais no sistema.<\/p>\r\n<p>Conforme determina\u00e7\u00e3o do MEC, os diplomas da UFPR s\u00e3o emitidos em formato digital e o prazo para expedi\u00e7\u00e3o e registro do diploma \u00e9 de 60 dias ap\u00f3s a data de cola\u00e7\u00e3o de grau prorrog\u00e1veis por mais 60 dias, n\u00e3o sendo poss\u00edvel a emiss\u00e3o do documento f\u00edsico. Para obter todas as orienta\u00e7\u00f5es sobre o tema, acesse a p\u00e1gina: (<a href=\"https:\/\/ufpraberta.ufpr.br\/course\/view.php?id=9\">Bloco 1 \u2013 Alunos e Alunas<\/a>, item Tutorial de Diploma Digital).<\/p>\r\n\r\n\r\n\r\n\r\n\r\n<p>&nbsp;<\/p>\r\n<h4>Preciso de comprova\u00e7\u00e3o de cola\u00e7\u00e3o de grau<\/h4>\r\n<p>O documento de comprova\u00e7\u00e3o \u00e9 Certificado de Conclus\u00e3o de Curso. O\u00a0<strong>Certificado de Conclus\u00e3o de Curso<\/strong> \u00e9 o \u00fanico documento capaz de substituir um diploma de gradua\u00e7\u00e3o, enquanto este est\u00e1 em fase de emiss\u00e3o, ou seja, de forma provis\u00f3ria.<\/p>\r\n<p>O Certificado de Conclus\u00e3o de Gradua\u00e7\u00e3o \u00e9 um documento gerado pela PROGRAD e s\u00f3 \u00e9 liberado ap\u00f3s a cola\u00e7\u00e3o de grau, parte integrante e obrigat\u00f3ria para a finaliza\u00e7\u00e3o do curso.<\/p>\r\n<p>Portanto, para solicitar o Certificado de Conclus\u00e3o de Curso e Hist\u00f3rico Escolar, o(a) aluno(a) dever\u00e1, obrigatoriamente, ter colado grau.<\/p>\r\n\r\n\r\n<hr \/>\r\n<p>&nbsp;<\/p>\r\n\r\n\r\n\r\n<h3>DIPLOMA<\/h3>\r\n\r\n\r\n\r\n<p><strong><em>Conforme determina\u00e7\u00e3o do MEC, os diplomas da UFPR agora s\u00e3o emitidos no formato digital.<\/em><\/strong><br \/>Para maiores informa\u00e7\u00f5es sobre o diploma digital, acesse\u00a0<a href=\"http:\/\/portal.mec.gov.br\/diplomadigital\/\">http:\/\/portal.mec.gov.br\/diplomadigital\/<\/a><\/p>\r\n\r\n\r\n\r\n<p>Tutorial para acesso ao Diploma Digital (<a href=\"https:\/\/bio.ufpr.br\/cbio\/wp-content\/uploads\/sites\/3\/2014\/11\/Tutorial_Diploma_Digital___Perfil_Egresso.pdf\">clique aqui<\/a>)<\/p>\r\n\r\n\r\n\r\n<p>Para acessar a listagem de diplomas emitidos acesse:\u00a0<a href=\"http:\/\/www.prograd.ufpr.br\/portal\/udip\/diplomas-emitidos\/\">Diplomas Emitidos<\/a><\/p>\r\n<p>&nbsp;<\/p>\r\n\r\n\r\n\r\n<h4>Impress\u00e3o de Representa\u00e7\u00e3o Visual do Diploma Digital (RVDD)<\/h4>\r\n\r\n\r\n\r\n<p>A RVDD do Diploma Digital \u00e9 uma c\u00f3pia impressa com as mesmas caracter\u00edsticas do diploma f\u00edsico, possui as mesmas caracter\u00edsticas do diploma f\u00edsico que a UFPR adota. \u00a0A RVDD, apesar de n\u00e3o ser o diploma propriamente dito e n\u00e3o possuir validade legal, \u00e9 a interface para remeter, com aux\u00edlio do QR Code, para onde estar\u00e1 o Diploma Digital dentro do universo eletr\u00f4nico.<\/p>\r\n\r\n\r\n\r\n<p>Valor de R$70,00<\/p>\r\n\r\n\r\n\r\n<p>Para solicitar a RVDD envie o formul\u00e1rio (<a href=\"https:\/\/bio.ufpr.br\/cbio\/wp-content\/uploads\/sites\/3\/2014\/11\/Requerimento_RVDD.pdf\">link<\/a>) preenchido, o GRU e o comprovante de pagamento para o e-mail\u00a0<a href=\"mailto:cbio@ufpr.br\">cbio@ufpr.br<\/a>.<\/p>\r\n<hr \/>\r\n<p>Atualizado em: 17\/10\/2025<\/p>\r\n<p>&nbsp;<\/p>\r\n","protected":false},"excerpt":{"rendered":"<p>Cola\u00e7\u00e3o de grau &nbsp; Cola\u00e7\u00e3o de grau \u00e9 o ato oficial da Universidade, obrigat\u00f3rio, por meio do qual o formando \u00e9 investido na posse do grau acad\u00eamico a que tem direito por haver integralizado o curr\u00edculo pleno do respectivo Curso de Gradua\u00e7\u00e3o, com duas modalidades:\u00a0Cola\u00e7\u00e3o de grau com solenidade\u00a0e\u00a0Cola\u00e7\u00e3o de grau sem solenidade.\u00a0 &nbsp; Estar\u00e3o [&hellip;]<\/p>\n","protected":false},"author":2133,"featured_media":0,"parent":0,"menu_order":0,"comment_status":"closed","ping_status":"closed","template":"","meta":{"_acf_changed":false,"_monsterinsights_skip_tracking":false,"_monsterinsights_sitenote_active":false,"_monsterinsights_sitenote_note":"","_monsterinsights_sitenote_category":0,"footnotes":""},"class_list":["post-4746","page","type-page","status-publish","hentry"],"acf":[],"_links":{"self":[{"href":"https:\/\/bio.ufpr.br\/cbio\/wp-json\/wp\/v2\/pages\/4746","targetHints":{"allow":["GET"]}}],"collection":[{"href":"https:\/\/bio.ufpr.br\/cbio\/wp-json\/wp\/v2\/pages"}],"about":[{"href":"https:\/\/bio.ufpr.br\/cbio\/wp-json\/wp\/v2\/types\/page"}],"author":[{"embeddable":true,"href":"https:\/\/bio.ufpr.br\/cbio\/wp-json\/wp\/v2\/users\/2133"}],"replies":[{"embeddable":true,"href":"https:\/\/bio.ufpr.br\/cbio\/wp-json\/wp\/v2\/comments?post=4746"}],"version-history":[{"count":10,"href":"https:\/\/bio.ufpr.br\/cbio\/wp-json\/wp\/v2\/pages\/4746\/revisions"}],"predecessor-version":[{"id":5814,"href":"https:\/\/bio.ufpr.br\/cbio\/wp-json\/wp\/v2\/pages\/4746\/revisions\/5814"}],"wp:attachment":[{"href":"https:\/\/bio.ufpr.br\/cbio\/wp-json\/wp\/v2\/media?parent=4746"}],"curies":[{"name":"wp","href":"https:\/\/api.w.org\/{rel}","templated":true}]}}