{"id":4756,"date":"2024-02-23T13:49:39","date_gmt":"2024-02-23T13:49:39","guid":{"rendered":"https:\/\/bio.ufpr.br\/cbio\/?page_id=4756"},"modified":"2025-08-02T00:21:17","modified_gmt":"2025-08-02T00:21:17","slug":"ensalamento","status":"publish","type":"page","link":"https:\/\/bio.ufpr.br\/cbio\/ensalamento\/","title":{"rendered":"Ensalamento"},"content":{"rendered":"\r\n<p>Ensalamento das disciplinas ofertadas no segundo semestre de 2025.<\/p>\r\n\r\n\r\n\r\n<p>Caso a turma que procura n\u00e3o esteja listada aqui, verifique com o departamento do(a) docente respons\u00e1vel pela disciplina. O contato dos departamentos est\u00e3o na seguinte p\u00e1gina <a href=\"https:\/\/bio.ufpr.br\/cbio\/corpo-docente\/\">https:\/\/bio.ufpr.br\/cbio\/corpo-docente\/<\/a>.<\/p>\r\n\r\n\r\n\r\n<p>&nbsp;<\/p>\r\n\r\n\r\n\r\n<p>-Aulas te\u00f3ricas no Setor de Ci\u00eancias Biol\u00f3gicas: <a href=\"https:\/\/bio.ufpr.br\/ensalamento-das-aulas-teoricas\/\">https:\/\/bio.ufpr.br\/ensalamento-das-aulas-teoricas\/<\/a><\/p>\r\n\r\n\r\n\r\n<p>-Aulas no Setor de Ci\u00eancias Exatas: <a href=\"https:\/\/exatas.ufpr.br\/ensalamento\/\">https:\/\/exatas.ufpr.br\/ensalamento\/<\/a><\/p>\r\n\r\n\r\n\r\n<p>-Aulas no Setor de Educa\u00e7\u00e3o: <a href=\"https:\/\/educacao.ufpr.br\/ensalamento-2o-semestre-de-2025-licenciaturas\/\">https:\/\/educacao.ufpr.br\/ensalamento-2o-semestre-de-2025-licenciaturas\/<\/a><\/p>\r\n\r\n\r\n\r\n<p>-Aulas de LIB038 &#8211; Libras: <a href=\"https:\/\/letraslibras.ufpr.br\/\">Ensalamento Libras<\/a><\/p>\r\n\r\n\r\n\r\n<p>&nbsp;<\/p>\r\n","protected":false},"excerpt":{"rendered":"<p>Ensalamento das disciplinas ofertadas no segundo semestre de 2025. Caso a turma que procura n\u00e3o esteja listada aqui, verifique com o departamento do(a) docente respons\u00e1vel pela disciplina. O contato dos departamentos est\u00e3o na seguinte p\u00e1gina https:\/\/bio.ufpr.br\/cbio\/corpo-docente\/. &nbsp; -Aulas te\u00f3ricas no Setor de Ci\u00eancias Biol\u00f3gicas: https:\/\/bio.ufpr.br\/ensalamento-das-aulas-teoricas\/ -Aulas no Setor de Ci\u00eancias Exatas: https:\/\/exatas.ufpr.br\/ensalamento\/ -Aulas no Setor [&hellip;]<\/p>\n","protected":false},"author":2112,"featured_media":0,"parent":0,"menu_order":0,"comment_status":"closed","ping_status":"closed","template":"","meta":{"_acf_changed":false,"_monsterinsights_skip_tracking":false,"_monsterinsights_sitenote_active":false,"_monsterinsights_sitenote_note":"","_monsterinsights_sitenote_category":0,"footnotes":""},"class_list":["post-4756","page","type-page","status-publish","hentry"],"acf":[],"_links":{"self":[{"href":"https:\/\/bio.ufpr.br\/cbio\/wp-json\/wp\/v2\/pages\/4756","targetHints":{"allow":["GET"]}}],"collection":[{"href":"https:\/\/bio.ufpr.br\/cbio\/wp-json\/wp\/v2\/pages"}],"about":[{"href":"https:\/\/bio.ufpr.br\/cbio\/wp-json\/wp\/v2\/types\/page"}],"author":[{"embeddable":true,"href":"https:\/\/bio.ufpr.br\/cbio\/wp-json\/wp\/v2\/users\/2112"}],"replies":[{"embeddable":true,"href":"https:\/\/bio.ufpr.br\/cbio\/wp-json\/wp\/v2\/comments?post=4756"}],"version-history":[{"count":9,"href":"https:\/\/bio.ufpr.br\/cbio\/wp-json\/wp\/v2\/pages\/4756\/revisions"}],"predecessor-version":[{"id":5532,"href":"https:\/\/bio.ufpr.br\/cbio\/wp-json\/wp\/v2\/pages\/4756\/revisions\/5532"}],"wp:attachment":[{"href":"https:\/\/bio.ufpr.br\/cbio\/wp-json\/wp\/v2\/media?parent=4756"}],"curies":[{"name":"wp","href":"https:\/\/api.w.org\/{rel}","templated":true}]}}