{"id":4834,"date":"2024-06-25T14:14:13","date_gmt":"2024-06-25T14:14:13","guid":{"rendered":"https:\/\/bio.ufpr.br\/cbio\/?page_id=4834"},"modified":"2025-08-26T13:13:13","modified_gmt":"2025-08-26T13:13:13","slug":"manual-para-estudantes-da-ufpr","status":"publish","type":"page","link":"https:\/\/bio.ufpr.br\/cbio\/manual-para-estudantes-da-ufpr\/","title":{"rendered":"Manual para Estudantes da UFPR"},"content":{"rendered":"\r\n<ul>\r\n<li>Para d\u00favidas frequentes sobre a UFPR e principais procedimentos, consulte o Manual de estudantes.\r\n<ul>\r\n<li>Acesse aqui o <a href=\"https:\/\/bio.ufpr.br\/cbio\/wp-content\/uploads\/sites\/3\/2025\/03\/Manual-para-Estudantes-da-UFPR-2025_Revisado-10-03-1.pdf\">Manual 2025<\/a><\/li>\r\n<\/ul>\r\n<\/li>\r\n<\/ul>\r\n<h2>Outras orienta\u00e7\u00f5es<\/h2>\r\n<h4>Manual de est\u00e1gios<\/h4>\r\n<ul>\r\n<li>Para d\u00favidas frequentes sobre est\u00e1gios, acesse o <a href=\"http:\/\/www.prograd.ufpr.br\/portal\/coafe\/ue\/perguntas-frequentes\/\">link<\/a>. ou consulte o Manual de est\u00e1gios.\r\n<ul>\r\n<li>Acesse aqui o <a href=\"https:\/\/bio.ufpr.br\/cbio\/wp-content\/uploads\/sites\/3\/2025\/03\/Manual-de-Estagios-Versao-Final.pdf\">Manual de est\u00e1gios<\/a>.<\/li>\r\n<\/ul>\r\n<\/li>\r\n<\/ul>\r\n<h4>CampusMap<\/h4>\r\n<p>Voc\u00ea se matriculou e agora em seu comprovante de matr\u00edculas est\u00e3o indicados os c\u00f3digos das salas e laborat\u00f3rios onde dever\u00e3o ser suas aulas, ou voc\u00ea consultou o ensalamento no site do setor e mesmo assim n\u00e3o sabe onde encontrar sua sala ou laborat\u00f3rio.<\/p>\r\n<p align=\"justify\">O UFPR CampusMap \u00e9 um projeto para mapear os campus da Universidade Federal do Paran\u00e1, desenvolvido no <a href=\"http:\/\/cepag.ufpr.br\/\" target=\"_blank\" rel=\"noopener\">Centro de Pesquisas Aplicadas em Geoinforma\u00e7\u00e3o (CEPAG)<\/a> em conjunto com o <a href=\"http:\/\/www.cartografia.ufpr.br\/index.html\" target=\"_blank\" rel=\"noopener\">Laborat\u00f3rio de Cartografia e SIG da UFPR<\/a>. Seu principal objetivo \u00e9 prover uma base de dados atualizada sobre a estrutura dos campus, tanto de seus ambientes externos quanto internos. Dentre suas funcionalidades est\u00e1 a busca e defini\u00e7\u00e3o de rotas entre pontos de interesse. Este projeto tem apoio da Pr\u00f3-Reitoria de Administra\u00e7\u00e3o, da Superintend\u00eancia de Infraestrutura da UFPR e do Setor de Ci\u00eancias da Terra.<\/p>\r\n<p align=\"justify\">Acesse UFPR CampusMap <a href=\"https:\/\/campusmap.ufpr.br\/dev\/github\/UCM-SitePrincipal\/\">aqui<\/a> e busque a sala (Exemplo:CT-17) ou laborat\u00f3rio.<\/p>\r\n<p>&nbsp;<\/p>\r\n\r\n\r\n\r\n<p>Atualizado: 06\/08\/2025<\/p>\r\n","protected":false},"excerpt":{"rendered":"<p>Para d\u00favidas frequentes sobre a UFPR e principais procedimentos, consulte o Manual de estudantes. Acesse aqui o Manual 2025 Outras orienta\u00e7\u00f5es Manual de est\u00e1gios Para d\u00favidas frequentes sobre est\u00e1gios, acesse o link. ou consulte o Manual de est\u00e1gios. Acesse aqui o Manual de est\u00e1gios. CampusMap Voc\u00ea se matriculou e agora em seu comprovante de matr\u00edculas [&hellip;]<\/p>\n","protected":false},"author":2112,"featured_media":0,"parent":0,"menu_order":0,"comment_status":"closed","ping_status":"closed","template":"","meta":{"_acf_changed":false,"_monsterinsights_skip_tracking":false,"_monsterinsights_sitenote_active":false,"_monsterinsights_sitenote_note":"","_monsterinsights_sitenote_category":0,"footnotes":""},"class_list":["post-4834","page","type-page","status-publish","hentry"],"acf":[],"_links":{"self":[{"href":"https:\/\/bio.ufpr.br\/cbio\/wp-json\/wp\/v2\/pages\/4834","targetHints":{"allow":["GET"]}}],"collection":[{"href":"https:\/\/bio.ufpr.br\/cbio\/wp-json\/wp\/v2\/pages"}],"about":[{"href":"https:\/\/bio.ufpr.br\/cbio\/wp-json\/wp\/v2\/types\/page"}],"author":[{"embeddable":true,"href":"https:\/\/bio.ufpr.br\/cbio\/wp-json\/wp\/v2\/users\/2112"}],"replies":[{"embeddable":true,"href":"https:\/\/bio.ufpr.br\/cbio\/wp-json\/wp\/v2\/comments?post=4834"}],"version-history":[{"count":12,"href":"https:\/\/bio.ufpr.br\/cbio\/wp-json\/wp\/v2\/pages\/4834\/revisions"}],"predecessor-version":[{"id":5550,"href":"https:\/\/bio.ufpr.br\/cbio\/wp-json\/wp\/v2\/pages\/4834\/revisions\/5550"}],"wp:attachment":[{"href":"https:\/\/bio.ufpr.br\/cbio\/wp-json\/wp\/v2\/media?parent=4834"}],"curies":[{"name":"wp","href":"https:\/\/api.w.org\/{rel}","templated":true}]}}