{"id":491,"date":"2013-05-28T20:20:29","date_gmt":"2013-05-28T20:20:29","guid":{"rendered":"https:\/\/bio.ufpr.br\/cbio\/?page_id=491"},"modified":"2025-10-17T19:59:33","modified_gmt":"2025-10-17T19:59:33","slug":"links-interessantes","status":"publish","type":"page","link":"https:\/\/bio.ufpr.br\/cbio\/links-interessantes\/","title":{"rendered":"Links"},"content":{"rendered":"<h4>Veja as not\u00edcias da UFPR!<\/h4>\n<p>Site UFPR &#8211; <a href=\"https:\/\/ufpr.br\/\" target=\"_blank\" rel=\"noopener\">https:\/\/ufpr.br\/<\/a><\/p>\n<hr \/>\n<h4>PROGRAP<\/h4>\n<p>O principal objetivo da PROGRAP (Pr\u00f3-Reitoria de Gradua\u00e7\u00e3o e Educa\u00e7\u00e3o Profissional) da UFPR \u00e9 promover e garantir a qualidade da educa\u00e7\u00e3o de gradua\u00e7\u00e3o e profissionalizante, assegurando que os estudantes tenham um desenvolvimento acad\u00eamico e profissional completo, alinhado com a Lei de Diretrizes e Bases da Educa\u00e7\u00e3o e o Projeto Pedag\u00f3gico Institucional da UFPR.: <a href=\"http:\/\/www.prograd.ufpr.br\/portal\/\" target=\"_blank\" rel=\"noopener\">http:\/\/www.prograd.ufpr.br\/portal\/<\/a><\/p>\n<hr \/>\n<h4>PR4E<\/h4>\n<p>A <strong>Pr\u00f3-Reitoria de Pertencimento e Pol\u00edticas de Perman\u00eancia Estudantil (P4E)<\/strong>\u00a0tem como principal objetivo desenvolver e consolidar pol\u00edticas institucionais que garantam a\u00a0<strong>perman\u00eancia, o pertencimento e o sucesso acad\u00eamico das(os) estudantes da UFPR<\/strong>. Sua atua\u00e7\u00e3o se baseia em uma abordagem que valoriza\u00a0<strong>a inclus\u00e3o, o desenvolvimento integral e a equidade<\/strong>, assegurando que todas(os) as(os) estudantes possam concluir sua forma\u00e7\u00e3o com qualidade de vida, participa\u00e7\u00e3o ativa na comunidade acad\u00eamica e perspectivas de crescimento pessoal e profissional.: <a href=\"https:\/\/prae.ufpr.br\/\" target=\"_blank\" rel=\"noopener\">https:\/\/prae.ufpr.br\/<\/a><\/p>\n<hr \/>\n<h4>PRPPG<\/h4>\n<p>O objetivo da Pr\u00f3-Reitoria de Pesquisa e P\u00f3s-Gradua\u00e7\u00e3o (PRPPG) da Universidade Federal do Paran\u00e1 (UFPR) \u00e9 fortalecer as atividades de pesquisa e p\u00f3s-gradua\u00e7\u00e3o na institui\u00e7\u00e3o, fomentando a indissociabilidade da tr\u00edade universit\u00e1ria (ensino, pesquisa e extens\u00e3o) e a forma\u00e7\u00e3o acad\u00eamica direcionada ao desenvolvimento social, cient\u00edfico, tecnol\u00f3gico e de inova\u00e7\u00e3o em todas as \u00e1reas do conhecimento: <a href=\"https:\/\/www.prppg.ufpr.br\/site\/pb\/\" target=\"_blank\" rel=\"noopener\">https:\/\/www.prppg.ufpr.br\/site\/pb\/<\/a><\/p>\n<hr \/>\n<h4>SOC<\/h4>\n<p>A Secretaria dos \u00d3rg\u00e3os Colegiados (SOC) \u00e9 o \u00f3rg\u00e3o de apoio e assessoramento aos Conselhos Superiores, sendo respons\u00e1vel por proporcionar as condi\u00e7\u00f5es necess\u00e1rias para o funcionamento dos Conselhos. No site da SOC \u00e9 poss\u00edvel encontrar as resolu\u00e7\u00f5es vigentes e instru\u00e7\u00f5es para reserva de data para solenidade de cola\u00e7\u00e3o de grau: <a href=\"https:\/\/soc.ufpr.br\/\" target=\"_blank\" rel=\"noopener\">https:\/\/soc.ufpr.br\/<\/a><\/p>\n<hr \/>\n<h4>Restaurante universit\u00e1rio<\/h4>\n<p>O card\u00e1pio dos RUs \u00e9 elaborado por nutricionistas vinculadas aos restaurantes terceirizados que prestam servi\u00e7o \u00e0 UFPR, sendo fiscalizados pela equipe de nutri\u00e7\u00e3o do quadro pr\u00f3prio da Institui\u00e7\u00e3o. Consulte o card\u00e1pio e outras informa\u00e7\u00f5es em: <a href=\"https:\/\/pra.ufpr.br\/ru\/cardapio-2\/\" target=\"_blank\" rel=\"noopener\">https:\/\/pra.ufpr.br\/ru\/cardapio-2\/<\/a><\/p>\n<hr \/>\n<h4>SiBi\/UFPR<\/h4>\n<p>O Sistema de Bibliotecas da Universidade Federal do Paran\u00e1 (SiBi\/UFPR), criado em 1973, \u00e9 o \u00f3rg\u00e3o suplementar respons\u00e1vel por disponibilizar o acesso \u00e0 informa\u00e7\u00e3o no \u00e2mbito da UFPR, dando suporte \u00e0 execu\u00e7\u00e3o das atividades de ensino, pesquisa e extens\u00e3o.: <a href=\"https:\/\/bibliotecas.ufpr.br\/sobre\/contato\/\" target=\"_blank\" rel=\"noopener\">https:\/\/bibliotecas.ufpr.br\/sobre\/contato\/<\/a><\/p>\n<hr \/>\n<h4>ERI<\/h4>\n<p>Escrit\u00f3rio de Rela\u00e7\u00f5es Internacionais da UFPR visa promover a internacionaliza\u00e7\u00e3o da universidade, ampliando as oportunidades de mobilidade acad\u00eamica e coopera\u00e7\u00e3o internacional, tanto para estudantes quanto para professores. Isso inclui a g<span data-huuid=\"17168406354905610348\">est\u00e3o de pol\u00edticas lingu\u00edsticas, a promo\u00e7\u00e3o de eventos e a oferta de apoio a estudantes nacionais e internacionais<\/span>: <a href=\"https:\/\/internacional.ufpr.br\/portal\/\" target=\"_blank\" rel=\"noopener\">https:\/\/internacional.ufpr.br\/portal\/<\/a><\/p>\n<hr \/>\n<h4>NC\/UFPR<\/h4>\n<p>O N\u00facleo de Concursos est\u00e1 comprometido em oferecer processos de avalia\u00e7\u00e3o de qualidade para ingresso tanto de estudantes em cursos de gradua\u00e7\u00e3o quanto de sele\u00e7\u00e3o de profissionais em cargos p\u00fablicos.: <a href=\"https:\/\/servicos.nc.ufpr.br\/PortalNC\/Home\" target=\"_blank\" rel=\"noopener\">https:\/\/servicos.nc.ufpr.br\/PortalNC\/Home<\/a><\/p>\n<hr \/>\n<h4>Celin<\/h4>\n<p>O Centro de L\u00ednguas e Interculturalidade (Celin) \u00e9 um \u00d3rg\u00e3o Suplementar do Setor de Ci\u00eancias Humanas (SCH) da Universidade Federal do Paran\u00e1 (UFPR), fundado em 1995. O Celin oferece cursos de idiomas, em car\u00e1ter extensionista, para a comunidade acad\u00eamica a para a comunidade externa.: <a href=\"https:\/\/celin.ufpr.br\/\" target=\"_blank\" rel=\"noopener\">https:\/\/celin.ufpr.br\/<\/a><\/p>\n<hr \/>\n<h4>Intercampi UFPR<\/h4>\n<p>A Central de Transportes disponibiliza, desde 2008, o servi\u00e7o de transporte aos alunos que necessitam se deslocar entre os campi da universidade para acompanhamento de aulas e outras atividades. <a href=\"https:\/\/pra.ufpr.br\/centran\/sobre\/onibus-intercampi\/\">https:\/\/pra.ufpr.br\/centran\/sobre\/onibus-intercampi\/<\/a><\/p>\n<hr \/>\n<h4>SIGA e UFPR Virtual<\/h4>\n<p>O Sistema de Gerenciamento Acad\u00eamico permite o acompanhamento de toda a vida acad\u00eamica do estudante: <a href=\"https:\/\/siga.ufpr.br\/siga\/\">https:\/\/siga.ufpr.br\/siga\/<\/a><\/p>\n<p>Para saber como utiliz\u00e1-lo consulte o\u00a0Tutorial Conhe\u00e7a o SIGA: <a href=\"https:\/\/ufpraberta.ufpr.br\/course\/view.php?id=9\">https:\/\/ufpraberta.ufpr.br\/course\/view.php?id=9<\/a><\/p>\n<p>&nbsp;<\/p>\n<p>UFPR virtual \u00e9 o ambiente virtual de aprendizagem da UFPR: <a href=\"https:\/\/ufprvirtual.ufpr.br\/\" target=\"_blank\" rel=\"noopener\">https:\/\/ufprvirtual.ufpr.br\/<\/a><\/p>\n<hr \/>\n<h4>Minha biblioteca UFPR<\/h4>\n<p>A UFPR disponibiliza por meio do Minha Biblioteca um acervo virtual aos estudantes: <a href=\"https:\/\/minhabiblioteca.ufpr.br\/biblioteca\/\">https:\/\/minhabiblioteca.ufpr.br\/biblioteca\/\u00a0<\/a><\/p>\n<p>Para utilizar a plataforma &#8220;Minha Biblioteca&#8221; da UFPR,\u00a0voc\u00ea precisa primeiro cadastrar-se com seu e-mail institucional da UFPR e senha.\u00a0Depois, pode acessar a plataforma online ou baixar o aplicativo no seu celular (dispon\u00edvel para Android e iOS).\u00a0Com o acesso, voc\u00ea poder\u00e1 pesquisar no cat\u00e1logo, renovar empr\u00e9stimos, fazer reservas, consultar mensagens e acompanhar as novidades de aquisi\u00e7\u00f5es.<\/p>\n<hr \/>\n<h4>Programa de Orienta\u00e7\u00e3o Acad\u00eamica &#8211; POA<\/h4>\n<p>O<strong>\u00a0Programa de Orienta\u00e7\u00e3o Acad\u00eamica<\/strong>\u00a0\u00e9 uma pol\u00edtica institu\u00edda na UFPR pela\u00a0<a href=\"http:\/\/www.prograd.ufpr.br\/portal\/copeg\/wp-content\/uploads\/sites\/3\/2023\/02\/POA-RESOLUCAO-95-A-15-CEPE.pdf\">Resolu\u00e7\u00e3o n\u00ba 95-A\/15 \u2013 CEPE,<\/a> para acompanhar estudantes, por meio de metodologias de tutoria, durante sua trajet\u00f3ria na universidade. Para maiores informa\u00e7\u00f5es, acesse: <a href=\"http:\/\/www.prograd.ufpr.br\/portal\/copeg\/programa-de-orientacao-academica-poa\">http:\/\/www.prograd.ufpr.br\/portal\/copeg\/programa-de-orientacao-academica-poa<\/a> ou consulte a coordena\u00e7\u00e3o do curso: <a href=\"mailto:cbio@ufpr.br\">cbio@ufpr.br<\/a><\/p>\n<hr \/>\n<h4>Inicia\u00e7\u00e3o Cient\u00edfica<\/h4>\n<p>O Programa de Inicia\u00e7\u00e3o Cient\u00edfica e Tecnol\u00f3gica (PICT) \u00e9 voltado para o desenvolvimento do pensamento cient\u00edfico e inicia\u00e7\u00e3o \u00e0 pesquisa de estudantes de gradua\u00e7\u00e3o do ensino superior, m\u00e9dio e educa\u00e7\u00e3o profissional. O PICT \u00e9 embasado na Resolu\u00e7\u00e3o Normativa 017\/2006 CNPq, Resolu\u00e7\u00e3o 46\/03 CEPE\/UFPR, Resolu\u00e7\u00e3o 27\/08 CEPE\/UFPR e Resolu\u00e7\u00e3o do COUN 37\/04. <strong>Contato:\u00a0<\/strong>(41) 3360-5333 \u2013 e-mail:\u00a0<a href=\"mailto:ic@ufpr.br\" target=\"_blank\" rel=\"noopener\">ic@ufpr.br<\/a><\/p>\n<p>Para maiores informa\u00e7\u00f5es sobre editais, acesse: <a href=\"https:\/\/www.prppg.ufpr.br\/site\/pb\/ic\/pibic\/\">https:\/\/www.prppg.ufpr.br\/site\/pb\/ic\/pibic\/<\/a><\/p>\n<p>Para maiores informa\u00e7\u00f5es sobre resultados, acesse: <a href=\"https:\/\/www.prppg.ufpr.br\/site\/pb\/ic\/resultados\/\">https:\/\/www.prppg.ufpr.br\/site\/pb\/ic\/resultados\/<\/a><\/p>\n<hr \/>\n<h4>Programa de Voluntariado Acad\u00eamico<\/h4>\n<p>O Programa de Voluntariado Acad\u00eamico visa oportunizar a participa\u00e7\u00e3o do corpo discente em atividades acad\u00eamicas de natureza educacional e cient\u00edfica, sob a orienta\u00e7\u00e3o de um (a) Professor (a), <b>no \u00e2mbito da Universidade Federal do Paran\u00e1<\/b>. A participa\u00e7\u00e3o do (a) estudante no PVA \u00e9 regulamentada pela <b>Resolu\u00e7\u00e3o n. 76\/09 \u2013 CEPE<\/b> e n\u00e3o gera v\u00ednculo empregat\u00edcio, obriga\u00e7\u00f5es trabalhistas, previdenci\u00e1rias ou afins, conforme a legisla\u00e7\u00e3o em vigor. Para maiores informa\u00e7\u00f5es, acesse: <a href=\"http:\/\/www.prograd.ufpr.br\/portal\/coafe\/uaf\/pva\/\">http:\/\/www.prograd.ufpr.br\/portal\/coafe\/uaf\/pva\/<\/a><\/p>\n<hr \/>\n<h4>PIM<\/h4>\n<p>O Programa Institucional de Monitoria (PIM) tem como finalidade o aprimoramento do processo de ensino e aprendizagem, promovendo tanto a forma\u00e7\u00e3o complementar do discente que desempenha a fun\u00e7\u00e3o de monitor quanto o cumprimento dos objetivos estrat\u00e9gicos do ensino de gradua\u00e7\u00e3o contidos no Plano de Desenvolvimento Institucional (PDI), em conformidade com o disposto no Projeto Pedag\u00f3gico Institucional (PPI) da UFPR. Para maiores informa\u00e7\u00f5es, acesse: <a href=\"http:\/\/www.prograd.ufpr.br\/portal\/coafe\/uaf\/monitoria\/\">http:\/\/www.prograd.ufpr.br\/portal\/coafe\/uaf\/monitoria\/<\/a><\/p>\n<p>&nbsp;<\/p>\n<p>&nbsp;<\/p>\n<p>&nbsp;<\/p>\n<p>&nbsp;<\/p>\n<p>&nbsp;<\/p>\n<p>&nbsp;<\/p>\n<p>&nbsp;<\/p>\n<p>&nbsp;<\/p>\n<p>Atualizado em: 03\/05\/2025<\/p>\n","protected":false},"excerpt":{"rendered":"<p>Veja as not\u00edcias da UFPR! Site UFPR &#8211; https:\/\/ufpr.br\/ PROGRAP O principal objetivo da PROGRAP (Pr\u00f3-Reitoria de Gradua\u00e7\u00e3o e Educa\u00e7\u00e3o Profissional) da UFPR \u00e9 promover e garantir a qualidade da educa\u00e7\u00e3o de gradua\u00e7\u00e3o e profissionalizante, assegurando que os estudantes tenham um desenvolvimento acad\u00eamico e profissional completo, alinhado com a Lei de Diretrizes e Bases da [&hellip;]<\/p>\n","protected":false},"author":6,"featured_media":0,"parent":0,"menu_order":0,"comment_status":"open","ping_status":"open","template":"","meta":{"_acf_changed":false,"_monsterinsights_skip_tracking":false,"_monsterinsights_sitenote_active":false,"_monsterinsights_sitenote_note":"","_monsterinsights_sitenote_category":0,"footnotes":""},"class_list":["post-491","page","type-page","status-publish","hentry"],"acf":[],"_links":{"self":[{"href":"https:\/\/bio.ufpr.br\/cbio\/wp-json\/wp\/v2\/pages\/491","targetHints":{"allow":["GET"]}}],"collection":[{"href":"https:\/\/bio.ufpr.br\/cbio\/wp-json\/wp\/v2\/pages"}],"about":[{"href":"https:\/\/bio.ufpr.br\/cbio\/wp-json\/wp\/v2\/types\/page"}],"author":[{"embeddable":true,"href":"https:\/\/bio.ufpr.br\/cbio\/wp-json\/wp\/v2\/users\/6"}],"replies":[{"embeddable":true,"href":"https:\/\/bio.ufpr.br\/cbio\/wp-json\/wp\/v2\/comments?post=491"}],"version-history":[{"count":23,"href":"https:\/\/bio.ufpr.br\/cbio\/wp-json\/wp\/v2\/pages\/491\/revisions"}],"predecessor-version":[{"id":5682,"href":"https:\/\/bio.ufpr.br\/cbio\/wp-json\/wp\/v2\/pages\/491\/revisions\/5682"}],"wp:attachment":[{"href":"https:\/\/bio.ufpr.br\/cbio\/wp-json\/wp\/v2\/media?parent=491"}],"curies":[{"name":"wp","href":"https:\/\/api.w.org\/{rel}","templated":true}]}}