{"id":5248,"date":"2025-04-28T16:09:15","date_gmt":"2025-04-28T16:09:15","guid":{"rendered":"https:\/\/bio.ufpr.br\/cbio\/?page_id=5248"},"modified":"2025-05-03T19:49:36","modified_gmt":"2025-05-03T19:49:36","slug":"avaliacao-de-cursos","status":"publish","type":"page","link":"https:\/\/bio.ufpr.br\/cbio\/avaliacao-de-cursos\/","title":{"rendered":"Avalia\u00e7\u00e3o de Cursos"},"content":{"rendered":"<p>&nbsp;<\/p>\n<table class=\" aligncenter\" style=\"width: 400px;height: 375px\">\n<tbody>\n<tr>\n<td><a href=\"https:\/\/bio.ufpr.br\/cbio\/wp-content\/uploads\/sites\/3\/2025\/05\/Captura-de-tela-2025-05-03-121109.png\"><img loading=\"lazy\" decoding=\"async\" class=\"alignnone size-full wp-image-5309\" src=\"https:\/\/bio.ufpr.br\/cbio\/wp-content\/uploads\/sites\/3\/2025\/05\/Captura-de-tela-2025-05-03-121109.png\" alt=\"\" width=\"265\" height=\"234\" \/><\/a><\/td>\n<td>\n<p>Consulte os Relat\u00f3rios de autoavalia\u00e7\u00e3o da Comiss\u00e3o Pr\u00f3pria de Avalia\u00e7\u00e3o da UFPR.<\/p>\n<p><a href=\"https:\/\/cpa.ufpr.br\/relatorios-de-autoavaliacao\/\">Clique aqui<\/a><\/td>\n<\/tr>\n<tr>\n<td>CPC:<\/td>\n<td>4 (2021)<\/td>\n<\/tr>\n<tr>\n<td>ENADE:<\/td>\n<td style=\"text-align: left\">5 (2021)<\/td>\n<\/tr>\n<tr>\n<td colspan=\"2\">Dados de autoriza\u00e7\u00e3o e reconhecimento do Curso:<\/td>\n<\/tr>\n<tr>\n<td colspan=\"2\"><a href=\"https:\/\/bio.ufpr.br\/cbio\/wp-content\/uploads\/sites\/3\/2025\/05\/E-MEC.DADOS_.CIENCIAS.BIOLOGICAS.pdf\">E-MEC.DADOS.CIENCIAS.BIOLOGICAS<\/a><\/td>\n<\/tr>\n<\/tbody>\n<\/table>\n<p>Atualizado em: 03\/05\/2025<\/p>\n","protected":false},"excerpt":{"rendered":"<p>&nbsp; Consulte os Relat\u00f3rios de autoavalia\u00e7\u00e3o da Comiss\u00e3o Pr\u00f3pria de Avalia\u00e7\u00e3o da UFPR. Clique aqui CPC: 4 (2021) ENADE: 5 (2021) Dados de autoriza\u00e7\u00e3o e reconhecimento do Curso: E-MEC.DADOS.CIENCIAS.BIOLOGICAS Atualizado em: 03\/05\/2025<\/p>\n","protected":false},"author":2125,"featured_media":0,"parent":0,"menu_order":0,"comment_status":"closed","ping_status":"closed","template":"","meta":{"_acf_changed":false,"_monsterinsights_skip_tracking":false,"_monsterinsights_sitenote_active":false,"_monsterinsights_sitenote_note":"","_monsterinsights_sitenote_category":0,"footnotes":""},"class_list":["post-5248","page","type-page","status-publish","hentry"],"acf":[],"_links":{"self":[{"href":"https:\/\/bio.ufpr.br\/cbio\/wp-json\/wp\/v2\/pages\/5248","targetHints":{"allow":["GET"]}}],"collection":[{"href":"https:\/\/bio.ufpr.br\/cbio\/wp-json\/wp\/v2\/pages"}],"about":[{"href":"https:\/\/bio.ufpr.br\/cbio\/wp-json\/wp\/v2\/types\/page"}],"author":[{"embeddable":true,"href":"https:\/\/bio.ufpr.br\/cbio\/wp-json\/wp\/v2\/users\/2125"}],"replies":[{"embeddable":true,"href":"https:\/\/bio.ufpr.br\/cbio\/wp-json\/wp\/v2\/comments?post=5248"}],"version-history":[{"count":7,"href":"https:\/\/bio.ufpr.br\/cbio\/wp-json\/wp\/v2\/pages\/5248\/revisions"}],"predecessor-version":[{"id":5308,"href":"https:\/\/bio.ufpr.br\/cbio\/wp-json\/wp\/v2\/pages\/5248\/revisions\/5308"}],"wp:attachment":[{"href":"https:\/\/bio.ufpr.br\/cbio\/wp-json\/wp\/v2\/media?parent=5248"}],"curies":[{"name":"wp","href":"https:\/\/api.w.org\/{rel}","templated":true}]}}