{"id":5255,"date":"2025-04-28T17:33:48","date_gmt":"2025-04-28T17:33:48","guid":{"rendered":"https:\/\/bio.ufpr.br\/cbio\/?page_id=5255"},"modified":"2025-05-04T17:58:23","modified_gmt":"2025-05-04T17:58:23","slug":"departamentos","status":"publish","type":"page","link":"https:\/\/bio.ufpr.br\/cbio\/departamentos\/","title":{"rendered":"Departamentos"},"content":{"rendered":"<p>A seguir contato dos departamentos com disciplinas no curso de Ci\u00eancias Biol\u00f3gicas:<\/p>\n<p>&nbsp;<\/p>\n<h5><a href=\"https:\/\/bio.ufpr.br\/departamentos\/\">Setor de Ci\u00eancias Biol\u00f3gicas:\u00a0<\/a><\/h5>\n<p><a href=\"https:\/\/bio.ufpr.br\/anatomia\"><strong>Anatomia<\/strong><\/a><\/p>\n<p>Telefone: (41) 3361-1679<br \/>\nE-mail: <a href=\"mailto:anatomia@ufpr.br\">anatomia@ufpr.br<\/a>\u00a0\/ <a href=\"mailto:ufpranatomia@gmail.com\">ufpranatomia@gmail.com<\/a><\/p>\n<p><a href=\"https:\/\/bio.ufpr.br\/biologiacelular\/\"><strong>Biologia Celular<\/strong><\/a><\/p>\n<p>Telefone: (41) 3361-1682<br \/>\nE-mail:\u00a0<a href=\"mailto:biocel@ufpr.br\">biocel@ufpr.br<\/a> \/ <a href=\"mailto:dbiocelufpr@gmail.com\">dbiocelufpr@gmail.com<\/a><\/p>\n<p><a href=\"https:\/\/bio.ufpr.br\/bioquimica\"><strong>Bioqu\u00edmica e Biologia Molecular<\/strong><\/a><\/p>\n<p>Telefone: (41) 3361-1660<br \/>\nE-mail:\u00a0<a href=\"mailto:bioqui@ufpr.br\">bioqui@ufpr.br<\/a><\/p>\n<p><strong><a href=\"https:\/\/bio.ufpr.br\/botanica\/\">Bot\u00e2nica<\/a><\/strong><\/p>\n<p>Telefone: (41) 3361-1757<br \/>\nE-mail: <a href=\"mailto:botanica@ufpr.br\">botanica@ufpr.br<\/a><\/p>\n<p><a href=\"https:\/\/bio.ufpr.br\/farmacologia\/\"><b>Farmacologia<\/b><\/a><\/p>\n<p>Telefone: (41) 3361-1739<br \/>\nE-mail: <a href=\"mailto:farmacologia@ufpr.br\">farmacologia@ufpr.br<\/a><\/p>\n<p><a href=\"https:\/\/bio.ufpr.br\/fisiologia\"><strong>Fisiologia<\/strong><\/a><\/p>\n<p>Telefone: (41) 3361-1714<br \/>\nE-mail: <a href=\"mailto:fisiologia@ufpr.br\">fisiologia@ufpr.br<\/a><\/p>\n<p><a href=\"https:\/\/bio.ufpr.br\/genetica\"><strong>Gen\u00e9tica<\/strong><\/a><\/p>\n<p>Telefone: (41) 3361-1684<br \/>\nE-mail: <a href=\"mailto:genetica@ufpr.br\">genetica@ufpr.br<\/a> \/ <a href=\"mailto:depto.genetica@gmail.com\">depto.genetica@gmail.com<\/a><\/p>\n<p><strong><a href=\"https:\/\/bio.ufpr.br\/patologiabasica\">Patologia B\u00e1sica<\/a><\/strong><\/p>\n<p>Telefone: (41) 3361-1697<br \/>\nE-mail:\u00a0<a href=\"mailto:dpat@ufpr.br\">dpat@ufpr.br<\/a> \/ <a href=\"mailto:dpatologia@gmail.com\">dpatologia@gmail.com<\/a><\/p>\n<p><strong><a href=\"https:\/\/bio.ufpr.br\/zoologia\/\">Zoologia<\/a><\/strong><\/p>\n<p>Telefone: (41) 3361-1624<br \/>\nE-mail:\u00a0<a href=\"mailto:deptzoo@ufpr.br\">deptzoo@ufpr.br<\/a> \/ <a href=\"mailto:ufprzoologia@gmail.com\">ufprzoologia@gmail.com<\/a><\/p>\n<p>&nbsp;<\/p>\n<h5><a href=\"http:\/\/www.educacao.ufpr.br\/departamentos\/\"><strong>Setor da Educa\u00e7\u00e3o<\/strong> \u00a0<\/a><\/h5>\n<p><strong>Departamento de Teoria e Pr\u00e1tica de Ensino<\/strong> \u2013\u00a0<a href=\"https:\/\/educacao.ufpr.br\/dtpen\/\">DTPEN<\/a><\/p>\n<p>Telefone: (41) 3535-6259\/6260<br \/>\nE-mail: <a href=\"mailto:dtpen@ufpr.br\">dtpen@ufpr.br<\/a><\/p>\n<p><strong>Departamento de Teoria e Fundamentos da Educa\u00e7\u00e3o<\/strong> \u2013\u00a0<a href=\"https:\/\/educacao.ufpr.br\/dtfe2\/\">DTFE<\/a><\/p>\n<p>Telefone: \u00a0(41) 3535-6259\/6260<br \/>\nE-mail: <a href=\"mailto:dtfe@ufpr.br\" target=\"_blank\" rel=\"noopener\">dtfe@ufpr.br<\/a><\/p>\n<p><strong>Departamento de Planejamento e Administra\u00e7\u00e3o Escolar<\/strong> \u2013\u00a0<a href=\"https:\/\/educacao.ufpr.br\/deplae\/\">DEPLAE<\/a><\/p>\n<p>Telefone: (41) 3535-6259\/6260<br \/>\nE-mail: \u00a0<a class=\"Yh1nIb asUmFb AL18ce\" href=\"mailto:deplae@ufpr.br\" target=\"_blank\" rel=\"noopener\">deplae@ufpr.br<\/a><\/p>\n<ul>\n<li>Ementas\/Plano de Ensino das disciplinas:\u00a0<a href=\"https:\/\/educacao.ufpr.br\/ementas\/\" target=\"_blank\" rel=\"noopener\">link<\/a><\/li>\n<\/ul>\n<p>&nbsp;<\/p>\n<h5><a href=\"https:\/\/www.humanas.ufpr.br\/portal\/\">Setor de Ci\u00eancias Humanas\u00a0<\/a><\/h5>\n<p><strong>Departamento Letras Libras<\/strong>\u00a0\u2013\u00a0<a href=\"http:\/\/www.letraslibras.ufpr.br\/contato-departamento\/\">http:\/\/www.letraslibras.ufpr.br\/contato-departamento\/<\/a><\/p>\n<p>Telefone: (41) 3360 5123<br \/>\nE-mail: <a href=\"mailto:letraslibras@ufpr.br\">letraslibras@ufpr.br<\/a><\/p>\n<p>&nbsp;<\/p>\n<h5><a href=\"http:\/\/www.exatas.ufpr.br\/contatos_departamentos\/\"><strong>Setor de Exatas<\/strong><\/a><\/h5>\n<p><a href=\"http:\/\/www.est.ufpr.br\"><strong>Departamento de Estat\u00edstica<\/strong><\/a><\/p>\n<p>Telefone: (41) 3361-3094<\/p>\n<p>E-mail: <a href=\"mailto:dest@ufpr.br\" target=\"blank\" rel=\"noopener\">dest@ufpr.br<\/a><\/p>\n<p>&nbsp;<\/p>\n<p><a href=\"https:\/\/fisica.ufpr.br\/depto.html\"><strong>Departamento de F\u00edsica<\/strong><\/a><\/p>\n<p>Telefone: (41) 3361-3094<\/p>\n<p>E-mail: <a href=\"mailto:secretaria@fisica.ufpr.br\">secretaria@fisica.ufpr.br<\/a><\/p>\n<p>&nbsp;<\/p>\n<p><a href=\"http:\/\/web.inf.ufpr.br\"><strong>Departamento de Inform\u00e1tica<\/strong><\/a><\/p>\n<p>Telefone: (41) 3361-3031<\/p>\n<p>E-mail: <a href=\"mailto:secretaria@inf.ufpr.br\" target=\"blank\" rel=\"noopener\">secretaria@inf.ufpr.br<\/a><\/p>\n<p>&nbsp;<\/p>\n<p><a href=\"http:\/\/www.mat.ufpr.br\"><strong>Departamento de Matem\u00e1tica<\/strong><\/a><\/p>\n<p>Telefone: (41) 3361-3041<\/p>\n<p>E-mail: <a href=\"mailto:dmat@ufpr.br\">dmat@ufpr.br<\/a><\/p>\n<p>&nbsp;<\/p>\n<p><a href=\"http:\/\/www.quimica.ufpr.br\"><strong>Departamento de Qu\u00edmica<\/strong><\/a><\/p>\n<p>Telefone: O Departamento est\u00e1 sem telefone no momento<\/p>\n<p>E-mail:\u00a0<a href=\"mailto:dqui@ufpr.br\" target=\"blank\" rel=\"noopener\">dqui@ufpr.br<\/a><\/p>\n<p>&nbsp;<\/p>\n<h5><a href=\"http:\/\/www.agrarias.ufpr.br\/departamentos-didaticos\"><strong>Setor de Ci\u00eancias Agr\u00e1rias<\/strong><\/a><\/h5>\n<p><strong><a href=\"https:\/\/agrarias.ufpr.br\/fitotecnia\">DEPARTAMENTO DE FITOTECNIA E FITOSSANIDADE\u2013 DFF<\/a><\/strong><br \/>\nTelefones: (41) 3350-5607<\/p>\n<p>E-mail:<a href=\"mailto:depfito@ufpr.br\">depfito@ufpr.br<\/a><\/p>\n<p>&nbsp;<\/p>\n<p><strong><a href=\"https:\/\/agrarias.ufpr.br\/dsea\/\">DEPARTAMENTO DE SOLOS E ENGENHARIA AGR\u00cdCOLA \u2013 DSEA<\/a><\/strong><\/p>\n<p>Telefones: (41) 3350-5658\/ 3350-5673<\/p>\n<p>E-mail: <a href=\"mailto:dsea@ufpr.br\">dseasecretaria@ufpr.br<\/a><\/p>\n<p><strong><a href=\"https:\/\/agrarias.ufpr.br\/dz\">DEPARTAMENTO DE ZOOTECNIA \u2013 DZ<\/a><\/strong><\/p>\n<p>Telefones: (41) 3350-5629<\/p>\n<p>E-mail:\u00a0<a href=\"mailto:depzoot@ufpr.br\">depzoot@ufpr.br<\/a><\/p>\n<p>&nbsp;<\/p>\n<h5><a href=\"https:\/\/saude.ufpr.br\/departamentos\/\">Setor de Ci\u00eancias da Sa\u00fade<\/a><\/h5>\n<p><a href=\"http:\/\/saude.ufpr.br\/saudecoletiva\"><strong>DEPARTAMENTO DE SA\u00daDE COLETIVA<\/strong><\/a><\/p>\n<p><strong>Telefone:<\/strong> (41) 3360-7241<\/p>\n<p><strong>E-mail:<\/strong> saudecom@ufpr.br<\/p>\n<p>&nbsp;<\/p>\n<h5><a href=\"https:\/\/terra.ufpr.br\/\">Setor de Ci\u00eancias da Terra<\/a><\/h5>\n<p><a href=\"https:\/\/geologia.ufpr.br\/administracao\/\"><strong>Departamento de Geologia<\/strong>\u00a0<\/a><\/p>\n<p>Telefones: (41)\u00a03361-3386<\/p>\n<p>E-mail: dpgeologia@ufpr.br<\/p>\n<p>&nbsp;<\/p>\n<p>Atualizado em: 04\/05\/2025<\/p>\n<p>&nbsp;<\/p>\n<p>&nbsp;<\/p>\n<p>&nbsp;<\/p>\n","protected":false},"excerpt":{"rendered":"<p>A seguir contato dos departamentos com disciplinas no curso de Ci\u00eancias Biol\u00f3gicas: &nbsp; Setor de Ci\u00eancias Biol\u00f3gicas:\u00a0 Anatomia Telefone: (41) 3361-1679 E-mail: anatomia@ufpr.br\u00a0\/ ufpranatomia@gmail.com Biologia Celular Telefone: (41) 3361-1682 E-mail:\u00a0biocel@ufpr.br \/ dbiocelufpr@gmail.com Bioqu\u00edmica e Biologia Molecular Telefone: (41) 3361-1660 E-mail:\u00a0bioqui@ufpr.br Bot\u00e2nica Telefone: (41) 3361-1757 E-mail: botanica@ufpr.br Farmacologia Telefone: (41) 3361-1739 E-mail: farmacologia@ufpr.br Fisiologia Telefone: (41) [&hellip;]<\/p>\n","protected":false},"author":2125,"featured_media":0,"parent":0,"menu_order":0,"comment_status":"closed","ping_status":"closed","template":"","meta":{"_acf_changed":false,"_monsterinsights_skip_tracking":false,"_monsterinsights_sitenote_active":false,"_monsterinsights_sitenote_note":"","_monsterinsights_sitenote_category":0,"footnotes":""},"class_list":["post-5255","page","type-page","status-publish","hentry"],"acf":[],"_links":{"self":[{"href":"https:\/\/bio.ufpr.br\/cbio\/wp-json\/wp\/v2\/pages\/5255","targetHints":{"allow":["GET"]}}],"collection":[{"href":"https:\/\/bio.ufpr.br\/cbio\/wp-json\/wp\/v2\/pages"}],"about":[{"href":"https:\/\/bio.ufpr.br\/cbio\/wp-json\/wp\/v2\/types\/page"}],"author":[{"embeddable":true,"href":"https:\/\/bio.ufpr.br\/cbio\/wp-json\/wp\/v2\/users\/2125"}],"replies":[{"embeddable":true,"href":"https:\/\/bio.ufpr.br\/cbio\/wp-json\/wp\/v2\/comments?post=5255"}],"version-history":[{"count":10,"href":"https:\/\/bio.ufpr.br\/cbio\/wp-json\/wp\/v2\/pages\/5255\/revisions"}],"predecessor-version":[{"id":5398,"href":"https:\/\/bio.ufpr.br\/cbio\/wp-json\/wp\/v2\/pages\/5255\/revisions\/5398"}],"wp:attachment":[{"href":"https:\/\/bio.ufpr.br\/cbio\/wp-json\/wp\/v2\/media?parent=5255"}],"curies":[{"name":"wp","href":"https:\/\/api.w.org\/{rel}","templated":true}]}}