{"id":5258,"date":"2025-04-28T17:34:23","date_gmt":"2025-04-28T17:34:23","guid":{"rendered":"https:\/\/bio.ufpr.br\/cbio\/?page_id=5258"},"modified":"2025-05-04T17:42:21","modified_gmt":"2025-05-04T17:42:21","slug":"pos-graduacoes","status":"publish","type":"page","link":"https:\/\/bio.ufpr.br\/cbio\/pos-graduacoes\/","title":{"rendered":"P\u00f3s Gradua\u00e7\u00f5es"},"content":{"rendered":"<p>A seguir, seguem os contatos dos Programas de P\u00f3s-Gradua\u00e7\u00e3o vinculados ao Setor de Ci\u00eancias Biol\u00f3gicas:<\/p>\n<p>&nbsp;<\/p>\n<p><strong>MESTRADO<\/strong><\/p>\n<p><strong><a href=\"http:\/\/www.prppg.ufpr.br\/site\/ppgprofbio\/\" target=\"_blank\" rel=\"noopener\">ProfBio \u2013\u00a0Mestrado Profissional em Ensino de Biologia\u00a0em Rede Nacional\u00a0<\/a><\/strong><br \/>\nTelefone: (41) 3361-1799 (tarde)<br \/>\nE-mail: profbioufprcoordenacao@gmail.com<\/p>\n<p>&nbsp;<\/p>\n<p><strong>MESTRADO E DOUTORADO<\/strong><\/p>\n<p><strong><a href=\"http:\/\/www.pgbiocel.ufpr.br\/\" target=\"_blank\" rel=\"noopener\">Biologia Celular e Molecular<br \/>\n<\/a><\/strong>Telefone: (41) 3361-1676<br \/>\nE-mail:\u00a0pgbiocel@ufpr.br\u00a0\/ pgbiocelufpr@gmail.com<\/p>\n<p><strong><a href=\"http:\/\/www.prppg.ufpr.br\/site\/ppgbot\/pb\/\" target=\"_blank\" rel=\"noopener\">Bot\u00e2nica<br \/>\n<\/a><\/strong>Telefone: (41) 3361-1625<br \/>\nE-mail:\u00a0pgbotanica@ufpr.br\u00a0\/ pgbotanica.ufpr@gmail.com<\/p>\n<p><strong><a href=\"http:\/\/www.pgbioq.ufpr.br\/\" target=\"_blank\" rel=\"noopener\">Ci\u00eancias \u2013 Bioqu\u00edmica<br \/>\n<\/a><\/strong>Telefone: (41) 3361-1672<br \/>\nE-mail:\u00a0pgbioq@ufpr.br<\/p>\n<p><strong><a href=\"http:\/\/www.pgento.ufpr.br\/\" target=\"_blank\" rel=\"noopener\">Ci\u00eancias Biol\u00f3gicas \u2013 Entomologia<br \/>\n<\/a><\/strong>Telefone: (41) 3361-1676<br \/>\nE-mail:\u00a0pgento@ufpr.br<\/p>\n<p><strong><a href=\"http:\/\/www.prppg.ufpr.br\/site\/ppgecologia\/pb\/\" target=\"_blank\" rel=\"noopener\">Ecologia e Conserva\u00e7\u00e3o<br \/>\n<\/a><\/strong>Telefone: (41) 3361-1595<br \/>\nE-mail:\u00a0ecologia@ufpr.br\u00a0\/ eco.ufpr@gmail.com<\/p>\n<p><strong><a href=\"http:\/\/www.pgedf.ufpr.br\/\" target=\"_blank\" rel=\"noopener\">Educa\u00e7\u00e3o F\u00edsica<br \/>\n<\/a><\/strong>Telefone: (41) 3360-4322<br \/>\nE-mail:\u00a0pgedf@ufpr.br<\/p>\n<p><strong><a href=\"http:\/\/www.prppg.ufpr.br\/site\/ppgfarmacologia\/pb\/\" target=\"_blank\" rel=\"noopener\">Farmacologia<br \/>\n<\/a><\/strong>Telefone: (41) 3361-1693<br \/>\nE-mail:\u00a0pgfarmacologia@ufpr.br<\/p>\n<p><strong><a href=\"http:\/\/www.prppg.ufpr.br\/site\/ppgfisio\/pb\/\" target=\"_blank\" rel=\"noopener\">Fisiologia<br \/>\n<\/a><\/strong>Telefone: (41) 3361-1588<br \/>\nE-mail:\u00a0ppgfisio@ufpr.br\u00a0\/ ppgfisio.ufpr@gmail.com<\/p>\n<p><strong><a href=\"https:\/\/bio.ufpr.br\/ppggenetica\/\" target=\"_blank\" rel=\"noopener\">Gen\u00e9tica<br \/>\n<\/a><\/strong>Telefone: (41) 3361-1587<br \/>\nE-mail:\u00a0ppg-gen@ufpr.br<\/p>\n<p><a href=\"http:\/\/www.ppgmpp.ufpr.br\/\" target=\"_blank\" rel=\"noopener\"><strong>Microbiologia, Parasitologia e Patologia<br \/>\n<\/strong><\/a>Telefone: (41) 3361-1695<br \/>\nE-mail:\u00a0posmpp@ufpr.br<\/p>\n<p><strong><a href=\"http:\/\/www.prppg.ufpr.br:8080\/pgzoo\/\" target=\"_blank\" rel=\"noopener\">Zoologia<br \/>\n<\/a><\/strong>Telefone: (41) 3361-1641<br \/>\nE-mail:\u00a0pgzoo@ufpr.br<\/p>\n","protected":false},"excerpt":{"rendered":"<p>A seguir, seguem os contatos dos Programas de P\u00f3s-Gradua\u00e7\u00e3o vinculados ao Setor de Ci\u00eancias Biol\u00f3gicas: &nbsp; MESTRADO ProfBio \u2013\u00a0Mestrado Profissional em Ensino de Biologia\u00a0em Rede Nacional\u00a0 Telefone: (41) 3361-1799 (tarde) E-mail: profbioufprcoordenacao@gmail.com &nbsp; MESTRADO E DOUTORADO Biologia Celular e Molecular Telefone: (41) 3361-1676 E-mail:\u00a0pgbiocel@ufpr.br\u00a0\/ pgbiocelufpr@gmail.com Bot\u00e2nica Telefone: (41) 3361-1625 E-mail:\u00a0pgbotanica@ufpr.br\u00a0\/ pgbotanica.ufpr@gmail.com Ci\u00eancias \u2013 Bioqu\u00edmica Telefone: [&hellip;]<\/p>\n","protected":false},"author":2125,"featured_media":0,"parent":0,"menu_order":0,"comment_status":"closed","ping_status":"closed","template":"","meta":{"_acf_changed":false,"_monsterinsights_skip_tracking":false,"_monsterinsights_sitenote_active":false,"_monsterinsights_sitenote_note":"","_monsterinsights_sitenote_category":0,"footnotes":""},"class_list":["post-5258","page","type-page","status-publish","hentry"],"acf":[],"_links":{"self":[{"href":"https:\/\/bio.ufpr.br\/cbio\/wp-json\/wp\/v2\/pages\/5258","targetHints":{"allow":["GET"]}}],"collection":[{"href":"https:\/\/bio.ufpr.br\/cbio\/wp-json\/wp\/v2\/pages"}],"about":[{"href":"https:\/\/bio.ufpr.br\/cbio\/wp-json\/wp\/v2\/types\/page"}],"author":[{"embeddable":true,"href":"https:\/\/bio.ufpr.br\/cbio\/wp-json\/wp\/v2\/users\/2125"}],"replies":[{"embeddable":true,"href":"https:\/\/bio.ufpr.br\/cbio\/wp-json\/wp\/v2\/comments?post=5258"}],"version-history":[{"count":2,"href":"https:\/\/bio.ufpr.br\/cbio\/wp-json\/wp\/v2\/pages\/5258\/revisions"}],"predecessor-version":[{"id":5393,"href":"https:\/\/bio.ufpr.br\/cbio\/wp-json\/wp\/v2\/pages\/5258\/revisions\/5393"}],"wp:attachment":[{"href":"https:\/\/bio.ufpr.br\/cbio\/wp-json\/wp\/v2\/media?parent=5258"}],"curies":[{"name":"wp","href":"https:\/\/api.w.org\/{rel}","templated":true}]}}