{"id":5265,"date":"2025-04-28T17:36:48","date_gmt":"2025-04-28T17:36:48","guid":{"rendered":"https:\/\/bio.ufpr.br\/cbio\/?page_id=5265"},"modified":"2025-05-03T20:59:27","modified_gmt":"2025-05-03T20:59:27","slug":"direitos-e-deveres","status":"publish","type":"page","link":"https:\/\/bio.ufpr.br\/cbio\/direitos-e-deveres\/","title":{"rendered":"Direitos e Deveres"},"content":{"rendered":"<h2>Direitos do Estudante<\/h2>\n<div>\n<p>O regimento geral da UFPR estabelece as normas gerais para os integrantes da comunidade acad\u00eamica da UFPR. As normas acad\u00eamicas est\u00e3o previstas pela <a href=\"http:\/\/www.soc.ufpr.br\/wp-content\/uploads\/2016\/07\/cepe3797-atividades-acad%C3%AAmicas-alterada-modificada-18.04.2018.pdf\">Resolu\u00e7\u00e3o\u00a037\/97 \u2010 CEPE<\/a> e demais resolu\u00e7\u00f5es. S\u00e3o direitos do estudante:<\/p>\n<ul>\n<li class=\"data_e_autor\">\u00a0Participar das atividades da vida acad\u00eamica.<\/li>\n<li>Ter acesso a informa\u00e7\u00f5es sobre a Universidade e sobre as rotinas da vida acad\u00eamica.<\/li>\n<li>Organizar\u2010se em Centros Acad\u00eamicos e no Diret\u00f3rio Central dos Estudantes \u2013 DCE.<\/li>\n<li>Ser representado em todos os \u00d3rg\u00e3os Colegiados e comiss\u00f5es da Administra\u00e7\u00e3o da UFPR, com direito a voz e voto.<\/li>\n<li>Ter garantia de ampla defesa e contradit\u00f3rio nos casos de aplica\u00e7\u00e3o de penas disciplinares.<\/li>\n<li>Recorrer ao \u00f3rg\u00e3o competente toda vez que se sentir prejudicado em seus direitos.<\/li>\n<li>Solicitar documentos de seu interesse \u00e0 UFPR.<\/li>\n<li>Participar das elei\u00e7\u00f5es dos dirigentes universit\u00e1rios.<\/li>\n<li>Concorrer a bolsas e est\u00e1gios.<\/li>\n<\/ul>\n<\/div>\n<h2>Deveres do Estudante<\/h2>\n<div>\n<h5>O regimento geral da UFPR estabelece as normas gerais para os integrantes da comunidade acad\u00eamica da UFPR. As normas acad\u00eamicas est\u00e3o previstas pela <a href=\"http:\/\/www.soc.ufpr.br\/wp-content\/uploads\/2016\/07\/cepe3797-atividades-acad%C3%AAmicas-alterada-modificada-18.04.2018.pdf\">Resolu\u00e7\u00e3o\u00a037\/97 \u2010 CEPE<\/a> e demais resolu\u00e7\u00f5es.<\/h5>\n<h4>Deveres do Estudante<\/h4>\n<ul>\n<li>Valorizar a vaga p\u00fablica e gratuita que conquistou.<\/li>\n<li>Cuidar do patrim\u00f4nio da UFPR.<\/li>\n<li>Respeitar todos os membros da comunidade universit\u00e1ria.<\/li>\n<li>Conhecer e cumprir a legisla\u00e7\u00e3o da UFPR.<\/li>\n<li>Acompanhar o calend\u00e1rio escolar.<\/li>\n<li>Realizar a matr\u00edcula, observando todas as normas e datas do calend\u00e1rio escolar.<\/li>\n<li>Estudar!<\/li>\n<li>Manter\u2010se atualizado quanto ao seu desempenho escolar.<\/li>\n<li>Manter seus endere\u00e7os e telefones atualizados na coordena\u00e7\u00e3o de curso e no sistema de controle acad\u00eamico (Portal do Aluno).<\/li>\n<li>Zelar pela boa conduta.<\/li>\n<li>Comunicar \u00e0 autoridade administrativa irregularidades que vier a conhecer.<\/li>\n<li>Comparecer junto a unidades administrativas sempre que convocado.<\/li>\n<\/ul>\n<h4>S\u00e3o deveres de todos os membros da comunidade universit\u00e1ria:<\/h4>\n<p style=\"padding-left: 40px\">I- comunicar \u00e0 autoridade administrativa as irregularidades de que tiver ci\u00eancia;<\/p>\n<p style=\"padding-left: 40px\">II- representar contra ilegalidade, omiss\u00e3o ou abusos;<\/p>\n<p style=\"padding-left: 40px\">III- manter conduta compat\u00edvel com a moralidade;<\/p>\n<p style=\"padding-left: 40px\">IV- observar as normas legais e regulamentares;<\/p>\n<p style=\"padding-left: 40px\">V- tratar com civilidade as pessoas;<\/p>\n<p style=\"padding-left: 40px\">VI- identificar-se, quando instado a faz\u00ea-lo;<\/p>\n<p style=\"padding-left: 40px\">VII- comparecer para depor e\/ou prestar esclarecimentos junto \u00e0 Comiss\u00e3o Disciplinar<\/p>\n<h4>Aos membros da comunidade universit\u00e1ria \u00e9 proibido:<\/h4>\n<p>As proibi\u00e7\u00f5es s\u00e3o aplic\u00e1veis no \u00e2mbito de toda a Universidade e em todas as atividades relativas ao fazer universit\u00e1rio, dentro ou fora dela.<\/p>\n<p style=\"padding-left: 40px\">I- deixar de prestar assist\u00eancia, quando poss\u00edvel faz\u00ea-lo sem risco pessoal, \u00e0 pessoa amea\u00e7ada, constrangida ou exposta \u00e0 iminente perigo, ou n\u00e3o pedir, nesses casos, o socorro da autoridade;<\/p>\n<p style=\"padding-left: 40px\">II- amea\u00e7ar algu\u00e9m, por palavra, escrito ou gesto, ou qualquer outro meio simb\u00f3lico, de causar-lhe mal injusto e grave;<\/p>\n<p style=\"padding-left: 40px\">III- exigir para si ou para outrem, direta ou indiretamente, vantagem indevida;<\/p>\n<p style=\"padding-left: 40px\">IV- opor-se \u00e0 execu\u00e7\u00e3o de ato legal, mediante viol\u00eancia ou grave amea\u00e7a a funcion\u00e1rio competente;<\/p>\n<p style=\"padding-left: 40px\">V- arremessar ou derramar em via p\u00fablica, ou em lugar de uso comum, ou de uso alheio, coisa que possa ofender, sujar ou molestar algu\u00e9m;<\/p>\n<p style=\"padding-left: 40px\">VI- provocar tumulto ou portar-se de modo inconveniente ou desrespeitoso, em solenidade ou ato oficial, em assembl\u00e9ia, reuni\u00e3o ou espet\u00e1culo p\u00fablico;<\/p>\n<p style=\"padding-left: 40px\">VII- perturbar algu\u00e9m, o trabalho ou o sossego alheio com gritaria ou algazarra, ou abusando de instrumentos sonoros ou sinais ac\u00fasticos;<\/p>\n<p style=\"padding-left: 40px\">VIII- importunar algu\u00e9m, em lugar p\u00fablico ou acess\u00edvel ao p\u00fablico, de modo ofensivo ao pudor;<\/p>\n<p style=\"padding-left: 40px\">IX- recusar \u00e0 autoridade, quando por esta justificadamente solicitados ou exigidos, dados ou indica\u00e7\u00f5es concernentes \u00e0 pr\u00f3pria identidade pessoal;<\/p>\n<p style=\"padding-left: 40px\">X- ofender a integridade f\u00edsica, moral ou a sa\u00fade de outrem;<\/p>\n<p style=\"padding-left: 40px\">XI- expor a perigo a vida ou a sa\u00fade de outrem;<\/p>\n<p style=\"padding-left: 40px\">XII- constranger algu\u00e9m, mediante viol\u00eancia ou grave amea\u00e7a, ou depois de lhe haver reduzido, por qualquer outro meio, a capacidade de resist\u00eancia, a n\u00e3o fazer o que a lei permite, ou a fazer o que ela n\u00e3o manda; XIII- constranger algu\u00e9m, mediante viol\u00eancia ou grave amea\u00e7a, e com o intuito de obter para si ou para outrem indevida vantagem econ\u00f4mica, a fazer, tolerar que se fa\u00e7a ou deixar de fazer alguma coisa;<\/p>\n<p style=\"padding-left: 40px\">XIV- destruir, inutilizar ou deteriorar coisa p\u00fablica ou alheia;<\/p>\n<p style=\"padding-left: 40px\">XV- dar causa a instaura\u00e7\u00e3o de sindic\u00e2ncia ou processo disciplinar contra algu\u00e9m, imputando-lhe infra\u00e7\u00e3o de que o sabe inocente;<\/p>\n<p style=\"padding-left: 40px\">XVI- provocar a a\u00e7\u00e3o da autoridade, comunicando-lhe a ocorr\u00eancia de infra\u00e7\u00e3o ou irregularidade que sabe n\u00e3o se ter verificado;<\/p>\n<p style=\"padding-left: 40px\">XVII- praticar vias de fato contra algu\u00e9m;<\/p>\n<p style=\"padding-left: 40px\">XVIII- apresentar-se publicamente em estado de embriaguez, de modo que cause esc\u00e2ndalo ou ponha em perigo a seguran\u00e7a pr\u00f3pria ou alheia;<\/p>\n<p style=\"padding-left: 40px\">XIX- molestar algu\u00e9m ou perturbar-lhe a tranq\u00fcilidade, por acinte ou motivo reprov\u00e1vel;<\/p>\n<p style=\"padding-left: 40px\">XX- praticar outras condutas reputadas como incompat\u00edveis com a moral e os bons costumes.<\/p>\n<\/div>\n<p>&nbsp;<\/p>\n<p>Atualizado em: 28\/04\/2025<\/p>\n","protected":false},"excerpt":{"rendered":"<p>Direitos do Estudante O regimento geral da UFPR estabelece as normas gerais para os integrantes da comunidade acad\u00eamica da UFPR. As normas acad\u00eamicas est\u00e3o previstas pela Resolu\u00e7\u00e3o\u00a037\/97 \u2010 CEPE e demais resolu\u00e7\u00f5es. S\u00e3o direitos do estudante: \u00a0Participar das atividades da vida acad\u00eamica. Ter acesso a informa\u00e7\u00f5es sobre a Universidade e sobre as rotinas da vida [&hellip;]<\/p>\n","protected":false},"author":2125,"featured_media":0,"parent":0,"menu_order":0,"comment_status":"closed","ping_status":"closed","template":"","meta":{"_acf_changed":false,"_monsterinsights_skip_tracking":false,"_monsterinsights_sitenote_active":false,"_monsterinsights_sitenote_note":"","_monsterinsights_sitenote_category":0,"footnotes":""},"class_list":["post-5265","page","type-page","status-publish","hentry"],"acf":[],"_links":{"self":[{"href":"https:\/\/bio.ufpr.br\/cbio\/wp-json\/wp\/v2\/pages\/5265","targetHints":{"allow":["GET"]}}],"collection":[{"href":"https:\/\/bio.ufpr.br\/cbio\/wp-json\/wp\/v2\/pages"}],"about":[{"href":"https:\/\/bio.ufpr.br\/cbio\/wp-json\/wp\/v2\/types\/page"}],"author":[{"embeddable":true,"href":"https:\/\/bio.ufpr.br\/cbio\/wp-json\/wp\/v2\/users\/2125"}],"replies":[{"embeddable":true,"href":"https:\/\/bio.ufpr.br\/cbio\/wp-json\/wp\/v2\/comments?post=5265"}],"version-history":[{"count":3,"href":"https:\/\/bio.ufpr.br\/cbio\/wp-json\/wp\/v2\/pages\/5265\/revisions"}],"predecessor-version":[{"id":5353,"href":"https:\/\/bio.ufpr.br\/cbio\/wp-json\/wp\/v2\/pages\/5265\/revisions\/5353"}],"wp:attachment":[{"href":"https:\/\/bio.ufpr.br\/cbio\/wp-json\/wp\/v2\/media?parent=5265"}],"curies":[{"name":"wp","href":"https:\/\/api.w.org\/{rel}","templated":true}]}}