{"id":5268,"date":"2025-04-28T17:37:08","date_gmt":"2025-04-28T17:37:08","guid":{"rendered":"https:\/\/bio.ufpr.br\/cbio\/?page_id=5268"},"modified":"2025-11-10T16:39:42","modified_gmt":"2025-11-10T16:39:42","slug":"seguranca","status":"publish","type":"page","link":"https:\/\/bio.ufpr.br\/cbio\/seguranca\/","title":{"rendered":"Seguran\u00e7a"},"content":{"rendered":"<p>Esperamos que voc\u00ea esteja e sinta-se seguro ao frequentar as depend\u00eancias da Universidade Federal, por\u00e9m nada \u00e9 garantido quando o assunto \u00e9 seguran\u00e7a. \u00c9 importante compreender que boa parte da seguran\u00e7a bem sucedida est\u00e1 na preven\u00e7\u00e3o.<\/p>\n<p>A\u00e7\u00f5es preventivas, que tem como objetivo proteger o indiv\u00edduo no seu dia a dia. Na universidade, no trabalho, em casa, ou qualquer outro lugar.<\/p>\n<p class=\"has-text-align-center\"><mark class=\"has-inline-color has-vivid-cyan-blue-color\"><a href=\"https:\/\/bio.ufpr.br\/cbio\/wp-content\/uploads\/sites\/3\/2025\/05\/Seis_Dicas_Seguranca_Pessoal.pdf\"><strong>Dicas de Seguran\u00e7a Pessoal para o dia a dia<\/strong><\/a><\/mark><\/p>\n<p><strong>Para o caso em que as a\u00e7\u00f5es preventivas n\u00e3o forem suficientes<\/strong>, adote os seguintes procedimentos:<\/p>\n<ol>\n<li>Registro de Boletins de Ocorr\u00eancia; e,<\/li>\n<li>Comunica\u00e7\u00e3o ao servi\u00e7o de vigil\u00e2ncia patrimonial para que fa\u00e7am o registro no Relat\u00f3rio de Ocorr\u00eancia Operacional \u2013 RO, que \u00e9 encaminhado \u00e0 PRA (e a PRA encaminha \u00e0 Pol\u00edcia Militar do Paran\u00e1, \u00f3rg\u00e3o respons\u00e1vel pela Seguran\u00e7a P\u00fablica).<\/li>\n<\/ol>\n<p>Para essas e outras dicas, consulte a<strong> <a href=\"https:\/\/pra.ufpr.br\/\">Pr\u00f3-reitoria de Administra\u00e7\u00e3o \u2013 PRA<\/a>\u00a0<\/strong><\/p>\n<div class=\"wp-block-spacer\" aria-hidden=\"true\"><\/div>\n<h2 class=\"wp-block-heading\">E-mail suspeito<\/h2>\n<p>A UFPR tem recebido frequentes tentativas de golpe por e-mail.<\/p>\n<p><strong>Como identificar um e-mail suspeito?<\/strong><\/p>\n<div class=\"wp-block-group is-nowrap is-layout-flex wp-container-core-group-is-layout-2 wp-block-group-is-layout-flex\">\n<div class=\"wp-block-group is-nowrap is-layout-flex wp-container-core-group-is-layout-1 wp-block-group-is-layout-flex\">\n<p>1 \u2013<\/p>\n<\/div>\n<p>PRESTE ATEN\u00c7\u00c3O NOS TERMOS USADOS E NA ASSINATURA<\/p>\n<\/div>\n<ul>\n<li>Mensagens institucionais fazem uso da escrita formal. \u201cQuerido usu\u00e1rio\u201d, por exemplo, n\u00e3o \u00e9 um termo de uso institucional;<\/li>\n<li>A AGTIC possui uma identidade (logo), que \u00e9 usada na assinatura dos e-mails. Se o contexto da mensagem remeter a sistemas ou recursos de TIC, sem o logo da unidade, desconfie.<\/li>\n<\/ul>\n<div class=\"wp-block-group is-nowrap is-layout-flex wp-container-core-group-is-layout-4 wp-block-group-is-layout-flex\">\n<div class=\"wp-block-group is-nowrap is-layout-flex wp-container-core-group-is-layout-3 wp-block-group-is-layout-flex\">\n<p>2 \u2013<\/p>\n<\/div>\n<p>NA D\u00daVIDA, N\u00c3O CLIQUE!<\/p>\n<\/div>\n<p>A AGTIC faz uso do e-mail markerting para comunica\u00e7\u00e3o em massa, e geralmente envia links para mat\u00e9rias e informativos. Normalmente utilizamos essa pr\u00e1tica em conjunto outros canais de comunica\u00e7\u00e3o \u2013 como o portal de sistemas e as redes sociais oficiais da Ag\u00eancia. Por\u00e9m,\u00a0<strong>n\u00e3o enviamos solicita\u00e7\u00e3o de altera\u00e7\u00e3o de dados com amea\u00e7as de encerramento de contas de e-mail<\/strong>.<\/p>\n<p><strong>Na d\u00favida, n\u00e3o clique nem forne\u00e7a seus dados!\u00a0<\/strong>Entre em contato com a equipe de suporte pelo Teams\u00a0<a href=\"mailto:suporte@ufpr.br\" target=\"_blank\" rel=\"noreferrer noopener\">suporte@ufpr.br<\/a>. O atendimento \u00e9 realizado\u00a0<strong>nos dias \u00fateis<\/strong>\u00a0(de segunda a sexta-feira),\u00a0<strong>das 8h \u00e0s 12h e das 14h \u00e0s 18h.<\/strong><\/p>\n<div class=\"wp-block-spacer\" aria-hidden=\"true\"><\/div>\n<p><strong>Cliquei no e-mail e forneci meus dados. E agora?<\/strong><br \/>\n<a href=\"https:\/\/ufpr.br\/agtic\/2024\/08\/07\/atencao-tentativas-de-golpe-por-e-mail\/\" target=\"_blank\" rel=\"noreferrer noopener\">Para saber mais, clique aqui.<\/a><\/p>\n<p>&nbsp;<\/p>\n<h2 class=\"wp-block-heading\">O que fazer se encontrar um animal silvestre em casa?<\/h2>\n<ol>\n<li>O primeiro passo \u00e9 manter a calma e n\u00e3o tocar no bicho.<\/li>\n<li>Depois contate o \u00f3rg\u00e3o ambiental especializado para fazer a remo\u00e7\u00e3o de maneira adequada, sem riscos para o animal e para a popula\u00e7\u00e3o.<\/li>\n<\/ol>\n<ul>\n<li style=\"list-style-type: none\">\n<ul>\n<li>Se for um animal silvestre de menor porte e que n\u00e3o cause perigo, uma op\u00e7\u00e3o \u00e9 deixar que o pr\u00f3prio bicho voltar\u00e1 ao seu habitat natural. A outra \u00e9 entrar em contato com o \u00f3rg\u00e3o ambiental do munic\u00edpio.<\/li>\n<li>Mas se for um animal com elevado potencial agressivo e que seja uma amea\u00e7a \u00e0 popula\u00e7\u00e3o, ou ainda que corra risco de morte, procure informar o Batalh\u00e3o de Pol\u00edcia Ambiental &#8211; For\u00e7a Verde (181), o Corpo de Bombeiros (193) ou o escrit\u00f3rio regional do IAT mais pr\u00f3ximo.<\/li>\n<\/ul>\n<\/li>\n<\/ul>\n<div class=\"wp-block-spacer\" aria-hidden=\"true\"><\/div>\n<div aria-hidden=\"true\">Atualizado em: 10\/11\/2025<\/div>\n","protected":false},"excerpt":{"rendered":"<p>Esperamos que voc\u00ea esteja e sinta-se seguro ao frequentar as depend\u00eancias da Universidade Federal, por\u00e9m nada \u00e9 garantido quando o assunto \u00e9 seguran\u00e7a. \u00c9 importante compreender que boa parte da seguran\u00e7a bem sucedida est\u00e1 na preven\u00e7\u00e3o. A\u00e7\u00f5es preventivas, que tem como objetivo proteger o indiv\u00edduo no seu dia a dia. Na universidade, no trabalho, em [&hellip;]<\/p>\n","protected":false},"author":2125,"featured_media":0,"parent":0,"menu_order":0,"comment_status":"closed","ping_status":"closed","template":"","meta":{"_acf_changed":false,"_monsterinsights_skip_tracking":false,"_monsterinsights_sitenote_active":false,"_monsterinsights_sitenote_note":"","_monsterinsights_sitenote_category":0,"footnotes":""},"class_list":["post-5268","page","type-page","status-publish","hentry"],"acf":[],"_links":{"self":[{"href":"https:\/\/bio.ufpr.br\/cbio\/wp-json\/wp\/v2\/pages\/5268","targetHints":{"allow":["GET"]}}],"collection":[{"href":"https:\/\/bio.ufpr.br\/cbio\/wp-json\/wp\/v2\/pages"}],"about":[{"href":"https:\/\/bio.ufpr.br\/cbio\/wp-json\/wp\/v2\/types\/page"}],"author":[{"embeddable":true,"href":"https:\/\/bio.ufpr.br\/cbio\/wp-json\/wp\/v2\/users\/2125"}],"replies":[{"embeddable":true,"href":"https:\/\/bio.ufpr.br\/cbio\/wp-json\/wp\/v2\/comments?post=5268"}],"version-history":[{"count":6,"href":"https:\/\/bio.ufpr.br\/cbio\/wp-json\/wp\/v2\/pages\/5268\/revisions"}],"predecessor-version":[{"id":5714,"href":"https:\/\/bio.ufpr.br\/cbio\/wp-json\/wp\/v2\/pages\/5268\/revisions\/5714"}],"wp:attachment":[{"href":"https:\/\/bio.ufpr.br\/cbio\/wp-json\/wp\/v2\/media?parent=5268"}],"curies":[{"name":"wp","href":"https:\/\/api.w.org\/{rel}","templated":true}]}}