{"id":5278,"date":"2025-04-28T17:53:09","date_gmt":"2025-04-28T17:53:09","guid":{"rendered":"https:\/\/bio.ufpr.br\/cbio\/?page_id=5278"},"modified":"2025-05-03T19:56:37","modified_gmt":"2025-05-03T19:56:37","slug":"equivalencia-de-disciplinas","status":"publish","type":"page","link":"https:\/\/bio.ufpr.br\/cbio\/equivalencia-de-disciplinas\/","title":{"rendered":"Equival\u00eancia de Disciplinas"},"content":{"rendered":"<p>Se voc\u00ea foi aprovado em alguma disciplina com conte\u00fado program\u00e1tico id\u00eantico ou semelhante a disciplina existente no curr\u00edculo do seu curso, poder\u00e1 pedir\u00a0equival\u00eancia de disciplina na Coordena\u00e7\u00e3o de seu Curso.<\/p>\n<ul>\n<li>Entende-se por equival\u00eancia em disciplina junto ao registro ativo do aluno na UFPR, a isen\u00e7\u00e3o da obrigatoriedade de cursar uma disciplina por haver sido aprovado em disciplina com conte\u00fado program\u00e1tico id\u00eantico ou semelhante ou de conte\u00fado relevante para a forma\u00e7\u00e3o profissional, cursada em outro registro, curr\u00edculo, curso ou institui\u00e7\u00e3o.<\/li>\n<li>Essa disciplina pode ter sido cursada na UFPR ou em outra Institui\u00e7\u00e3o de Ensino Superior.<\/li>\n<li>A <a href=\"http:\/\/www.soc.ufpr.br\/wp-content\/uploads\/2016\/07\/resolucao_cepe_08012014-860.pdf\">Resolu\u00e7\u00e3o 92\/13\u2010CEPE<\/a> estabelece que o aluno s\u00f3 pode solicitar equival\u00eancia de disciplinas uma vez:\u00a0<strong>por ocasi\u00e3o do ingresso na UFPR e, quando for o caso, NO RETORNO DE INTERC\u00c2MBIO<\/strong> na Coordena\u00e7\u00e3o do curso.<\/li>\n<li>Para alunos que retornam de interc\u00e2mbio, estes DEVEM\u00a0fazer o pedido de suas equival\u00eancias logo ap\u00f3s o seu retorno.<\/li>\n<li>O calend\u00e1rio acad\u00eamico estabelece o prazo final para solicita\u00e7\u00e3o das equival\u00eancias de disciplinas.<\/li>\n<li>As equival\u00eancias s\u00e3o registradas sem a nota ou o conceito.<\/li>\n<li>O per\u00edodo de afastamento ser\u00e1 computado no prazo de integraliza\u00e7\u00e3o do curso, e, portanto, quando retornar, o aluno estar\u00e1 automaticamente desperiodizado em rela\u00e7\u00e3o \u00e0 periodiza\u00e7\u00e3o recomendada.<\/li>\n<\/ul>\n<div class=\"wp-block-spacer\" aria-hidden=\"true\"><\/div>\n<h2 class=\"wp-block-heading\">Procedimento para requerer equival\u00eancia:<\/h2>\n<p>As solicita\u00e7\u00f5es de equival\u00eancia devem ser realizadas no <a href=\"https:\/\/sistemas.ufpr.br\/auth\/realms\/producao\/protocol\/openid-connect\/auth?client_id=portal-sistemas&amp;scope=openid&amp;response_type=code&amp;redirect_uri=https%3A%2F%2Fsistemas.ufpr.br%2Flogin%2Fcallback\">Sistema SIGA<\/a> nas datas estabelecidas em <a href=\"https:\/\/bio.ufpr.br\/cbio\/calendario-academico-2\/\">Calend\u00e1rio Acad\u00eamico<\/a> vigente.<\/p>\n<div class=\"wp-block-group\">\n<div class=\"wp-block-group__inner-container is-layout-constrained wp-block-group-is-layout-constrained\">\n<p class=\"has-text-color has-link-color has-medium-font-size wp-elements-04fa3a32f664a6cf8ee4b4279ae26c0d\"><strong>Anexar no SIGA:<\/strong><\/p>\n<div class=\"wp-block-group is-nowrap is-layout-flex wp-container-core-group-is-layout-6 wp-block-group-is-layout-flex\">\n<div class=\"wp-block-group is-nowrap is-layout-flex wp-container-core-group-is-layout-2 wp-block-group-is-layout-flex\">\n<p class=\"has-text-align-center has-text-color has-link-color wp-elements-2d506f69a058cc2dd3eedad2920658fc\">\n<div class=\"wp-block-group is-vertical is-layout-flex wp-container-core-group-is-layout-1 wp-block-group-is-layout-flex\">\n<p>&nbsp;<\/p>\n<\/div>\n<\/div>\n<hr class=\"wp-block-separator has-alpha-channel-opacity\" \/>\n<div class=\"wp-block-group is-vertical is-layout-flex wp-container-core-group-is-layout-5 wp-block-group-is-layout-flex\">\n<div class=\"wp-block-group is-vertical is-layout-flex wp-container-core-group-is-layout-3 wp-block-group-is-layout-flex\">\n<p><strong>Ementas das disciplinas:<\/strong> Programas das disciplinas cursadas na institui\u00e7\u00e3o de origem com autentica\u00e7\u00e3o (carimbo, visto ou autentica\u00e7\u00e3o eletr\u00f4nica, etc\u2026), onde constem os planos de ensinos (ementa, carga hor\u00e1ria, objetivos, conte\u00fado program\u00e1tico ou desdobramento da \u00e1rea de conhecimento em unidades, procedimentos did\u00e1ticos, formas de avalia\u00e7\u00e3o e bibliografia b\u00e1sica utilizada);<\/p>\n<\/div>\n<div class=\"wp-block-group is-vertical is-layout-flex wp-container-core-group-is-layout-4 wp-block-group-is-layout-flex\">\n<p><strong>Hist\u00f3rico escolar ou certificado<\/strong> originais: da \u00e9poca de conclus\u00e3o da disciplina, completo e atualizado, em que constem a denomina\u00e7\u00e3o da disciplina, sua carga hor\u00e1ria total, nota ou conceito e frequ\u00eancia obtidas, bem como os par\u00e2metros m\u00ednimos para aprova\u00e7\u00e3o na Institui\u00e7\u00e3o de origem.<\/p>\n<\/div>\n<\/div>\n<\/div>\n<div class=\"wp-block-spacer\" aria-hidden=\"true\"><\/div>\n<h2 class=\"wp-block-heading\">Mobilidade Acad\u00eamica<\/h2>\n<p class=\"has-text-color has-link-color has-medium-font-size wp-elements-5119295e9105abaefb1ce93ebeaac8b4\"><strong>Enviar para <em><a href=\"cbio@ufpr.br\" data-type=\"link\" data-id=\"civilsecretaria@ufpr.br\">E-mail da secretaria<\/a>:<\/em><\/strong><\/p>\n<div class=\"wp-block-group is-nowrap is-layout-flex wp-container-core-group-is-layout-12 wp-block-group-is-layout-flex\">\n<div class=\"wp-block-group is-nowrap is-layout-flex wp-container-core-group-is-layout-8 wp-block-group-is-layout-flex\">\n<p class=\"has-text-align-center has-text-color has-link-color wp-elements-2d506f69a058cc2dd3eedad2920658fc\">\n<div class=\"wp-block-group is-vertical is-layout-flex wp-container-core-group-is-layout-7 wp-block-group-is-layout-flex\">\n<p>&nbsp;<\/p>\n<\/div>\n<\/div>\n<hr class=\"wp-block-separator has-alpha-channel-opacity\" \/>\n<div class=\"wp-block-group is-vertical is-layout-flex wp-container-core-group-is-layout-11 wp-block-group-is-layout-flex\">\n<div class=\"wp-block-group is-vertical is-layout-flex wp-container-core-group-is-layout-9 wp-block-group-is-layout-flex\">\n<p><strong>Hist\u00f3rico escolar ou documentos equivalentes que comprovem a conclus\u00e3o de disciplina em institui\u00e7\u00f5es de pa\u00edses estrangeiros<\/strong> devem ser legalizados, unicamente, junto \u00e0s Reparti\u00e7\u00f5es Consulares do Minist\u00e9rio das Rela\u00e7\u00f5es Exteriores (MRE) no exterior. Esses documentos devem ser acompanhados de tradu\u00e7\u00e3o juramentada.<\/p>\n<\/div>\n<div class=\"wp-block-group is-vertical is-layout-flex wp-container-core-group-is-layout-10 wp-block-group-is-layout-flex\">\n<p><strong>Ementa das disciplinas:<\/strong> Os programas das disciplinas e demais atividades formativas devem ser acompanhados de tradu\u00e7\u00e3o simples; isto n\u00e3o se aplica para as disciplinas cursadas em fun\u00e7\u00e3o de conv\u00eanios assinadas pela Universidade com outras Institui\u00e7\u00f5es de Ensino Superior.<\/p>\n<\/div>\n<\/div>\n<\/div>\n<\/div>\n<\/div>\n<p>&nbsp;<\/p>\n<div class=\"wp-block-spacer\" aria-hidden=\"true\"><\/div>\n<hr class=\"wp-block-separator has-alpha-channel-opacity\" \/>\n<p class=\"has-text-color has-link-color wp-elements-882136dcf760422400d18bacfc4a004f\"><strong>CRIT\u00c9RIOS PARA EQUIVAL\u00caNCIA:<\/strong><\/p>\n<p>Os crit\u00e9rios para equival\u00eancia ser\u00e3o (<a href=\"https:\/\/soc.ufpr.br\/wp-content\/uploads\/2018\/09\/in0114CEPEmodificada.pdf\">INSTRU\u00c7\u00c3O NORMATIVA N\u00b0 01\/14 \u2013 PROGRAD<\/a>)<\/p>\n<p>&nbsp;<\/p>\n<p>Atualizado em: 03\/05\/2025<\/p>\n","protected":false},"excerpt":{"rendered":"<p>Se voc\u00ea foi aprovado em alguma disciplina com conte\u00fado program\u00e1tico id\u00eantico ou semelhante a disciplina existente no curr\u00edculo do seu curso, poder\u00e1 pedir\u00a0equival\u00eancia de disciplina na Coordena\u00e7\u00e3o de seu Curso. Entende-se por equival\u00eancia em disciplina junto ao registro ativo do aluno na UFPR, a isen\u00e7\u00e3o da obrigatoriedade de cursar uma disciplina por haver sido aprovado [&hellip;]<\/p>\n","protected":false},"author":2125,"featured_media":0,"parent":0,"menu_order":0,"comment_status":"closed","ping_status":"closed","template":"","meta":{"_acf_changed":false,"_monsterinsights_skip_tracking":false,"_monsterinsights_sitenote_active":false,"_monsterinsights_sitenote_note":"","_monsterinsights_sitenote_category":0,"footnotes":""},"class_list":["post-5278","page","type-page","status-publish","hentry"],"acf":[],"_links":{"self":[{"href":"https:\/\/bio.ufpr.br\/cbio\/wp-json\/wp\/v2\/pages\/5278","targetHints":{"allow":["GET"]}}],"collection":[{"href":"https:\/\/bio.ufpr.br\/cbio\/wp-json\/wp\/v2\/pages"}],"about":[{"href":"https:\/\/bio.ufpr.br\/cbio\/wp-json\/wp\/v2\/types\/page"}],"author":[{"embeddable":true,"href":"https:\/\/bio.ufpr.br\/cbio\/wp-json\/wp\/v2\/users\/2125"}],"replies":[{"embeddable":true,"href":"https:\/\/bio.ufpr.br\/cbio\/wp-json\/wp\/v2\/comments?post=5278"}],"version-history":[{"count":3,"href":"https:\/\/bio.ufpr.br\/cbio\/wp-json\/wp\/v2\/pages\/5278\/revisions"}],"predecessor-version":[{"id":5332,"href":"https:\/\/bio.ufpr.br\/cbio\/wp-json\/wp\/v2\/pages\/5278\/revisions\/5332"}],"wp:attachment":[{"href":"https:\/\/bio.ufpr.br\/cbio\/wp-json\/wp\/v2\/media?parent=5278"}],"curies":[{"name":"wp","href":"https:\/\/api.w.org\/{rel}","templated":true}]}}