{"id":5281,"date":"2025-04-28T17:54:04","date_gmt":"2025-04-28T17:54:04","guid":{"rendered":"https:\/\/bio.ufpr.br\/cbio\/?page_id=5281"},"modified":"2025-05-03T16:56:40","modified_gmt":"2025-05-03T16:56:40","slug":"resolucoes-instrucoes-e-deliberacoes","status":"publish","type":"page","link":"https:\/\/bio.ufpr.br\/cbio\/resolucoes-instrucoes-e-deliberacoes\/","title":{"rendered":"Resolu\u00e7\u00f5es, Instru\u00e7\u00f5es e Delibera\u00e7\u00f5es"},"content":{"rendered":"<p>As resolu\u00e7\u00f5es gerais e atualizadas da UFPR podem ser encontradas no site:\u00a0 <a href=\"http:\/\/www.soc.ufpr.br\/portal\/\" target=\"_blank\" rel=\"noreferrer noopener\">http:\/\/www.soc.ufpr.br\/portal\/<\/a><\/p>\n<p>Abaixo as principais para consulta:<\/p>\n<ul>\n<li><a href=\"http:\/\/www.soc.ufpr.br\/wp-content\/uploads\/2019\/05\/Reg-Geral-da-UFPR-atualizado.pdf\">Regimento Geral da UFPR<\/a>:\u00a0REGIMENTO GERAL DA UNIVERSIDADE FEDERAL DO PARAN\u00c1 \u2013 UFPR<\/li>\n<li><a href=\"https:\/\/soc.ufpr.br\/wp-content\/uploads\/2022\/08\/ESTATUTO-DA-UFPR-1.pdf\" target=\"_blank\" rel=\"noreferrer noopener\">Estatuto da UFPR<\/a>. UNIVERSIDADE FEDERAL DO PARAN\u00c1-UFPR<\/li>\n<li><a href=\"http:\/\/www.soc.ufpr.br\/wp-content\/uploads\/2016\/07\/Res-37-97-CEPE-Atividades-Acad%C3%AAmicas.pdf\">Resolu\u00e7\u00e3o n\u00ba 37\/1997\u2013CEPE<\/a>.\u00a0Aprova normas b\u00e1sicas de <strong>controle e registro da atividade acad\u00eamica<\/strong> dos cursos de gradua\u00e7\u00e3o da Universidade.<\/li>\n<li><a href=\"http:\/\/www.soc.ufpr.br\/wp-content\/uploads\/2016\/07\/resolucao_cepe_27052014-897.pdf\">Resolu\u00e7\u00e3o n\u00ba 07\/2014-CEPE<\/a>.\u00a0Altera a Resolu\u00e7\u00e3o 37\/97-CEPE, que aprova normas b\u00e1sicas de <strong>controle e registro da atividade acad\u00eamica<\/strong> dos cursos de gradua\u00e7\u00e3o da Universidade.<\/li>\n<li><a href=\"http:\/\/www.soc.ufpr.br\/wp-content\/uploads\/2016\/07\/Res-92-13-CEPE-altera%C3%A7%C3%A3o-Resolu%C3%A7%C3%A3o-0610-alterado-pela-Res-39.18.pdf\">Resolu\u00e7\u00e3o n\u00b0 92\/2013\u2013CEPE.<\/a>\u00a0Aprova normas de dispensa de Disciplinas, de Equival\u00eancia de Disciplinas, de <strong>Exames de Adiantamento e Aproveitamento de Conhecimento<\/strong> nos cursos de gradua\u00e7\u00e3o da Universidade Federal do Paran\u00e1.<\/li>\n<li><a href=\"http:\/\/www.soc.ufpr.br\/wp-content\/uploads\/2018\/09\/in0114CEPEmodificada.pdf\">Instru\u00e7\u00e3o Normativa n\u00b0 01\/2014\u2013PROGRAD<\/a>. Regulamenta os procedimentos administrativos de dispensa e equival\u00eancia de Disciplinas e dos <strong>exames de Adiantamento e de Aproveitamento de Conhecimento<\/strong> de que trata a Resolu\u00e7\u00e3o 92\/13-CEPE no \u00e2mbito dos cursos de gradua\u00e7\u00e3o da Universidade Federal do Paran\u00e1.<\/li>\n<li><a href=\"http:\/\/www.soc.ufpr.br\/wp-content\/uploads\/2016\/07\/resolucao_cepe_10021995-78.pdf\">Resolu\u00e7\u00e3o n\u00ba 14\/1995 \u2013 CEPE<\/a>. Fixa diretrizes e procedimentos para <strong>aproveitamento de disciplinas<\/strong> de gradua\u00e7\u00e3o cursadas em outras Universidades, conveniadas com a UFPR.<\/li>\n<li><a href=\"http:\/\/www.soc.ufpr.br\/wp-content\/uploads\/2016\/07\/cepe-97a15.pdf\">Resolu\u00e7\u00e3o n\u00ba 97-A\/2015\u2013CEPE<\/a>. Estabelece as normas para <strong>trancamento de curso<\/strong> dos Cursos de Gradua\u00e7\u00e3o e de Educa\u00e7\u00e3o Profissional e Tecnol\u00f3gica da Universidade Federal do Paran\u00e1 a partir do ano letivo de 2016.<\/li>\n<li><a href=\"https:\/\/tecnologia.ufpr.br\/cceq\/wp-content\/uploads\/sites\/5\/2016\/04\/I.N.01.16-PROGRAD.pdf\">Instru\u00e7\u00e3o Normativa\u00a0 n\u00ba 01\/2016-PROGRAD<\/a>. Regulamenta os procedimentos administrativos de que trata a Resolu\u00e7\u00e3o 97\/15.<\/li>\n<li><a href=\"http:\/\/www.soc.ufpr.br\/wp-content\/uploads\/2016\/07\/resolucao_cepe_11052001-53.pdf\">Resolu\u00e7\u00e3o n\u00ba 32\/2001-CEPE<\/a>. Altera o \u00a7 3\u00ba do art. 61 da Resolu\u00e7\u00e3o 37\/97-CEPE estabelecendo par\u00e2metros e delegando aos Colegiados de Curso a an\u00e1lise dos pedidos de<strong> 3\u00ba Trancamento de Curso.<\/strong><\/li>\n<li><a href=\"http:\/\/www.soc.ufpr.br\/wp-content\/uploads\/2016\/07\/cepe-70-04-CEPE-alterada-pela-resolu%C3%A7%C3%A3o-21.18.pdf\">Resolu\u00e7\u00e3o n\u00ba 70\/2004\u2013CEPE<\/a>.\u00a0Disp\u00f5e sobre as <strong>atividades formativas<\/strong> na flexibiliza\u00e7\u00e3o dos curr\u00edculos dos cursos de gradua\u00e7\u00e3o e de ensino profissionalizante da UFPR<\/li>\n<\/ul>\n<p>Atualizado em: 03\/05\/2025<\/p>\n","protected":false},"excerpt":{"rendered":"<p>As resolu\u00e7\u00f5es gerais e atualizadas da UFPR podem ser encontradas no site:\u00a0 http:\/\/www.soc.ufpr.br\/portal\/ Abaixo as principais para consulta: Regimento Geral da UFPR:\u00a0REGIMENTO GERAL DA UNIVERSIDADE FEDERAL DO PARAN\u00c1 \u2013 UFPR Estatuto da UFPR. UNIVERSIDADE FEDERAL DO PARAN\u00c1-UFPR Resolu\u00e7\u00e3o n\u00ba 37\/1997\u2013CEPE.\u00a0Aprova normas b\u00e1sicas de controle e registro da atividade acad\u00eamica dos cursos de gradua\u00e7\u00e3o da Universidade. [&hellip;]<\/p>\n","protected":false},"author":2125,"featured_media":0,"parent":0,"menu_order":0,"comment_status":"closed","ping_status":"closed","template":"","meta":{"_acf_changed":false,"_monsterinsights_skip_tracking":false,"_monsterinsights_sitenote_active":false,"_monsterinsights_sitenote_note":"","_monsterinsights_sitenote_category":0,"footnotes":""},"class_list":["post-5281","page","type-page","status-publish","hentry"],"acf":[],"_links":{"self":[{"href":"https:\/\/bio.ufpr.br\/cbio\/wp-json\/wp\/v2\/pages\/5281","targetHints":{"allow":["GET"]}}],"collection":[{"href":"https:\/\/bio.ufpr.br\/cbio\/wp-json\/wp\/v2\/pages"}],"about":[{"href":"https:\/\/bio.ufpr.br\/cbio\/wp-json\/wp\/v2\/types\/page"}],"author":[{"embeddable":true,"href":"https:\/\/bio.ufpr.br\/cbio\/wp-json\/wp\/v2\/users\/2125"}],"replies":[{"embeddable":true,"href":"https:\/\/bio.ufpr.br\/cbio\/wp-json\/wp\/v2\/comments?post=5281"}],"version-history":[{"count":4,"href":"https:\/\/bio.ufpr.br\/cbio\/wp-json\/wp\/v2\/pages\/5281\/revisions"}],"predecessor-version":[{"id":5319,"href":"https:\/\/bio.ufpr.br\/cbio\/wp-json\/wp\/v2\/pages\/5281\/revisions\/5319"}],"wp:attachment":[{"href":"https:\/\/bio.ufpr.br\/cbio\/wp-json\/wp\/v2\/media?parent=5281"}],"curies":[{"name":"wp","href":"https:\/\/api.w.org\/{rel}","templated":true}]}}