{"id":5294,"date":"2025-04-28T18:01:11","date_gmt":"2025-04-28T18:01:11","guid":{"rendered":"https:\/\/bio.ufpr.br\/cbio\/?page_id=5294"},"modified":"2026-01-13T12:38:01","modified_gmt":"2026-01-13T12:38:01","slug":"trancamento-e-destrancamento-de-curso","status":"publish","type":"page","link":"https:\/\/bio.ufpr.br\/cbio\/trancamento-e-destrancamento-de-curso\/","title":{"rendered":"Trancamento e Destrancamento de Curso"},"content":{"rendered":"<h3 class=\"wp-block-heading has-text-color has-link-color has-medium-font-size wp-elements-da1d6049917eee86329d9d99c142f0ae\"><strong>RESOLU\u00c7\u00c3O N\u00ba 97\/15 \u2013 CEPE.\u00a0<\/strong><\/h3>\n<p>Acesse aqui a resolu\u00e7\u00e3o e instru\u00e7\u00e3o sobre este assunto:\u00a0<a href=\"https:\/\/tecnologia.ufpr.br\/cceq\/wp-content\/uploads\/sites\/5\/2016\/04\/Ressolu\u00e7\u00e3o972015CEPE-1.pdf\" target=\"_blank\" rel=\"noopener\">Resolu\u00e7\u00e3o 9720\/15-CEPE<\/a>\u00a0 \u00a0e\u00a0<a href=\"https:\/\/tecnologia.ufpr.br\/cceq\/wp-content\/uploads\/sites\/5\/2016\/04\/I.N.01.16-PROGRAD-1.pdf\" target=\"_blank\" rel=\"noopener\">I.N.01.16 PROGRAD<\/a><\/p>\n<div class=\"wp-block-spacer\" aria-hidden=\"true\"><\/div>\n<h2 class=\"wp-block-heading\">Trancamento<\/h2>\n<p>Entende-se por trancamento de curso a interrup\u00e7\u00e3o tempor\u00e1ria de todas as atividades acad\u00eamicas.<\/p>\n<ul>\n<li>Ser\u00e3o permitidos at\u00e9 tr\u00eas (03) trancamentos de curso consecutivos ou alternados.<\/li>\n<li>O primeiro trancamento de curso \u00e9 volunt\u00e1rio e imotivado.\u00a0Para o primeiro trancamento,\u00a0orienta-se que o aluno solicite o trancamento para dois (2) semestres consecutivos, pois n\u00e3o haver\u00e1 preju\u00edzo caso o aluno decida retornar antes de findado este prazo, e considerando que o segundo trancamento s\u00f3 pode ser realizado se aprovado pelo colegiado do curso.<\/li>\n<li>Os segundo e terceiro trancamentos (EXCEPCIONAL) de curso devidamente justificados e documentados dever\u00e3o ser julgados pelo Colegiado de Curso.<\/li>\n<li>Cada trancamento do curso ser\u00e1 pelo prazo de at\u00e9 dois (02) semestres letivos consecutivos<\/li>\n<li>Somente ser\u00e3o concedidos trancamentos de curso se o\u00a0 aluno dispuser de tempo h\u00e1bil para integraliza\u00e7\u00e3o de seu curr\u00edculo por ocasi\u00e3o do retorno.<\/li>\n<li>O trancamento de curso ser\u00e1 concedido ao aluno que possua pelo menos uma (01) disciplina ou unidade curricular obrigat\u00f3ria ou optativa do curr\u00edculo do seu curso efetivamente cursada e aprovada na UFPR sob seu atual registro.<\/li>\n<li>Nos casos em que o aluno n\u00e3o possua uma disciplina cursada e aprovada na UFPR, excepcionalmente, por motivo relevante, caber\u00e1 ao Colegiado do Curso julgar o m\u00e9rito da solicita\u00e7\u00e3o, devidamente justificada e documentada.<\/li>\n<li>O trancamento \u00e9 feito pelo aluno\u00a0(ou seu representante legal). Os prazos limites para trancamento e retorno ao curso, relativos a cada per\u00edodo letivo, ser\u00e3o fixados no <a href=\"https:\/\/bio.ufpr.br\/cbio\/calendario-academico-2\/\">Calend\u00e1rio Acad\u00eamico<\/a>.<\/li>\n<li>O aluno poder\u00e1 requerer o retorno ao curso (destrancamento) antes de esgotado o per\u00edodo de trancamento.<\/li>\n<li>O trancamento do curso n\u00e3o ser\u00e1 considerado no tempo que o aluno tem para cumprir o curr\u00edculo.<\/li>\n<li>Enquanto aguarda a resposta sobre o processo de trancamento (caso este precise de aprova\u00e7\u00e3o do colegiado), o aluno dever\u00e1 continuar a frequentar as aulas.<\/li>\n<li><strong>Aten\u00e7\u00e3o!\u00a0<\/strong><strong>Caso o aluno n\u00e3o solicite o trancamento de curso ou n\u00e3o fa\u00e7a a matr\u00edcula fica caracterizado abandono de curso: o registro acad\u00eamico do aluno \u00e9 cancelado e perde a\u00a0vaga!<\/strong><\/li>\n<li>Por ocasi\u00e3o de seu retorno e ap\u00f3s realizar o destrancamento do curso (veja abaixo procedimento) voc\u00ea deve matricular\u2010se formalmente, para n\u00e3o caracterizar abandono de curso.<\/li>\n<\/ul>\n<h4 class=\"wp-block-heading has-medium-font-size\">Solicita\u00e7\u00e3o de Trancamento de Curso<\/h4>\n<p>O pedido de trancamento de curso dever\u00e1 <strong>ser feito pelo aluno no <a href=\"https:\/\/sistemas.ufpr.br\/auth\/realms\/producao\/protocol\/openid-connect\/auth?client_id=portal-sistemas&amp;scope=openid&amp;response_type=code&amp;redirect_uri=https%3A%2F%2Fsistemas.ufpr.br%2Flogin%2Fcallback\">Sistema SIGA<\/a><\/strong>. Consulte o <a href=\"https:\/\/ufpraberta.ufpr.br\/course\/view.php?id=9\">tutorial<\/a>.<\/p>\n<p>A partir da segunda e terceira solicita\u00e7\u00e3o, o trancamento deve ser solicitado, mediante justificativa, por motivo relevante, que deve ser comprovada por meio de documenta\u00e7\u00e3o. O requerimento + justificativa.<\/p>\n<div class=\"wp-block-media-text is-stacked-on-mobile\">\n<figure class=\"wp-block-media-text__media\"><img loading=\"lazy\" decoding=\"async\" class=\"wp-image-7327 size-full alignleft\" src=\"https:\/\/bio.ufpr.br\/cbio\/wp-content\/uploads\/sites\/3\/2025\/05\/book_1032656.png\" alt=\"\" width=\"512\" height=\"512\" \/><\/figure>\n<div class=\"wp-block-media-text__content\">\n<h4 class=\"wp-block-heading\">Par\u00e2metros de Embasamento de 3\u00ba Pedido de Trancamento<\/h4>\n<p><a href=\"https:\/\/soc.ufpr.br\/wp-content\/uploads\/2016\/07\/resolucao_cepe_11052001-53.pdf\">RESOLU\u00c7\u00c3O N\u00ba 32\/01 \u2013 CEPE<\/a> Altera o \u00a7 3\u00ba do art. 61 da <a href=\"https:\/\/soc.ufpr.br\/wp-content\/uploads\/2016\/07\/Res-37-97-CEPE-Atividades-Acad%C3%AAmicas.pdf\">Res. 37\/97-CEPE<\/a> estabelecendo par\u00e2metros e delegando aos Colegiados de Curso a an\u00e1lise dos pedidos de 3\u00ba Trancamento de Curso. <strong>N\u00e3o ser\u00e1 permitido mais de 3 trancamentos ao longo do curso.<\/strong><\/p>\n<p>Uma terceira solicita\u00e7\u00e3o de trancamento de curso, por at\u00e9 mais 2(dois) semestres letivos, poder\u00e1 ser requerida pelo aluno ou seu representante legal, mediante apresenta\u00e7\u00e3o do comprovante de matr\u00edcula do semestre\/ano, por motivo relevante, devidamente justificada e documentada pelo aluno.<\/p>\n<\/div>\n<\/div>\n<p>Constituem motivos relevantes:<\/p>\n<div class=\"wp-block-group is-nowrap is-layout-flex wp-container-core-group-is-layout-2 wp-block-group-is-layout-flex\">\n<div class=\"wp-block-group is-nowrap is-layout-flex wp-container-core-group-is-layout-1 wp-block-group-is-layout-flex\">\n<p>a)<\/p>\n<\/div>\n<p>casos de doen\u00e7a do aluno devidamente documentados e verificados pelo \u00f3rg\u00e3o respons\u00e1vel pela per\u00edcia m\u00e9dica da UFPR;<\/p>\n<\/div>\n<div class=\"wp-block-group is-nowrap is-layout-flex wp-container-core-group-is-layout-4 wp-block-group-is-layout-flex\">\n<div class=\"wp-block-group is-nowrap is-layout-flex wp-container-core-group-is-layout-3 wp-block-group-is-layout-flex\">\n<p>b)<\/p>\n<\/div>\n<p>situa\u00e7\u00f5es nas quais o aluno \u00e9 arrimo de fam\u00edlia, devidamente comprovadas;<\/p>\n<\/div>\n<div class=\"wp-block-group is-nowrap is-layout-flex wp-container-core-group-is-layout-6 wp-block-group-is-layout-flex\">\n<div class=\"wp-block-group is-nowrap is-layout-flex wp-container-core-group-is-layout-5 wp-block-group-is-layout-flex\">\n<p>c)<\/p>\n<\/div>\n<p>demais hip\u00f3teses de natureza especial, desde que comprovadas.<\/p>\n<\/div>\n<div class=\"wp-block-spacer\" aria-hidden=\"true\"><\/div>\n<h2 class=\"wp-block-heading\">Destrancamento de Curso<\/h2>\n<p>O aluno (ou seu representante legal) dever\u00e1 no per\u00edodo previsto no <a href=\"https:\/\/bio.ufpr.br\/cbio\/calendario-academico-2\/\">calend\u00e1rio acad\u00eamico<\/a> \u00a0VIGENTE NA DATA DE SEU RETORNO\u00a0efetuar o destrancamento no <a href=\"https:\/\/sistemas.ufpr.br\/auth\/realms\/producao\/protocol\/openid-connect\/auth?client_id=portal-sistemas&amp;scope=openid&amp;response_type=code&amp;redirect_uri=https%3A%2F%2Fsistemas.ufpr.br%2Flogin%2Fcallback\">Sistema SIGA<\/a>. Consulte o <a href=\"https:\/\/ufpraberta.ufpr.br\/mod\/page\/view.php?id=232\">tutorial<\/a>.<\/p>\n<p>Somente\u00a0ap\u00f3s o destrancamento do curso ser\u00e1 poss\u00edvel realizar matr\u00edcula em disciplinas.<\/p>\n<p><strong>Aten\u00e7\u00e3o!\u00a0Caso o aluno n\u00e3o fa\u00e7a a matr\u00edcula fica caracterizado abandono de curso:\u00a0 o registro acad\u00eamico do aluno \u00e9 cancelado e perde a\u00a0vaga!<\/strong><\/p>\n<div class=\"wp-block-spacer\" aria-hidden=\"true\"><\/div>\n<hr class=\"wp-block-separator has-alpha-channel-opacity\" \/>\n<p>Para maiores informa\u00e7\u00f5es, consulte o COPAP-SGA.<\/p>\n<p><a href=\"http:\/\/www.prograd.ufpr.br\/portal\/copap\/contatos\/\" target=\"_blank\" rel=\"noreferrer noopener\">Se\u00e7\u00e3o de Gerenciamento Acad\u00eamico \u2013 SGA<\/a><br \/>\nEndere\u00e7o: Pra\u00e7a Santos Andrade, 50 \u2013 Centro \u2013 Curitiba\/PR\u00a0\u00a0\u2013\u00a0Cep.: 81.531-900<br \/>\nE-mail\/Teams: <a href=\"mailto:copap.sga@ufpr.br\">copap.sga@ufpr.br<\/a><br \/>\nSite: <a href=\"http:\/\/www.prograd.ufpr.br\/portal\/copap\/contatos\/\" target=\"_blank\" rel=\"noreferrer noopener\">http:\/\/www.prograd.ufpr.br\/portal\/copap\/contatos\/<\/a><\/p>\n<hr class=\"wp-block-separator has-alpha-channel-opacity\" \/>\n<div class=\"wp-block-spacer\" aria-hidden=\"true\"><\/div>\n<div aria-hidden=\"true\">Atualizado em: 03\/05\/2025<\/div>\n<div aria-hidden=\"true\"><\/div>\n","protected":false},"excerpt":{"rendered":"<p>RESOLU\u00c7\u00c3O N\u00ba 97\/15 \u2013 CEPE.\u00a0 Acesse aqui a resolu\u00e7\u00e3o e instru\u00e7\u00e3o sobre este assunto:\u00a0Resolu\u00e7\u00e3o 9720\/15-CEPE\u00a0 \u00a0e\u00a0I.N.01.16 PROGRAD Trancamento Entende-se por trancamento de curso a interrup\u00e7\u00e3o tempor\u00e1ria de todas as atividades acad\u00eamicas. Ser\u00e3o permitidos at\u00e9 tr\u00eas (03) trancamentos de curso consecutivos ou alternados. O primeiro trancamento de curso \u00e9 volunt\u00e1rio e imotivado.\u00a0Para o primeiro trancamento,\u00a0orienta-se que [&hellip;]<\/p>\n","protected":false},"author":2125,"featured_media":0,"parent":0,"menu_order":0,"comment_status":"closed","ping_status":"closed","template":"","meta":{"_acf_changed":false,"_monsterinsights_skip_tracking":false,"_monsterinsights_sitenote_active":false,"_monsterinsights_sitenote_note":"","_monsterinsights_sitenote_category":0,"footnotes":""},"class_list":["post-5294","page","type-page","status-publish","hentry"],"acf":[],"_links":{"self":[{"href":"https:\/\/bio.ufpr.br\/cbio\/wp-json\/wp\/v2\/pages\/5294","targetHints":{"allow":["GET"]}}],"collection":[{"href":"https:\/\/bio.ufpr.br\/cbio\/wp-json\/wp\/v2\/pages"}],"about":[{"href":"https:\/\/bio.ufpr.br\/cbio\/wp-json\/wp\/v2\/types\/page"}],"author":[{"embeddable":true,"href":"https:\/\/bio.ufpr.br\/cbio\/wp-json\/wp\/v2\/users\/2125"}],"replies":[{"embeddable":true,"href":"https:\/\/bio.ufpr.br\/cbio\/wp-json\/wp\/v2\/comments?post=5294"}],"version-history":[{"count":10,"href":"https:\/\/bio.ufpr.br\/cbio\/wp-json\/wp\/v2\/pages\/5294\/revisions"}],"predecessor-version":[{"id":5741,"href":"https:\/\/bio.ufpr.br\/cbio\/wp-json\/wp\/v2\/pages\/5294\/revisions\/5741"}],"wp:attachment":[{"href":"https:\/\/bio.ufpr.br\/cbio\/wp-json\/wp\/v2\/media?parent=5294"}],"curies":[{"name":"wp","href":"https:\/\/api.w.org\/{rel}","templated":true}]}}