{"id":5297,"date":"2025-04-28T18:02:10","date_gmt":"2025-04-28T18:02:10","guid":{"rendered":"https:\/\/bio.ufpr.br\/cbio\/?page_id=5297"},"modified":"2025-05-03T19:07:01","modified_gmt":"2025-05-03T19:07:01","slug":"exames-de-aproveitamento-e-adiantamento","status":"publish","type":"page","link":"https:\/\/bio.ufpr.br\/cbio\/exames-de-aproveitamento-e-adiantamento\/","title":{"rendered":"Exames de Aproveitamento e Adiantamento"},"content":{"rendered":"<h3>Aproveitamento de Conhecimento<\/h3>\n<div>\n<div class=\"wp-block-spacer\" aria-hidden=\"true\"><\/div>\n<h4 class=\"wp-block-heading\">O que \u00e9?<\/h4>\n<ul>\n<li>O aluno que j\u00e1 tiver cursado uma disciplina da grade curricular do curso, e tiver sido reprovado apenas por nota, e n\u00e3o por frequ\u00eancia, poder\u00e1 requerer a prova de aproveitamento de conhecimento.<\/li>\n<li>Consiste em realizar uma \u00fanica prova em que o aluno precisar\u00e1 obter <strong>nota igual ou superior a 50<\/strong> para ter aprova\u00e7\u00e3o, sem precisar frequentar as aulas.<\/li>\n<li>O exame de aproveitamento de conhecimento dever\u00e1 cobrir todo o conte\u00fado program\u00e1tico da disciplina conforme aprovado no respectivo Plano de Ensino (Ficha 2), em vigor no per\u00edodo de realiza\u00e7\u00e3o do exame<\/li>\n<li>A prova geralmente \u00e9 realizada na semana de finais, no mesmo dia da final da disciplina que o aluno esta requerendo equival\u00eancia.<\/li>\n<\/ul>\n<figure class=\"wp-block-pullquote has-text-align-center has-medium-font-size\"><strong><mark class=\"has-inline-color has-vivid-red-color\">Fique atento! <\/mark><\/strong><br \/>\nConsulte o SIGA logo ap\u00f3s o prazo final de solicita\u00e7\u00e3o para saber a data de aplica\u00e7\u00e3o do exame.<br \/>\nEm caso de d\u00favidas, consulte o departamento da disciplina.<\/figure>\n<h4 class=\"wp-block-heading\">Requerimento<\/h4>\n<ol>\n<li>Ap\u00f3s ler todas as exig\u00eancias descritas na Resolu\u00e7\u00e3o abaixo, CASO VOC\u00ca ESTEJA APTO, poder\u00e1 requerer a prova de aproveitamento de conhecimento.<\/li>\n<li>A solicita\u00e7\u00e3o dever\u00e1 ser realizada diretamente no Sistema SIGA nos prazos estabelecidas no <a href=\"https:\/\/bio.ufpr.br\/cbio\/calendario-academico-2\/\">Calend\u00e1rio Acad\u00eamico<\/a>.<\/li>\n<li><strong>Leia atentamente as condi\u00e7\u00f5es descritas<\/strong>. O pedido n\u00e3o ser\u00e1 autorizado caso voc\u00ea esteja impedido por algum dos crit\u00e9rios abaixo.<\/li>\n<\/ol>\n<div class=\"wp-block-spacer\" aria-hidden=\"true\"><\/div>\n<hr class=\"wp-block-separator has-alpha-channel-opacity\" \/>\n<h4 class=\"wp-block-heading has-black-color has-text-color has-link-color wp-elements-58fad1287d278c79398a6d2dfe768638\"><a href=\"https:\/\/tecnologia.ufpr.br\/ccec\/wp-content\/uploads\/sites\/32\/2017\/10\/Resolu\u00e7\u00e3o-92-13-CEPE.pdf\">RESOLU\u00c7\u00c3O N\u00b0 92\/13 \u2013 CEPE:<\/a><\/h4>\n<p>Aprova normas de dispensa de Disciplinas, de Equival\u00eancia de Disciplinas, de Exames de Adiantamento e Aproveitamento de Conhecimento nos cursos de gradua\u00e7\u00e3o da Universidade Federal do Paran\u00e1.<\/p>\n<ul>\n<li>\u00a0Entende-se por aproveitamento de conhecimento a atribui\u00e7\u00e3o de nota em disciplina da UFPR em que o aluno comprove dom\u00ednio de conhecimento de conte\u00fado atrav\u00e9s da <strong>aprova\u00e7\u00e3o em exame, com nota igual ou superior a 50 (cinquenta)<\/strong>.<\/li>\n<li>Ter\u00e1 direito a exames de aproveitamento de conhecimento o aluno que tenha sido reprovado na disciplina, pelo menos uma vez, <strong>somente por nota<\/strong>, mas <strong>com frequ\u00eancia igual ou superior a 75%<\/strong>.<\/li>\n<li>O aluno poder\u00e1 solicitar no m\u00e1ximo dois exames de aproveitamento de conhecimento por per\u00edodo acad\u00eamico (semestre\/ano).<\/li>\n<li>O aluno poder\u00e1 solicitar uma \u00fanica vez exame de aproveitamento de conhecimento em uma mesma disciplina.<\/li>\n<li>N\u00e3o ser\u00e1 permitida a solicita\u00e7\u00e3o de exame de aproveitamento de conhecimento por um aluno regularmente matriculado na disciplina no mesmo per\u00edodo.<\/li>\n<li>O pedido de aproveitamento de conhecimento \u00e9 um direito do aluno e n\u00e3o um dever, sendo-lhe facultada matr\u00edcula normal na disciplina.<\/li>\n<li>Os prazos para solicita\u00e7\u00e3o, encaminhamento pelas coordena\u00e7\u00f5es de curso e realiza\u00e7\u00e3o dos exames pelos departamentos respons\u00e1veis pelas disciplinas, ser\u00e3o definidos no calend\u00e1rio acad\u00eamico.<\/li>\n<li>O aproveitamento de conhecimento somente poder\u00e1 ser concedido em rela\u00e7\u00e3o \u00e0s disciplinas que visem \u00e0 integraliza\u00e7\u00e3o do curso de gradua\u00e7\u00e3o na UFPR ao qual o aluno a ser avaliado esteja vinculado.<\/li>\n<li>\u00c9 expressamente vedado o exame de aproveitamento de conhecimento das disciplinas cursadas como eletivas ou disciplinas isoladas.<\/li>\n<li>A aprova\u00e7\u00e3o em determinada disciplina, mediante aproveitamento de conhecimento, n\u00e3o isenta o aluno de cursar o(s) respectivo(s) pr\u00e9-requisito(s).<\/li>\n<li>A aus\u00eancia n\u00e3o justificada ou a n\u00e3o realiza\u00e7\u00e3o pelo aluno do exame de aproveitamento de conhecimento implicar\u00e1 em reprova\u00e7\u00e3o (com atribui\u00e7\u00e3o de nota zero) e compete ao departamento cadastrar essa informa\u00e7\u00e3o no SIGA.<\/li>\n<li>S\u00e3o considerados impedimentos do aluno para justificar a aus\u00eancia do exame de aproveitamento de conhecimento os mesmos casos e condi\u00e7\u00f5es definidos para a segunda chamada conforme estabelecido nas normativas da UFPR.<\/li>\n<li>Deferido o pedido de justificativa de aus\u00eancia, o departamento n\u00e3o cadastrar\u00e1 a reprova\u00e7\u00e3o.<\/li>\n<li>Nos exames de aproveitamento de conhecimento, n\u00e3o haver\u00e1 segunda chamada.<\/li>\n<\/ul>\n<\/div>\n<hr class=\"wp-block-separator has-alpha-channel-opacity\" \/>\n<h4 class=\"wp-block-heading\"><a href=\"https:\/\/soc.ufpr.br\/wp-content\/uploads\/2018\/09\/in0114CEPEmodificada.pdf\">INSTRU\u00c7\u00c3O NORMATIVA N\u00b0 01\/14 \u2013 PROGRAD<\/a><\/h4>\n<p><strong><mark class=\"has-inline-color has-vivid-red-color\">Importante: <\/mark><\/strong>Ap\u00f3s a divulga\u00e7\u00e3o da data para realiza\u00e7\u00e3o do exame, o aluno ter\u00e1 o prazo de 02 (dois) dias \u00fateis para protocolar, no Departamento respons\u00e1vel pela oferta da disciplina, <strong>o pedido devidamente justificado de cancelamento da<\/strong> <strong>solicita\u00e7\u00e3o de aproveitamento de conhecimento.<\/strong><\/p>\n<p>\u00a7 2\u00ba Caber\u00e1 \u00e0 Chefia do Departamento deliberar sobre o pedido de cancelamento do exame de aproveitamento de conhecimento.<\/p>\n<p>\u00a7 3\u00ba N\u00e3o ser\u00e1 admitido pelo Departamento, mais de 01 (um)\u00a0cancelamento de exame de aproveitamento de conhecimento na mesma disciplina.<\/p>\n<p>A aus\u00eancia n\u00e3o justificada ou a n\u00e3o realiza\u00e7\u00e3o pelo aluno do exame de aproveitamento de conhecimento implicar\u00e1 em reprova\u00e7\u00e3o (com atribui\u00e7\u00e3o de nota zero), devendo essa informa\u00e7\u00e3o ser cadastrada no sistema de controle acad\u00eamico.<\/p>\n<p>O aluno ou seu representante legal dever\u00e1 requerer justificativa de aus\u00eancia ao Departamento no prazo de tr\u00eas (3) dias \u00fateis, contados a partir da data da realiza\u00e7\u00e3o do exame de aproveitamento de conhecimento, apresentando a documenta\u00e7\u00e3o comprobat\u00f3ria correspondente, devendo o Departamento manifestar-se no prazo m\u00e1ximo de tr\u00eas (03) dias \u00fateis. Deferido o pedido de justificativa de aus\u00eancia,\u00a0a reprova\u00e7\u00e3o n\u00e3o ser\u00e1 cadastrada.<\/p>\n<figure class=\"wp-block-pullquote\"><strong><mark class=\"has-inline-color has-vivid-red-color\">\u00c9 de inteira responsabilidade do aluno acompanhar, nos prazos estabelecidos, a tramita\u00e7\u00e3o de todos os procedimentos administrativos relativos ao pedido de Equival\u00eancia, Adiantamento de Conhecimento e Aproveitamento de Conhecimento, incluindo o resultado da an\u00e1lise do pedido, a realiza\u00e7\u00e3o do exame, se for o caso, e o efetivo cadastro do resultado mediante a confer\u00eancia em seu hist\u00f3rico escolar<\/mark><\/strong><\/figure>\n<h3>Adiantamento de Conhecimento<\/h3>\n<div>\n<div class=\"wp-block-spacer\" aria-hidden=\"true\"><\/div>\n<h4 class=\"wp-block-heading\">O que \u00e9?<\/h4>\n<p>O aluno que possuir dom\u00ednio do conhecimento program\u00e1tico de determinada disciplina poder\u00e1 solicitar o EXAME DE ADIANTAMENTO DE CONHECIMENTO.<\/p>\n<p>A <a href=\"https:\/\/tecnologia.ufpr.br\/ccec\/wp-content\/uploads\/sites\/32\/2017\/10\/Resolu%C3%A7%C3%A3o-92-13-CEPE.pdf\">Resolu\u00e7\u00e3o 92\/13 CEPE<\/a> apresenta as normas para realiza\u00e7\u00e3o de Exame de Adiantamento de Conhecimento, na Se\u00e7\u00e3o IV, artigos 13 a 19.<\/p>\n<div class=\"wp-block-spacer\" aria-hidden=\"true\"><\/div>\n<h4 class=\"wp-block-heading\">Prazos para entrega do requerimento de Adiantamento de Conhecimento<\/h4>\n<p><strong>Os prazos para solicita\u00e7\u00e3o de Exame de Adiantamento de Conhecimento s\u00e3o estabelecidas no <a href=\"https:\/\/bio.ufpr.br\/cbio\/calendario-academico-2\/\">Calend\u00e1rio Acad\u00eamico da UFPR<\/a>.<\/strong><\/p>\n<div class=\"wp-block-spacer\" aria-hidden=\"true\"><\/div>\n<h4 class=\"wp-block-heading\">Solicita\u00e7\u00e3o de Exame de Adiantamento de Conhecimento<\/h4>\n<p class=\"has-black-color has-text-color has-link-color wp-elements-c2251c58cf1b510c133f4958b2ff4f10\">A solicita\u00e7\u00e3o de Exame de Adiantamento de Conhecimento dever\u00e1 ser realizada pelo estudante diretamente no <strong><mark class=\"has-inline-color has-vivid-red-color\">Sistema SIGA<\/mark><\/strong>dentro dos prazos estabelecidos em <a href=\"https:\/\/bio.ufpr.br\/cbio\/calendario-academico-2\/\" target=\"_blank\" rel=\"noreferrer noopener\">Calend\u00e1rio Acad\u00eamico<\/a>.<\/p>\n<figure class=\"wp-block-pullquote has-medium-font-size\"><span style=\"color: #800000\"><strong><mark class=\"has-inline-color has-vivid-red-color\">\u00c9 de inteira responsabilidade do aluno acompanhar, nos prazos estabelecidos, a tramita\u00e7\u00e3o de todos os procedimentos administrativos relativos ao pedido de Equival\u00eancia, Adiantamento de Conhecimento e Aproveitamento de Conhecimento, incluindo o resultado da an\u00e1lise do pedido, a realiza\u00e7\u00e3o do exame, se for o caso, e o efetivo cadastro do resultado mediante a confer\u00eancia em seu hist\u00f3rico escolar<\/mark><\/strong><\/span><\/figure>\n<\/div>\n<div class=\"wp-block-spacer\" aria-hidden=\"true\"><\/div>\n<div aria-hidden=\"true\">Atualizado em: 03\/05\/2025<\/div>\n<div aria-hidden=\"true\"><\/div>\n","protected":false},"excerpt":{"rendered":"<p>Aproveitamento de Conhecimento O que \u00e9? O aluno que j\u00e1 tiver cursado uma disciplina da grade curricular do curso, e tiver sido reprovado apenas por nota, e n\u00e3o por frequ\u00eancia, poder\u00e1 requerer a prova de aproveitamento de conhecimento. Consiste em realizar uma \u00fanica prova em que o aluno precisar\u00e1 obter nota igual ou superior a [&hellip;]<\/p>\n","protected":false},"author":2125,"featured_media":0,"parent":0,"menu_order":0,"comment_status":"closed","ping_status":"closed","template":"","meta":{"_acf_changed":false,"_monsterinsights_skip_tracking":false,"_monsterinsights_sitenote_active":false,"_monsterinsights_sitenote_note":"","_monsterinsights_sitenote_category":0,"footnotes":""},"class_list":["post-5297","page","type-page","status-publish","hentry"],"acf":[],"_links":{"self":[{"href":"https:\/\/bio.ufpr.br\/cbio\/wp-json\/wp\/v2\/pages\/5297","targetHints":{"allow":["GET"]}}],"collection":[{"href":"https:\/\/bio.ufpr.br\/cbio\/wp-json\/wp\/v2\/pages"}],"about":[{"href":"https:\/\/bio.ufpr.br\/cbio\/wp-json\/wp\/v2\/types\/page"}],"author":[{"embeddable":true,"href":"https:\/\/bio.ufpr.br\/cbio\/wp-json\/wp\/v2\/users\/2125"}],"replies":[{"embeddable":true,"href":"https:\/\/bio.ufpr.br\/cbio\/wp-json\/wp\/v2\/comments?post=5297"}],"version-history":[{"count":3,"href":"https:\/\/bio.ufpr.br\/cbio\/wp-json\/wp\/v2\/pages\/5297\/revisions"}],"predecessor-version":[{"id":5320,"href":"https:\/\/bio.ufpr.br\/cbio\/wp-json\/wp\/v2\/pages\/5297\/revisions\/5320"}],"wp:attachment":[{"href":"https:\/\/bio.ufpr.br\/cbio\/wp-json\/wp\/v2\/media?parent=5297"}],"curies":[{"name":"wp","href":"https:\/\/api.w.org\/{rel}","templated":true}]}}